{"id":2227,"date":"2019-02-28T12:12:21","date_gmt":"2019-02-28T11:12:21","guid":{"rendered":"http:\/\/www.gis.si\/?page_id=2227"},"modified":"2020-06-08T13:43:47","modified_gmt":"2020-06-08T11:43:47","slug":"basic-information","status":"publish","type":"page","link":"https:\/\/gis.si\/en\/basic-information\/","title":{"rendered":"Basic information"},"content":{"rendered":"<div class=\"wpb-content-wrapper\">[vc_row css=&#8221;.vc_custom_1545053879199{padding-top: 25px !important;padding-bottom: 25px !important;}&#8221;][vc_column][vc_column_text]Geodetski in\u0161titut Slovenije (GI)<br \/>\nJamova cesta 2, 1000 Ljubljana<br \/>\nPublic institute<\/p>\n<p><strong>Corporate ID number:\u00a0<\/strong>5051649<br \/>\n<strong>VAT ID:<\/strong>\u00a0SI81498756<br \/>\n<strong>Business account:<\/strong><br \/>\nSI56 0110 0603 0348 025<\/p>\n<p><strong>Telephone:\u00a0<\/strong>01 200 29 00<br \/>\n<strong>E-mail:\u00a0<\/strong><a href=\"mailto:info@gis.si\">info@gis.si<\/a><\/p>\n<p><strong>Director:<\/strong>\u00a0+386 (0)1 200 29 00 Milan Brajnik<\/p>\n<p><strong>Assistant Director:\u00a0<\/strong>+386 (0)1 200 29 00 Edvard Miv\u0161ek, M.Sc.<\/p>\n<p><strong>Head of General Sector:\u00a0<\/strong>+386 (0)1 200 29 00 Milan Brajnik<br \/>\n<strong>Head of Development Sector:\u00a0<\/strong>+386 (0)1 200 29 34 Dalibor Radovan, Ph.D.<br \/>\n<strong>Head of Technical Sector:\u00a0<\/strong>mag. +386 (0)1 200 29 36 Igor Karni\u010dnik, M.Sc.<\/p>\n<p><strong>Council of the Institute:<\/strong><br \/>\nmag. Jurij Re\u017eek, Geodetska uprava Republike Slovenije (chairperson)<br \/>\nAlenka Rotter,\u00a0Ministrstvo za kmetijstvo, gozdarstvo in prehrano (deputy chairperson)<br \/>\nBarbara Radovan, Ministrstvo za okolje in prostor<br \/>\ndr. Simon Star\u010dek,\u00a0Finan\u010dna uprava Republike Slovenije<br \/>\ndr. Bojan Stopar, UL Fakulteta za gradbeni\u0161tvo in geodezijo<br \/>\nVojmir Dra\u0161ler, Ministrstvo za infrastrukturo<br \/>\nBla\u017e Kova\u010di\u010d,\u00a0Geodetski in\u0161titut Slovenije (employee representative)<\/p>\n<p><strong>Expert Council:<\/strong><br \/>\nMihaela Triglav \u010cekada, Ph.D. (chairperson)<br \/>\nMilan Brajnik<br \/>\nBla\u017e Barbori\u010d<br \/>\nVasja Bric, M.Sc.<br \/>\nPrimo\u017e Kete<br \/>\nEdvard Miv\u0161ek, M.Sc.<br \/>\nToma\u017e \u017dagar, Ph.D.<\/p>\n<p><strong>Unit: Issuing of data from the archives of aerial photos<\/strong><br \/>\n<strong>Address:<\/strong> Zemljemerska ulica 12, 1000 Ljubljana<br \/>\n<strong>E-mail:<\/strong> <a href=\"mailto:arhiv@gis.si\">arhiv@gis.si<\/a><br \/>\n<strong>Telephone:<\/strong> +386 (0)51 21 54 84, +386 (0)31 355 504<br \/>\n<strong>Office hours:<\/strong> Monday, Tuesday, Thursday and Friday from 8:00 to 12:30, Wednesday from 8:00 to 15:30[\/vc_column_text][\/vc_column][\/vc_row]\n<\/div>","protected":false},"excerpt":{"rendered":"<p>[vc_row css=&#8221;.vc_custom_1545053879199{padding-top: 25px !important;padding-bottom: 25px !important;}&#8221;][vc_column][vc_column_text]Geodetski in\u0161titut Slovenije (GI) Jamova cesta 2, 1000 Ljubljana Public institute Corporate ID number:\u00a05051649 VAT ID:\u00a0SI81498756 Business account: SI56 0110 0603 0348 025 Telephone:\u00a001 200 29 00 E-mail:\u00a0info@gis.si Director:\u00a0+386 (0)1 200 29 00 Milan Brajnik Assistant Director:\u00a0+386 (0)1 200 29 00 Edvard Miv\u0161ek, M.Sc. Head of [&hellip;]<\/p>\n","protected":false},"author":1,"featured_media":0,"parent":0,"menu_order":0,"comment_status":"closed","ping_status":"closed","template":"tpl\/page_fullwidth.php","meta":{"footnotes":""},"class_list":["post-2227","page","type-page","status-publish","hentry"],"yoast_head":"<!-- This site is optimized with the Yoast SEO Premium plugin v22.6 (Yoast SEO v26.9) - https:\/\/yoast.com\/product\/yoast-seo-premium-wordpress\/ -->\n<title>Basic information - GIS<\/title>\n<meta name=\"robots\" content=\"index, follow, max-snippet:-1, max-image-preview:large, max-video-preview:-1\" \/>\n<link rel=\"canonical\" href=\"https:\/\/gis.si\/en\/basic-information\/\" \/>\n<meta property=\"og:locale\" content=\"en_US\" \/>\n<meta property=\"og:type\" content=\"article\" \/>\n<meta property=\"og:title\" content=\"Basic information\" \/>\n<meta property=\"og:description\" content=\"[vc_row css=&#8221;.vc_custom_1545053879199{padding-top: 25px !important;padding-bottom: 25px !important;}&#8221;][vc_column][vc_column_text]Geodetski in\u0161titut Slovenije (GI) Jamova cesta 2, 1000 Ljubljana Public institute Corporate ID number:\u00a05051649 VAT ID:\u00a0SI81498756 Business account: SI56 0110 0603 0348 025 Telephone:\u00a001 200 29 00 E-mail:\u00a0info@gis.si Director:\u00a0+386 (0)1 200 29 00 Milan Brajnik Assistant Director:\u00a0+386 (0)1 200 29 00 Edvard Miv\u0161ek, M.Sc. Head of [&hellip;]\" \/>\n<meta property=\"og:url\" content=\"https:\/\/gis.si\/en\/basic-information\/\" \/>\n<meta property=\"og:site_name\" content=\"GIS\" \/>\n<meta property=\"article:modified_time\" content=\"2020-06-08T11:43:47+00:00\" \/>\n<meta name=\"twitter:card\" content=\"summary_large_image\" \/>\n<meta name=\"twitter:label1\" content=\"Est. reading time\" \/>\n\t<meta name=\"twitter:data1\" content=\"1 minute\" \/>\n<script type=\"application\/ld+json\" class=\"yoast-schema-graph\">{\"@context\":\"https:\/\/schema.org\",\"@graph\":[{\"@type\":\"WebPage\",\"@id\":\"https:\/\/gis.si\/en\/basic-information\/\",\"url\":\"https:\/\/gis.si\/en\/basic-information\/\",\"name\":\"Basic information - GIS\",\"isPartOf\":{\"@id\":\"https:\/\/gis.si\/#website\"},\"datePublished\":\"2019-02-28T11:12:21+00:00\",\"dateModified\":\"2020-06-08T11:43:47+00:00\",\"breadcrumb\":{\"@id\":\"https:\/\/gis.si\/en\/basic-information\/#breadcrumb\"},\"inLanguage\":\"en-US\",\"potentialAction\":[{\"@type\":\"ReadAction\",\"target\":[\"https:\/\/gis.si\/en\/basic-information\/\"]}]},{\"@type\":\"BreadcrumbList\",\"@id\":\"https:\/\/gis.si\/en\/basic-information\/#breadcrumb\",\"itemListElement\":[{\"@type\":\"ListItem\",\"position\":1,\"name\":\"Home\",\"item\":\"https:\/\/gis.si\/en\/\"},{\"@type\":\"ListItem\",\"position\":2,\"name\":\"Basic information\"}]},{\"@type\":\"WebSite\",\"@id\":\"https:\/\/gis.si\/#website\",\"url\":\"https:\/\/gis.si\/\",\"name\":\"GIS\",\"description\":\"Geodetic Institute of Slovenia\",\"potentialAction\":[{\"@type\":\"SearchAction\",\"target\":{\"@type\":\"EntryPoint\",\"urlTemplate\":\"https:\/\/gis.si\/?s={search_term_string}\"},\"query-input\":{\"@type\":\"PropertyValueSpecification\",\"valueRequired\":true,\"valueName\":\"search_term_string\"}}],\"inLanguage\":\"en-US\"}]}<\/script>\n<!-- \/ Yoast SEO Premium plugin. -->","yoast_head_json":{"title":"Basic information - GIS","robots":{"index":"index","follow":"follow","max-snippet":"max-snippet:-1","max-image-preview":"max-image-preview:large","max-video-preview":"max-video-preview:-1"},"canonical":"https:\/\/gis.si\/en\/basic-information\/","og_locale":"en_US","og_type":"article","og_title":"Basic information","og_description":"[vc_row css=&#8221;.vc_custom_1545053879199{padding-top: 25px !important;padding-bottom: 25px !important;}&#8221;][vc_column][vc_column_text]Geodetski in\u0161titut Slovenije (GI) Jamova cesta 2, 1000 Ljubljana Public institute Corporate ID number:\u00a05051649 VAT ID:\u00a0SI81498756 Business account: SI56 0110 0603 0348 025 Telephone:\u00a001 200 29 00 E-mail:\u00a0info@gis.si Director:\u00a0+386 (0)1 200 29 00 Milan Brajnik Assistant Director:\u00a0+386 (0)1 200 29 00 Edvard Miv\u0161ek, M.Sc. Head of [&hellip;]","og_url":"https:\/\/gis.si\/en\/basic-information\/","og_site_name":"GIS","article_modified_time":"2020-06-08T11:43:47+00:00","twitter_card":"summary_large_image","twitter_misc":{"Est. reading time":"1 minute"},"schema":{"@context":"https:\/\/schema.org","@graph":[{"@type":"WebPage","@id":"https:\/\/gis.si\/en\/basic-information\/","url":"https:\/\/gis.si\/en\/basic-information\/","name":"Basic information - GIS","isPartOf":{"@id":"https:\/\/gis.si\/#website"},"datePublished":"2019-02-28T11:12:21+00:00","dateModified":"2020-06-08T11:43:47+00:00","breadcrumb":{"@id":"https:\/\/gis.si\/en\/basic-information\/#breadcrumb"},"inLanguage":"en-US","potentialAction":[{"@type":"ReadAction","target":["https:\/\/gis.si\/en\/basic-information\/"]}]},{"@type":"BreadcrumbList","@id":"https:\/\/gis.si\/en\/basic-information\/#breadcrumb","itemListElement":[{"@type":"ListItem","position":1,"name":"Home","item":"https:\/\/gis.si\/en\/"},{"@type":"ListItem","position":2,"name":"Basic information"}]},{"@type":"WebSite","@id":"https:\/\/gis.si\/#website","url":"https:\/\/gis.si\/","name":"GIS","description":"Geodetic Institute of Slovenia","potentialAction":[{"@type":"SearchAction","target":{"@type":"EntryPoint","urlTemplate":"https:\/\/gis.si\/?s={search_term_string}"},"query-input":{"@type":"PropertyValueSpecification","valueRequired":true,"valueName":"search_term_string"}}],"inLanguage":"en-US"}]}},"_links":{"self":[{"href":"https:\/\/gis.si\/en\/wp-json\/wp\/v2\/pages\/2227","targetHints":{"allow":["GET"]}}],"collection":[{"href":"https:\/\/gis.si\/en\/wp-json\/wp\/v2\/pages"}],"about":[{"href":"https:\/\/gis.si\/en\/wp-json\/wp\/v2\/types\/page"}],"author":[{"embeddable":true,"href":"https:\/\/gis.si\/en\/wp-json\/wp\/v2\/users\/1"}],"replies":[{"embeddable":true,"href":"https:\/\/gis.si\/en\/wp-json\/wp\/v2\/comments?post=2227"}],"version-history":[{"count":3,"href":"https:\/\/gis.si\/en\/wp-json\/wp\/v2\/pages\/2227\/revisions"}],"predecessor-version":[{"id":4033,"href":"https:\/\/gis.si\/en\/wp-json\/wp\/v2\/pages\/2227\/revisions\/4033"}],"wp:attachment":[{"href":"https:\/\/gis.si\/en\/wp-json\/wp\/v2\/media?parent=2227"}],"curies":[{"name":"wp","href":"https:\/\/api.w.org\/{rel}","templated":true}]}}