{"id":2234,"date":"2019-02-28T12:13:37","date_gmt":"2019-02-28T11:13:37","guid":{"rendered":"http:\/\/www.gis.si\/?page_id=2234"},"modified":"2019-03-07T16:33:34","modified_gmt":"2019-03-07T15:33:34","slug":"staff","status":"publish","type":"page","link":"https:\/\/gis.si\/en\/staff\/","title":{"rendered":"Staff"},"content":{"rendered":"<div class=\"wpb-content-wrapper\">[vc_row css=&#8221;.vc_custom_1545221169166{padding-top: 25px !important;padding-bottom: 25px !important;}&#8221;][vc_column][vc_single_image image=&#8221;2094&#8243; img_size=&#8221;full&#8221;][\/vc_column][\/vc_row][vc_row css=&#8221;.vc_custom_1546724707567{padding-bottom: 25px !important;}&#8221;][vc_column width=&#8221;1\/4&#8243; css=&#8221;.vc_custom_1546724720636{padding-top: -10px !important;}&#8221;][\/vc_column][vc_column width=&#8221;1\/2&#8243;][vc_column_text css=&#8221;.vc_custom_1551972804496{padding-top: 15px !important;}&#8221;]\n<table width=\"444\">\n<tbody>\n<tr>\n<td style=\"text-align: left;\" width=\"287\"><strong>Name &amp; Surname<\/strong><\/td>\n<td style=\"text-align: left;\" width=\"157\"><strong>ID Number<\/strong><\/td>\n<\/tr>\n<tr>\n<td style=\"text-align: left;\" width=\"287\">BALOH MAJA<\/td>\n<td style=\"text-align: left;\" width=\"157\"><a href=\"http:\/\/izumbib.izum.si\/bibliografije\/Y20190218122330-50999.html\">50999<\/a><\/td>\n<\/tr>\n<tr>\n<td style=\"text-align: left;\" width=\"287\">BARBORI\u010c BLA\u017d<\/td>\n<td style=\"text-align: left;\" width=\"157\"><a href=\"http:\/\/izumbib.izum.si\/bibliografije\/Y20190218122236-31158.html\">31158<\/a><\/td>\n<\/tr>\n<tr>\n<td style=\"text-align: left;\" width=\"287\">BRAJNIK MILAN<\/td>\n<td style=\"text-align: left;\" width=\"157\"><a href=\"http:\/\/splet02.izum.si\/cobiss\/bibliography?code=13841\">13841<\/a><\/td>\n<\/tr>\n<tr>\n<td style=\"text-align: left;\" width=\"287\">mag. BRIC VASJA<\/td>\n<td style=\"text-align: left;\" width=\"157\"><a href=\"http:\/\/splet02.izum.si\/cobiss\/bibliography?code=10700\">10700<\/a><\/td>\n<\/tr>\n<tr>\n<td style=\"text-align: left;\" width=\"287\">BIZJAK KATJA<\/td>\n<td style=\"text-align: left;\" width=\"157\">\u2013<\/td>\n<\/tr>\n<tr>\n<td style=\"text-align: left;\" width=\"287\">\u010cERNI\u010c BARBARA<\/td>\n<td style=\"text-align: left;\" width=\"157\"><a href=\"http:\/\/izumbib.izum.si\/bibliografije\/Y20190218133522-A170936931.html\">39789<\/a><\/td>\n<\/tr>\n<tr>\n<td style=\"text-align: left;\" width=\"287\">DEJAK BOJAN<\/td>\n<td style=\"text-align: left;\" width=\"157\">\u2013<\/td>\n<\/tr>\n<tr>\n<td style=\"text-align: left;\" width=\"287\">DEM\u0160AR JANI<\/td>\n<td style=\"text-align: left;\" width=\"157\"><a href=\"http:\/\/izumbib.izum.si\/bibliografije\/Y20190218133611-A17293411.html\">17371<\/a><\/td>\n<\/tr>\n<tr>\n<td style=\"text-align: left;\" width=\"287\">DE\u017dMAN KETE VESNA<\/td>\n<td style=\"text-align: left;\" width=\"157\"><a href=\"http:\/\/splet02.izum.si\/cobiss\/bibliography?code=31160\">31160<\/a><\/td>\n<\/tr>\n<tr>\n<td style=\"text-align: left;\" width=\"287\">FABIANI NIKO<\/td>\n<td style=\"text-align: left;\" width=\"157\"><a href=\"http:\/\/izumbib.izum.si\/bibliografije\/Y20190218133431-A185775203.html\">39786<\/a><\/td>\n<\/tr>\n<tr>\n<td style=\"text-align: left;\" width=\"287\">FAJDIGA DOMINIK<\/td>\n<td style=\"text-align: left;\" width=\"157\"><a href=\"http:\/\/izumbib.izum.si\/bibliografije\/Y20190218131837-31161.html\">31161<\/a><\/td>\n<\/tr>\n<tr>\n<td style=\"text-align: left;\" width=\"287\">HARI JANJA<\/td>\n<td style=\"text-align: left;\" width=\"157\"><a href=\"http:\/\/splet02.izum.si\/cobiss\/bibliography?code=31162\">31162<\/a><\/td>\n<\/tr>\n<tr>\n<td style=\"text-align: left;\" width=\"287\">HO\u010cEVAR MARIJA<\/td>\n<td style=\"text-align: left;\" width=\"157\">\u2013<\/td>\n<\/tr>\n<tr>\n<td style=\"text-align: left;\" width=\"287\">JANE\u017dI\u010c MIRAN<\/td>\n<td style=\"text-align: left;\" width=\"157\"><a href=\"http:\/\/splet02.izum.si\/cobiss\/bibliography?code=17560\">17560<\/a><\/td>\n<\/tr>\n<tr>\n<td style=\"text-align: left;\" width=\"287\">KAFOL STOJANOVI\u0106 AJDA<\/td>\n<td style=\"text-align: left;\" width=\"157\">\u2013<\/td>\n<\/tr>\n<tr>\n<td style=\"text-align: left;\" width=\"287\">mag. KARNI\u010cNIK IGOR<\/td>\n<td style=\"text-align: left;\" width=\"157\"><a href=\"http:\/\/splet02.izum.si\/cobiss\/bibliography?code=20553\">20553<\/a><\/td>\n<\/tr>\n<tr>\n<td style=\"text-align: left;\" width=\"287\">KETE PRIMO\u017d<\/td>\n<td style=\"text-align: left;\" width=\"157\"><a href=\"http:\/\/splet02.izum.si\/cobiss\/bibliography?code=31166\">31166<\/a><\/td>\n<\/tr>\n<tr>\n<td style=\"text-align: left;\" width=\"287\">KOGOJ MAJA<\/td>\n<td style=\"text-align: left;\" width=\"157\">\u2013<\/td>\n<\/tr>\n<tr>\n<td style=\"text-align: left;\" width=\"287\">KOVA\u010cI\u010c BLA\u017d<\/td>\n<td style=\"text-align: left;\" width=\"157\"><a href=\"http:\/\/splet02.izum.si\/cobiss\/bibliography?code=31169\">31169<\/a><\/td>\n<\/tr>\n<tr>\n<td style=\"text-align: left;\" width=\"287\">KRAJNC LUCIJA<\/td>\n<td style=\"text-align: left;\" width=\"157\">\u2013<\/td>\n<\/tr>\n<tr>\n<td style=\"text-align: left;\" width=\"287\">MANGAFI\u0106 ALEN<\/td>\n<td style=\"text-align: left;\" width=\"157\"><a href=\"http:\/\/splet02.izum.si\/cobiss\/bibliography?code=51608\">51608<\/a><\/td>\n<\/tr>\n<tr>\n<td style=\"text-align: left;\" width=\"287\">dr. ME\u017dA SEBASTJAN<\/td>\n<td style=\"text-align: left;\" width=\"157\"><a href=\"http:\/\/izumbib.izum.si\/bibliografije\/Y20140730135406-33103.html\">33103<\/a><\/td>\n<\/tr>\n<tr>\n<td style=\"text-align: left;\" width=\"287\">MIHELI\u010c BRANE<\/td>\n<td style=\"text-align: left;\" width=\"157\"><a href=\"http:\/\/splet02.izum.si\/cobiss\/bibliography?code=16134\">16134<\/a><\/td>\n<\/tr>\n<tr>\n<td style=\"text-align: left;\" width=\"287\">mag. MIV\u0160EK EDVARD<\/td>\n<td style=\"text-align: left;\" width=\"157\"><a href=\"http:\/\/splet02.izum.si\/cobiss\/bibliography?code=11342\">11342<\/a><\/td>\n<\/tr>\n<tr>\n<td style=\"text-align: left;\" width=\"287\">OBREZA ALENKA<\/td>\n<td style=\"text-align: left;\" width=\"157\">\u2013<\/td>\n<\/tr>\n<tr>\n<td style=\"text-align: left;\" width=\"287\">mag. OVEN KATJA<\/td>\n<td style=\"text-align: left;\" width=\"157\"><a href=\"http:\/\/splet02.izum.si\/cobiss\/bibliography?code=14796\">14796<\/a><\/td>\n<\/tr>\n<tr>\n<td style=\"text-align: left;\" width=\"287\">POLAJNAR UR\u0160KA<\/td>\n<td style=\"text-align: left;\" width=\"157\"><a href=\"http:\/\/splet02.izum.si\/cobiss\/bibliography?code=31157\">31157<\/a><\/td>\n<\/tr>\n<tr>\n<td style=\"text-align: left;\" width=\"287\">PENCELJ MIROSLAV<\/td>\n<td style=\"text-align: left;\" width=\"157\">\u2013<\/td>\n<\/tr>\n<tr>\n<td style=\"text-align: left;\" width=\"287\">POTO\u010cNIK BREDA<\/td>\n<td style=\"text-align: left;\" width=\"157\">\u2013<\/td>\n<\/tr>\n<tr>\n<td style=\"text-align: left;\" width=\"287\">PRELEC SLAVICA<\/td>\n<td style=\"text-align: left;\" width=\"157\">\u2013<\/td>\n<\/tr>\n<tr>\n<td style=\"text-align: left;\" width=\"287\">PRIMO\u017dI\u010c EVA<\/td>\n<td style=\"text-align: left;\" width=\"157\">\u2013<\/td>\n<\/tr>\n<tr>\n<td style=\"text-align: left;\" width=\"287\">dr. RADOVAN DALIBOR<\/td>\n<td style=\"text-align: left;\" width=\"157\"><a href=\"http:\/\/splet02.izum.si\/cobiss\/bibliography?code=05892\">05892<\/a><\/td>\n<\/tr>\n<tr>\n<td style=\"text-align: left;\" width=\"287\">REM\u0160KAR PAVEL<\/td>\n<td style=\"text-align: left;\" width=\"157\">\u2013<\/td>\n<\/tr>\n<tr>\n<td style=\"text-align: left;\" width=\"287\">mag. RENER ROMAN<\/td>\n<td style=\"text-align: left;\" width=\"157\"><a href=\"http:\/\/splet02.izum.si\/cobiss\/bibliography?code=10869\">10869<\/a><\/td>\n<\/tr>\n<tr>\n<td style=\"text-align: left;\" width=\"287\">RITLOP KLEMEN<\/td>\n<td style=\"text-align: left;\" width=\"157\"><a href=\"http:\/\/splet02.izum.si\/cobiss\/bibliography?code=51000\">51000<\/a><\/td>\n<\/tr>\n<tr>\n<td style=\"text-align: left;\" width=\"287\">SKUMAVC TANJA<\/td>\n<td style=\"text-align: left;\" width=\"157\"><a href=\"http:\/\/izumbib.izum.si\/bibliografije\/Y20190218133326-A34705763.html\">39788<\/a><\/td>\n<\/tr>\n<tr>\n<td style=\"text-align: left;\" width=\"287\">TI\u010c KATJA<\/td>\n<td style=\"text-align: left;\" width=\"157\"><a href=\"http:\/\/splet02.izum.si\/cobiss\/bibliography?code=31172\">31172<\/a><\/td>\n<\/tr>\n<tr>\n<td style=\"text-align: left;\" width=\"287\">dr. TRIGLAV \u010cEKADA MIHAELA<\/td>\n<td style=\"text-align: left;\" width=\"157\"><a href=\"http:\/\/izumbib.izum.si\/bibliografije\/Y20190218132912-23564.html\">23564<\/a><\/td>\n<\/tr>\n<tr>\n<td style=\"text-align: left;\" width=\"287\">TR\u0160AN STANE<\/td>\n<td style=\"text-align: left;\" width=\"157\">\u2013<\/td>\n<\/tr>\n<tr>\n<td style=\"text-align: left;\" width=\"287\">VERTA\u010cNIK MARU\u0160A<\/td>\n<td style=\"text-align: left;\" width=\"157\">\u2013<\/td>\n<\/tr>\n<tr>\n<td style=\"text-align: left;\" width=\"287\">VRABI\u010c ROMAN<\/td>\n<td style=\"text-align: left;\" width=\"157\">\u2013<\/td>\n<\/tr>\n<tr>\n<td style=\"text-align: left;\" width=\"287\">ZADNIKAR ANDREJ<\/td>\n<td style=\"text-align: left;\" width=\"157\">\u2013<\/td>\n<\/tr>\n<tr>\n<td style=\"text-align: left;\" width=\"287\">ZDE\u0160AR \u0160PELA<\/td>\n<td style=\"text-align: left;\" width=\"157\">\u2013<\/td>\n<\/tr>\n<tr>\n<td style=\"text-align: left;\" width=\"287\">ZORE MARKO<\/td>\n<td style=\"text-align: left;\" width=\"157\"><a href=\"http:\/\/splet02.izum.si\/cobiss\/bibliography?code=39787\">39787<\/a><\/td>\n<\/tr>\n<tr>\n<td style=\"text-align: left;\" width=\"287\">dr. \u017dAGAR TOMA\u017d<\/td>\n<td style=\"text-align: left;\" width=\"157\"><a href=\"http:\/\/splet02.izum.si\/cobiss\/bibliography?code=24314\">24314<\/a><\/td>\n<\/tr>\n<tr>\n<td style=\"text-align: left;\" width=\"287\">\u017dNIDAR\u0160I\u010c HELENA<\/td>\n<td style=\"text-align: left;\" width=\"157\"><a href=\"http:\/\/splet02.izum.si\/cobiss\/bibliography?code=31173\">31173<\/a><\/td>\n<\/tr>\n<\/tbody>\n<\/table>\n[\/vc_column_text][\/vc_column][vc_column width=&#8221;1\/4&#8243;][\/vc_column][\/vc_row]\n<\/div>","protected":false},"excerpt":{"rendered":"<p>[vc_row css=&#8221;.vc_custom_1545221169166{padding-top: 25px !important;padding-bottom: 25px !important;}&#8221;][vc_column][vc_single_image image=&#8221;2094&#8243; img_size=&#8221;full&#8221;][\/vc_column][\/vc_row][vc_row css=&#8221;.vc_custom_1546724707567{padding-bottom: 25px !important;}&#8221;][vc_column width=&#8221;1\/4&#8243; css=&#8221;.vc_custom_1546724720636{padding-top: -10px !important;}&#8221;][\/vc_column][vc_column width=&#8221;1\/2&#8243;][vc_column_text css=&#8221;.vc_custom_1551972804496{padding-top: 15px !important;}&#8221;] Name &amp; Surname ID Number BALOH MAJA 50999 BARBORI\u010c BLA\u017d 31158 BRAJNIK MILAN 13841 mag. BRIC VASJA 10700 BIZJAK KATJA \u2013 \u010cERNI\u010c BARBARA 39789 DEJAK BOJAN \u2013 DEM\u0160AR JANI 17371 DE\u017dMAN KETE [&hellip;]<\/p>\n","protected":false},"author":1,"featured_media":0,"parent":0,"menu_order":0,"comment_status":"closed","ping_status":"closed","template":"tpl\/page_fullwidth.php","meta":{"footnotes":""},"class_list":["post-2234","page","type-page","status-publish","hentry"],"yoast_head":"<!-- This site is optimized with the Yoast SEO Premium plugin v22.6 (Yoast SEO v26.9) - https:\/\/yoast.com\/product\/yoast-seo-premium-wordpress\/ -->\n<title>Staff - GIS<\/title>\n<meta name=\"robots\" content=\"index, follow, max-snippet:-1, max-image-preview:large, max-video-preview:-1\" \/>\n<link rel=\"canonical\" href=\"https:\/\/gis.si\/en\/staff\/\" \/>\n<meta property=\"og:locale\" content=\"en_US\" \/>\n<meta property=\"og:type\" content=\"article\" \/>\n<meta property=\"og:title\" content=\"Staff\" \/>\n<meta property=\"og:description\" content=\"[vc_row css=&#8221;.vc_custom_1545221169166{padding-top: 25px !important;padding-bottom: 25px !important;}&#8221;][vc_column][vc_single_image image=&#8221;2094&#8243; img_size=&#8221;full&#8221;][\/vc_column][\/vc_row][vc_row css=&#8221;.vc_custom_1546724707567{padding-bottom: 25px !important;}&#8221;][vc_column width=&#8221;1\/4&#8243; css=&#8221;.vc_custom_1546724720636{padding-top: -10px !important;}&#8221;][\/vc_column][vc_column width=&#8221;1\/2&#8243;][vc_column_text css=&#8221;.vc_custom_1551972804496{padding-top: 15px !important;}&#8221;] Name &amp; Surname ID Number BALOH MAJA 50999 BARBORI\u010c BLA\u017d 31158 BRAJNIK MILAN 13841 mag. BRIC VASJA 10700 BIZJAK KATJA \u2013 \u010cERNI\u010c BARBARA 39789 DEJAK BOJAN \u2013 DEM\u0160AR JANI 17371 DE\u017dMAN KETE [&hellip;]\" \/>\n<meta property=\"og:url\" content=\"https:\/\/gis.si\/en\/staff\/\" \/>\n<meta property=\"og:site_name\" content=\"GIS\" \/>\n<meta property=\"article:modified_time\" content=\"2019-03-07T15:33:34+00:00\" \/>\n<meta name=\"twitter:card\" content=\"summary_large_image\" \/>\n<meta name=\"twitter:label1\" content=\"Est. reading time\" \/>\n\t<meta name=\"twitter:data1\" content=\"1 minute\" \/>\n<script type=\"application\/ld+json\" class=\"yoast-schema-graph\">{\"@context\":\"https:\/\/schema.org\",\"@graph\":[{\"@type\":\"WebPage\",\"@id\":\"https:\/\/gis.si\/en\/staff\/\",\"url\":\"https:\/\/gis.si\/en\/staff\/\",\"name\":\"Staff - GIS\",\"isPartOf\":{\"@id\":\"https:\/\/gis.si\/#website\"},\"datePublished\":\"2019-02-28T11:13:37+00:00\",\"dateModified\":\"2019-03-07T15:33:34+00:00\",\"breadcrumb\":{\"@id\":\"https:\/\/gis.si\/en\/staff\/#breadcrumb\"},\"inLanguage\":\"en-US\",\"potentialAction\":[{\"@type\":\"ReadAction\",\"target\":[\"https:\/\/gis.si\/en\/staff\/\"]}]},{\"@type\":\"BreadcrumbList\",\"@id\":\"https:\/\/gis.si\/en\/staff\/#breadcrumb\",\"itemListElement\":[{\"@type\":\"ListItem\",\"position\":1,\"name\":\"Home\",\"item\":\"https:\/\/gis.si\/en\/\"},{\"@type\":\"ListItem\",\"position\":2,\"name\":\"Staff\"}]},{\"@type\":\"WebSite\",\"@id\":\"https:\/\/gis.si\/#website\",\"url\":\"https:\/\/gis.si\/\",\"name\":\"GIS\",\"description\":\"Geodetic Institute of Slovenia\",\"potentialAction\":[{\"@type\":\"SearchAction\",\"target\":{\"@type\":\"EntryPoint\",\"urlTemplate\":\"https:\/\/gis.si\/?s={search_term_string}\"},\"query-input\":{\"@type\":\"PropertyValueSpecification\",\"valueRequired\":true,\"valueName\":\"search_term_string\"}}],\"inLanguage\":\"en-US\"}]}<\/script>\n<!-- \/ Yoast SEO Premium plugin. -->","yoast_head_json":{"title":"Staff - GIS","robots":{"index":"index","follow":"follow","max-snippet":"max-snippet:-1","max-image-preview":"max-image-preview:large","max-video-preview":"max-video-preview:-1"},"canonical":"https:\/\/gis.si\/en\/staff\/","og_locale":"en_US","og_type":"article","og_title":"Staff","og_description":"[vc_row css=&#8221;.vc_custom_1545221169166{padding-top: 25px !important;padding-bottom: 25px !important;}&#8221;][vc_column][vc_single_image image=&#8221;2094&#8243; img_size=&#8221;full&#8221;][\/vc_column][\/vc_row][vc_row css=&#8221;.vc_custom_1546724707567{padding-bottom: 25px !important;}&#8221;][vc_column width=&#8221;1\/4&#8243; css=&#8221;.vc_custom_1546724720636{padding-top: -10px !important;}&#8221;][\/vc_column][vc_column width=&#8221;1\/2&#8243;][vc_column_text css=&#8221;.vc_custom_1551972804496{padding-top: 15px !important;}&#8221;] Name &amp; Surname ID Number BALOH MAJA 50999 BARBORI\u010c BLA\u017d 31158 BRAJNIK MILAN 13841 mag. BRIC VASJA 10700 BIZJAK KATJA \u2013 \u010cERNI\u010c BARBARA 39789 DEJAK BOJAN \u2013 DEM\u0160AR JANI 17371 DE\u017dMAN KETE [&hellip;]","og_url":"https:\/\/gis.si\/en\/staff\/","og_site_name":"GIS","article_modified_time":"2019-03-07T15:33:34+00:00","twitter_card":"summary_large_image","twitter_misc":{"Est. reading time":"1 minute"},"schema":{"@context":"https:\/\/schema.org","@graph":[{"@type":"WebPage","@id":"https:\/\/gis.si\/en\/staff\/","url":"https:\/\/gis.si\/en\/staff\/","name":"Staff - GIS","isPartOf":{"@id":"https:\/\/gis.si\/#website"},"datePublished":"2019-02-28T11:13:37+00:00","dateModified":"2019-03-07T15:33:34+00:00","breadcrumb":{"@id":"https:\/\/gis.si\/en\/staff\/#breadcrumb"},"inLanguage":"en-US","potentialAction":[{"@type":"ReadAction","target":["https:\/\/gis.si\/en\/staff\/"]}]},{"@type":"BreadcrumbList","@id":"https:\/\/gis.si\/en\/staff\/#breadcrumb","itemListElement":[{"@type":"ListItem","position":1,"name":"Home","item":"https:\/\/gis.si\/en\/"},{"@type":"ListItem","position":2,"name":"Staff"}]},{"@type":"WebSite","@id":"https:\/\/gis.si\/#website","url":"https:\/\/gis.si\/","name":"GIS","description":"Geodetic Institute of Slovenia","potentialAction":[{"@type":"SearchAction","target":{"@type":"EntryPoint","urlTemplate":"https:\/\/gis.si\/?s={search_term_string}"},"query-input":{"@type":"PropertyValueSpecification","valueRequired":true,"valueName":"search_term_string"}}],"inLanguage":"en-US"}]}},"_links":{"self":[{"href":"https:\/\/gis.si\/en\/wp-json\/wp\/v2\/pages\/2234","targetHints":{"allow":["GET"]}}],"collection":[{"href":"https:\/\/gis.si\/en\/wp-json\/wp\/v2\/pages"}],"about":[{"href":"https:\/\/gis.si\/en\/wp-json\/wp\/v2\/types\/page"}],"author":[{"embeddable":true,"href":"https:\/\/gis.si\/en\/wp-json\/wp\/v2\/users\/1"}],"replies":[{"embeddable":true,"href":"https:\/\/gis.si\/en\/wp-json\/wp\/v2\/comments?post=2234"}],"version-history":[{"count":6,"href":"https:\/\/gis.si\/en\/wp-json\/wp\/v2\/pages\/2234\/revisions"}],"predecessor-version":[{"id":2464,"href":"https:\/\/gis.si\/en\/wp-json\/wp\/v2\/pages\/2234\/revisions\/2464"}],"wp:attachment":[{"href":"https:\/\/gis.si\/en\/wp-json\/wp\/v2\/media?parent=2234"}],"curies":[{"name":"wp","href":"https:\/\/api.w.org\/{rel}","templated":true}]}}