{"id":2238,"date":"2019-02-28T12:16:17","date_gmt":"2019-02-28T11:16:17","guid":{"rendered":"http:\/\/www.gis.si\/?page_id=2238"},"modified":"2019-03-14T13:14:51","modified_gmt":"2019-03-14T12:14:51","slug":"public-information-catalogue","status":"publish","type":"page","link":"https:\/\/gis.si\/en\/public-information-catalogue\/","title":{"rendered":"Public Information Catalogue"},"content":{"rendered":"<div class=\"wpb-content-wrapper\">[vc_row css=&#8221;.vc_custom_1549371494349{padding-top: 20px !important;}&#8221;][vc_column width=&#8221;1\/2&#8243; offset=&#8221;vc_hidden-md vc_hidden-sm vc_hidden-xs&#8221;][vc_column_text]<strong>Naziv organa:<\/strong><br \/>\n<strong>Naslov:<\/strong><br \/>\n<strong>Telefon:<\/strong><br \/>\n<strong>Telefax:<\/strong><br \/>\n<strong>E-naslov:<\/strong><br \/>\n<strong>Odgovorna oseba:<\/strong><br \/>\n<strong>Katalog je dostopen:<\/strong><br \/>\n<strong>Datum objave:<\/strong><br \/>\n<strong>Datum zadnje spremembe:<\/strong>[\/vc_column_text][\/vc_column][vc_column width=&#8221;1\/2&#8243; offset=&#8221;vc_hidden-md vc_hidden-sm vc_hidden-xs&#8221;][vc_column_text]<strong>Geodetic Institute of Slovenia (GI)<\/strong><br \/>\nJamova cesta 2, Ljubljana<br \/>\n01 200 29 00<br \/>\n01 425 06 77<br \/>\n<a href=\"mailto:info@gis.si\" target=\"_blank\" rel=\"noopener\">info@gis.si<\/a><br \/>\nMilan Brajnik, direktor<br \/>\nna spletnem mestu\u00a0in\u00a0na sede\u017eu organa<br \/>\n14. 5. 2013<br \/>\n9. 10. 2013[\/vc_column_text][\/vc_column][\/vc_row][vc_row css=&#8221;.vc_custom_1549371494349{padding-top: 20px !important;}&#8221;][vc_column offset=&#8221;vc_hidden-lg&#8221;][vc_column_text]<strong>Naziv organa:\u00a0<\/strong>Geodetic Institute of Slovenia (GI)<br \/>\n<strong>Naslov:\u00a0<\/strong>Jamova cesta 2, Ljubljana<br \/>\n<strong>Telefon:\u00a0<\/strong>01 200 29 00<br \/>\n<strong>Telefax:<\/strong>\u00a001 425 06 77<br \/>\n<strong>E-naslov:\u00a0<\/strong><a href=\"mailto:info@gis.si\" target=\"_blank\" rel=\"noopener\">info@gis.si<\/a><br \/>\n<strong>Odgovorna oseba:\u00a0<\/strong>Milan Brajnik, direktor<br \/>\n<strong>Katalog je dostopen:\u00a0<\/strong>na spletnem mestu\u00a0in\u00a0na sede\u017eu organa<br \/>\n<strong>Datum objave:\u00a0<\/strong>14. 5. 2013<br \/>\n<strong>Datum zadnje spremembe:\u00a0<\/strong>9. 10. 2013[\/vc_column_text][\/vc_column][\/vc_row][vc_row css=&#8221;.vc_custom_1549371649893{padding-top: 15px !important;padding-bottom: 15px !important;}&#8221;][vc_column offset=&#8221;vc_hidden-md vc_hidden-sm vc_hidden-xs&#8221;][vc_column_text]\n<h3>Splo\u0161ni podatki o organu in informacijah javnega zna\u010daja, s katerimi razpolaga<\/h3>\n<table class=\"tabela_brez_poravnav\" style=\"height: 960px;\" border=\"0\" cellspacing=\"2\" cellpadding=\"0\">\n<tbody>\n<tr style=\"height: 24px;\">\n<td style=\"height: 24px; width: 303px; text-align: left;\">Notranja organizacija organa:<\/td>\n<td style=\"height: 24px; width: 964px; text-align: left;\"><a href=\"http:\/\/www.gis.si\/organizacija\/\">na spletnem mestu<\/a><\/td>\n<\/tr>\n<tr style=\"height: 24px;\">\n<td style=\"height: 24px; width: 303px; text-align: left;\">Podro\u010dja delovanja organa:<\/td>\n<td style=\"height: 24px; width: 964px; text-align: left;\"><a href=\"http:\/\/www.gis.si\/geodezija\/\">geodezija<\/a>,\u00a0<a href=\"http:\/\/www.gis.si\/kartografija\/\">kartografija<\/a>,\u00a0<a href=\"http:\/\/www.gis.si\/hidrografija\/\">hidrografija<\/a>,\u00a0<a href=\"http:\/\/www.gis.si\/daljinsko-zaznavanje\/\">daljinsko zaznavanje<\/a>,\u00a0<a href=\"http:\/\/www.gis.si\/nepremicnine\/\">nepremi\u010dnine<\/a>,\u00a0<a href=\"http:\/\/www.gis.si\/ikt\/\">IKT<\/a><\/td>\n<\/tr>\n<tr style=\"height: 96px;\" valign=\"top\">\n<td style=\"text-align: left; height: 96px; width: 303px;\">Uradna oseba za dostop do informacij javnega zna\u010daja:<\/td>\n<td style=\"height: 96px; width: 964px; text-align: left;\">Janja Hari, vodja pravne slu\u017ebe<br \/>\nJamova cesta 2, Ljubljana<br \/>\n01 200 29 15<br \/>\n<a href=\"mailto:janja.hari@gis.si\" target=\"_blank\" rel=\"noopener\">janja.hari@gis.si<\/a><\/td>\n<\/tr>\n<tr style=\"height: 48px;\" valign=\"top\">\n<td style=\"text-align: left; height: 48px; width: 303px;\" valign=\"top\">Seznam upravnih, sodnih ali zakonodajnih postopkov:<\/td>\n<td style=\"height: 48px; width: 964px; text-align: left;\">Postopek o odlo\u010danju o zahtevi za dostop do informacij javnega zna\u010daja<br \/>\nPostopek na podlagi ZVOP-1<\/td>\n<\/tr>\n<tr style=\"height: 216px;\" valign=\"top\">\n<td style=\"text-align: left; height: 216px; width: 303px;\" valign=\"top\">Seznam javnih in drugih evidenc, s katerimi organ upravlja:<\/td>\n<td style=\"height: 216px; width: 964px; text-align: left;\" valign=\"top\">Kadrovska evidenca<br \/>\nEvidenca o odsotnostih<br \/>\nEvidenca o poslovnih partnerjih<br \/>\nEvidenca pogodb in ostalih naro\u010dil<br \/>\nEvidenca o po\u0161kodbah pri delu<br \/>\nEvidenca o izpolnjevanju dolo\u010dil ZVZD<br \/>\nEvidenca o potnih nalogih<br \/>\nEvidenca o stro\u0161kih dela<br \/>\nEvidence za potrebe ra\u010dunovodske slu\u017ebe<\/td>\n<\/tr>\n<tr style=\"height: 168px;\" valign=\"top\">\n<td style=\"text-align: left; height: 168px; width: 303px;\">Seznam predpisov:<\/td>\n<td style=\"height: 168px; width: 964px; text-align: left;\" valign=\"top\"><a href=\"http:\/\/zakonodaja.gov.si\/rpsi\/r02\/predpis_ZAKO1582.html\" target=\"_blank\" rel=\"noopener\">Zakon o geodetski dejavnosti (Zgeod-1)<\/a><br \/>\n<a href=\"http:\/\/zakonodaja.gov.si\/rpsi\/r07\/predpis_SKLE3517.html\" target=\"_blank\" rel=\"noopener\">Sklep o statusnem preoblikovanju In\u0161tituta za geodezijo in fotogrametrijo<br \/>\nFakultete za gradbeni\u0161tvo in geodezijo v Geodetski in\u0161titut Slovenije<\/a><br \/>\n<a href=\"http:\/\/zakonodaja.gov.si\/rpsi\/r04\/predpis_ZAKO4084.html\" target=\"_blank\" rel=\"noopener\">Pomorski zakonik<\/a><br \/>\n<a href=\"http:\/\/www.gis.si\/media\/pdf\/StatutGI_NPB_2003.pdf\" target=\"_blank\" rel=\"noopener\">Statut Geodetskega in\u0161tituta Slovenije<br \/>\n<\/a><a href=\"http:\/\/eur-lex.europa.eu\/sl\/index.htm\" target=\"_blank\" rel=\"noopener\">Register predpisov EU<\/a><br \/>\n<a href=\"http:\/\/zakonodaja.gov.si\/\" target=\"_blank\" rel=\"noopener\">Register predpisov RS<\/a><\/td>\n<\/tr>\n<tr style=\"height: 120px;\" valign=\"top\">\n<td style=\"text-align: left; height: 120px; width: 303px;\">Letna poro\u010dila in programi:<\/td>\n<td style=\"height: 120px; width: 964px; text-align: left;\" valign=\"top\"><a href=\"https:\/\/www.ajpes.si\/JOLP\/podjetje.asp?maticna=5051649000&amp;leto=2010\">Poro\u010dilo o delu Geodetskega in\u0161tituta Slovenije v letu 2010<\/a><br \/>\n<a href=\"https:\/\/www.ajpes.si\/JOLP\/podjetje.asp?maticna=5051649000&amp;leto=2011\">Poro\u010dilo o delu Geodetskega in\u0161tituta Slovenije v letu 2011<\/a><br \/>\n<a href=\"https:\/\/www.ajpes.si\/JOLP\/podjetje.asp?maticna=5051649000&amp;leto=2012\">Poro\u010dilo o delu Geodetskega in\u0161tituta Slovenije v letu 2012<\/a><br \/>\n<a href=\"https:\/\/www.ajpes.si\/JOLP\/podjetje.asp?maticna=5051649000&amp;leto=2013\">Poro\u010dilo o delu Geodetskega in\u0161tituta Slovenije v letu 2013<\/a><br \/>\n<a href=\"https:\/\/www.ajpes.si\/JOLP\/podjetje.asp?maticna=5051649000&amp;leto=2014\">Poro\u010dilo o delu Geodetskega in\u0161tituta Slovenije v letu 2014<\/a><br \/>\n<a href=\"https:\/\/www.ajpes.si\/JOLP\/podjetje.asp?maticna=5051649000&amp;leto=2015\">Poro\u010dilo o delu Geodetskega in\u0161tituta Slovenije v letu 2015<\/a><br \/>\n<a href=\"https:\/\/www.ajpes.si\/JOLP\/podjetje.asp?maticna=5051649000&amp;leto=2016\">Poro\u010dilo o delu Geodetskega in\u0161tituta Slovenije v letu 2016<\/a><br \/>\n<a href=\"https:\/\/www.ajpes.si\/JOLP\/podjetje.asp?maticna=5051649000&amp;leto=2017\">Poro\u010dilo o delu Geodetskega in\u0161tituta Slovenije v letu\u00a02017<\/a><br \/>\n<a href=\"http:\/\/www.gis.si\/media\/pdf\/ZDIJZ_Letno_porocilo_2016.pdf\">Letno poro\u010dilo o izvajanju ZDIJZ<\/a><\/td>\n<\/tr>\n<tr style=\"height: 24px;\" valign=\"top\">\n<td style=\"height: 24px; width: 303px; text-align: left;\" valign=\"top\">Ceniki:<\/td>\n<td style=\"height: 24px; width: 964px; text-align: left;\" valign=\"top\"><a class=\"fancybox\" title=\"Cenik\" href=\"http:\/\/www.gis.si\/media\/cenik.jpg\">cenik<\/a><\/td>\n<\/tr>\n<tr style=\"height: 24px;\">\n<td style=\"height: 24px; width: 303px; text-align: left;\">Javna naro\u010dila:<\/td>\n<td style=\"height: 24px; width: 964px; text-align: left;\"><a href=\"http:\/\/www.gis.si\/seznam-javnih-narocil\/\">na spletnem mestu<\/a><\/td>\n<\/tr>\n<tr style=\"height: 48px;\" valign=\"top\">\n<td style=\"height: 48px; width: 303px; text-align: left;\" valign=\"top\">Seznam najpogosteje zahtevanih informacij javnega zna\u010daja:<\/td>\n<td style=\"height: 48px; width: 964px; text-align: left;\">Geodetski in\u0161titut do sedaj \u0161e ni prejel nobene zahteve za informacijo javnega zna\u010daja.<\/td>\n<\/tr>\n<tr style=\"height: 120px;\" valign=\"top\">\n<td style=\"height: 120px; width: 303px; text-align: left;\" valign=\"top\">Na\u010din dostopa do informacij javnega zna\u010daja:<br \/>\n(<a href=\"http:\/\/www.gis.si\/media\/pdf\/IJZ_vloga.pdf\" target=\"_blank\" rel=\"noopener\">vzorec vloge<\/a>)<\/td>\n<td style=\"height: 120px; width: 964px; text-align: left;\" valign=\"top\">Informacije so dostopne na spletni strani\u00a0<a href=\"http:\/\/www.gis.si\/sl\/domov\">www.gis.si.<br \/>\n<\/a><em>Neformalna zahteva:<\/em>\u00a0ustna zahteva, zahteva preko telefona.<br \/>\n<em>Formalna zahteva:<\/em>\u00a0zahteva, podana ustno na zapisnik, pisna zahteva, vlo\u017eena osebno, pisna zahteva po po\u0161ti ali zahteva, posredovana po elektronski po\u0161ti na naslov:\u00a0<a href=\"mailto:info@gis.si\" target=\"_blank\" rel=\"noopener\">info@gis.si<\/a>\u00a0(<a href=\"http:\/\/www.gis.si\/media\/pdf\/IJZ_vloga.pdf\" target=\"_blank\" rel=\"noopener\">vzorec vloge<\/a>).<br \/>\n<em>Urnik:<\/em>\u00a0zahteva se lahko poda vsak dan med 8.00 in 15.00 uro.<\/td>\n<\/tr>\n<tr style=\"height: 48px;\" valign=\"top\">\n<td style=\"height: 48px; width: 303px; text-align: left;\" valign=\"top\">Dostop za ljudi s posebnimi potrebami:<\/td>\n<td style=\"height: 48px; width: 964px; text-align: left;\" valign=\"top\">Gibalno oviranim osebam je omogo\u010den dostop kadarkoli,<br \/>\nna spletnih straneh je s pomo\u010djo pove\u010dave \u010drk mo\u017een ogled dokumentov tudi za slabovidne.<\/td>\n<\/tr>\n<\/tbody>\n<\/table>\n[\/vc_column_text][\/vc_column][\/vc_row][vc_row css=&#8221;.vc_custom_1549371649893{padding-top: 15px !important;padding-bottom: 15px !important;}&#8221;][vc_column offset=&#8221;vc_hidden-lg&#8221;][vc_column_text]\n<h3>Splo\u0161ni podatki o organu in informacijah javnega zna\u010daja, s katerimi razpolaga<\/h3>\n<table class=\"tabela_brez_poravnav\" style=\"height: 960px; width: 725px;\" border=\"0\" cellspacing=\"2\" cellpadding=\"0\">\n<tbody>\n<tr style=\"height: 24px;\">\n<td style=\"height: 24px; width: 289px; text-align: left;\">Notranja organizacija organa:<\/td>\n<td style=\"height: 24px; width: 424px; text-align: left;\"><a href=\"http:\/\/www.gis.si\/organizacija\/\">na spletnem mestu<\/a><\/td>\n<\/tr>\n<tr style=\"height: 24px;\">\n<td style=\"height: 24px; width: 289px; text-align: left;\">Podro\u010dja delovanja organa:<\/td>\n<td style=\"height: 24px; width: 424px; text-align: left;\"><a href=\"http:\/\/www.gis.si\/geodezija\/\">geodezija<\/a>,\u00a0<a href=\"http:\/\/www.gis.si\/kartografija\/\">kartografija<\/a>,\u00a0<a href=\"http:\/\/www.gis.si\/hidrografija\/\">hidrografija<\/a>,<br \/>\n<a href=\"http:\/\/www.gis.si\/daljinsko-zaznavanje\/\">daljinsko zaznavanje<\/a>,\u00a0<a href=\"http:\/\/www.gis.si\/nepremicnine\/\">nepremi\u010dnine<\/a>,\u00a0<a href=\"http:\/\/www.gis.si\/ikt\/\">IKT<\/a><\/td>\n<\/tr>\n<tr style=\"height: 96px;\" valign=\"top\">\n<td style=\"text-align: left; height: 96px; width: 289px;\">Uradna oseba za dostop do informacij javnega zna\u010daja:<\/td>\n<td style=\"height: 96px; width: 424px; text-align: left;\">Janja Hari, vodja pravne slu\u017ebe<br \/>\nJamova cesta 2, Ljubljana<br \/>\n01 200 29 15<br \/>\n<a href=\"mailto:janja.hari@gis.si\" target=\"_blank\" rel=\"noopener\">janja.hari@gis.si<\/a><\/td>\n<\/tr>\n<tr style=\"height: 48px;\" valign=\"top\">\n<td style=\"text-align: left; height: 48px; width: 289px;\" valign=\"top\">Seznam upravnih, sodnih ali zakonodajnih postopkov:<\/td>\n<td style=\"height: 48px; width: 424px; text-align: left;\">Postopek o odlo\u010danju o zahtevi za dostop do informacij javnega zna\u010daja<br \/>\nPostopek na podlagi ZVOP-1<\/td>\n<\/tr>\n<tr style=\"height: 216px;\" valign=\"top\">\n<td style=\"text-align: left; height: 216px; width: 289px;\" valign=\"top\">Seznam javnih in drugih evidenc, s katerimi organ upravlja:<\/td>\n<td style=\"height: 216px; width: 424px; text-align: left;\" valign=\"top\">Kadrovska evidenca<br \/>\nEvidenca o odsotnostih<br \/>\nEvidenca o poslovnih partnerjih<br \/>\nEvidenca pogodb in ostalih naro\u010dil<br \/>\nEvidenca o po\u0161kodbah pri delu<br \/>\nEvidenca o izpolnjevanju dolo\u010dil ZVZD<br \/>\nEvidenca o potnih nalogih<br \/>\nEvidenca o stro\u0161kih dela<br \/>\nEvidence za potrebe ra\u010dunovodske slu\u017ebe<\/td>\n<\/tr>\n<tr style=\"height: 168px;\" valign=\"top\">\n<td style=\"text-align: left; height: 168px; width: 289px;\">Seznam predpisov:<\/td>\n<td style=\"height: 168px; width: 424px; text-align: left;\" valign=\"top\"><a href=\"http:\/\/zakonodaja.gov.si\/rpsi\/r02\/predpis_ZAKO1582.html\" target=\"_blank\" rel=\"noopener\">Zakon o geodetski dejavnosti (Zgeod-1)<\/a><br \/>\n<a href=\"http:\/\/zakonodaja.gov.si\/rpsi\/r07\/predpis_SKLE3517.html\" target=\"_blank\" rel=\"noopener\">Sklep o statusnem preoblikovanju In\u0161tituta za geodezijo in fotogrametrijo<br \/>\nFakultete za gradbeni\u0161tvo in geodezijo v Geodetski in\u0161titut Slovenije<\/a><br \/>\n<a href=\"http:\/\/zakonodaja.gov.si\/rpsi\/r04\/predpis_ZAKO4084.html\" target=\"_blank\" rel=\"noopener\">Pomorski zakonik<\/a><br \/>\n<a href=\"http:\/\/www.gis.si\/media\/pdf\/StatutGI_NPB_2003.pdf\" target=\"_blank\" rel=\"noopener\">Statut Geodetskega in\u0161tituta Slovenije<br \/>\n<\/a><a href=\"http:\/\/eur-lex.europa.eu\/sl\/index.htm\" target=\"_blank\" rel=\"noopener\">Register predpisov EU<\/a><br \/>\n<a href=\"http:\/\/zakonodaja.gov.si\/\" target=\"_blank\" rel=\"noopener\">Register predpisov RS<\/a><\/td>\n<\/tr>\n<tr style=\"height: 120px;\" valign=\"top\">\n<td style=\"text-align: left; height: 120px; width: 289px;\">Letna poro\u010dila in programi:<\/td>\n<td style=\"height: 120px; width: 424px; text-align: left;\" valign=\"top\"><a href=\"https:\/\/www.ajpes.si\/JOLP\/podjetje.asp?maticna=5051649000&amp;leto=2010\">Poro\u010dilo o delu Geodetskega in\u0161tituta Slovenije v letu 2010<\/a><br \/>\n<a href=\"https:\/\/www.ajpes.si\/JOLP\/podjetje.asp?maticna=5051649000&amp;leto=2011\">Poro\u010dilo o delu Geodetskega in\u0161tituta Slovenije v letu 2011<\/a><br \/>\n<a href=\"https:\/\/www.ajpes.si\/JOLP\/podjetje.asp?maticna=5051649000&amp;leto=2012\">Poro\u010dilo o delu Geodetskega in\u0161tituta Slovenije v letu 2012<\/a><br \/>\n<a href=\"https:\/\/www.ajpes.si\/JOLP\/podjetje.asp?maticna=5051649000&amp;leto=2013\">Poro\u010dilo o delu Geodetskega in\u0161tituta Slovenije v letu 2013<\/a><br \/>\n<a href=\"https:\/\/www.ajpes.si\/JOLP\/podjetje.asp?maticna=5051649000&amp;leto=2014\">Poro\u010dilo o delu Geodetskega in\u0161tituta Slovenije v letu 2014<\/a><br \/>\n<a href=\"https:\/\/www.ajpes.si\/JOLP\/podjetje.asp?maticna=5051649000&amp;leto=2015\">Poro\u010dilo o delu Geodetskega in\u0161tituta Slovenije v letu 2015<\/a><br \/>\n<a href=\"https:\/\/www.ajpes.si\/JOLP\/podjetje.asp?maticna=5051649000&amp;leto=2016\">Poro\u010dilo o delu Geodetskega in\u0161tituta Slovenije v letu 2016<\/a><br \/>\n<a href=\"https:\/\/www.ajpes.si\/JOLP\/podjetje.asp?maticna=5051649000&amp;leto=2017\">Poro\u010dilo o delu Geodetskega in\u0161tituta Slovenije v letu\u00a02017<\/a><br \/>\n<a href=\"http:\/\/www.gis.si\/media\/pdf\/ZDIJZ_Letno_porocilo_2016.pdf\">Letno poro\u010dilo o izvajanju ZDIJZ<\/a><\/td>\n<\/tr>\n<tr style=\"height: 24px;\" valign=\"top\">\n<td style=\"height: 24px; width: 289px; text-align: left;\" valign=\"top\">Ceniki:<\/td>\n<td style=\"height: 24px; width: 424px; text-align: left;\" valign=\"top\"><a class=\"fancybox\" title=\"Cenik\" href=\"http:\/\/www.gis.si\/media\/cenik.jpg\">cenik<\/a><\/td>\n<\/tr>\n<tr style=\"height: 24px;\">\n<td style=\"height: 24px; width: 289px; text-align: left;\">Javna naro\u010dila:<\/td>\n<td style=\"height: 24px; width: 424px; text-align: left;\"><a href=\"http:\/\/www.gis.si\/seznam-javnih-narocil\/\">na spletnem mestu<\/a><\/td>\n<\/tr>\n<tr style=\"height: 48px;\" valign=\"top\">\n<td style=\"height: 48px; width: 289px; text-align: left;\" valign=\"top\">Seznam najpogosteje zahtevanih informacij javnega zna\u010daja:<\/td>\n<td style=\"height: 48px; width: 424px; text-align: left;\">Geodetski in\u0161titut do sedaj \u0161e ni prejel nobene zahteve za informacijo javnega zna\u010daja.<\/td>\n<\/tr>\n<tr style=\"height: 120px;\" valign=\"top\">\n<td style=\"height: 120px; width: 289px; text-align: left;\" valign=\"top\">Na\u010din dostopa do informacij javnega zna\u010daja:<br \/>\n(<a href=\"http:\/\/www.gis.si\/media\/pdf\/IJZ_vloga.pdf\" target=\"_blank\" rel=\"noopener\">vzorec vloge<\/a>)<\/td>\n<td style=\"height: 120px; width: 424px; text-align: left;\" valign=\"top\">Informacije so dostopne na spletni strani\u00a0<a href=\"http:\/\/www.gis.si\/sl\/domov\">www.gis.si.<br \/>\n<\/a><em>Neformalna zahteva:<\/em>\u00a0ustna zahteva, zahteva preko telefona.<br \/>\n<em>Formalna zahteva:<\/em>\u00a0zahteva, podana ustno na zapisnik,pisna zahteva,vlo\u017eena osebno, pisna zahteva po po\u0161ti ali zahteva,posredovana po elektronski po\u0161ti na naslov:\u00a0<a href=\"mailto:info@gis.si\" target=\"_blank\" rel=\"noopener\">info@gis.si<\/a>\u00a0(<a href=\"http:\/\/www.gis.si\/media\/pdf\/IJZ_vloga.pdf\" target=\"_blank\" rel=\"noopener\">vzorec vloge<\/a>).<br \/>\n<em>Urnik:<\/em>\u00a0zahteva se lahko poda vsak dan med 8.00 in 15.00 uro.<\/td>\n<\/tr>\n<tr style=\"height: 48px;\" valign=\"top\">\n<td style=\"height: 48px; width: 289px; text-align: left;\" valign=\"top\">Dostop za ljudi s posebnimi potrebami:<\/td>\n<td style=\"height: 48px; width: 424px; text-align: left;\" valign=\"top\">Gibalno oviranim osebam je omogo\u010den dostop kadarkoli, na spletnih straneh je<br \/>\ns pomo\u010djo pove\u010dave \u010drk mo\u017een ogled dokumentov tudi za slabovidne.<\/td>\n<\/tr>\n<\/tbody>\n<\/table>\n[\/vc_column_text][\/vc_column][\/vc_row]\n<\/div>","protected":false},"excerpt":{"rendered":"<p>[vc_row css=&#8221;.vc_custom_1549371494349{padding-top: 20px !important;}&#8221;][vc_column width=&#8221;1\/2&#8243; offset=&#8221;vc_hidden-md vc_hidden-sm vc_hidden-xs&#8221;][vc_column_text]Naziv organa: Naslov: Telefon: Telefax: E-naslov: Odgovorna oseba: Katalog je dostopen: Datum objave: Datum zadnje spremembe:[\/vc_column_text][\/vc_column][vc_column width=&#8221;1\/2&#8243; offset=&#8221;vc_hidden-md vc_hidden-sm vc_hidden-xs&#8221;][vc_column_text]Geodetic Institute of Slovenia (GI) Jamova cesta 2, Ljubljana 01 200 29 00 01 425 06 77 info@gis.si Milan Brajnik, direktor na spletnem mestu\u00a0in\u00a0na sede\u017eu [&hellip;]<\/p>\n","protected":false},"author":1,"featured_media":0,"parent":0,"menu_order":0,"comment_status":"closed","ping_status":"closed","template":"tpl\/page_fullwidth.php","meta":{"footnotes":""},"class_list":["post-2238","page","type-page","status-publish","hentry"],"yoast_head":"<!-- This site is optimized with the Yoast SEO Premium plugin v22.6 (Yoast SEO v26.9) - https:\/\/yoast.com\/product\/yoast-seo-premium-wordpress\/ -->\n<title>Public Information Catalogue - GIS<\/title>\n<meta name=\"robots\" content=\"index, follow, max-snippet:-1, max-image-preview:large, max-video-preview:-1\" \/>\n<link rel=\"canonical\" href=\"https:\/\/gis.si\/en\/public-information-catalogue\/\" \/>\n<meta property=\"og:locale\" content=\"en_US\" \/>\n<meta property=\"og:type\" content=\"article\" \/>\n<meta property=\"og:title\" content=\"Public Information Catalogue\" \/>\n<meta property=\"og:description\" content=\"[vc_row css=&#8221;.vc_custom_1549371494349{padding-top: 20px !important;}&#8221;][vc_column width=&#8221;1\/2&#8243; offset=&#8221;vc_hidden-md vc_hidden-sm vc_hidden-xs&#8221;][vc_column_text]Naziv organa: Naslov: Telefon: Telefax: E-naslov: Odgovorna oseba: Katalog je dostopen: Datum objave: Datum zadnje spremembe:[\/vc_column_text][\/vc_column][vc_column width=&#8221;1\/2&#8243; offset=&#8221;vc_hidden-md vc_hidden-sm vc_hidden-xs&#8221;][vc_column_text]Geodetic Institute of Slovenia (GI) Jamova cesta 2, Ljubljana 01 200 29 00 01 425 06 77 info@gis.si Milan Brajnik, direktor na spletnem mestu\u00a0in\u00a0na sede\u017eu [&hellip;]\" \/>\n<meta property=\"og:url\" content=\"https:\/\/gis.si\/en\/public-information-catalogue\/\" \/>\n<meta property=\"og:site_name\" content=\"GIS\" \/>\n<meta property=\"article:modified_time\" content=\"2019-03-14T12:14:51+00:00\" \/>\n<meta name=\"twitter:card\" content=\"summary_large_image\" \/>\n<meta name=\"twitter:label1\" content=\"Est. reading time\" \/>\n\t<meta name=\"twitter:data1\" content=\"5 minutes\" \/>\n<script type=\"application\/ld+json\" class=\"yoast-schema-graph\">{\"@context\":\"https:\/\/schema.org\",\"@graph\":[{\"@type\":\"WebPage\",\"@id\":\"https:\/\/gis.si\/en\/public-information-catalogue\/\",\"url\":\"https:\/\/gis.si\/en\/public-information-catalogue\/\",\"name\":\"Public Information Catalogue - GIS\",\"isPartOf\":{\"@id\":\"https:\/\/gis.si\/#website\"},\"datePublished\":\"2019-02-28T11:16:17+00:00\",\"dateModified\":\"2019-03-14T12:14:51+00:00\",\"breadcrumb\":{\"@id\":\"https:\/\/gis.si\/en\/public-information-catalogue\/#breadcrumb\"},\"inLanguage\":\"en-US\",\"potentialAction\":[{\"@type\":\"ReadAction\",\"target\":[\"https:\/\/gis.si\/en\/public-information-catalogue\/\"]}]},{\"@type\":\"BreadcrumbList\",\"@id\":\"https:\/\/gis.si\/en\/public-information-catalogue\/#breadcrumb\",\"itemListElement\":[{\"@type\":\"ListItem\",\"position\":1,\"name\":\"Home\",\"item\":\"https:\/\/gis.si\/en\/\"},{\"@type\":\"ListItem\",\"position\":2,\"name\":\"Public Information Catalogue\"}]},{\"@type\":\"WebSite\",\"@id\":\"https:\/\/gis.si\/#website\",\"url\":\"https:\/\/gis.si\/\",\"name\":\"GIS\",\"description\":\"Geodetic Institute of Slovenia\",\"potentialAction\":[{\"@type\":\"SearchAction\",\"target\":{\"@type\":\"EntryPoint\",\"urlTemplate\":\"https:\/\/gis.si\/?s={search_term_string}\"},\"query-input\":{\"@type\":\"PropertyValueSpecification\",\"valueRequired\":true,\"valueName\":\"search_term_string\"}}],\"inLanguage\":\"en-US\"}]}<\/script>\n<!-- \/ Yoast SEO Premium plugin. -->","yoast_head_json":{"title":"Public Information Catalogue - GIS","robots":{"index":"index","follow":"follow","max-snippet":"max-snippet:-1","max-image-preview":"max-image-preview:large","max-video-preview":"max-video-preview:-1"},"canonical":"https:\/\/gis.si\/en\/public-information-catalogue\/","og_locale":"en_US","og_type":"article","og_title":"Public Information Catalogue","og_description":"[vc_row css=&#8221;.vc_custom_1549371494349{padding-top: 20px !important;}&#8221;][vc_column width=&#8221;1\/2&#8243; offset=&#8221;vc_hidden-md vc_hidden-sm vc_hidden-xs&#8221;][vc_column_text]Naziv organa: Naslov: Telefon: Telefax: E-naslov: Odgovorna oseba: Katalog je dostopen: Datum objave: Datum zadnje spremembe:[\/vc_column_text][\/vc_column][vc_column width=&#8221;1\/2&#8243; offset=&#8221;vc_hidden-md vc_hidden-sm vc_hidden-xs&#8221;][vc_column_text]Geodetic Institute of Slovenia (GI) Jamova cesta 2, Ljubljana 01 200 29 00 01 425 06 77 info@gis.si Milan Brajnik, direktor na spletnem mestu\u00a0in\u00a0na sede\u017eu [&hellip;]","og_url":"https:\/\/gis.si\/en\/public-information-catalogue\/","og_site_name":"GIS","article_modified_time":"2019-03-14T12:14:51+00:00","twitter_card":"summary_large_image","twitter_misc":{"Est. reading time":"5 minutes"},"schema":{"@context":"https:\/\/schema.org","@graph":[{"@type":"WebPage","@id":"https:\/\/gis.si\/en\/public-information-catalogue\/","url":"https:\/\/gis.si\/en\/public-information-catalogue\/","name":"Public Information Catalogue - GIS","isPartOf":{"@id":"https:\/\/gis.si\/#website"},"datePublished":"2019-02-28T11:16:17+00:00","dateModified":"2019-03-14T12:14:51+00:00","breadcrumb":{"@id":"https:\/\/gis.si\/en\/public-information-catalogue\/#breadcrumb"},"inLanguage":"en-US","potentialAction":[{"@type":"ReadAction","target":["https:\/\/gis.si\/en\/public-information-catalogue\/"]}]},{"@type":"BreadcrumbList","@id":"https:\/\/gis.si\/en\/public-information-catalogue\/#breadcrumb","itemListElement":[{"@type":"ListItem","position":1,"name":"Home","item":"https:\/\/gis.si\/en\/"},{"@type":"ListItem","position":2,"name":"Public Information Catalogue"}]},{"@type":"WebSite","@id":"https:\/\/gis.si\/#website","url":"https:\/\/gis.si\/","name":"GIS","description":"Geodetic Institute of Slovenia","potentialAction":[{"@type":"SearchAction","target":{"@type":"EntryPoint","urlTemplate":"https:\/\/gis.si\/?s={search_term_string}"},"query-input":{"@type":"PropertyValueSpecification","valueRequired":true,"valueName":"search_term_string"}}],"inLanguage":"en-US"}]}},"_links":{"self":[{"href":"https:\/\/gis.si\/en\/wp-json\/wp\/v2\/pages\/2238","targetHints":{"allow":["GET"]}}],"collection":[{"href":"https:\/\/gis.si\/en\/wp-json\/wp\/v2\/pages"}],"about":[{"href":"https:\/\/gis.si\/en\/wp-json\/wp\/v2\/types\/page"}],"author":[{"embeddable":true,"href":"https:\/\/gis.si\/en\/wp-json\/wp\/v2\/users\/1"}],"replies":[{"embeddable":true,"href":"https:\/\/gis.si\/en\/wp-json\/wp\/v2\/comments?post=2238"}],"version-history":[{"count":7,"href":"https:\/\/gis.si\/en\/wp-json\/wp\/v2\/pages\/2238\/revisions"}],"predecessor-version":[{"id":2584,"href":"https:\/\/gis.si\/en\/wp-json\/wp\/v2\/pages\/2238\/revisions\/2584"}],"wp:attachment":[{"href":"https:\/\/gis.si\/en\/wp-json\/wp\/v2\/media?parent=2238"}],"curies":[{"name":"wp","href":"https:\/\/api.w.org\/{rel}","templated":true}]}}