{"id":2249,"date":"2019-02-28T12:20:35","date_gmt":"2019-02-28T11:20:35","guid":{"rendered":"http:\/\/www.gis.si\/?page_id=2249"},"modified":"2019-02-28T12:20:35","modified_gmt":"2019-02-28T11:20:35","slug":"cartography","status":"publish","type":"page","link":"https:\/\/gis.si\/en\/cartography\/","title":{"rendered":"Cartography"},"content":{"rendered":"<div class=\"wpb-content-wrapper\">[vc_row css=&#8221;.vc_custom_1545212090473{padding-top: 25px !important;}&#8221;][vc_column][vc_column_text]<div class=\"su-pullquote su-pullquote-align-right\">Cartography has been one of the basic fields of the Institute&#8217;s activity ever since its foundation in 1953. In the 1960s several important steps forward were made in the field of civil cartography of the former Yugoslavia: modern methods of map production for the widest circle of users were introduced and the fist road map of former Yugoslavia was made. Also, the first mountain and town maps were made, thus opening up a new field of tourist cartography.<\/div>[\/vc_column_text][\/vc_column][\/vc_row][vc_row css=&#8221;.vc_custom_1545045828975{padding-top: 25px !important;padding-bottom: 25px !important;}&#8221;][vc_column width=&#8221;1\/2&#8243;][vc_column_text]\n<p style=\"text-align: justify;\">In 1983 automated, computer-aided cartography was first introduced with the publishing of the first thematic computer atlas in former Yugoslavia (for the municipality of Se\u017eana). In 1988 we made the first 3D town plan in Yugoslavia (Cavtat). Since Slovenia&#8217;s independence, we have managed or cooperated in all basic civil or military cartographic projects on the national level \u2013 from the design of the national topographic-cartographic system, through the elaboration of the national topographic map in the scale of 1 : 50,000, and to the design and setup of topographic and cartographic databases. We are actively involved in the Slovene governmental commission for the standardisation of geographical names. We also produce tactile maps for the blind and vision impaired. Our work in this field has won us a patent and several awards.<\/p>\n[\/vc_column_text][\/vc_column][vc_column width=&#8221;1\/2&#8243;][vc_column_text]\n<p style=\"text-align: justify;\">Throughout this time our cartographers have cooperated in the education of surveyors within the study of geodesy at the Faculty of Civil and Geodetic Engineering of the University of Ljubljana. By pursuing new knowledge we open new fields in the fields of GIS analyses, spatial dynamic models, digital terrain modelling, web and mobile cartography, e-materials and digital geolibraries.<\/p>\n<p>We are also winners of several national and international\u00a0<a href=\"http:\/\/www.gis.si\/en\/reference\/priznanja\">awards and decorations<\/a>. The most important are three first places at international cartographic exhibitions of ICA (International Cartographic Association) that we won for three different map categories: the world&#8217;s best town plan (Ottawa, 1999), the world&#8217;s best tactile map for the blind (Durban, 2003) and the world&#8217;s best topographic map (Paris, 2011).<\/p>\n[\/vc_column_text][\/vc_column][\/vc_row][vc_row css=&#8221;.vc_custom_1545254448978{padding-top: 25px !important;padding-bottom: 25px !important;}&#8221; el_id=&#8221;#drzavne&#8221;][vc_column]<div class=\"title-section  style1\">\n\t\t<h1 class=\"title\">\n\t\t\tDr\u017eavne topografske karte\t\t\t\n\t\t<\/h1>\t\t\n\t\t\n\n\t<\/div>[vc_column_text]\n<p style=\"text-align: justify;\">Za Geodetsko upravo Republike Slovenije in nekatera ministrstva na Geodetskem in\u0161titutu Slovenije \u017ee ve\u010d kot 30 let snujemo, vzpostavljamo in vzdr\u017eujemo vse karte, ki so del dr\u017eavnega topografsko-kartografskega sistema. Tudi karte, ki izhajajo in mednarodnih obvez Republike Slovenije in so v pristojnosti posameznih ministrstev, nastajajo in jih vzdr\u017eujemo na Geodetskem in\u0161titutu Slovenije.<\/p>\n[\/vc_column_text][vc_row_inner css=&#8221;.vc_custom_1545254072511{padding-top: 25px !important;}&#8221;][vc_column_inner width=&#8221;1\/2&#8243;][vc_single_image image=&#8221;2121&#8243; img_size=&#8221;507&#215;397&#8243; alignment=&#8221;center&#8221; onclick=&#8221;link_image&#8221;][\/vc_column_inner][vc_column_inner width=&#8221;1\/2&#8243;][\/vc_column_inner][\/vc_row_inner][\/vc_column][\/vc_row][vc_row full_width=&#8221;stretch_row&#8221; css=&#8221;.vc_custom_1545254431120{padding-top: 25px !important;padding-bottom: 25px !important;background-color: #aec3d3 !important;}&#8221;][vc_column]<div class=\"title-section  style1\">\n\t\t<h1 class=\"title\">\n\t\t\tKarte za \u0161ir\u0161o javnost\t\t\t\n\t\t<\/h1>\t\t\n\t\t\n\n\t<\/div>[vc_column_text]\n<p style=\"text-align: justify;\">Med karte za \u0161ir\u0161o javnost sodijo planinske karte, avtokarte, mestne karte,ob\u010dinske karte in druge tematske karte.\u00a0Za ob\u010dine, zavode, dru\u0161tva, organizacije in posameznike na Geodetskem in\u0161titutu Slovenije vse od na\u0161ih za\u010detkov izdelujemo razli\u010dne karte po naro\u010dilu.<\/p>\n[\/vc_column_text][vc_row_inner css=&#8221;.vc_custom_1545254072511{padding-top: 25px !important;}&#8221;][vc_column_inner width=&#8221;1\/2&#8243;][vc_single_image image=&#8221;2032&#8243; img_size=&#8221;507&#215;397&#8243; alignment=&#8221;center&#8221; onclick=&#8221;link_image&#8221;][\/vc_column_inner][vc_column_inner width=&#8221;1\/2&#8243;][vc_single_image image=&#8221;2033&#8243; img_size=&#8221;507&#215;397&#8243; alignment=&#8221;center&#8221; onclick=&#8221;link_image&#8221;][\/vc_column_inner][\/vc_row_inner][\/vc_column][\/vc_row][vc_row css=&#8221;.vc_custom_1545253783361{padding-top: 25px !important;}&#8221;][vc_column]<div class=\"title-section  style1\">\n\t\t<h1 class=\"title\">\n\t\t\tKarte za ljudi z oviranostmi\t\t\t\n\t\t<\/h1>\t\t\n\t\t\n\n\t<\/div>[vc_column_text]Za orientacijo in mobilnost v prostoru tudi invalidi potrebujejo kartografske prikaze in sicer slepi in slabovidni tipne kartografske prikaze, gibalno ovirani pa prikaze o dostopnosti lokacij[\/vc_column_text][vc_row_inner css=&#8221;.vc_custom_1545254072511{padding-top: 25px !important;}&#8221;][vc_column_inner width=&#8221;1\/2&#8243;][vc_column_text]\n<h4 class=\"card-title\" style=\"text-align: justify;\">Tipne karte<\/h4>\n<p class=\"card-text\" style=\"text-align: justify;\">Taktilne karte so posebej prirejene karte za branje s tipom. Vsebina je prikazana z vzdignjenimi in ugreznjenimi elementi, pri katerih so upo\u0161tevane vse zna\u010dilnosti taktilne in hapti\u010dne percepcije. Gostota podatkov je na taktilnih kartah nekajkrat manj\u0161a kot na tematski vizualni karti. Slednje dokazuje, da tematskih vizualnih kart ni mogo\u010de enostavno transformirati v taktilne karte, ampak je pri izdelavi treba upo\u0161tevati posebna pravila taktilne kartografije, ki izhajajo iz potreb slepih, slabovidnih oseb in oseb z motnjami pri branju. Vpeljava nove spremenljivke vi\u0161ine, gostota podatkov in tipni na\u010din percepcije zahtevajo svojstven pristop k izdelavi in reprodukciji kart za slepe.<br \/>\nTipne karte so osnovni pripomo\u010dki, ki slepemu omogo\u010dajo razumeti prostorski koncept, relacije med objekti, dol\u017eine, idr.<\/p>\n[\/vc_column_text][\/vc_column_inner][vc_column_inner width=&#8221;1\/2&#8243;][vc_column_text]\n<h4 class=\"card-title\" style=\"text-align: justify;\">3D tisk<\/h4>\n<p class=\"card-text\" style=\"text-align: justify;\">Nove metode materializacije virtualnih modelov, na ra\u010dunalni\u0161kem zaslonu, so prinesle nove mo\u017enosti razvoja in izdelave tipnih kart za slepe. 3D tisk je omogo\u010dil nov na\u010din izdelave tipnih modelov za slepe in slabovidne osebe. Spremenil je pripravo podatkov za izdelavo tipnih kart, pospe\u0161il njihovo izdelavo, prinesel mo\u017enost uporabe razli\u010dnih materialov, predvsem pa omogo\u010dil prenosljivost izdelave kon\u010dnega izdelka (3D tipnega modela) na katerikoli 3D printer v svetu. Cenovno je smiselno izdelati 3-5 kopij tipnih modelov. \u010ce obstaja zahteva po ve\u010djem \u0161tevilu kopij, s 3D tiskom pripravimo tipni model (kalup), za odtis ve\u010djega \u0161tevila kart, npr. po termovakuumski metodi na PVC folijo. S 3D tiskom smo re\u0161ili najtr\u0161i zgodovinski oreh izdelave. Podprli smo kvalitetno ter hitro reprodukcijo tipnih kart (modelov), za varno mobilnost slepih in slabovidnih oseb v urbanem okolju.<\/p>\n[\/vc_column_text][\/vc_column_inner][\/vc_row_inner][vc_row_inner css=&#8221;.vc_custom_1545254460326{padding-top: 25px !important;padding-bottom: 25px !important;}&#8221;][vc_column_inner width=&#8221;1\/2&#8243;][vc_single_image image=&#8221;2035&#8243; img_size=&#8221;full&#8221; alignment=&#8221;center&#8221; onclick=&#8221;link_image&#8221; css=&#8221;.vc_custom_1545254285702{padding-top: 25px !important;}&#8221;][vc_empty_space][vc_video link=&#8221;https:\/\/www.youtube.com\/watch?v=7Z41A3nb0GY&#8221;][\/vc_column_inner][vc_column_inner width=&#8221;1\/2&#8243;][vc_single_image image=&#8221;2034&#8243; img_size=&#8221;full&#8221; alignment=&#8221;center&#8221; onclick=&#8221;link_image&#8221; css=&#8221;.vc_custom_1545254290035{padding-top: 25px !important;}&#8221;][\/vc_column_inner][\/vc_row_inner][\/vc_column][\/vc_row][vc_row][vc_column][vc_column_text css=&#8221;.vc_custom_1551352833709{padding-bottom: 25px !important;}&#8221;]<strong>Head of\u00a0department:<\/strong><br \/>\n<a href=\"mailto:primoz.kete@gis.si\">Primo\u017e Kete<\/a>[\/vc_column_text][\/vc_column][\/vc_row]\n<\/div>","protected":false},"excerpt":{"rendered":"<p>[vc_row css=&#8221;.vc_custom_1545212090473{padding-top: 25px !important;}&#8221;][vc_column][vc_column_text][\/vc_column_text][\/vc_column][\/vc_row][vc_row css=&#8221;.vc_custom_1545045828975{padding-top: 25px !important;padding-bottom: 25px !important;}&#8221;][vc_column width=&#8221;1\/2&#8243;][vc_column_text] In 1983 automated, computer-aided cartography was first introduced with the publishing of the first thematic computer atlas in former Yugoslavia (for the municipality of Se\u017eana). In 1988 we made the first 3D town plan in Yugoslavia (Cavtat). Since Slovenia&#8217;s independence, we [&hellip;]<\/p>\n","protected":false},"author":1,"featured_media":0,"parent":0,"menu_order":0,"comment_status":"closed","ping_status":"closed","template":"tpl\/page_fullwidth.php","meta":{"footnotes":""},"class_list":["post-2249","page","type-page","status-publish","hentry"],"yoast_head":"<!-- This site is optimized with the Yoast SEO Premium plugin v22.6 (Yoast SEO v26.9) - https:\/\/yoast.com\/product\/yoast-seo-premium-wordpress\/ -->\n<title>Cartography - GIS<\/title>\n<meta name=\"robots\" content=\"index, follow, max-snippet:-1, max-image-preview:large, max-video-preview:-1\" \/>\n<link rel=\"canonical\" href=\"https:\/\/gis.si\/en\/cartography\/\" \/>\n<meta property=\"og:locale\" content=\"en_US\" \/>\n<meta property=\"og:type\" content=\"article\" \/>\n<meta property=\"og:title\" content=\"Cartography\" \/>\n<meta property=\"og:description\" content=\"[vc_row css=&#8221;.vc_custom_1545212090473{padding-top: 25px !important;}&#8221;][vc_column][vc_column_text][\/vc_column_text][\/vc_column][\/vc_row][vc_row css=&#8221;.vc_custom_1545045828975{padding-top: 25px !important;padding-bottom: 25px !important;}&#8221;][vc_column width=&#8221;1\/2&#8243;][vc_column_text] In 1983 automated, computer-aided cartography was first introduced with the publishing of the first thematic computer atlas in former Yugoslavia (for the municipality of Se\u017eana). In 1988 we made the first 3D town plan in Yugoslavia (Cavtat). Since Slovenia&#8217;s independence, we [&hellip;]\" \/>\n<meta property=\"og:url\" content=\"https:\/\/gis.si\/en\/cartography\/\" \/>\n<meta property=\"og:site_name\" content=\"GIS\" \/>\n<meta name=\"twitter:card\" content=\"summary_large_image\" \/>\n<meta name=\"twitter:label1\" content=\"Est. reading time\" \/>\n\t<meta name=\"twitter:data1\" content=\"6 minutes\" \/>\n<script type=\"application\/ld+json\" class=\"yoast-schema-graph\">{\"@context\":\"https:\/\/schema.org\",\"@graph\":[{\"@type\":\"WebPage\",\"@id\":\"https:\/\/gis.si\/en\/cartography\/\",\"url\":\"https:\/\/gis.si\/en\/cartography\/\",\"name\":\"Cartography - GIS\",\"isPartOf\":{\"@id\":\"https:\/\/gis.si\/#website\"},\"datePublished\":\"2019-02-28T11:20:35+00:00\",\"breadcrumb\":{\"@id\":\"https:\/\/gis.si\/en\/cartography\/#breadcrumb\"},\"inLanguage\":\"en-US\",\"potentialAction\":[{\"@type\":\"ReadAction\",\"target\":[\"https:\/\/gis.si\/en\/cartography\/\"]}]},{\"@type\":\"BreadcrumbList\",\"@id\":\"https:\/\/gis.si\/en\/cartography\/#breadcrumb\",\"itemListElement\":[{\"@type\":\"ListItem\",\"position\":1,\"name\":\"Home\",\"item\":\"https:\/\/gis.si\/en\/\"},{\"@type\":\"ListItem\",\"position\":2,\"name\":\"Cartography\"}]},{\"@type\":\"WebSite\",\"@id\":\"https:\/\/gis.si\/#website\",\"url\":\"https:\/\/gis.si\/\",\"name\":\"GIS\",\"description\":\"Geodetic Institute of Slovenia\",\"potentialAction\":[{\"@type\":\"SearchAction\",\"target\":{\"@type\":\"EntryPoint\",\"urlTemplate\":\"https:\/\/gis.si\/?s={search_term_string}\"},\"query-input\":{\"@type\":\"PropertyValueSpecification\",\"valueRequired\":true,\"valueName\":\"search_term_string\"}}],\"inLanguage\":\"en-US\"}]}<\/script>\n<!-- \/ Yoast SEO Premium plugin. -->","yoast_head_json":{"title":"Cartography - GIS","robots":{"index":"index","follow":"follow","max-snippet":"max-snippet:-1","max-image-preview":"max-image-preview:large","max-video-preview":"max-video-preview:-1"},"canonical":"https:\/\/gis.si\/en\/cartography\/","og_locale":"en_US","og_type":"article","og_title":"Cartography","og_description":"[vc_row css=&#8221;.vc_custom_1545212090473{padding-top: 25px !important;}&#8221;][vc_column][vc_column_text][\/vc_column_text][\/vc_column][\/vc_row][vc_row css=&#8221;.vc_custom_1545045828975{padding-top: 25px !important;padding-bottom: 25px !important;}&#8221;][vc_column width=&#8221;1\/2&#8243;][vc_column_text] In 1983 automated, computer-aided cartography was first introduced with the publishing of the first thematic computer atlas in former Yugoslavia (for the municipality of Se\u017eana). In 1988 we made the first 3D town plan in Yugoslavia (Cavtat). Since Slovenia&#8217;s independence, we [&hellip;]","og_url":"https:\/\/gis.si\/en\/cartography\/","og_site_name":"GIS","twitter_card":"summary_large_image","twitter_misc":{"Est. reading time":"6 minutes"},"schema":{"@context":"https:\/\/schema.org","@graph":[{"@type":"WebPage","@id":"https:\/\/gis.si\/en\/cartography\/","url":"https:\/\/gis.si\/en\/cartography\/","name":"Cartography - GIS","isPartOf":{"@id":"https:\/\/gis.si\/#website"},"datePublished":"2019-02-28T11:20:35+00:00","breadcrumb":{"@id":"https:\/\/gis.si\/en\/cartography\/#breadcrumb"},"inLanguage":"en-US","potentialAction":[{"@type":"ReadAction","target":["https:\/\/gis.si\/en\/cartography\/"]}]},{"@type":"BreadcrumbList","@id":"https:\/\/gis.si\/en\/cartography\/#breadcrumb","itemListElement":[{"@type":"ListItem","position":1,"name":"Home","item":"https:\/\/gis.si\/en\/"},{"@type":"ListItem","position":2,"name":"Cartography"}]},{"@type":"WebSite","@id":"https:\/\/gis.si\/#website","url":"https:\/\/gis.si\/","name":"GIS","description":"Geodetic Institute of Slovenia","potentialAction":[{"@type":"SearchAction","target":{"@type":"EntryPoint","urlTemplate":"https:\/\/gis.si\/?s={search_term_string}"},"query-input":{"@type":"PropertyValueSpecification","valueRequired":true,"valueName":"search_term_string"}}],"inLanguage":"en-US"}]}},"_links":{"self":[{"href":"https:\/\/gis.si\/en\/wp-json\/wp\/v2\/pages\/2249","targetHints":{"allow":["GET"]}}],"collection":[{"href":"https:\/\/gis.si\/en\/wp-json\/wp\/v2\/pages"}],"about":[{"href":"https:\/\/gis.si\/en\/wp-json\/wp\/v2\/types\/page"}],"author":[{"embeddable":true,"href":"https:\/\/gis.si\/en\/wp-json\/wp\/v2\/users\/1"}],"replies":[{"embeddable":true,"href":"https:\/\/gis.si\/en\/wp-json\/wp\/v2\/comments?post=2249"}],"version-history":[{"count":2,"href":"https:\/\/gis.si\/en\/wp-json\/wp\/v2\/pages\/2249\/revisions"}],"predecessor-version":[{"id":2256,"href":"https:\/\/gis.si\/en\/wp-json\/wp\/v2\/pages\/2249\/revisions\/2256"}],"wp:attachment":[{"href":"https:\/\/gis.si\/en\/wp-json\/wp\/v2\/media?parent=2249"}],"curies":[{"name":"wp","href":"https:\/\/api.w.org\/{rel}","templated":true}]}}