{"id":2344,"date":"2019-02-28T13:15:52","date_gmt":"2019-02-28T12:15:52","guid":{"rendered":"http:\/\/www.gis.si\/?page_id=2344"},"modified":"2023-09-14T10:13:45","modified_gmt":"2023-09-14T08:13:45","slug":"historic-aerial-photographs","status":"publish","type":"page","link":"https:\/\/gis.si\/en\/historic-aerial-photographs\/","title":{"rendered":"Historic aerial photographs"},"content":{"rendered":"<div class=\"wpb-content-wrapper\">[vc_row css=&#8221;.vc_custom_1545212631595{padding-top: 25px !important;padding-bottom: 25px !important;}&#8221;][vc_column][vc_column_text]<strong>Issuing of data from the archives of aerial photos<\/strong><br \/>\n<a title=\"Where are we\" href=\"http:\/\/www.gis.si\/en\/o-nas\/kje-smo#arhiv\">Zemljemerska ulica 12<\/a>, Ljubljana<\/p>\n<p><strong>Office hours:<br \/>\n<\/strong>Monday, Tuesday, Thursday and Friday 8:00-12:30<br \/>\nWednesday 8:00-15:30<\/p>\n<p><strong>Information:<br \/>\n<\/strong>+386 (0)51 21 54 84<br \/>\n<a href=\"mailto:arhiv@gis.si\">arhiv@gis.si<\/a>[\/vc_column_text][\/vc_column][\/vc_row][vc_row full_width=&#8221;stretch_row&#8221; css=&#8221;.vc_custom_1545212622067{padding-top: 25px !important;padding-bottom: 25px !important;background-color: #aec3d3 !important;}&#8221;][vc_column width=&#8221;1\/2&#8243;][vc_empty_space][vc_column_text]\n<h2>Precise scanning of aerial-films<\/h2>\n<p style=\"text-align: justify;\">We perform our services by using high precision photogrammetric scanner Leica Geosystems DSW700 (medium position precision is smaller than 2 \u03bc; basic setting of geometric resolution is 12.5 micrometers), which allows scanning of individual images or whole film roll. The basic purpose of DSW700 is to obtain digital images from aerial photographs without losing geometric precision, especially for the use in precise digital photogrammetry.<\/p>\n[\/vc_column_text][\/vc_column][vc_column width=&#8221;1\/2&#8243;][vc_single_image image=&#8221;1788&#8243; img_size=&#8221;full&#8221;][\/vc_column][\/vc_row][vc_row css=&#8221;.vc_custom_1545212631595{padding-top: 25px !important;padding-bottom: 25px !important;}&#8221;][vc_column width=&#8221;3\/4&#8243;][vc_column_text]V upravnih postopkih ali postopkih na sodi\u0161\u010dih pogosto potrebujemo dokazilo o obstoju ali neobstoju dolo\u010denega objekta v prostoru v izbranem \u010dasu. Aeroposnetek je za slednje neizpodbiten vir informacij.[\/vc_column_text][\/vc_column][vc_column width=&#8221;1\/4&#8243;][vc_btn title=&#8221;Obrazec za naro\u010dilo&#8221; shape=&#8221;square&#8221; color=&#8221;danger&#8221; align=&#8221;right&#8221; i_align=&#8221;right&#8221; i_icon_fontawesome=&#8221;fa fa-file-pdf-o&#8221; add_icon=&#8221;true&#8221; link=&#8221;url:http%3A%2F%2Fwww.gis.si%2Fizdajanje-podatkov-iz-arhiva-aeroposnetkov%2F||target:%20_blank|&#8221; css=&#8221;.vc_custom_1549374025272{padding-top: 10px !important;}&#8221;][\/vc_column][\/vc_row]\n<\/div>","protected":false},"excerpt":{"rendered":"<p>[vc_row css=&#8221;.vc_custom_1545212631595{padding-top: 25px !important;padding-bottom: 25px !important;}&#8221;][vc_column][vc_column_text]Issuing of data from the archives of aerial photos Zemljemerska ulica 12, Ljubljana Office hours: Monday, Tuesday, Thursday and Friday 8:00-12:30 Wednesday 8:00-15:30 Information: +386 (0)51 21 54 84 arhiv@gis.si[\/vc_column_text][\/vc_column][\/vc_row][vc_row full_width=&#8221;stretch_row&#8221; css=&#8221;.vc_custom_1545212622067{padding-top: 25px !important;padding-bottom: 25px !important;background-color: #aec3d3 !important;}&#8221;][vc_column width=&#8221;1\/2&#8243;][vc_empty_space][vc_column_text] Precise scanning of aerial-films We perform our [&hellip;]<\/p>\n","protected":false},"author":1,"featured_media":0,"parent":0,"menu_order":0,"comment_status":"closed","ping_status":"closed","template":"tpl\/page_fullwidth.php","meta":{"footnotes":""},"class_list":["post-2344","page","type-page","status-publish","hentry"],"yoast_head":"<!-- This site is optimized with the Yoast SEO Premium plugin v22.6 (Yoast SEO v26.9) - https:\/\/yoast.com\/product\/yoast-seo-premium-wordpress\/ -->\n<title>Historic aerial photographs - GIS<\/title>\n<meta name=\"robots\" content=\"index, follow, max-snippet:-1, max-image-preview:large, max-video-preview:-1\" \/>\n<link rel=\"canonical\" href=\"https:\/\/gis.si\/historicni-aeroposnetki\/\" \/>\n<meta property=\"og:locale\" content=\"en_US\" \/>\n<meta property=\"og:type\" content=\"article\" \/>\n<meta property=\"og:title\" content=\"Historic aerial photographs\" \/>\n<meta property=\"og:description\" content=\"[vc_row css=&#8221;.vc_custom_1545212631595{padding-top: 25px !important;padding-bottom: 25px !important;}&#8221;][vc_column][vc_column_text]Issuing of data from the archives of aerial photos Zemljemerska ulica 12, Ljubljana Office hours: Monday, Tuesday, Thursday and Friday 8:00-12:30 Wednesday 8:00-15:30 Information: +386 (0)51 21 54 84 arhiv@gis.si[\/vc_column_text][\/vc_column][\/vc_row][vc_row full_width=&#8221;stretch_row&#8221; css=&#8221;.vc_custom_1545212622067{padding-top: 25px !important;padding-bottom: 25px !important;background-color: #aec3d3 !important;}&#8221;][vc_column width=&#8221;1\/2&#8243;][vc_empty_space][vc_column_text] Precise scanning of aerial-films We perform our [&hellip;]\" \/>\n<meta property=\"og:url\" content=\"https:\/\/gis.si\/historicni-aeroposnetki\/\" \/>\n<meta property=\"og:site_name\" content=\"GIS\" \/>\n<meta property=\"article:modified_time\" content=\"2023-09-14T08:13:45+00:00\" \/>\n<meta name=\"twitter:card\" content=\"summary_large_image\" \/>\n<meta name=\"twitter:label1\" content=\"Est. reading time\" \/>\n\t<meta name=\"twitter:data1\" content=\"1 minute\" \/>\n<script type=\"application\/ld+json\" class=\"yoast-schema-graph\">{\"@context\":\"https:\/\/schema.org\",\"@graph\":[{\"@type\":\"WebPage\",\"@id\":\"https:\/\/gis.si\/historicni-aeroposnetki\/\",\"url\":\"https:\/\/gis.si\/historicni-aeroposnetki\/\",\"name\":\"Historic aerial photographs - GIS\",\"isPartOf\":{\"@id\":\"https:\/\/gis.si\/#website\"},\"datePublished\":\"2019-02-28T12:15:52+00:00\",\"dateModified\":\"2023-09-14T08:13:45+00:00\",\"breadcrumb\":{\"@id\":\"https:\/\/gis.si\/historicni-aeroposnetki\/#breadcrumb\"},\"inLanguage\":\"en-US\",\"potentialAction\":[{\"@type\":\"ReadAction\",\"target\":[\"https:\/\/gis.si\/historicni-aeroposnetki\/\"]}]},{\"@type\":\"BreadcrumbList\",\"@id\":\"https:\/\/gis.si\/historicni-aeroposnetki\/#breadcrumb\",\"itemListElement\":[{\"@type\":\"ListItem\",\"position\":1,\"name\":\"Home\",\"item\":\"https:\/\/gis.si\/en\/\"},{\"@type\":\"ListItem\",\"position\":2,\"name\":\"Historic aerial photographs\"}]},{\"@type\":\"WebSite\",\"@id\":\"https:\/\/gis.si\/#website\",\"url\":\"https:\/\/gis.si\/\",\"name\":\"GIS\",\"description\":\"Geodetic Institute of Slovenia\",\"potentialAction\":[{\"@type\":\"SearchAction\",\"target\":{\"@type\":\"EntryPoint\",\"urlTemplate\":\"https:\/\/gis.si\/?s={search_term_string}\"},\"query-input\":{\"@type\":\"PropertyValueSpecification\",\"valueRequired\":true,\"valueName\":\"search_term_string\"}}],\"inLanguage\":\"en-US\"}]}<\/script>\n<!-- \/ Yoast SEO Premium plugin. -->","yoast_head_json":{"title":"Historic aerial photographs - GIS","robots":{"index":"index","follow":"follow","max-snippet":"max-snippet:-1","max-image-preview":"max-image-preview:large","max-video-preview":"max-video-preview:-1"},"canonical":"https:\/\/gis.si\/historicni-aeroposnetki\/","og_locale":"en_US","og_type":"article","og_title":"Historic aerial photographs","og_description":"[vc_row css=&#8221;.vc_custom_1545212631595{padding-top: 25px !important;padding-bottom: 25px !important;}&#8221;][vc_column][vc_column_text]Issuing of data from the archives of aerial photos Zemljemerska ulica 12, Ljubljana Office hours: Monday, Tuesday, Thursday and Friday 8:00-12:30 Wednesday 8:00-15:30 Information: +386 (0)51 21 54 84 arhiv@gis.si[\/vc_column_text][\/vc_column][\/vc_row][vc_row full_width=&#8221;stretch_row&#8221; css=&#8221;.vc_custom_1545212622067{padding-top: 25px !important;padding-bottom: 25px !important;background-color: #aec3d3 !important;}&#8221;][vc_column width=&#8221;1\/2&#8243;][vc_empty_space][vc_column_text] Precise scanning of aerial-films We perform our [&hellip;]","og_url":"https:\/\/gis.si\/historicni-aeroposnetki\/","og_site_name":"GIS","article_modified_time":"2023-09-14T08:13:45+00:00","twitter_card":"summary_large_image","twitter_misc":{"Est. reading time":"1 minute"},"schema":{"@context":"https:\/\/schema.org","@graph":[{"@type":"WebPage","@id":"https:\/\/gis.si\/historicni-aeroposnetki\/","url":"https:\/\/gis.si\/historicni-aeroposnetki\/","name":"Historic aerial photographs - GIS","isPartOf":{"@id":"https:\/\/gis.si\/#website"},"datePublished":"2019-02-28T12:15:52+00:00","dateModified":"2023-09-14T08:13:45+00:00","breadcrumb":{"@id":"https:\/\/gis.si\/historicni-aeroposnetki\/#breadcrumb"},"inLanguage":"en-US","potentialAction":[{"@type":"ReadAction","target":["https:\/\/gis.si\/historicni-aeroposnetki\/"]}]},{"@type":"BreadcrumbList","@id":"https:\/\/gis.si\/historicni-aeroposnetki\/#breadcrumb","itemListElement":[{"@type":"ListItem","position":1,"name":"Home","item":"https:\/\/gis.si\/en\/"},{"@type":"ListItem","position":2,"name":"Historic aerial photographs"}]},{"@type":"WebSite","@id":"https:\/\/gis.si\/#website","url":"https:\/\/gis.si\/","name":"GIS","description":"Geodetic Institute of Slovenia","potentialAction":[{"@type":"SearchAction","target":{"@type":"EntryPoint","urlTemplate":"https:\/\/gis.si\/?s={search_term_string}"},"query-input":{"@type":"PropertyValueSpecification","valueRequired":true,"valueName":"search_term_string"}}],"inLanguage":"en-US"}]}},"_links":{"self":[{"href":"https:\/\/gis.si\/en\/wp-json\/wp\/v2\/pages\/2344","targetHints":{"allow":["GET"]}}],"collection":[{"href":"https:\/\/gis.si\/en\/wp-json\/wp\/v2\/pages"}],"about":[{"href":"https:\/\/gis.si\/en\/wp-json\/wp\/v2\/types\/page"}],"author":[{"embeddable":true,"href":"https:\/\/gis.si\/en\/wp-json\/wp\/v2\/users\/1"}],"replies":[{"embeddable":true,"href":"https:\/\/gis.si\/en\/wp-json\/wp\/v2\/comments?post=2344"}],"version-history":[{"count":4,"href":"https:\/\/gis.si\/en\/wp-json\/wp\/v2\/pages\/2344\/revisions"}],"predecessor-version":[{"id":5445,"href":"https:\/\/gis.si\/en\/wp-json\/wp\/v2\/pages\/2344\/revisions\/5445"}],"wp:attachment":[{"href":"https:\/\/gis.si\/en\/wp-json\/wp\/v2\/media?parent=2344"}],"curies":[{"name":"wp","href":"https:\/\/api.w.org\/{rel}","templated":true}]}}