{"id":2348,"date":"2019-02-28T13:18:49","date_gmt":"2019-02-28T12:18:49","guid":{"rendered":"http:\/\/www.gis.si\/?page_id=2348"},"modified":"2019-02-28T13:18:49","modified_gmt":"2019-02-28T12:18:49","slug":"educational-activities","status":"publish","type":"page","link":"https:\/\/gis.si\/en\/educational-activities\/","title":{"rendered":"Educational activities"},"content":{"rendered":"<div class=\"wpb-content-wrapper\">[vc_row css=&#8221;.vc_custom_1550162069193{padding-top: 25px !important;padding-bottom: 25px !important;}&#8221;][vc_column][vc_column_text]<div class=\"su-pullquote su-pullquote-align-right\">Izobra\u017eevalno sredi\u0161\u010de za geomatiko (ISG \u2013 Educational Centre for Geomatics) is a trademark of the Geodetic Institute of Slovenia. Within ISG we provide seminars and workshops for different target groups, cooperate in event organisation, promotion of services and products and we publish different publications. We cooperate with expert lecturers from specific scientific areas with extensive practical work experiences and experiences in the area of adult education. In seminars we stimulate active work of participants and personal approach of the lecturer. If you wish to receive information about our seminars and workshops, please send us an\u00a0<a href=\"mailto:isg@gis.si?subject=Educational%20activities%20-%20inquiry\">e-mail<\/a>\u00a0with your return e-mail address.<\/div>[\/vc_column_text][\/vc_column][\/vc_row][vc_row css=&#8221;.vc_custom_1545212673829{padding-bottom: 25px !important;}&#8221;][vc_column width=&#8221;1\/2&#8243;][vc_column_text]<strong>Special expert exam for land quality evaluation<\/strong><\/p>\n<p>In 2008 the first test of expertise (exam) was done for the candidates who wished to be authorised for cadastral land classification. We invite you to join the group of candidates who wish to be authorised for land quality evaluation. Also this year the Geodetic Institute of Slovenia will organise exams for land quality evaluation and courses as preparation for the exam.<\/p>\n<p><strong>Training contents:<\/strong><\/p>\n<p>1. Area of land quality evaluation:<br \/>\n<div class=\"su-list\" style=\"margin-left:0px\">\n<ul>\n<li><i class=\"sui sui-check-square-o\" style=\"color:#0066b3\"><\/i> defining land quality according to the Rules on Establishing Land Rating,<\/li>\n<li><i class=\"sui sui-check-square-o\" style=\"color:#0066b3\"><\/i> evaluation of the ground, climate, relief and special influences,<\/li>\n<li><i class=\"sui sui-check-square-o\" style=\"color:#0066b3\"><\/i> calculations and completion of forms for land quality evaluation and for the graphic presentation of areas with the same quality rating,<\/li>\n<li><i class=\"sui sui-check-square-o\" style=\"color:#0066b3\"><\/i> linking of data and procedures between land quality evaluation and other land records.<\/li>\n<\/ul>\n<\/div>\n2. Area of registering data in real estate records (preparation of expert reports).<\/p>\n<p>3. Administrative Procedure Act.[\/vc_column_text][\/vc_column][vc_column width=&#8221;1\/2&#8243;][vc_column_text]<strong>Application for the exam and training:<\/strong>:<\/p>\n<p>According to Article 5 of the Rules on Establishing Land Rating and the authorisation for land quality evaluation, the exam can be done by any person with at least professional\u00a0higher education degree\u00a0in agriculture or forestry and at least\u00a05 years\u00a0of work experience from the area of land administration, recording and evaluation. The exam consists of written and oral part. All candidates will be informed about the exam in due time.<\/p>\n<p>Please send completed application forms with the necessary evidence of obtained expert education and the required work experience (if you have already passed the exam on Administrative Procedure Act, please include a photocopy of the adequate certificate) to:<\/p>\n<div class=\"su-list\" style=\"margin-left:0px\">\n<ul>\n<li><i class=\"sui sui-check-square-o\" style=\"color:#0066b3\"><\/i> mail: Geodetic Institute of Slovenia, Educational Centre for Geomatics, Jamova cesta 2, 1000 Ljubljana<\/li>\n<li><i class=\"sui sui-check-square-o\" style=\"color:#0066b3\"><\/i> facsimile: +386 (0)1 425 06 77 or<\/li>\n<li><i class=\"sui sui-check-square-o\" style=\"color:#0066b3\"><\/i> e-mail:\u00a0<a href=\"mailto:isg@gis.si\">isg@gis.si<\/a><\/li>\n<\/ul>\n<\/div>[\/vc_column_text][\/vc_column][\/vc_row][vc_row full_width=&#8221;stretch_row&#8221; css=&#8221;.vc_custom_1545212656827{padding-top: 25px !important;padding-bottom: 25px !important;background-color: #aec3d3 !important;}&#8221;][vc_column width=&#8221;1\/2&#8243;][vc_column_text]\n<h2 class=\"mbr-section-title display-2\">Priro\u010dnik za bonitiranje zemlji\u0161\u010d<\/h2>\n<p style=\"text-align: justify;\">V letu 2011 smo za imetnike pooblastil za bonitiranje zemlji\u0161\u010d za\u010deli izvajati dodatna usposabljanja na terenu, s katerimi \u017eelimo dvigniti kakovost storitev na podro\u010dju bonitiranja zemlji\u0161\u010d. V ta namen smo izdali tudi Priro\u010dnik za bonitiranje zemlji\u0161\u010d, ki je v strokovnih krogih nadomestil \u00bbrjavo knji\u017eico\u00ab.<\/p>\n<p><strong>Naro\u010dila sprejemamo:<\/strong><\/p>\n<div class=\"su-list\" style=\"margin-left:0px\">\n<ul>\n<li><i class=\"sui sui-check-square-o\" style=\"color:#0066b3\"><\/i> <a href=\"https:\/\/docs.google.com\/forms\/d\/e\/1FAIpQLSdK-C8SCEC1KXgwZng3Ag-H2k8MbDxhkRjFNG1Dl0U4v2aTyg\/viewform?formkey=dHJCRmxDWllrOG8tNkVsUTZmRi0xSkE6MQ\">preko spletnega obrazca<\/a><\/li>\n<li><i class=\"sui sui-check-square-o\" style=\"color:#0066b3\"><\/i> po elektronski po\u0161ti: <a href=\"mailto:isg@gis.si\">isg@gis.si<\/a><\/li>\n<li><i class=\"sui sui-check-square-o\" style=\"color:#0066b3\"><\/i> po po\u0161ti: Geodetski in\u0161titut Slovenije, Jamova cesta 2,<br \/>\n1000 Ljubljana<\/li>\n<\/ul>\n<\/div>\n<p>Cena priro\u010dnika: 18,60 \u20ac (z DDV).[\/vc_column_text][\/vc_column][vc_column width=&#8221;1\/2&#8243;][vc_empty_space][vc_single_image image=&#8221;1792&#8243; img_size=&#8221;full&#8221; alignment=&#8221;center&#8221;][\/vc_column][\/vc_row]\n<\/div>","protected":false},"excerpt":{"rendered":"<p>[vc_row css=&#8221;.vc_custom_1550162069193{padding-top: 25px !important;padding-bottom: 25px !important;}&#8221;][vc_column][vc_column_text][\/vc_column_text][\/vc_column][\/vc_row][vc_row css=&#8221;.vc_custom_1545212673829{padding-bottom: 25px !important;}&#8221;][vc_column width=&#8221;1\/2&#8243;][vc_column_text]Special expert exam for land quality evaluation In 2008 the first test of expertise (exam) was done for the candidates who wished to be authorised for cadastral land classification. We invite you to join the group of candidates who wish to be [&hellip;]<\/p>\n","protected":false},"author":1,"featured_media":0,"parent":0,"menu_order":0,"comment_status":"closed","ping_status":"closed","template":"tpl\/page_fullwidth.php","meta":{"footnotes":""},"class_list":["post-2348","page","type-page","status-publish","hentry"],"yoast_head":"<!-- This site is optimized with the Yoast SEO Premium plugin v22.6 (Yoast SEO v26.9) - https:\/\/yoast.com\/product\/yoast-seo-premium-wordpress\/ -->\n<title>Educational activities - GIS<\/title>\n<meta name=\"robots\" content=\"index, follow, max-snippet:-1, max-image-preview:large, max-video-preview:-1\" \/>\n<link rel=\"canonical\" href=\"https:\/\/gis.si\/en\/educational-activities\/\" \/>\n<meta property=\"og:locale\" content=\"en_US\" \/>\n<meta property=\"og:type\" content=\"article\" \/>\n<meta property=\"og:title\" content=\"Educational activities\" \/>\n<meta property=\"og:description\" content=\"[vc_row css=&#8221;.vc_custom_1550162069193{padding-top: 25px !important;padding-bottom: 25px !important;}&#8221;][vc_column][vc_column_text][\/vc_column_text][\/vc_column][\/vc_row][vc_row css=&#8221;.vc_custom_1545212673829{padding-bottom: 25px !important;}&#8221;][vc_column width=&#8221;1\/2&#8243;][vc_column_text]Special expert exam for land quality evaluation In 2008 the first test of expertise (exam) was done for the candidates who wished to be authorised for cadastral land classification. We invite you to join the group of candidates who wish to be [&hellip;]\" \/>\n<meta property=\"og:url\" content=\"https:\/\/gis.si\/en\/educational-activities\/\" \/>\n<meta property=\"og:site_name\" content=\"GIS\" \/>\n<meta name=\"twitter:card\" content=\"summary_large_image\" \/>\n<meta name=\"twitter:label1\" content=\"Est. reading time\" \/>\n\t<meta name=\"twitter:data1\" content=\"3 minutes\" \/>\n<script type=\"application\/ld+json\" class=\"yoast-schema-graph\">{\"@context\":\"https:\/\/schema.org\",\"@graph\":[{\"@type\":\"WebPage\",\"@id\":\"https:\/\/gis.si\/en\/educational-activities\/\",\"url\":\"https:\/\/gis.si\/en\/educational-activities\/\",\"name\":\"Educational activities - GIS\",\"isPartOf\":{\"@id\":\"https:\/\/gis.si\/#website\"},\"datePublished\":\"2019-02-28T12:18:49+00:00\",\"breadcrumb\":{\"@id\":\"https:\/\/gis.si\/en\/educational-activities\/#breadcrumb\"},\"inLanguage\":\"en-US\",\"potentialAction\":[{\"@type\":\"ReadAction\",\"target\":[\"https:\/\/gis.si\/en\/educational-activities\/\"]}]},{\"@type\":\"BreadcrumbList\",\"@id\":\"https:\/\/gis.si\/en\/educational-activities\/#breadcrumb\",\"itemListElement\":[{\"@type\":\"ListItem\",\"position\":1,\"name\":\"Home\",\"item\":\"https:\/\/gis.si\/en\/\"},{\"@type\":\"ListItem\",\"position\":2,\"name\":\"Educational activities\"}]},{\"@type\":\"WebSite\",\"@id\":\"https:\/\/gis.si\/#website\",\"url\":\"https:\/\/gis.si\/\",\"name\":\"GIS\",\"description\":\"Geodetic Institute of Slovenia\",\"potentialAction\":[{\"@type\":\"SearchAction\",\"target\":{\"@type\":\"EntryPoint\",\"urlTemplate\":\"https:\/\/gis.si\/?s={search_term_string}\"},\"query-input\":{\"@type\":\"PropertyValueSpecification\",\"valueRequired\":true,\"valueName\":\"search_term_string\"}}],\"inLanguage\":\"en-US\"}]}<\/script>\n<!-- \/ Yoast SEO Premium plugin. -->","yoast_head_json":{"title":"Educational activities - GIS","robots":{"index":"index","follow":"follow","max-snippet":"max-snippet:-1","max-image-preview":"max-image-preview:large","max-video-preview":"max-video-preview:-1"},"canonical":"https:\/\/gis.si\/en\/educational-activities\/","og_locale":"en_US","og_type":"article","og_title":"Educational activities","og_description":"[vc_row css=&#8221;.vc_custom_1550162069193{padding-top: 25px !important;padding-bottom: 25px !important;}&#8221;][vc_column][vc_column_text][\/vc_column_text][\/vc_column][\/vc_row][vc_row css=&#8221;.vc_custom_1545212673829{padding-bottom: 25px !important;}&#8221;][vc_column width=&#8221;1\/2&#8243;][vc_column_text]Special expert exam for land quality evaluation In 2008 the first test of expertise (exam) was done for the candidates who wished to be authorised for cadastral land classification. We invite you to join the group of candidates who wish to be [&hellip;]","og_url":"https:\/\/gis.si\/en\/educational-activities\/","og_site_name":"GIS","twitter_card":"summary_large_image","twitter_misc":{"Est. reading time":"3 minutes"},"schema":{"@context":"https:\/\/schema.org","@graph":[{"@type":"WebPage","@id":"https:\/\/gis.si\/en\/educational-activities\/","url":"https:\/\/gis.si\/en\/educational-activities\/","name":"Educational activities - GIS","isPartOf":{"@id":"https:\/\/gis.si\/#website"},"datePublished":"2019-02-28T12:18:49+00:00","breadcrumb":{"@id":"https:\/\/gis.si\/en\/educational-activities\/#breadcrumb"},"inLanguage":"en-US","potentialAction":[{"@type":"ReadAction","target":["https:\/\/gis.si\/en\/educational-activities\/"]}]},{"@type":"BreadcrumbList","@id":"https:\/\/gis.si\/en\/educational-activities\/#breadcrumb","itemListElement":[{"@type":"ListItem","position":1,"name":"Home","item":"https:\/\/gis.si\/en\/"},{"@type":"ListItem","position":2,"name":"Educational activities"}]},{"@type":"WebSite","@id":"https:\/\/gis.si\/#website","url":"https:\/\/gis.si\/","name":"GIS","description":"Geodetic Institute of Slovenia","potentialAction":[{"@type":"SearchAction","target":{"@type":"EntryPoint","urlTemplate":"https:\/\/gis.si\/?s={search_term_string}"},"query-input":{"@type":"PropertyValueSpecification","valueRequired":true,"valueName":"search_term_string"}}],"inLanguage":"en-US"}]}},"_links":{"self":[{"href":"https:\/\/gis.si\/en\/wp-json\/wp\/v2\/pages\/2348","targetHints":{"allow":["GET"]}}],"collection":[{"href":"https:\/\/gis.si\/en\/wp-json\/wp\/v2\/pages"}],"about":[{"href":"https:\/\/gis.si\/en\/wp-json\/wp\/v2\/types\/page"}],"author":[{"embeddable":true,"href":"https:\/\/gis.si\/en\/wp-json\/wp\/v2\/users\/1"}],"replies":[{"embeddable":true,"href":"https:\/\/gis.si\/en\/wp-json\/wp\/v2\/comments?post=2348"}],"version-history":[{"count":2,"href":"https:\/\/gis.si\/en\/wp-json\/wp\/v2\/pages\/2348\/revisions"}],"predecessor-version":[{"id":2352,"href":"https:\/\/gis.si\/en\/wp-json\/wp\/v2\/pages\/2348\/revisions\/2352"}],"wp:attachment":[{"href":"https:\/\/gis.si\/en\/wp-json\/wp\/v2\/media?parent=2348"}],"curies":[{"name":"wp","href":"https:\/\/api.w.org\/{rel}","templated":true}]}}