{"id":2353,"date":"2019-02-28T13:20:30","date_gmt":"2019-02-28T12:20:30","guid":{"rendered":"http:\/\/www.gis.si\/?page_id=2353"},"modified":"2024-10-23T12:20:12","modified_gmt":"2024-10-23T10:20:12","slug":"european-projects","status":"publish","type":"page","link":"https:\/\/gis.si\/en\/european-projects\/","title":{"rendered":"European projects"},"content":{"rendered":"<div class=\"wpb-content-wrapper\">[vc_row][vc_column][vc_column_text css=&#8221;&#8221;]<div class=\"su-list\" style=\"margin-left:0px\">\n<ul>\n<li><i class=\"sui sui-check-square-o\" style=\"color:#0066b3\"><\/i> <a href=\"https:\/\/baunow.interreg-euro-med.eu\/\">BauNOW<\/a> (2024-2026)<\/li>\n<li><i class=\"sui sui-check-square-o\" style=\"color:#0066b3\"><\/i> <a href=\"https:\/\/interreg-danube.eu\/projects\/nona\">New gOvernance for New spAces<\/a> (NONA, 2024-2026)<\/li>\n<li><i class=\"sui sui-check-square-o\" style=\"color:#0066b3\"><\/i> <a href=\"https:\/\/2014-2020.ita-slo.eu\/en\/acquavitis\">Innovative solutions for the efficient use of water in cross-border viticulture<\/a> (Acquavitis, 2020-2022)<\/li>\n<li><i class=\"sui sui-check-square-o\" style=\"color:#0066b3\"><\/i> <a href=\"https:\/\/www.interreg-central.eu\/projects\/ce-spaces4all\/\">Accessible Spaces for All <\/a>(CE-Spaces4All, 2023-2026)<\/li>\n<li><i class=\"sui sui-check-square-o\" style=\"color:#0066b3\"><\/i> <a href=\"http:\/\/www.interreg-danube.eu\/approved-projects\/ister\">ConnectIng hiSTorical Danube rEgions Roman routes<\/a> (ISTER, 2020-2022)<\/li>\n<li><i class=\"sui sui-check-square-o\" style=\"color:#0066b3\"><\/i> <a href=\"http:\/\/www.gis.si\/gis_si_new\/novice\/reference\/page2.html\">Evropski lokacijski okvir<\/a>\u00a0(ELF, 2013-2016)<\/li>\n<li><i class=\"sui sui-check-square-o\" style=\"color:#0066b3\"><\/i> <a href=\"http:\/\/www.gis.si\/gis_si_new\/novice\/reference\/page3.html\">Ohranitev in promocija vodnih biotopov: kali in barjanska okna za prihodnost<\/a>\u00a0(LOKNA, 2015-2016)<\/li>\n<li><i class=\"sui sui-check-square-o\" style=\"color:#0066b3\"><\/i> <a href=\"http:\/\/www.gis.si\/gis_si_new\/novice\/reference\/page4.html\">Harmonizacija Odprtih podatkov v MEditeRanu<\/a>\u00a0(HOMER, 2012-2015)<\/li>\n<li><i class=\"sui sui-check-square-o\" style=\"color:#0066b3\"><\/i> <a href=\"http:\/\/www.gis.si\/gis_si_new\/novice\/reference\/page5.html\">Infrastrukturni in tehnolo\u0161ki potencial za vklju\u010devanje oseb s posebnimi potrebami\u00a0<\/a><a href=\"http:\/\/www.gis.si\/gis_si_new\/novice\/reference\/page5.html\">v sistem vzgoje in izobra\u017eevanja<\/a>\u00a0(IPP, 2013-2015)<\/li>\n<li><i class=\"sui sui-check-square-o\" style=\"color:#0066b3\"><\/i> <a href=\"http:\/\/www.gis.si\/gis_si_new\/novice\/reference\/page6.html\">Knji\u017enica slepih in slabovidnih<\/a>\u00a0(KSS, 2012-2015)<\/li>\n<li><i class=\"sui sui-check-square-o\" style=\"color:#0066b3\"><\/i> <a href=\"http:\/\/www.gis.si\/gis_si_new\/novice\/reference\/page7.html\">Naravne nesre\u010de brez meja<\/a>\u00a0(NH-WF, 2011-2014)<\/li>\n<li><i class=\"sui sui-check-square-o\" style=\"color:#0066b3\"><\/i> <a href=\"http:\/\/www.gis.si\/gis_si_new\/novice\/reference\/page8.html\">Ocena privla\u010dnosti obmo\u010dij v Jugovzhodni Evropi<\/a>\u00a0(ATTRACT-SEE, 2012-2014)<\/li>\n<li><i class=\"sui sui-check-square-o\" style=\"color:#0066b3\"><\/i> <a href=\"http:\/\/www.khetanes.si\/\">Dvig socialnega in kulturnega kapitala v okoljih, kjer \u017eivijo predstavniki romske skupnosti<\/a>\u00a0(2010-2013)<\/li>\n<li><i class=\"sui sui-check-square-o\" style=\"color:#0066b3\"><\/i> <a href=\"http:\/\/www.transeconet.eu\/\">Transnacionalne ekolo\u0161ke mre\u017ee v Srednji Evropi<\/a>\u00a0(TransEcoNet, 2009-2012)<\/li>\n<li><i class=\"sui sui-check-square-o\" style=\"color:#0066b3\"><\/i> <a href=\"http:\/\/www.dedi.si\/\">Raz\u0161iritev enciklopedije naravne in kulturne dedi\u0161\u010dine na Slovenskem<\/a>\u00a0(DEDI II, 2009-2010)<\/li>\n<li><i class=\"sui sui-check-square-o\" style=\"color:#0066b3\"><\/i> Okoljsko in hidrolo\u0161ko upravljanje ter upravljanje z zemlji\u0161\u010di: inovativne re\u0161itve za obmo\u010dja (CADSES\u00a0ENHYGMA, 2006-2008)<\/li>\n<li><i class=\"sui sui-check-square-o\" style=\"color:#0066b3\"><\/i> Izdelava skupne metodologije za posodobitev in harmonizacijo geodetskih podlag za potrebe lokalnega prostorskega na\u010drtovanja na obmejnem obmo\u010dju Slovenije in Italije (HARMO GEO, 2005-2007)<\/li>\n<li><i class=\"sui sui-check-square-o\" style=\"color:#0066b3\"><\/i> <a href=\"http:\/\/www.gis.si\/gis_si_new\/novice\/reference\/page15.html\">Prostorski informacijski sistem za za\u0161\u010ditena obmo\u010dja in regije<\/a>\u00a0(SISTEMaPARC, 2004-2006)<\/li>\n<li><i class=\"sui sui-check-square-o\" style=\"color:#0066b3\"><\/i> <a href=\"http:\/\/www.gis.si\/gis_si_new\/novice\/reference\/page13.html\">HARMO-DATA Harmonizacija podatkov za \u010dezmejno upravljanje prostora\u00a0<\/a>\u00a0(HARMO-DATA, 2014-2020)<\/li>\n<li><i class=\"sui sui-check-square-o\" style=\"color:#0066b3\"><\/i> <a href=\"http:\/\/www.gis.si\/gis_si_new\/novice\/reference\/page14.html\">Attractive danube: Izbolj\u0161anje zmogljivosti javnih ustanov za ve\u010djo privla\u010dnost obmo\u010dij podonavske regije<\/a>\u00a0(Attractive Danube, 2017-2019)<\/li>\n<\/ul>\n<\/div>[\/vc_column_text][\/vc_column][\/vc_row]\n<\/div>","protected":false},"excerpt":{"rendered":"<p>[vc_row][vc_column][vc_column_text css=&#8221;&#8221;][\/vc_column_text][\/vc_column][\/vc_row]<\/p>\n","protected":false},"author":1,"featured_media":0,"parent":0,"menu_order":0,"comment_status":"closed","ping_status":"closed","template":"tpl\/page_fullwidth.php","meta":{"footnotes":""},"class_list":["post-2353","page","type-page","status-publish","hentry"],"yoast_head":"<!-- This site is optimized with the Yoast SEO Premium plugin v22.6 (Yoast SEO v26.9) - https:\/\/yoast.com\/product\/yoast-seo-premium-wordpress\/ -->\n<title>European projects - GIS<\/title>\n<meta name=\"robots\" content=\"index, follow, max-snippet:-1, max-image-preview:large, max-video-preview:-1\" \/>\n<link rel=\"canonical\" href=\"https:\/\/gis.si\/en\/european-projects\/\" \/>\n<meta property=\"og:locale\" content=\"en_US\" \/>\n<meta property=\"og:type\" content=\"article\" \/>\n<meta property=\"og:title\" content=\"European projects\" \/>\n<meta property=\"og:description\" content=\"[vc_row][vc_column][vc_column_text css=&#8221;&#8221;][\/vc_column_text][\/vc_column][\/vc_row]\" \/>\n<meta property=\"og:url\" content=\"https:\/\/gis.si\/en\/european-projects\/\" \/>\n<meta property=\"og:site_name\" content=\"GIS\" \/>\n<meta property=\"article:modified_time\" content=\"2024-10-23T10:20:12+00:00\" \/>\n<meta name=\"twitter:card\" content=\"summary_large_image\" \/>\n<meta name=\"twitter:label1\" content=\"Est. reading time\" \/>\n\t<meta name=\"twitter:data1\" content=\"2 minutes\" \/>\n<script type=\"application\/ld+json\" class=\"yoast-schema-graph\">{\"@context\":\"https:\/\/schema.org\",\"@graph\":[{\"@type\":\"WebPage\",\"@id\":\"https:\/\/gis.si\/en\/european-projects\/\",\"url\":\"https:\/\/gis.si\/en\/european-projects\/\",\"name\":\"European projects - GIS\",\"isPartOf\":{\"@id\":\"https:\/\/gis.si\/#website\"},\"datePublished\":\"2019-02-28T12:20:30+00:00\",\"dateModified\":\"2024-10-23T10:20:12+00:00\",\"breadcrumb\":{\"@id\":\"https:\/\/gis.si\/en\/european-projects\/#breadcrumb\"},\"inLanguage\":\"en-US\",\"potentialAction\":[{\"@type\":\"ReadAction\",\"target\":[\"https:\/\/gis.si\/en\/european-projects\/\"]}]},{\"@type\":\"BreadcrumbList\",\"@id\":\"https:\/\/gis.si\/en\/european-projects\/#breadcrumb\",\"itemListElement\":[{\"@type\":\"ListItem\",\"position\":1,\"name\":\"Home\",\"item\":\"https:\/\/gis.si\/en\/\"},{\"@type\":\"ListItem\",\"position\":2,\"name\":\"European projects\"}]},{\"@type\":\"WebSite\",\"@id\":\"https:\/\/gis.si\/#website\",\"url\":\"https:\/\/gis.si\/\",\"name\":\"GIS\",\"description\":\"Geodetic Institute of Slovenia\",\"potentialAction\":[{\"@type\":\"SearchAction\",\"target\":{\"@type\":\"EntryPoint\",\"urlTemplate\":\"https:\/\/gis.si\/?s={search_term_string}\"},\"query-input\":{\"@type\":\"PropertyValueSpecification\",\"valueRequired\":true,\"valueName\":\"search_term_string\"}}],\"inLanguage\":\"en-US\"}]}<\/script>\n<!-- \/ Yoast SEO Premium plugin. -->","yoast_head_json":{"title":"European projects - GIS","robots":{"index":"index","follow":"follow","max-snippet":"max-snippet:-1","max-image-preview":"max-image-preview:large","max-video-preview":"max-video-preview:-1"},"canonical":"https:\/\/gis.si\/en\/european-projects\/","og_locale":"en_US","og_type":"article","og_title":"European projects","og_description":"[vc_row][vc_column][vc_column_text css=&#8221;&#8221;][\/vc_column_text][\/vc_column][\/vc_row]","og_url":"https:\/\/gis.si\/en\/european-projects\/","og_site_name":"GIS","article_modified_time":"2024-10-23T10:20:12+00:00","twitter_card":"summary_large_image","twitter_misc":{"Est. reading time":"2 minutes"},"schema":{"@context":"https:\/\/schema.org","@graph":[{"@type":"WebPage","@id":"https:\/\/gis.si\/en\/european-projects\/","url":"https:\/\/gis.si\/en\/european-projects\/","name":"European projects - GIS","isPartOf":{"@id":"https:\/\/gis.si\/#website"},"datePublished":"2019-02-28T12:20:30+00:00","dateModified":"2024-10-23T10:20:12+00:00","breadcrumb":{"@id":"https:\/\/gis.si\/en\/european-projects\/#breadcrumb"},"inLanguage":"en-US","potentialAction":[{"@type":"ReadAction","target":["https:\/\/gis.si\/en\/european-projects\/"]}]},{"@type":"BreadcrumbList","@id":"https:\/\/gis.si\/en\/european-projects\/#breadcrumb","itemListElement":[{"@type":"ListItem","position":1,"name":"Home","item":"https:\/\/gis.si\/en\/"},{"@type":"ListItem","position":2,"name":"European projects"}]},{"@type":"WebSite","@id":"https:\/\/gis.si\/#website","url":"https:\/\/gis.si\/","name":"GIS","description":"Geodetic Institute of Slovenia","potentialAction":[{"@type":"SearchAction","target":{"@type":"EntryPoint","urlTemplate":"https:\/\/gis.si\/?s={search_term_string}"},"query-input":{"@type":"PropertyValueSpecification","valueRequired":true,"valueName":"search_term_string"}}],"inLanguage":"en-US"}]}},"_links":{"self":[{"href":"https:\/\/gis.si\/en\/wp-json\/wp\/v2\/pages\/2353","targetHints":{"allow":["GET"]}}],"collection":[{"href":"https:\/\/gis.si\/en\/wp-json\/wp\/v2\/pages"}],"about":[{"href":"https:\/\/gis.si\/en\/wp-json\/wp\/v2\/types\/page"}],"author":[{"embeddable":true,"href":"https:\/\/gis.si\/en\/wp-json\/wp\/v2\/users\/1"}],"replies":[{"embeddable":true,"href":"https:\/\/gis.si\/en\/wp-json\/wp\/v2\/comments?post=2353"}],"version-history":[{"count":7,"href":"https:\/\/gis.si\/en\/wp-json\/wp\/v2\/pages\/2353\/revisions"}],"predecessor-version":[{"id":6834,"href":"https:\/\/gis.si\/en\/wp-json\/wp\/v2\/pages\/2353\/revisions\/6834"}],"wp:attachment":[{"href":"https:\/\/gis.si\/en\/wp-json\/wp\/v2\/media?parent=2353"}],"curies":[{"name":"wp","href":"https:\/\/api.w.org\/{rel}","templated":true}]}}