{"id":2355,"date":"2019-02-28T13:21:13","date_gmt":"2019-02-28T12:21:13","guid":{"rendered":"http:\/\/www.gis.si\/?page_id=2355"},"modified":"2025-05-30T08:20:32","modified_gmt":"2025-05-30T06:20:32","slug":"research-projects","status":"publish","type":"page","link":"https:\/\/gis.si\/en\/research-projects\/","title":{"rendered":"Research projects"},"content":{"rendered":"<div class=\"wpb-content-wrapper\">[vc_row][vc_column][vc_column_text css=&#8221;&#8221;]<div class=\"su-list\" style=\"margin-left:0px\">\n<ul>\n<li><i class=\"sui sui-check-square-o\" style=\"color:#0066b3\"><\/i> <a href=\"http:\/\/prist.uirs.si\/en-us\/\">Suitability and potential of land for public housing<\/a> (2024-2025)<\/li>\n<li><i class=\"sui sui-check-square-o\" style=\"color:#0066b3\"><\/i> <a href=\"https:\/\/gis.si\/en\/v2-24072\/\">Development of an unified spatial physical change detection system with artificial intelligence<\/a> (2024-2025)<\/li>\n<li><i class=\"sui sui-check-square-o\" style=\"color:#0066b3\"><\/i> <a href=\"https:\/\/gemma.feri.um.si\/projects\/slovene-national-research-projects\/v2-2390\/\">Development of methods and tools for geographical analysis and GIS modelling using modern technologies to support spatial planning and spatial development planning and monitoring<\/a> (2023-2025)<\/li>\n<li><i class=\"sui sui-check-square-o\" style=\"color:#0066b3\"><\/i> <a href=\"https:\/\/gis.si\/en\/l2-50090-geodetska-znamenja-kot-materialni-pricevalci-razvoja-geodetskih-mrez-na-slovenskem\/\">Geodetic marks as material witnesses of geodetic networks development in Slovenia<\/a> (2023-2026)<\/li>\n<li><i class=\"sui sui-check-square-o\" style=\"color:#0066b3\"><\/i> <a href=\"https:\/\/gemma.feri.um.si\/sampa\/index_eng.html\">SAMPA \u2013 Spatiotemporal Algorithms for Microclimatic Parameters Assessment<\/a> (2023-2026)<\/li>\n<li><i class=\"sui sui-check-square-o\" style=\"color:#0066b3\"><\/i> <a href=\"https:\/\/izrkp.zrc-sazu.si\/en\/programi-in-projekti\/understanding-cryoturbation-using-karst-caves-to-improve-predictions-of-soil-0\">Understanding cryoturbation \u2013 using karst caves to improve predictions of soil carbon fate upon thawing permafrost (CryoKarst)<\/a> (2022-2025)<\/li>\n<li><i class=\"sui sui-check-square-o\" style=\"color:#0066b3\"><\/i> <a href=\"https:\/\/gis.si\/en\/v2-2293\/\">Development of a process model to support the updating of national topographic databases with volunteered geographic information<\/a> (2022\u20132024)<\/li>\n<li><i class=\"sui sui-check-square-o\" style=\"color:#0066b3\"><\/i> <a href=\"https:\/\/www.en.fgg.uni-lj.si\/j2-2489-slokin-geokinematic-model-of-slovenian-territory\/\">Geokinematic model of Slovenian Territory<\/a> (2020\u20132023)<\/li>\n<li><i class=\"sui sui-check-square-o\" style=\"color:#0066b3\"><\/i> <a href=\"https:\/\/www.en.fgg.uni-lj.si\/v2-1944-development-of-methodology-and-system-for-verification-of-gnss-permanent-networks-and-stations\/\">Development of methodology and system for verification of GNSS permanent networks and stations<\/a>\u00a0(2019-2021)<\/li>\n<li><i class=\"sui sui-check-square-o\" style=\"color:#0066b3\"><\/i> <a href=\"http:\/\/mfoo.uirs.si\/en-us\/\">Mobility of persons with disabilities in the premises of judicial authorities<\/a> (2019-2021)<\/li>\n<li><i class=\"sui sui-check-square-o\" style=\"color:#0066b3\"><\/i> <a href=\"http:\/\/www.gis.si\/en\/research-projects\/sl-predstavitev-projektov-v2-1924\/\">Permanent geodetic marks as a basis for the high-quality performance of the geodetic profession<\/a> (2019-2021)<\/li>\n<li><i class=\"sui sui-check-square-o\" style=\"color:#0066b3\"><\/i> <a href=\"http:\/\/www.gis.si\/en\/sl-predstavitev-projektov-l2-1826\/\">Lidar-facilitated volunteered geographic information for topographic change detection<\/a> (2019-2022)<\/li>\n<li><i class=\"sui sui-check-square-o\" style=\"color:#0066b3\"><\/i> \n<p class=\"title\"><a href=\"http:\/\/www.gis.si\/en\/predstavitev-projektov\/v2-1729\/\">The increase of reliability of public GNSS network SIGNAL and combined zero order geodetic network<\/a> (2018-2019)<\/p>\n<\/li>\n<li><i class=\"sui sui-check-square-o\" style=\"color:#0066b3\"><\/i> <a href=\"https:\/\/gemma.feri.um.si\/place\/\">Predictive analytics based on Location-Associated Context Enrichment<\/a> (2017-2020)<\/li>\n<li><i class=\"sui sui-check-square-o\" style=\"color:#0066b3\"><\/i> \n<p class=\"title\"><a href=\"http:\/\/www.gis.si\/en\/predstavitev-projektov\/v2-1620\/\">Automatic procedures for the identification of changes in the actual use of agricultural land<\/a> (CRP, 2016-2018)<\/p>\n<\/li>\n<li><i class=\"sui sui-check-square-o\" style=\"color:#0066b3\"><\/i> <a href=\"http:\/\/www.sicris.si\/search\/prj.aspx?lang=eng&amp;id=9896&amp;opt=1\">Comprehensive methodology for inventory and analysis of derelict land, implementation of the pilot census and establishment of the up-to-date register <\/a>(CRP, 2015-2017)<\/li>\n<li><i class=\"sui sui-check-square-o\" style=\"color:#0066b3\"><\/i> <a href=\"http:\/\/www.gis.si\/gis_si\/predstavitev-projektov\/i0-0041-0246\">Upravljanje ter vzdr\u017eevanje merskega skenerja DSW600 za aerofotografije velikega formata<\/a>\u00a0(IO, 2015-2020)<\/li>\n<li><i class=\"sui sui-check-square-o\" style=\"color:#0066b3\"><\/i> <a href=\"http:\/\/www.sicris.si\/search\/prj.aspx?lang=slv&amp;id=8643\">Morfolo\u0161ki operatorji za razpoznavo vzorcev v velikih oblakih to\u010dk<\/a>\u00a0(TRP, 2013-2016)<\/li>\n<li><i class=\"sui sui-check-square-o\" style=\"color:#0066b3\"><\/i> <a href=\"http:\/\/sicris.izum.si\/search\/prj.aspx?lang=slv&amp;id=6673\">Dolo\u010ditev in ocena vplivov izrednih Son\u010devih aktivnosti na satelitsko dolo\u010danje lokacije<\/a>\u00a0(TRP, 2010-2013)<\/li>\n<li><i class=\"sui sui-check-square-o\" style=\"color:#0066b3\"><\/i> <a href=\"http:\/\/sicris.izum.si\/search\/prj.aspx?lang=slv&amp;id=7133\">Mo\u017enosti skupne uporabe lidarja in arhivskih nemerskih posnetkov<\/a>\u00a0(PRP, 2011-2013)<\/li>\n<li><i class=\"sui sui-check-square-o\" style=\"color:#0066b3\"><\/i> <a href=\"http:\/\/sicris.izum.si\/search\/prj.aspx?lang=slv&amp;id=6801\">Kombinirani visokolo\u010dljivostni postopki zajemanja, razpoznavanja in vzdr\u017eevanja prostorskih podatkov<\/a>\u00a0(CRP, 2010-2012)<\/li>\n<li><i class=\"sui sui-check-square-o\" style=\"color:#0066b3\"><\/i> <a href=\"http:\/\/sicris.izum.si\/search\/prj.aspx?lang=slv&amp;id=6802\">Zasnova temeljne ve\u010dnamenske dr\u017eavne geoinformacijske infrastrukture<\/a>\u00a0(CRP, 2010-2012)<\/li>\n<li><i class=\"sui sui-check-square-o\" style=\"color:#0066b3\"><\/i> <a href=\"http:\/\/sicris.izum.si\/search\/prj.aspx?lang=slv&amp;id=5636\">Dolo\u010ditev magnetne deliknacije za obmo\u010dje Slovenije in primerjava z globalnimi modeli zemeljskega\u00a0<\/a><a href=\"http:\/\/sicris.izum.si\/search\/prj.aspx?lang=slv&amp;id=5636\">magnetnega polja<\/a>\u00a0(CRP, 2007-2009)<\/li>\n<li><i class=\"sui sui-check-square-o\" style=\"color:#0066b3\"><\/i> <a href=\"http:\/\/sicris.izum.si\/search\/prj.aspx?lang=slv&amp;id=6005\">Ve\u010dnamenskost registra nepremi\u010dnin v podporo pove\u010danja institucionalne u\u010dinkovitosti in\u00a0<\/a><a href=\"http:\/\/sicris.izum.si\/search\/prj.aspx?lang=slv&amp;id=6005\">izbolj\u0161anja kakovosti storitev<\/a> (CRP, 2008-2009)<\/li>\n<li><i class=\"sui sui-check-square-o\" style=\"color:#0066b3\"><\/i> <a href=\"http:\/\/sicris.izum.si\/search\/prj.aspx?lang=slv&amp;id=4349\">Triglavski ledenik kot pokazatelj podnebnih sprememb<\/a>\u00a0(ARP, 2005-2008)<\/li>\n<li><i class=\"sui sui-check-square-o\" style=\"color:#0066b3\"><\/i> <a href=\"http:\/\/sicris.izum.si\/search\/prj.aspx?lang=slv&amp;id=5176\">Za svobodo domovine: Fronta v Julijcih 1915-1917<\/a>\u00a0(RP, 2006-2008)<\/li>\n<li><i class=\"sui sui-check-square-o\" style=\"color:#0066b3\"><\/i> <a href=\"http:\/\/sicris.izum.si\/search\/prj.aspx?lang=slv&amp;id=4005\">Razvoj modelov prehoda v nov dr\u017eavni koordinatni sistem s sistemom opisa kakovosti prostorskih podatkov\u00a0<\/a>\u00a0(CRP, 2004-2005)<\/li>\n<li><i class=\"sui sui-check-square-o\" style=\"color:#0066b3\"><\/i> <a href=\"http:\/\/sicris.izum.si\/search\/prj.aspx?lang=slv&amp;id=4973\">Dolo\u010ditev primernih podatkovnih podlag in na\u010din njihove uporabe v razli\u010dnih procesih prostorskega\u00a0<\/a><a href=\"http:\/\/sicris.izum.si\/search\/prj.aspx?lang=slv&amp;id=4973\">planiranja ter oblikovanje predloga sistema k ratkoro\u010dnih \u0161tevil\u010dnih indikaterjev za spremljanje stanja<\/a>\u00a0<a href=\"http:\/\/sicris.izum.si\/search\/prj.aspx?lang=slv&amp;id=4973\">v prostoru in spreminjanja nepremi\u010dnin<\/a>\u00a0(CRP, 2004-2005)<\/li>\n<li><i class=\"sui sui-check-square-o\" style=\"color:#0066b3\"><\/i> <a href=\"http:\/\/sicris.izum.si\/search\/prj.aspx?lang=slv&amp;id=4806\">Novelacija in nadgradnja informacijskega sistema o zemeljskih plazovih in vklju\u010ditev v bazo GIS_UJME<\/a>\u00a0(CRP, 2004-2005)<\/li>\n<li><i class=\"sui sui-check-square-o\" style=\"color:#0066b3\"><\/i> <a href=\"http:\/\/sicris.izum.si\/search\/prj.aspx?lang=slv&amp;id=4949\">Razvoj karte &#8216;joint operations graphics&#8217;<\/a>\u00a0(RP, 2004-2005)<\/li>\n<li><i class=\"sui sui-check-square-o\" style=\"color:#0066b3\"><\/i> <a href=\"http:\/\/sicris.izum.si\/search\/prj.aspx?lang=slv&amp;id=4974\">Zasnova protokola prehoda nacionalne geoinformacijske infrastrukture v evropski koordinatni sistem <\/a>(CRP, 2016-2018)<\/li>\n<li><i class=\"sui sui-check-square-o\" style=\"color:#0066b3\"><\/i> <a href=\"http:\/\/sicris.izum.si\/search\/prj.aspx?lang=slv&amp;id=4971\">Zasnova topografsko-hidrografskega informacijskega sistema za spremljanje priobalnega pasu<\/a>\u00a0(CRP, 2004-2005)<\/li>\n<li><i class=\"sui sui-check-square-o\" style=\"color:#0066b3\"><\/i> <a href=\"http:\/\/sicris.izum.si\/search\/prj.aspx?lang=slv&amp;id=4803\">Analiza mo\u017enosti uporabe javnih podatkov o nepremi\u010dninah kot osnova za oblikovanje zemlji\u0161ke politike<\/a>\u00a0(CRP, 2003-2004)<\/li>\n<li><i class=\"sui sui-check-square-o\" style=\"color:#0066b3\"><\/i> <a href=\"http:\/\/sicris.izum.si\/search\/prj.aspx?lang=slv&amp;id=4804\">Analiza mo\u017enosti uporabe podatkov o gospodarski javni infrastrukturi pri prostorskem na\u010drtovanju<\/a>\u00a0(CRP, 2003-2004)<\/li>\n<li><i class=\"sui sui-check-square-o\" style=\"color:#0066b3\"><\/i> <a href=\"http:\/\/sicris.izum.si\/search\/prj.aspx?lang=slv&amp;id=4589\">Postopki izbolj\u0161ave podatkov zemlji\u0161kega katastra<\/a>\u00a0(CRP, 2002-2004)<\/li>\n<li><i class=\"sui sui-check-square-o\" style=\"color:#0066b3\"><\/i> <a href=\"http:\/\/sicris.izum.si\/search\/prj.aspx?lang=slv&amp;id=4588\">Tridimenzionalne upodobitve topografskih podatkov kot osnova za potrebe prostorskega planiranja<\/a>\u00a0(CRP, 2002-2004)<\/li>\n<li><i class=\"sui sui-check-square-o\" style=\"color:#0066b3\"><\/i> <a href=\"http:\/\/sicris.izum.si\/search\/prj.aspx?lang=slv&amp;id=2963\">Zasnova vzpostavitve novega dr\u017eavnega koordinatnega sistema Slovenije<\/a>\u00a0(ARP, 2001-2004)<\/li>\n<li><i class=\"sui sui-check-square-o\" style=\"color:#0066b3\"><\/i> <a href=\"http:\/\/sicris.izum.si\/search\/prj.aspx?lang=slv&amp;id=4590\">Razvoj sistema kontrole dr\u017eavnih prostorskih podatkov<\/a>\u00a0(CRP, 2002-2013)<\/li>\n<li><i class=\"sui sui-check-square-o\" style=\"color:#0066b3\"><\/i> <a href=\"http:\/\/sicris.izum.si\/search\/prj.aspx?lang=slv&amp;id=307\">Metodologija primarne fotogrametri\u010dne baze zgrajenih objektov<\/a>\u00a0(ARP, 1998-2001)<\/li>\n<li><i class=\"sui sui-check-square-o\" style=\"color:#0066b3\"><\/i> <a href=\"http:\/\/sicris.izum.si\/search\/prj.aspx?lang=slv&amp;id=50\">Pregledne karte Republike Slovenije: sistem tematskih prikazov voja\u0161ke vsebine preglednih kart<\/a>\u00a0(ARP, 1996-1998)<\/li>\n<li><i class=\"sui sui-check-square-o\" style=\"color:#0066b3\"><\/i> <a href=\"http:\/\/www.gis.si\/gis_si_new\/novice\/reference\/page16.html\">Pove\u010danje zanesljivosti javnih omre\u017eij GNSS SIGNAL in 0. red<\/a>\u00a0(CRP, 2018-2019)<\/li>\n<\/ul>\n<\/div>[\/vc_column_text][\/vc_column][\/vc_row]\n<\/div>","protected":false},"excerpt":{"rendered":"<p>[vc_row][vc_column][vc_column_text css=&#8221;&#8221;][\/vc_column_text][\/vc_column][\/vc_row]<\/p>\n","protected":false},"author":1,"featured_media":0,"parent":0,"menu_order":0,"comment_status":"closed","ping_status":"closed","template":"tpl\/page_fullwidth.php","meta":{"footnotes":""},"class_list":["post-2355","page","type-page","status-publish","hentry"],"yoast_head":"<!-- This site is optimized with the Yoast SEO Premium plugin v22.6 (Yoast SEO v26.9) - https:\/\/yoast.com\/product\/yoast-seo-premium-wordpress\/ -->\n<title>Research projects - GIS<\/title>\n<meta name=\"robots\" content=\"index, follow, max-snippet:-1, max-image-preview:large, max-video-preview:-1\" \/>\n<link rel=\"canonical\" href=\"https:\/\/gis.si\/en\/research-projects\/\" \/>\n<meta property=\"og:locale\" content=\"en_US\" \/>\n<meta property=\"og:type\" content=\"article\" \/>\n<meta property=\"og:title\" content=\"Research projects\" \/>\n<meta property=\"og:description\" content=\"[vc_row][vc_column][vc_column_text css=&#8221;&#8221;][\/vc_column_text][\/vc_column][\/vc_row]\" \/>\n<meta property=\"og:url\" content=\"https:\/\/gis.si\/en\/research-projects\/\" \/>\n<meta property=\"og:site_name\" content=\"GIS\" \/>\n<meta property=\"article:modified_time\" content=\"2025-05-30T06:20:32+00:00\" \/>\n<meta name=\"twitter:card\" content=\"summary_large_image\" \/>\n<meta name=\"twitter:label1\" content=\"Est. reading time\" \/>\n\t<meta name=\"twitter:data1\" content=\"3 minutes\" \/>\n<script type=\"application\/ld+json\" class=\"yoast-schema-graph\">{\"@context\":\"https:\/\/schema.org\",\"@graph\":[{\"@type\":\"WebPage\",\"@id\":\"https:\/\/gis.si\/en\/research-projects\/\",\"url\":\"https:\/\/gis.si\/en\/research-projects\/\",\"name\":\"Research projects - GIS\",\"isPartOf\":{\"@id\":\"https:\/\/gis.si\/#website\"},\"datePublished\":\"2019-02-28T12:21:13+00:00\",\"dateModified\":\"2025-05-30T06:20:32+00:00\",\"breadcrumb\":{\"@id\":\"https:\/\/gis.si\/en\/research-projects\/#breadcrumb\"},\"inLanguage\":\"en-US\",\"potentialAction\":[{\"@type\":\"ReadAction\",\"target\":[\"https:\/\/gis.si\/en\/research-projects\/\"]}]},{\"@type\":\"BreadcrumbList\",\"@id\":\"https:\/\/gis.si\/en\/research-projects\/#breadcrumb\",\"itemListElement\":[{\"@type\":\"ListItem\",\"position\":1,\"name\":\"Home\",\"item\":\"https:\/\/gis.si\/en\/\"},{\"@type\":\"ListItem\",\"position\":2,\"name\":\"Research projects\"}]},{\"@type\":\"WebSite\",\"@id\":\"https:\/\/gis.si\/#website\",\"url\":\"https:\/\/gis.si\/\",\"name\":\"GIS\",\"description\":\"Geodetic Institute of Slovenia\",\"potentialAction\":[{\"@type\":\"SearchAction\",\"target\":{\"@type\":\"EntryPoint\",\"urlTemplate\":\"https:\/\/gis.si\/?s={search_term_string}\"},\"query-input\":{\"@type\":\"PropertyValueSpecification\",\"valueRequired\":true,\"valueName\":\"search_term_string\"}}],\"inLanguage\":\"en-US\"}]}<\/script>\n<!-- \/ Yoast SEO Premium plugin. -->","yoast_head_json":{"title":"Research projects - GIS","robots":{"index":"index","follow":"follow","max-snippet":"max-snippet:-1","max-image-preview":"max-image-preview:large","max-video-preview":"max-video-preview:-1"},"canonical":"https:\/\/gis.si\/en\/research-projects\/","og_locale":"en_US","og_type":"article","og_title":"Research projects","og_description":"[vc_row][vc_column][vc_column_text css=&#8221;&#8221;][\/vc_column_text][\/vc_column][\/vc_row]","og_url":"https:\/\/gis.si\/en\/research-projects\/","og_site_name":"GIS","article_modified_time":"2025-05-30T06:20:32+00:00","twitter_card":"summary_large_image","twitter_misc":{"Est. reading time":"3 minutes"},"schema":{"@context":"https:\/\/schema.org","@graph":[{"@type":"WebPage","@id":"https:\/\/gis.si\/en\/research-projects\/","url":"https:\/\/gis.si\/en\/research-projects\/","name":"Research projects - GIS","isPartOf":{"@id":"https:\/\/gis.si\/#website"},"datePublished":"2019-02-28T12:21:13+00:00","dateModified":"2025-05-30T06:20:32+00:00","breadcrumb":{"@id":"https:\/\/gis.si\/en\/research-projects\/#breadcrumb"},"inLanguage":"en-US","potentialAction":[{"@type":"ReadAction","target":["https:\/\/gis.si\/en\/research-projects\/"]}]},{"@type":"BreadcrumbList","@id":"https:\/\/gis.si\/en\/research-projects\/#breadcrumb","itemListElement":[{"@type":"ListItem","position":1,"name":"Home","item":"https:\/\/gis.si\/en\/"},{"@type":"ListItem","position":2,"name":"Research projects"}]},{"@type":"WebSite","@id":"https:\/\/gis.si\/#website","url":"https:\/\/gis.si\/","name":"GIS","description":"Geodetic Institute of Slovenia","potentialAction":[{"@type":"SearchAction","target":{"@type":"EntryPoint","urlTemplate":"https:\/\/gis.si\/?s={search_term_string}"},"query-input":{"@type":"PropertyValueSpecification","valueRequired":true,"valueName":"search_term_string"}}],"inLanguage":"en-US"}]}},"_links":{"self":[{"href":"https:\/\/gis.si\/en\/wp-json\/wp\/v2\/pages\/2355","targetHints":{"allow":["GET"]}}],"collection":[{"href":"https:\/\/gis.si\/en\/wp-json\/wp\/v2\/pages"}],"about":[{"href":"https:\/\/gis.si\/en\/wp-json\/wp\/v2\/types\/page"}],"author":[{"embeddable":true,"href":"https:\/\/gis.si\/en\/wp-json\/wp\/v2\/users\/1"}],"replies":[{"embeddable":true,"href":"https:\/\/gis.si\/en\/wp-json\/wp\/v2\/comments?post=2355"}],"version-history":[{"count":23,"href":"https:\/\/gis.si\/en\/wp-json\/wp\/v2\/pages\/2355\/revisions"}],"predecessor-version":[{"id":7193,"href":"https:\/\/gis.si\/en\/wp-json\/wp\/v2\/pages\/2355\/revisions\/7193"}],"wp:attachment":[{"href":"https:\/\/gis.si\/en\/wp-json\/wp\/v2\/media?parent=2355"}],"curies":[{"name":"wp","href":"https:\/\/api.w.org\/{rel}","templated":true}]}}