{"id":2356,"date":"2019-02-28T13:21:29","date_gmt":"2019-02-28T12:21:29","guid":{"rendered":"http:\/\/www.gis.si\/?page_id=2356"},"modified":"2019-02-28T13:21:29","modified_gmt":"2019-02-28T12:21:29","slug":"representative-projects","status":"publish","type":"page","link":"https:\/\/gis.si\/en\/representative-projects\/","title":{"rendered":"Representative projects"},"content":{"rendered":"<div class=\"wpb-content-wrapper\">[vc_row][vc_column][vc_column_text]\n<h3>2015<\/h3>\n<div class=\"su-list\" style=\"margin-left:0px\">\n<ul>\n<li><i class=\"sui sui-check-square-o\" style=\"color:#0066b3\"><\/i> Education on the cloud 2015 : state of the art case studies. [Brussels: European Commission, Lifelong Learning Programme]\nTriglavski ledenik 2015<\/li>\n<li><i class=\"sui sui-check-square-o\" style=\"color:#0066b3\"><\/i> Upravljanje ter vzdr\u017eevanje merskega skenerja DSW600 za aerofotografije velikega formata<\/li>\n<\/ul>\n<\/div>[\/vc_column_text][\/vc_column][\/vc_row][vc_row][vc_column][vc_column_text]\n<h3>2014<\/h3>\n<div class=\"su-list\" style=\"margin-left:0px\">\n<ul>\n<li><i class=\"sui sui-check-square-o\" style=\"color:#0066b3\"><\/i> Analiza primernosti uporabe satelitskih posnetkov za stereozajem in izdelavo ortofota DOF025, DOF050 in DOF050IR<\/li>\n<li><i class=\"sui sui-check-square-o\" style=\"color:#0066b3\"><\/i> Harmonizacija Odprtih podatkov v MEditeRanu&#8221; &#8211; HOMER : akcijski na\u010drt odpiranja podatkov javnega sektorja v Sloveniji<\/li>\n<li><i class=\"sui sui-check-square-o\" style=\"color:#0066b3\"><\/i> Izra\u010dun gostote med LAS_1 in LAS_2 za o\u017eje obmo\u010dje ledenikov na Triglavu in Skuti : \u010dezmejni projekt Slovenija-Avstrija : naravne nesre\u010de brez meja (NH-WF)<\/li>\n<li><i class=\"sui sui-check-square-o\" style=\"color:#0066b3\"><\/i> Kontrola, izbolj\u0161ava in verifikacija modela trikotni\u0161ke transformacije za potrebe prehoda sloja ZK in drugih prostorskih podatkovnih zbirk iz D48\/GK v D96\/TM na pilotnem obmo\u010dju IOGU Ljubljana<\/li>\n<li><i class=\"sui sui-check-square-o\" style=\"color:#0066b3\"><\/i> Informacijska prenova nepremi\u010dninskih evidenc 1 in 2 : stavbe : avtomatska klasifikacija<\/li>\n<li><i class=\"sui sui-check-square-o\" style=\"color:#0066b3\"><\/i> Poro\u010dilo o dosedanjih analizah laserskega skeniranja pri dolo\u010danju vi\u0161ine sne\u017ene oddeje ter nadzor gostote in to\u010dnosti ALS na projektu NHWF<\/li>\n<li><i class=\"sui sui-check-square-o\" style=\"color:#0066b3\"><\/i> Preu\u010devanje erozijskih \u017eari\u0161\u010d in premikov kameninskega gradiva v Karavankah s pomo\u010djo 3D fotogrametri\u010dnega zajema: \u010dezmejni projekt Slovenija-Avstrija: naravne nesre\u010de brez meja (NH-WF)<\/li>\n<li><i class=\"sui sui-check-square-o\" style=\"color:#0066b3\"><\/i> STAGE &#8211; STAtistika in GEografija : razvoj spletne interaktivne aplikacije za prikazovanje in posredovanje geostatisti\u010dnih podatkov<\/li>\n<li><i class=\"sui sui-check-square-o\" style=\"color:#0066b3\"><\/i> Tehni\u010dna pomo\u010d in svetovanje na podro\u010dju hidrografske dejavnosti<\/li>\n<li><i class=\"sui sui-check-square-o\" style=\"color:#0066b3\"><\/i> Testni zajem urbane rabe<\/li>\n<li><i class=\"sui sui-check-square-o\" style=\"color:#0066b3\"><\/i> Vzdr\u017eevanje hidrografskih baz in kart ter distribucija uporabnikom<\/li>\n<li><i class=\"sui sui-check-square-o\" style=\"color:#0066b3\"><\/i> Zaklju\u010dno poro\u010dilo o kontrolnih meritvah na Triglavskem ledeniku in Ledeniku pod Skuto 2012-2014: \u010dezmejni projekt Slovenija-Avstrija: naravne nesre\u010de brez meja (NH-WF)<\/li>\n<\/ul>\n<\/div>[\/vc_column_text][\/vc_column][\/vc_row][vc_row][vc_column][vc_column_text]\n<h3>2013<\/h3>\n<div class=\"su-list\" style=\"margin-left:0px\">\n<ul>\n<li><i class=\"sui sui-check-square-o\" style=\"color:#0066b3\"><\/i> Izdelava 3D digitalnih topografskih kart (DTK5) za liste B2206, B2207, B2216, B2217, B2218<\/li>\n<li><i class=\"sui sui-check-square-o\" style=\"color:#0066b3\"><\/i> Izdelava delne reambulacije 26 listov DTK5 z vnosom novih podatkov cest in stavb za potrebe portala URBINFO<\/li>\n<li><i class=\"sui sui-check-square-o\" style=\"color:#0066b3\"><\/i> Izdelava ENC Piranski zaliv<\/li>\n<li><i class=\"sui sui-check-square-o\" style=\"color:#0066b3\"><\/i> Kontrolne meritve na Triglavskem ledeniku in Ledeniku pod Skuto v jeseni 2013<\/li>\n<li><i class=\"sui sui-check-square-o\" style=\"color:#0066b3\"><\/i> Postavitev in uporaba stereofotogrametri\u010dnega sistema za izvedbo fotogrametri\u010dnih meritev dimenzij goveda na pa\u0161i<\/li>\n<li><i class=\"sui sui-check-square-o\" style=\"color:#0066b3\"><\/i> Tehni\u010dna pomo\u010d in svetovanje na podro\u010dju hidrografske dejavnosti<\/li>\n<li><i class=\"sui sui-check-square-o\" style=\"color:#0066b3\"><\/i> Terenski pregledovalnik vrednosti in transakcij nepremi\u010dnin &#8211; NVALUTA<\/li>\n<li><i class=\"sui sui-check-square-o\" style=\"color:#0066b3\"><\/i> Vzdr\u017eevanje hidrografskih baz in kart ter distribucija uporabnikom<\/li>\n<li><i class=\"sui sui-check-square-o\" style=\"color:#0066b3\"><\/i> Zasnova temeljne ve\u010dnamenske dr\u017eavne geoinfrmacijske infrastrukture<\/li>\n<\/ul>\n<\/div>[\/vc_column_text][\/vc_column][\/vc_row][vc_row][vc_column][vc_column_text]\n<h3>2012<\/h3>\n<div class=\"su-list\" style=\"margin-left:0px\">\n<ul>\n<li><i class=\"sui sui-check-square-o\" style=\"color:#0066b3\"><\/i> Izdelava druge izdaje karte Piranski zaliv 02<\/li>\n<li><i class=\"sui sui-check-square-o\" style=\"color:#0066b3\"><\/i> Izdelava navodil in vzor\u010dnega elaborata za izdelavo zemlji\u0161kokatastrskega na\u010drta brez ureditve meja<\/li>\n<li><i class=\"sui sui-check-square-o\" style=\"color:#0066b3\"><\/i> Izdelava Portala za oblikovanje in rast eko turisti\u010dnih storitev v okviru projekta CENTRALAB s pripadajo\u010do dokumentacijo<\/li>\n<li><i class=\"sui sui-check-square-o\" style=\"color:#0066b3\"><\/i> Izdelava taktilnih kart za slepe in slabovidne osebe v mestu Maribor<\/li>\n<li><i class=\"sui sui-check-square-o\" style=\"color:#0066b3\"><\/i> Operativno delovanje Slu\u017ebe za GPS 2012<\/li>\n<li><i class=\"sui sui-check-square-o\" style=\"color:#0066b3\"><\/i> Projekt vzpostavitve vodnih zemlji\u0161\u010d (analiza zemlji\u0161ko-knji\u017enega prikaza obstoje\u010dih parcel in zajem dejanske rabe)<\/li>\n<li><i class=\"sui sui-check-square-o\" style=\"color:#0066b3\"><\/i> Strokovno tehni\u010dne naloge na podro\u010dju mno\u017ei\u010dnega vrednotenja nepremi\u010dnin<\/li>\n<li><i class=\"sui sui-check-square-o\" style=\"color:#0066b3\"><\/i> \u0160entrupert &#8211; va\u0161ko jedro : strokovne podlage za prostorsko na\u010drtovanje va\u0161kega jedra \u0160entrupert<\/li>\n<li><i class=\"sui sui-check-square-o\" style=\"color:#0066b3\"><\/i> Tehni\u010dna pomo\u010d in svetovanje na podro\u010dju hidrografske dejavnosti<\/li>\n<li><i class=\"sui sui-check-square-o\" style=\"color:#0066b3\"><\/i> Vzdr\u017eevanje hidrografskih baz in kart ter distribucija uporabnikom<\/li>\n<li><i class=\"sui sui-check-square-o\" style=\"color:#0066b3\"><\/i> Zajem dejanske rabe &#8211; vodno zemlji\u0161\u010de in hidrografije z uporabo podatkov Laserskega skeniranja in aerofotografiranja (LSA 2011) na izbranih obmo\u010djih<\/li>\n<\/ul>\n<\/div>[\/vc_column_text][\/vc_column][\/vc_row][vc_row][vc_column][vc_column_text]\n<h3>2010<\/h3>\n<div class=\"su-list\" style=\"margin-left:0px\">\n<ul>\n<li><i class=\"sui sui-check-square-o\" style=\"color:#0066b3\"><\/i> Bohinj, Julijske Alpe: Triglav, Krn, \u010crna prst, planinska karta<\/li>\n<li><i class=\"sui sui-check-square-o\" style=\"color:#0066b3\"><\/i> Izdelava 10 listov mestnih kart Afghanistan Image Map (AIM)<\/li>\n<li><i class=\"sui sui-check-square-o\" style=\"color:#0066b3\"><\/i> Izra\u010dun dokon\u010dnega modela geomagnetne deklinacije za Slovenijo<\/li>\n<li><i class=\"sui sui-check-square-o\" style=\"color:#0066b3\"><\/i> Kartografska aplikacija s funkcijami digitalne geoknji\u017enice<\/li>\n<li><i class=\"sui sui-check-square-o\" style=\"color:#0066b3\"><\/i> Oblikovanje izhodi\u0161\u010d za INSPIRE terminolo\u0161ki tezaver<\/li>\n<li><i class=\"sui sui-check-square-o\" style=\"color:#0066b3\"><\/i> Operativno delovanje Slu\u017ebe za GPS 2010<\/li>\n<li><i class=\"sui sui-check-square-o\" style=\"color:#0066b3\"><\/i> Razvoj strokovnih podlag na podro\u010dju prostorske obravnave izobra\u017eevalnega sistema: zasnova spletnega metapodatkovnega pregledovalnika in urejevalnika geolociranih baz podatkov M\u0160\u0160<\/li>\n<li><i class=\"sui sui-check-square-o\" style=\"color:#0066b3\"><\/i> Strokovne podlage za pove\u010danje mobilnosti gibalno in vizualno depriviranih u\u010dencev ter dijakov<\/li>\n<\/ul>\n<\/div>[\/vc_column_text][\/vc_column][\/vc_row][vc_row][vc_column][vc_column_text]\n<h3>2009<\/h3>\n<div class=\"su-list\" style=\"margin-left:0px\">\n<ul>\n<li><i class=\"sui sui-check-square-o\" style=\"color:#0066b3\"><\/i> Dopolnitev obstoje\u010dega aerosnemanja z novimi satelitskimi podatki na obmo\u010dju novogradenj v MOL<\/li>\n<li><i class=\"sui sui-check-square-o\" style=\"color:#0066b3\"><\/i> Kartiranje prometnih nesre\u010d s fotogrametri\u010dno metodo<\/li>\n<li><i class=\"sui sui-check-square-o\" style=\"color:#0066b3\"><\/i> Obnova evidence dejanske rabe kmetijskih in gozdnih zemlji\u0161\u010d<\/li>\n<li><i class=\"sui sui-check-square-o\" style=\"color:#0066b3\"><\/i> Razvoj DGS 2009: prehod na nov koordinatni sistem<\/li>\n<li><i class=\"sui sui-check-square-o\" style=\"color:#0066b3\"><\/i> Transformacija DMR in ortofotov<\/li>\n<\/ul>\n<\/div>[\/vc_column_text][\/vc_column][\/vc_row][vc_row][vc_column][vc_column_text]\n<h3>2008<\/h3>\n<div class=\"su-list\" style=\"margin-left:0px\">\n<ul>\n<li><i class=\"sui sui-check-square-o\" style=\"color:#0066b3\"><\/i> Julijske Alpe, Vzhodni in zahodni del: Triglavski narodni park, 1:50 000<\/li>\n<li><i class=\"sui sui-check-square-o\" style=\"color:#0066b3\"><\/i> Popis objektov za navigacijo (List of Lights)<\/li>\n<\/ul>\n<\/div>[\/vc_column_text][\/vc_column][\/vc_row][vc_row][vc_column][vc_column_text]\n<h3>2007<\/h3>\n<div class=\"su-list\" style=\"margin-left:0px\">\n<ul>\n<li><i class=\"sui sui-check-square-o\" style=\"color:#0066b3\"><\/i> Izdelava ENC (Electronic Navigational Chart)<\/li>\n<li><i class=\"sui sui-check-square-o\" style=\"color:#0066b3\"><\/i> Nadgraditev GIS aplikacije Kartografske zbirke NUK<\/li>\n<li><i class=\"sui sui-check-square-o\" style=\"color:#0066b3\"><\/i> Opredelitev postopkov pretvorbe podatkov Geodetske uprave Republike Slovenije v novi dr\u017eavni koordinatni sistem<\/li>\n<li><i class=\"sui sui-check-square-o\" style=\"color:#0066b3\"><\/i> Slovenija: \u0161olski zemljevid 1:500.000<\/li>\n<\/ul>\n<\/div>[\/vc_column_text][\/vc_column][\/vc_row]\n<\/div>","protected":false},"excerpt":{"rendered":"<p>[vc_row][vc_column][vc_column_text] 2015 [\/vc_column_text][\/vc_column][\/vc_row][vc_row][vc_column][vc_column_text] 2014 [\/vc_column_text][\/vc_column][\/vc_row][vc_row][vc_column][vc_column_text] 2013 [\/vc_column_text][\/vc_column][\/vc_row][vc_row][vc_column][vc_column_text] 2012 [\/vc_column_text][\/vc_column][\/vc_row][vc_row][vc_column][vc_column_text] 2010 [\/vc_column_text][\/vc_column][\/vc_row][vc_row][vc_column][vc_column_text] 2009 [\/vc_column_text][\/vc_column][\/vc_row][vc_row][vc_column][vc_column_text] 2008 [\/vc_column_text][\/vc_column][\/vc_row][vc_row][vc_column][vc_column_text] 2007 [\/vc_column_text][\/vc_column][\/vc_row]<\/p>\n","protected":false},"author":1,"featured_media":0,"parent":0,"menu_order":0,"comment_status":"closed","ping_status":"closed","template":"tpl\/page_fullwidth.php","meta":{"footnotes":""},"class_list":["post-2356","page","type-page","status-publish","hentry"],"yoast_head":"<!-- This site is optimized with the Yoast SEO Premium plugin v22.6 (Yoast SEO v26.9) - https:\/\/yoast.com\/product\/yoast-seo-premium-wordpress\/ -->\n<title>Representative projects - GIS<\/title>\n<meta name=\"robots\" content=\"index, follow, max-snippet:-1, max-image-preview:large, max-video-preview:-1\" \/>\n<link rel=\"canonical\" href=\"https:\/\/gis.si\/en\/representative-projects\/\" \/>\n<meta property=\"og:locale\" content=\"en_US\" \/>\n<meta property=\"og:type\" content=\"article\" \/>\n<meta property=\"og:title\" content=\"Representative projects\" \/>\n<meta property=\"og:description\" content=\"[vc_row][vc_column][vc_column_text] 2015 [\/vc_column_text][\/vc_column][\/vc_row][vc_row][vc_column][vc_column_text] 2014 [\/vc_column_text][\/vc_column][\/vc_row][vc_row][vc_column][vc_column_text] 2013 [\/vc_column_text][\/vc_column][\/vc_row][vc_row][vc_column][vc_column_text] 2012 [\/vc_column_text][\/vc_column][\/vc_row][vc_row][vc_column][vc_column_text] 2010 [\/vc_column_text][\/vc_column][\/vc_row][vc_row][vc_column][vc_column_text] 2009 [\/vc_column_text][\/vc_column][\/vc_row][vc_row][vc_column][vc_column_text] 2008 [\/vc_column_text][\/vc_column][\/vc_row][vc_row][vc_column][vc_column_text] 2007 [\/vc_column_text][\/vc_column][\/vc_row]\" \/>\n<meta property=\"og:url\" content=\"https:\/\/gis.si\/en\/representative-projects\/\" \/>\n<meta property=\"og:site_name\" content=\"GIS\" \/>\n<meta name=\"twitter:card\" content=\"summary_large_image\" \/>\n<meta name=\"twitter:label1\" content=\"Est. reading time\" \/>\n\t<meta name=\"twitter:data1\" content=\"4 minutes\" \/>\n<script type=\"application\/ld+json\" class=\"yoast-schema-graph\">{\"@context\":\"https:\/\/schema.org\",\"@graph\":[{\"@type\":\"WebPage\",\"@id\":\"https:\/\/gis.si\/en\/representative-projects\/\",\"url\":\"https:\/\/gis.si\/en\/representative-projects\/\",\"name\":\"Representative projects - GIS\",\"isPartOf\":{\"@id\":\"https:\/\/gis.si\/#website\"},\"datePublished\":\"2019-02-28T12:21:29+00:00\",\"breadcrumb\":{\"@id\":\"https:\/\/gis.si\/en\/representative-projects\/#breadcrumb\"},\"inLanguage\":\"en-US\",\"potentialAction\":[{\"@type\":\"ReadAction\",\"target\":[\"https:\/\/gis.si\/en\/representative-projects\/\"]}]},{\"@type\":\"BreadcrumbList\",\"@id\":\"https:\/\/gis.si\/en\/representative-projects\/#breadcrumb\",\"itemListElement\":[{\"@type\":\"ListItem\",\"position\":1,\"name\":\"Home\",\"item\":\"https:\/\/gis.si\/en\/\"},{\"@type\":\"ListItem\",\"position\":2,\"name\":\"Representative projects\"}]},{\"@type\":\"WebSite\",\"@id\":\"https:\/\/gis.si\/#website\",\"url\":\"https:\/\/gis.si\/\",\"name\":\"GIS\",\"description\":\"Geodetic Institute of Slovenia\",\"potentialAction\":[{\"@type\":\"SearchAction\",\"target\":{\"@type\":\"EntryPoint\",\"urlTemplate\":\"https:\/\/gis.si\/?s={search_term_string}\"},\"query-input\":{\"@type\":\"PropertyValueSpecification\",\"valueRequired\":true,\"valueName\":\"search_term_string\"}}],\"inLanguage\":\"en-US\"}]}<\/script>\n<!-- \/ Yoast SEO Premium plugin. -->","yoast_head_json":{"title":"Representative projects - GIS","robots":{"index":"index","follow":"follow","max-snippet":"max-snippet:-1","max-image-preview":"max-image-preview:large","max-video-preview":"max-video-preview:-1"},"canonical":"https:\/\/gis.si\/en\/representative-projects\/","og_locale":"en_US","og_type":"article","og_title":"Representative projects","og_description":"[vc_row][vc_column][vc_column_text] 2015 [\/vc_column_text][\/vc_column][\/vc_row][vc_row][vc_column][vc_column_text] 2014 [\/vc_column_text][\/vc_column][\/vc_row][vc_row][vc_column][vc_column_text] 2013 [\/vc_column_text][\/vc_column][\/vc_row][vc_row][vc_column][vc_column_text] 2012 [\/vc_column_text][\/vc_column][\/vc_row][vc_row][vc_column][vc_column_text] 2010 [\/vc_column_text][\/vc_column][\/vc_row][vc_row][vc_column][vc_column_text] 2009 [\/vc_column_text][\/vc_column][\/vc_row][vc_row][vc_column][vc_column_text] 2008 [\/vc_column_text][\/vc_column][\/vc_row][vc_row][vc_column][vc_column_text] 2007 [\/vc_column_text][\/vc_column][\/vc_row]","og_url":"https:\/\/gis.si\/en\/representative-projects\/","og_site_name":"GIS","twitter_card":"summary_large_image","twitter_misc":{"Est. reading time":"4 minutes"},"schema":{"@context":"https:\/\/schema.org","@graph":[{"@type":"WebPage","@id":"https:\/\/gis.si\/en\/representative-projects\/","url":"https:\/\/gis.si\/en\/representative-projects\/","name":"Representative projects - GIS","isPartOf":{"@id":"https:\/\/gis.si\/#website"},"datePublished":"2019-02-28T12:21:29+00:00","breadcrumb":{"@id":"https:\/\/gis.si\/en\/representative-projects\/#breadcrumb"},"inLanguage":"en-US","potentialAction":[{"@type":"ReadAction","target":["https:\/\/gis.si\/en\/representative-projects\/"]}]},{"@type":"BreadcrumbList","@id":"https:\/\/gis.si\/en\/representative-projects\/#breadcrumb","itemListElement":[{"@type":"ListItem","position":1,"name":"Home","item":"https:\/\/gis.si\/en\/"},{"@type":"ListItem","position":2,"name":"Representative projects"}]},{"@type":"WebSite","@id":"https:\/\/gis.si\/#website","url":"https:\/\/gis.si\/","name":"GIS","description":"Geodetic Institute of Slovenia","potentialAction":[{"@type":"SearchAction","target":{"@type":"EntryPoint","urlTemplate":"https:\/\/gis.si\/?s={search_term_string}"},"query-input":{"@type":"PropertyValueSpecification","valueRequired":true,"valueName":"search_term_string"}}],"inLanguage":"en-US"}]}},"_links":{"self":[{"href":"https:\/\/gis.si\/en\/wp-json\/wp\/v2\/pages\/2356","targetHints":{"allow":["GET"]}}],"collection":[{"href":"https:\/\/gis.si\/en\/wp-json\/wp\/v2\/pages"}],"about":[{"href":"https:\/\/gis.si\/en\/wp-json\/wp\/v2\/types\/page"}],"author":[{"embeddable":true,"href":"https:\/\/gis.si\/en\/wp-json\/wp\/v2\/users\/1"}],"replies":[{"embeddable":true,"href":"https:\/\/gis.si\/en\/wp-json\/wp\/v2\/comments?post=2356"}],"version-history":[{"count":2,"href":"https:\/\/gis.si\/en\/wp-json\/wp\/v2\/pages\/2356\/revisions"}],"predecessor-version":[{"id":2360,"href":"https:\/\/gis.si\/en\/wp-json\/wp\/v2\/pages\/2356\/revisions\/2360"}],"wp:attachment":[{"href":"https:\/\/gis.si\/en\/wp-json\/wp\/v2\/media?parent=2356"}],"curies":[{"name":"wp","href":"https:\/\/api.w.org\/{rel}","templated":true}]}}