{"id":2361,"date":"2019-02-28T13:23:09","date_gmt":"2019-02-28T12:23:09","guid":{"rendered":"http:\/\/www.gis.si\/?page_id=2361"},"modified":"2019-02-28T13:23:09","modified_gmt":"2019-02-28T12:23:09","slug":"scientific-publications","status":"publish","type":"page","link":"https:\/\/gis.si\/en\/scientific-publications\/","title":{"rendered":"Scientific publications"},"content":{"rendered":"<div class=\"wpb-content-wrapper\">[vc_row][vc_column][vc_column_text]\n<h3>2016<\/h3>\n<div class=\"su-list\" style=\"margin-left:0px\">\n<ul>\n<li><i class=\"sui sui-check-square-o\" style=\"color:#0066b3\"><\/i> Lasersko skeniranje Slovenije in akumulacijske reliefne oblike v slovenskem visokogorju<\/li>\n<li><i class=\"sui sui-check-square-o\" style=\"color:#0066b3\"><\/i> Monitoring glacier changes with the use of archive images : the example of the Julian Alps (NW Slovenia, NE Italy)<\/li>\n<\/ul>\n<\/div>[\/vc_column_text][\/vc_column][\/vc_row][vc_row][vc_column][vc_column_text]\n<h3>2015<\/h3>\n<div class=\"su-list\" style=\"margin-left:0px\">\n<ul>\n<li><i class=\"sui sui-check-square-o\" style=\"color:#0066b3\"><\/i> Aerofotografiranje in aerolasersko skeniranje Slovenije<\/li>\n<li><i class=\"sui sui-check-square-o\" style=\"color:#0066b3\"><\/i> Aktivnosti pri vzpostavitvi sodobnega geodetskega referen\u010dnega sistema v Sloveniji<\/li>\n<li><i class=\"sui sui-check-square-o\" style=\"color:#0066b3\"><\/i> Lahko slabi prostorski podatki &#8220;spremenijo tok vode&#8221;?<\/li>\n<li><i class=\"sui sui-check-square-o\" style=\"color:#0066b3\"><\/i> Measuring the potential of augmented reality in civil engineering<\/li>\n<li><i class=\"sui sui-check-square-o\" style=\"color:#0066b3\"><\/i> Napredne analize povr\u0161ja s podatki laserskega skeniranja Slovenije<\/li>\n<\/ul>\n<\/div>[\/vc_column_text][\/vc_column][\/vc_row][vc_row][vc_column][vc_column_text]\n<h3>2014<\/h3>\n<div class=\"su-list\" style=\"margin-left:0px\">\n<ul>\n<li><i class=\"sui sui-check-square-o\" style=\"color:#0066b3\"><\/i> A spatial evaluation of the impact of air pollution : a GIS-based approach<\/li>\n<li><i class=\"sui sui-check-square-o\" style=\"color:#0066b3\"><\/i> Component based engineering of a mobile BIM-based augmented reality system<\/li>\n<li><i class=\"sui sui-check-square-o\" style=\"color:#0066b3\"><\/i> How to decide which oblique image has the highest mapping potential for monoplotting method : a case studies on river erosion and floods<\/li>\n<li><i class=\"sui sui-check-square-o\" style=\"color:#0066b3\"><\/i> Kakovost dr\u017eavnega ortofota v razli\u010dnih letnikih njegove izdelave<\/li>\n<li><i class=\"sui sui-check-square-o\" style=\"color:#0066b3\"><\/i> Ocena upravi\u010denosti planinskih pa\u0161nikov do kmetijskih subvencij z metodo objektne klasifikacije<\/li>\n<li><i class=\"sui sui-check-square-o\" style=\"color:#0066b3\"><\/i> Povr\u0161ina Kaninskih in Triglavskega ledenika od leta 1893, dolo\u010dena na podlagi arhivskih posnetkov ter aerolaserskih podatkov<\/li>\n<li><i class=\"sui sui-check-square-o\" style=\"color:#0066b3\"><\/i> Present state of the cryosphere in the italian and slovenian southeastern Alps<\/li>\n<li><i class=\"sui sui-check-square-o\" style=\"color:#0066b3\"><\/i> Sodelovanje javnosti pri pridobivanju posnetkov za dolo\u010ditev obsega poplav v novembru 2012<\/li>\n<li><i class=\"sui sui-check-square-o\" style=\"color:#0066b3\"><\/i> Investigating the impact of spatial and spectral resolution of satellite images on segmentation quality<\/li>\n<li><i class=\"sui sui-check-square-o\" style=\"color:#0066b3\"><\/i> Triglavski ledenik<\/li>\n<\/ul>\n<\/div>[\/vc_column_text][\/vc_column][\/vc_row][vc_row][vc_column][vc_column_text]\n<h3>2013<\/h3>\n<div class=\"su-list\" style=\"margin-left:0px\">\n<ul>\n<li><i class=\"sui sui-check-square-o\" style=\"color:#0066b3\"><\/i> Analiza samodejne metode za generiranje digitalnih modelov reliefa iz podatkov lidar na obmo\u010dju Slovenije<\/li>\n<li><i class=\"sui sui-check-square-o\" style=\"color:#0066b3\"><\/i> Documentation of Triglav glacier, Slovenia, using non-metric panoramic images<\/li>\n<li><i class=\"sui sui-check-square-o\" style=\"color:#0066b3\"><\/i> Local to ETRS89 datum transformation for Slovenia : triangle-based transformation using virtual tie points<\/li>\n<li><i class=\"sui sui-check-square-o\" style=\"color:#0066b3\"><\/i> NVALUTA &#8211; mobilna aplikacija za dostop do informacij o trgu nepremi\u010dnin<\/li>\n<li><i class=\"sui sui-check-square-o\" style=\"color:#0066b3\"><\/i> Recent developments of spatial reference system in Slovenia<\/li>\n<li><i class=\"sui sui-check-square-o\" style=\"color:#0066b3\"><\/i> Spremljanje ionosferskih motenj nad Slovenijo s pomo\u010djo omre\u017eja stalnih GNSS-postaj SIGNAL<\/li>\n<li><i class=\"sui sui-check-square-o\" style=\"color:#0066b3\"><\/i> Triglavski ledenik med letoma 1999 in 2012<\/li>\n<li><i class=\"sui sui-check-square-o\" style=\"color:#0066b3\"><\/i> Using volunteered geographical information to map the November 2012 floods in Slovenia<\/li>\n<li><i class=\"sui sui-check-square-o\" style=\"color:#0066b3\"><\/i> Zagotavljanje kakovosti georeferenciranja podatkov aerolaserskega skeniranja za upravljanje voda<\/li>\n<\/ul>\n<\/div>[\/vc_column_text][\/vc_column][\/vc_row][vc_row][vc_column][vc_column_text]\n<h3>2012<\/h3>\n<div class=\"su-list\" style=\"margin-left:0px\">\n<ul>\n<li><i class=\"sui sui-check-square-o\" style=\"color:#0066b3\"><\/i> Analysis of electronic navigational charts in order to enhance the safety of navigation<\/li>\n<li><i class=\"sui sui-check-square-o\" style=\"color:#0066b3\"><\/i> Geodetske in fotogrametri\u010dne meritve Triglavskega ledenika<\/li>\n<li><i class=\"sui sui-check-square-o\" style=\"color:#0066b3\"><\/i> Idejni projekt za kombinirano geodetsko mre\u017eo ni\u010dtega reda<\/li>\n<li><i class=\"sui sui-check-square-o\" style=\"color:#0066b3\"><\/i> Merjenje malih alpskih ledenikov : primeri iz Slovenije in Avstrije<\/li>\n<li><i class=\"sui sui-check-square-o\" style=\"color:#0066b3\"><\/i> Model magnetne deklinacije za Slovenijo<\/li>\n<li><i class=\"sui sui-check-square-o\" style=\"color:#0066b3\"><\/i> Navigacija s satelitskim sprejemnikom GNSS in topografsko karto<\/li>\n<li><i class=\"sui sui-check-square-o\" style=\"color:#0066b3\"><\/i> Poplave septembra 2010 &#8211; obdelava nemerskih fotografij s fotogrametri\u010dnim DMR in lidarskimi podatki<\/li>\n<li><i class=\"sui sui-check-square-o\" style=\"color:#0066b3\"><\/i> Spremembe rabe tal z uporabo zgodovinskih kart v Kozjanskem parku<\/li>\n<li><i class=\"sui sui-check-square-o\" style=\"color:#0066b3\"><\/i> Uporaba laserskega skeniranja pri za\u0161\u010diti in re\u0161evanju ter voja\u0161kih aktivnostih<\/li>\n<li><i class=\"sui sui-check-square-o\" style=\"color:#0066b3\"><\/i> Uporabnost nemerskih fotografij za preu\u010devanje poplav &#8211; primer poplav na Dobrepolju septembra 2010<\/li>\n<li><i class=\"sui sui-check-square-o\" style=\"color:#0066b3\"><\/i> Ve\u010drazse\u017enostni prikazi naravne in kulturne dedi\u0161\u010dine v projektu DEDI<\/li>\n<\/ul>\n<\/div>[\/vc_column_text][\/vc_column][\/vc_row][vc_row][vc_column][vc_column_text]\n<h3>2011<\/h3>\n<div class=\"su-list\" style=\"margin-left:0px\">\n<ul>\n<li><i class=\"sui sui-check-square-o\" style=\"color:#0066b3\"><\/i> Acquisition of the 3D boundary of the Triglav glacier from archived non-metric panoramic images<\/li>\n<li><i class=\"sui sui-check-square-o\" style=\"color:#0066b3\"><\/i> Geospatialization and Socialization of Cartographic Heritage<\/li>\n<li><i class=\"sui sui-check-square-o\" style=\"color:#0066b3\"><\/i> Interactive e-maps as a support in education process at geography and history for elemetary and secondary schools<\/li>\n<li><i class=\"sui sui-check-square-o\" style=\"color:#0066b3\"><\/i> Status of the SIGNAL Positioning Service and Transformation between the Local and ETRS89 Coordinates in Slovenia<\/li>\n<li><i class=\"sui sui-check-square-o\" style=\"color:#0066b3\"><\/i> Sustainable cities &#8211; response to urban environmental problems<\/li>\n<li><i class=\"sui sui-check-square-o\" style=\"color:#0066b3\"><\/i> Vloga kakovostnega vi\u0161inskega sistema in geoida za izvedbo GNSS-vi\u0161inomerstva<\/li>\n<\/ul>\n<\/div>[\/vc_column_text][\/vc_column][\/vc_row][vc_row][vc_column][vc_column_text]\n<h3>2010<\/h3>\n<div class=\"su-list\" style=\"margin-left:0px\">\n<ul>\n<li><i class=\"sui sui-check-square-o\" style=\"color:#0066b3\"><\/i> Fotogrametri\u010dno kartiranje prometnih nezgod<\/li>\n<li><i class=\"sui sui-check-square-o\" style=\"color:#0066b3\"><\/i> Interaktivna e-gradiva v podpori u\u010denju zgodovine in geografije v osnovni in srednji \u0161oli<\/li>\n<li><i class=\"sui sui-check-square-o\" style=\"color:#0066b3\"><\/i> Primerjava metod kartiranja prometnih nezgod<\/li>\n<li><i class=\"sui sui-check-square-o\" style=\"color:#0066b3\"><\/i> Robustna dolo\u010ditev pribli\u017enih koordinat v horizontalni geodetski mre\u017ei<\/li>\n<li><i class=\"sui sui-check-square-o\" style=\"color:#0066b3\"><\/i> Slovenija v projektu EuroRegionalMap<\/li>\n<li><i class=\"sui sui-check-square-o\" style=\"color:#0066b3\"><\/i> Teoreti\u010dna gostota lidarskih to\u010dk za topografsko kartiranje v najve\u010djih merilih<\/li>\n<li><i class=\"sui sui-check-square-o\" style=\"color:#0066b3\"><\/i> Trikotni\u0161ko zasnovana transformacija med starim in novim dr\u017eavnim koordinatnim sistemom Slovenije<\/li>\n<li><i class=\"sui sui-check-square-o\" style=\"color:#0066b3\"><\/i> Zra\u010dno lasersko skeniranje in nepremi\u010dninske evidence<\/li>\n<\/ul>\n<\/div>[\/vc_column_text][\/vc_column][\/vc_row][vc_row][vc_column][vc_column_text]\n<h3>2009<\/h3>\n<div class=\"su-list\" style=\"margin-left:0px\">\n<ul>\n<li><i class=\"sui sui-check-square-o\" style=\"color:#0066b3\"><\/i> A simplified analytical model for a-priori lidar point positioning error estimation and a review of lidar error sources<\/li>\n<li><i class=\"sui sui-check-square-o\" style=\"color:#0066b3\"><\/i> Primerjava podatkov SRTM z DMV Slovenije<\/li>\n<li><i class=\"sui sui-check-square-o\" style=\"color:#0066b3\"><\/i> Visualization of the mountain battlefield on the So\u010da front line<\/li>\n<\/ul>\n<\/div>[\/vc_column_text][\/vc_column][\/vc_row][vc_row][vc_column][vc_column_text]\n<h3>2008<\/h3>\n<div class=\"su-list\" style=\"margin-left:0px\">\n<ul>\n<li><i class=\"sui sui-check-square-o\" style=\"color:#0066b3\"><\/i> 3D-Visualisations of Julian Alps and land use change in the Saxon Switzerland<\/li>\n<li><i class=\"sui sui-check-square-o\" style=\"color:#0066b3\"><\/i> Data homogenization for a cross-border Web-GIS<\/li>\n<li><i class=\"sui sui-check-square-o\" style=\"color:#0066b3\"><\/i> Metodologija za izbolj\u0161avo in harmonizacijo geodetskih podlag za potrebe \u010dezmejnega prostorskega na\u010drtovanja<\/li>\n<li><i class=\"sui sui-check-square-o\" style=\"color:#0066b3\"><\/i> Prepoznavanje kmetijskih kultur z daljinskim zaznavanjem<\/li>\n<li><i class=\"sui sui-check-square-o\" style=\"color:#0066b3\"><\/i> Support for inclusion: an automated procedure for the production of tactile maps for blind people with the latest technology<\/li>\n<li><i class=\"sui sui-check-square-o\" style=\"color:#0066b3\"><\/i> The change of paradigms in digital map libraries<\/li>\n<li><i class=\"sui sui-check-square-o\" style=\"color:#0066b3\"><\/i> Vloga geodetskih podatkov pri naravnih nesre\u010dah<\/li>\n<li><i class=\"sui sui-check-square-o\" style=\"color:#0066b3\"><\/i> Web application for topographic maps changes acquisition<\/li>\n<\/ul>\n<\/div>[\/vc_column_text][\/vc_column][\/vc_row][vc_row][vc_column][vc_column_text]\n<h3>2007<\/h3>\n<div class=\"su-list\" style=\"margin-left:0px\">\n<ul>\n<li><i class=\"sui sui-check-square-o\" style=\"color:#0066b3\"><\/i> Slovensko omre\u017eje referen\u010dnih postaj GPS za natan\u010dno dolo\u010danje polo\u017eaja<\/li>\n<li><i class=\"sui sui-check-square-o\" style=\"color:#0066b3\"><\/i> Spatial querying of geocoded library resources on internet<\/li>\n<\/ul>\n<\/div>[\/vc_column_text][\/vc_column][\/vc_row][vc_row][vc_column][vc_column_text]\n<h3>2006<\/h3>\n<div class=\"su-list\" style=\"margin-left:0px\">\n<ul>\n<li><i class=\"sui sui-check-square-o\" style=\"color:#0066b3\"><\/i> Geodetska dela na novi mareografski postaji Koper<\/li>\n<\/ul>\n<\/div>[\/vc_column_text][\/vc_column][\/vc_row][vc_row][vc_column][vc_column_text]\n<h3>2005<\/h3>\n<div class=\"su-list\" style=\"margin-left:0px\">\n<ul>\n<li><i class=\"sui sui-check-square-o\" style=\"color:#0066b3\"><\/i> Use of GIS for presentation of the map and pictorial collection of the National and University Library of Slovenia<\/li>\n<\/ul>\n<\/div>[\/vc_column_text][\/vc_column][\/vc_row][vc_row][vc_column][vc_column_text]\n<h3>2003<\/h3>\n<div class=\"su-list\" style=\"margin-left:0px\">\n<ul>\n<li><i class=\"sui sui-check-square-o\" style=\"color:#0066b3\"><\/i> Kombinirani izra\u010dun EUREF GPS-kampanj na obmo\u010dju Slovenije<\/li>\n<\/ul>\n<\/div>[\/vc_column_text][\/vc_column][\/vc_row][vc_row][vc_column][vc_column_text][\/vc_column_text][\/vc_column][\/vc_row]\n<\/div>","protected":false},"excerpt":{"rendered":"<p>[vc_row][vc_column][vc_column_text] 2016 [\/vc_column_text][\/vc_column][\/vc_row][vc_row][vc_column][vc_column_text] 2015 [\/vc_column_text][\/vc_column][\/vc_row][vc_row][vc_column][vc_column_text] 2014 [\/vc_column_text][\/vc_column][\/vc_row][vc_row][vc_column][vc_column_text] 2013 [\/vc_column_text][\/vc_column][\/vc_row][vc_row][vc_column][vc_column_text] 2012 [\/vc_column_text][\/vc_column][\/vc_row][vc_row][vc_column][vc_column_text] 2011 [\/vc_column_text][\/vc_column][\/vc_row][vc_row][vc_column][vc_column_text] 2010 [\/vc_column_text][\/vc_column][\/vc_row][vc_row][vc_column][vc_column_text] 2009 [\/vc_column_text][\/vc_column][\/vc_row][vc_row][vc_column][vc_column_text] 2008 [\/vc_column_text][\/vc_column][\/vc_row][vc_row][vc_column][vc_column_text] 2007 [\/vc_column_text][\/vc_column][\/vc_row][vc_row][vc_column][vc_column_text] 2006 [\/vc_column_text][\/vc_column][\/vc_row][vc_row][vc_column][vc_column_text] 2005 [\/vc_column_text][\/vc_column][\/vc_row][vc_row][vc_column][vc_column_text] 2003 [\/vc_column_text][\/vc_column][\/vc_row][vc_row][vc_column][vc_column_text][\/vc_column_text][\/vc_column][\/vc_row]<\/p>\n","protected":false},"author":1,"featured_media":0,"parent":0,"menu_order":0,"comment_status":"closed","ping_status":"closed","template":"tpl\/page_fullwidth.php","meta":{"footnotes":""},"class_list":["post-2361","page","type-page","status-publish","hentry"],"yoast_head":"<!-- This site is optimized with the Yoast SEO Premium plugin v22.6 (Yoast SEO v26.9) - https:\/\/yoast.com\/product\/yoast-seo-premium-wordpress\/ -->\n<title>Scientific publications - GIS<\/title>\n<meta name=\"robots\" content=\"index, follow, max-snippet:-1, max-image-preview:large, max-video-preview:-1\" \/>\n<link rel=\"canonical\" href=\"https:\/\/gis.si\/en\/scientific-publications\/\" \/>\n<meta property=\"og:locale\" content=\"en_US\" \/>\n<meta property=\"og:type\" content=\"article\" \/>\n<meta property=\"og:title\" content=\"Scientific publications\" \/>\n<meta property=\"og:description\" content=\"[vc_row][vc_column][vc_column_text] 2016 [\/vc_column_text][\/vc_column][\/vc_row][vc_row][vc_column][vc_column_text] 2015 [\/vc_column_text][\/vc_column][\/vc_row][vc_row][vc_column][vc_column_text] 2014 [\/vc_column_text][\/vc_column][\/vc_row][vc_row][vc_column][vc_column_text] 2013 [\/vc_column_text][\/vc_column][\/vc_row][vc_row][vc_column][vc_column_text] 2012 [\/vc_column_text][\/vc_column][\/vc_row][vc_row][vc_column][vc_column_text] 2011 [\/vc_column_text][\/vc_column][\/vc_row][vc_row][vc_column][vc_column_text] 2010 [\/vc_column_text][\/vc_column][\/vc_row][vc_row][vc_column][vc_column_text] 2009 [\/vc_column_text][\/vc_column][\/vc_row][vc_row][vc_column][vc_column_text] 2008 [\/vc_column_text][\/vc_column][\/vc_row][vc_row][vc_column][vc_column_text] 2007 [\/vc_column_text][\/vc_column][\/vc_row][vc_row][vc_column][vc_column_text] 2006 [\/vc_column_text][\/vc_column][\/vc_row][vc_row][vc_column][vc_column_text] 2005 [\/vc_column_text][\/vc_column][\/vc_row][vc_row][vc_column][vc_column_text] 2003 [\/vc_column_text][\/vc_column][\/vc_row][vc_row][vc_column][vc_column_text][\/vc_column_text][\/vc_column][\/vc_row]\" \/>\n<meta property=\"og:url\" content=\"https:\/\/gis.si\/en\/scientific-publications\/\" \/>\n<meta property=\"og:site_name\" content=\"GIS\" \/>\n<meta name=\"twitter:card\" content=\"summary_large_image\" \/>\n<meta name=\"twitter:label1\" content=\"Est. reading time\" \/>\n\t<meta name=\"twitter:data1\" content=\"5 minutes\" \/>\n<script type=\"application\/ld+json\" class=\"yoast-schema-graph\">{\"@context\":\"https:\/\/schema.org\",\"@graph\":[{\"@type\":\"WebPage\",\"@id\":\"https:\/\/gis.si\/en\/scientific-publications\/\",\"url\":\"https:\/\/gis.si\/en\/scientific-publications\/\",\"name\":\"Scientific publications - GIS\",\"isPartOf\":{\"@id\":\"https:\/\/gis.si\/#website\"},\"datePublished\":\"2019-02-28T12:23:09+00:00\",\"breadcrumb\":{\"@id\":\"https:\/\/gis.si\/en\/scientific-publications\/#breadcrumb\"},\"inLanguage\":\"en-US\",\"potentialAction\":[{\"@type\":\"ReadAction\",\"target\":[\"https:\/\/gis.si\/en\/scientific-publications\/\"]}]},{\"@type\":\"BreadcrumbList\",\"@id\":\"https:\/\/gis.si\/en\/scientific-publications\/#breadcrumb\",\"itemListElement\":[{\"@type\":\"ListItem\",\"position\":1,\"name\":\"Home\",\"item\":\"https:\/\/gis.si\/en\/\"},{\"@type\":\"ListItem\",\"position\":2,\"name\":\"Scientific publications\"}]},{\"@type\":\"WebSite\",\"@id\":\"https:\/\/gis.si\/#website\",\"url\":\"https:\/\/gis.si\/\",\"name\":\"GIS\",\"description\":\"Geodetic Institute of Slovenia\",\"potentialAction\":[{\"@type\":\"SearchAction\",\"target\":{\"@type\":\"EntryPoint\",\"urlTemplate\":\"https:\/\/gis.si\/?s={search_term_string}\"},\"query-input\":{\"@type\":\"PropertyValueSpecification\",\"valueRequired\":true,\"valueName\":\"search_term_string\"}}],\"inLanguage\":\"en-US\"}]}<\/script>\n<!-- \/ Yoast SEO Premium plugin. -->","yoast_head_json":{"title":"Scientific publications - GIS","robots":{"index":"index","follow":"follow","max-snippet":"max-snippet:-1","max-image-preview":"max-image-preview:large","max-video-preview":"max-video-preview:-1"},"canonical":"https:\/\/gis.si\/en\/scientific-publications\/","og_locale":"en_US","og_type":"article","og_title":"Scientific publications","og_description":"[vc_row][vc_column][vc_column_text] 2016 [\/vc_column_text][\/vc_column][\/vc_row][vc_row][vc_column][vc_column_text] 2015 [\/vc_column_text][\/vc_column][\/vc_row][vc_row][vc_column][vc_column_text] 2014 [\/vc_column_text][\/vc_column][\/vc_row][vc_row][vc_column][vc_column_text] 2013 [\/vc_column_text][\/vc_column][\/vc_row][vc_row][vc_column][vc_column_text] 2012 [\/vc_column_text][\/vc_column][\/vc_row][vc_row][vc_column][vc_column_text] 2011 [\/vc_column_text][\/vc_column][\/vc_row][vc_row][vc_column][vc_column_text] 2010 [\/vc_column_text][\/vc_column][\/vc_row][vc_row][vc_column][vc_column_text] 2009 [\/vc_column_text][\/vc_column][\/vc_row][vc_row][vc_column][vc_column_text] 2008 [\/vc_column_text][\/vc_column][\/vc_row][vc_row][vc_column][vc_column_text] 2007 [\/vc_column_text][\/vc_column][\/vc_row][vc_row][vc_column][vc_column_text] 2006 [\/vc_column_text][\/vc_column][\/vc_row][vc_row][vc_column][vc_column_text] 2005 [\/vc_column_text][\/vc_column][\/vc_row][vc_row][vc_column][vc_column_text] 2003 [\/vc_column_text][\/vc_column][\/vc_row][vc_row][vc_column][vc_column_text][\/vc_column_text][\/vc_column][\/vc_row]","og_url":"https:\/\/gis.si\/en\/scientific-publications\/","og_site_name":"GIS","twitter_card":"summary_large_image","twitter_misc":{"Est. reading time":"5 minutes"},"schema":{"@context":"https:\/\/schema.org","@graph":[{"@type":"WebPage","@id":"https:\/\/gis.si\/en\/scientific-publications\/","url":"https:\/\/gis.si\/en\/scientific-publications\/","name":"Scientific publications - GIS","isPartOf":{"@id":"https:\/\/gis.si\/#website"},"datePublished":"2019-02-28T12:23:09+00:00","breadcrumb":{"@id":"https:\/\/gis.si\/en\/scientific-publications\/#breadcrumb"},"inLanguage":"en-US","potentialAction":[{"@type":"ReadAction","target":["https:\/\/gis.si\/en\/scientific-publications\/"]}]},{"@type":"BreadcrumbList","@id":"https:\/\/gis.si\/en\/scientific-publications\/#breadcrumb","itemListElement":[{"@type":"ListItem","position":1,"name":"Home","item":"https:\/\/gis.si\/en\/"},{"@type":"ListItem","position":2,"name":"Scientific publications"}]},{"@type":"WebSite","@id":"https:\/\/gis.si\/#website","url":"https:\/\/gis.si\/","name":"GIS","description":"Geodetic Institute of Slovenia","potentialAction":[{"@type":"SearchAction","target":{"@type":"EntryPoint","urlTemplate":"https:\/\/gis.si\/?s={search_term_string}"},"query-input":{"@type":"PropertyValueSpecification","valueRequired":true,"valueName":"search_term_string"}}],"inLanguage":"en-US"}]}},"_links":{"self":[{"href":"https:\/\/gis.si\/en\/wp-json\/wp\/v2\/pages\/2361","targetHints":{"allow":["GET"]}}],"collection":[{"href":"https:\/\/gis.si\/en\/wp-json\/wp\/v2\/pages"}],"about":[{"href":"https:\/\/gis.si\/en\/wp-json\/wp\/v2\/types\/page"}],"author":[{"embeddable":true,"href":"https:\/\/gis.si\/en\/wp-json\/wp\/v2\/users\/1"}],"replies":[{"embeddable":true,"href":"https:\/\/gis.si\/en\/wp-json\/wp\/v2\/comments?post=2361"}],"version-history":[{"count":2,"href":"https:\/\/gis.si\/en\/wp-json\/wp\/v2\/pages\/2361\/revisions"}],"predecessor-version":[{"id":2363,"href":"https:\/\/gis.si\/en\/wp-json\/wp\/v2\/pages\/2361\/revisions\/2363"}],"wp:attachment":[{"href":"https:\/\/gis.si\/en\/wp-json\/wp\/v2\/media?parent=2361"}],"curies":[{"name":"wp","href":"https:\/\/api.w.org\/{rel}","templated":true}]}}