{"id":2364,"date":"2019-02-28T13:23:46","date_gmt":"2019-02-28T12:23:46","guid":{"rendered":"http:\/\/www.gis.si\/?page_id=2364"},"modified":"2019-02-28T13:23:46","modified_gmt":"2019-02-28T12:23:46","slug":"professional-publications","status":"publish","type":"page","link":"https:\/\/gis.si\/en\/professional-publications\/","title":{"rendered":"Professional publications"},"content":{"rendered":"<div class=\"wpb-content-wrapper\">[vc_row][vc_column][vc_column_text]\n<h3>2015<\/h3>\n<div class=\"su-list\" style=\"margin-left:0px\">\n<ul>\n<li><i class=\"sui sui-check-square-o\" style=\"color:#0066b3\"><\/i> 200 letnica izbruha vulkana Tambora &#8211; zadnji sunek male ledene dobe : posledice izpri\u010dane tudi v slovenskem ljudskem izro\u010dilu s Sol\u010davskega<\/li>\n<li><i class=\"sui sui-check-square-o\" style=\"color:#0066b3\"><\/i> Dolo\u010danje polo\u017eaja v zaprtih prostorih<\/li>\n<li><i class=\"sui sui-check-square-o\" style=\"color:#0066b3\"><\/i> Geostoritve z odprtimi prostorskimi podatki<\/li>\n<li><i class=\"sui sui-check-square-o\" style=\"color:#0066b3\"><\/i> Kon\u010dan je projekt laserskega skeniranja Slovenije<\/li>\n<li><i class=\"sui sui-check-square-o\" style=\"color:#0066b3\"><\/i> Towards a monitoring information system for territorial attractiveness and policy management in South East Europe<\/li>\n<li><i class=\"sui sui-check-square-o\" style=\"color:#0066b3\"><\/i> Uporaba malih brezpilotnih letalnikov za zajem prostorskih podatkov<\/li>\n<li><i class=\"sui sui-check-square-o\" style=\"color:#0066b3\"><\/i> Verifikacija vsedr\u017eavnega modela transformacije med D48\/GK in D96\/TM<\/li>\n<\/ul>\n<\/div>[\/vc_column_text][\/vc_column][\/vc_row][vc_row][vc_column][vc_column_text]\n<h3>2014<\/h3>\n<div class=\"su-list\" style=\"margin-left:0px\">\n<ul>\n<li><i class=\"sui sui-check-square-o\" style=\"color:#0066b3\"><\/i> Lasersko skeniranje Slovenije<\/li>\n<li><i class=\"sui sui-check-square-o\" style=\"color:#0066b3\"><\/i> National report of Slovenia to the EUREF 2014 Symposium in Vilnius<\/li>\n<li><i class=\"sui sui-check-square-o\" style=\"color:#0066b3\"><\/i> Noise as an indicator of residential areas&#8217; quality in the municipality of Velenje<\/li>\n<li><i class=\"sui sui-check-square-o\" style=\"color:#0066b3\"><\/i> Zamrznjeno v prostoru in \u010dasu<\/li>\n<\/ul>\n<\/div>[\/vc_column_text][\/vc_column][\/vc_row][vc_row][vc_column][vc_column_text]\n<h3>2013<\/h3>\n<div class=\"su-list\" style=\"margin-left:0px\">\n<ul>\n<li><i class=\"sui sui-check-square-o\" style=\"color:#0066b3\"><\/i> Attract-SEE : assessing territorial attractiveness in South East Europe : establishing a common territorial monitoring framework<\/li>\n<li><i class=\"sui sui-check-square-o\" style=\"color:#0066b3\"><\/i> Attract-SEE : South East Europe : transnational cooperation programme<\/li>\n<li><i class=\"sui sui-check-square-o\" style=\"color:#0066b3\"><\/i> Measuring small glaciers in Slovenia : connecting geodetic measurements and non-metric imagery for glacier mesurements<\/li>\n<li><i class=\"sui sui-check-square-o\" style=\"color:#0066b3\"><\/i> Pove\u010danje transparentnosti trga nepremi\u010dnin z uporabo sodobnih tehnologij za dolo\u010danje vrednosti nepremi\u010dnin<\/li>\n<li><i class=\"sui sui-check-square-o\" style=\"color:#0066b3\"><\/i> Uporaba merskih in nemerskih fotografij v fotogrametri\u010dne namene<\/li>\n<\/ul>\n<\/div>[\/vc_column_text][\/vc_column][\/vc_row][vc_row][vc_column][vc_column_text]\n<h3>2012<\/h3>\n<div class=\"su-list\" style=\"margin-left:0px\">\n<ul>\n<li><i class=\"sui sui-check-square-o\" style=\"color:#0066b3\"><\/i> Dejanska raba vodnih zemlji\u0161\u010d in zemlji\u0161ki kataster<\/li>\n<li><i class=\"sui sui-check-square-o\" style=\"color:#0066b3\"><\/i> Izdelava zemlji\u0161ko katastrskega na\u010drta<\/li>\n<li><i class=\"sui sui-check-square-o\" style=\"color:#0066b3\"><\/i> Novi vi\u0161inski sistem Slovenije in testni izra\u010dun geoida<\/li>\n<li><i class=\"sui sui-check-square-o\" style=\"color:#0066b3\"><\/i> Ocena proizvodne sposobnosti zemlji\u0161\u010d iz razpolo\u017eljivih prostorskih podatkov<\/li>\n<li><i class=\"sui sui-check-square-o\" style=\"color:#0066b3\"><\/i> Prostorska analiza in kartiranje romskih naselij v Sloveniji<\/li>\n<li><i class=\"sui sui-check-square-o\" style=\"color:#0066b3\"><\/i> Prvo vsedr\u017eavno lasersko skeniranje Slovenije<\/li>\n<li><i class=\"sui sui-check-square-o\" style=\"color:#0066b3\"><\/i> Spremljanje stanovanjskega trga na podlagi ogla\u0161evanih cen<\/li>\n<li><i class=\"sui sui-check-square-o\" style=\"color:#0066b3\"><\/i> Stari in novi dr\u017eavni koordinatni sistem v Republiki Sloveniji ter koordinatni sistem zveze Nato<\/li>\n<li><i class=\"sui sui-check-square-o\" style=\"color:#0066b3\"><\/i> Vode v okoljskem informacijskem sistemu<\/li>\n<li><i class=\"sui sui-check-square-o\" style=\"color:#0066b3\"><\/i> Vseprisotnost geolokacije in geovizualizacije v konceptu pametnih mest<\/li>\n<\/ul>\n<\/div>[\/vc_column_text][\/vc_column][\/vc_row][vc_row][vc_column][vc_column_text]\n<h3>2011<\/h3>\n<div class=\"su-list\" style=\"margin-left:0px\">\n<ul>\n<li><i class=\"sui sui-check-square-o\" style=\"color:#0066b3\"><\/i> Analiza skladnosti D48\/GK- in D96\/TM- koordinat zemlji\u0161kokatastrskih to\u010dk v pomurju<\/li>\n<li><i class=\"sui sui-check-square-o\" style=\"color:#0066b3\"><\/i> Kaskadna nekakovost geodetskih podatkov<\/li>\n<\/ul>\n<\/div>[\/vc_column_text][\/vc_column][\/vc_row][vc_row][vc_column][vc_column_text]\n<h3>2010<\/h3>\n<div class=\"su-list\" style=\"margin-left:0px\">\n<ul>\n<li><i class=\"sui sui-check-square-o\" style=\"color:#0066b3\"><\/i> Nepremi\u010dninske evidence in novi koordinatni sistem v lu\u010di direktive INSPIRE<\/li>\n<li><i class=\"sui sui-check-square-o\" style=\"color:#0066b3\"><\/i> Vloga geodetskih podatkov pri naravnih nesre\u010dah<\/li>\n<\/ul>\n<\/div>[\/vc_column_text][\/vc_column][\/vc_row][vc_row][vc_column][vc_column_text]\n<h3>2009<\/h3>\n<div class=\"su-list\" style=\"margin-left:0px\">\n<ul>\n<li><i class=\"sui sui-check-square-o\" style=\"color:#0066b3\"><\/i> SIGNAL &#8211; Slovenian permanent GNSS stations network<\/li>\n<\/ul>\n<\/div>[\/vc_column_text][\/vc_column][\/vc_row][vc_row][vc_column][vc_column_text]\n<h3>2008<\/h3>\n<div class=\"su-list\" style=\"margin-left:0px\">\n<ul>\n<li><i class=\"sui sui-check-square-o\" style=\"color:#0066b3\"><\/i> 3R-upodobitev gorskih boji\u0161\u010d so\u0161ke fronte<\/li>\n<li><i class=\"sui sui-check-square-o\" style=\"color:#0066b3\"><\/i> Financiranje geodetske stroke iz evropskih finan\u010dnih virov<\/li>\n<li><i class=\"sui sui-check-square-o\" style=\"color:#0066b3\"><\/i> Omre\u017eje SIGNAL na poti od GPS do Galilea<\/li>\n<li><i class=\"sui sui-check-square-o\" style=\"color:#0066b3\"><\/i> Zgodovina geodetskih meritev na Triglavskem ledeniku<\/li>\n<\/ul>\n<\/div>[\/vc_column_text][\/vc_column][\/vc_row][vc_row][vc_column][vc_column_text]\n<h3>2007<\/h3>\n<div class=\"su-list\" style=\"margin-left:0px\">\n<ul>\n<li><i class=\"sui sui-check-square-o\" style=\"color:#0066b3\"><\/i> Razvoj omre\u017eja Signal in tr\u017ena vrednost dolo\u010danja polo\u017eaja<\/li>\n<li><i class=\"sui sui-check-square-o\" style=\"color:#0066b3\"><\/i> Transformacija podatkov geodetske uprave Republike Slovenije v novi dr\u017eavni koordinatni sistem<\/li>\n<\/ul>\n<\/div>[\/vc_column_text][\/vc_column][\/vc_row][vc_row][vc_column][vc_column_text][\/vc_column_text][\/vc_column][\/vc_row]\n<\/div>","protected":false},"excerpt":{"rendered":"<p>[vc_row][vc_column][vc_column_text] 2015 [\/vc_column_text][\/vc_column][\/vc_row][vc_row][vc_column][vc_column_text] 2014 [\/vc_column_text][\/vc_column][\/vc_row][vc_row][vc_column][vc_column_text] 2013 [\/vc_column_text][\/vc_column][\/vc_row][vc_row][vc_column][vc_column_text] 2012 [\/vc_column_text][\/vc_column][\/vc_row][vc_row][vc_column][vc_column_text] 2011 [\/vc_column_text][\/vc_column][\/vc_row][vc_row][vc_column][vc_column_text] 2010 [\/vc_column_text][\/vc_column][\/vc_row][vc_row][vc_column][vc_column_text] 2009 [\/vc_column_text][\/vc_column][\/vc_row][vc_row][vc_column][vc_column_text] 2008 [\/vc_column_text][\/vc_column][\/vc_row][vc_row][vc_column][vc_column_text] 2007 [\/vc_column_text][\/vc_column][\/vc_row][vc_row][vc_column][vc_column_text][\/vc_column_text][\/vc_column][\/vc_row]<\/p>\n","protected":false},"author":1,"featured_media":0,"parent":0,"menu_order":0,"comment_status":"closed","ping_status":"closed","template":"tpl\/page_fullwidth.php","meta":{"footnotes":""},"class_list":["post-2364","page","type-page","status-publish","hentry"],"yoast_head":"<!-- This site is optimized with the Yoast SEO Premium plugin v22.6 (Yoast SEO v26.9) - https:\/\/yoast.com\/product\/yoast-seo-premium-wordpress\/ -->\n<title>Professional publications - GIS<\/title>\n<meta name=\"robots\" content=\"index, follow, max-snippet:-1, max-image-preview:large, max-video-preview:-1\" \/>\n<link rel=\"canonical\" href=\"https:\/\/gis.si\/en\/professional-publications\/\" \/>\n<meta property=\"og:locale\" content=\"en_US\" \/>\n<meta property=\"og:type\" content=\"article\" \/>\n<meta property=\"og:title\" content=\"Professional publications\" \/>\n<meta property=\"og:description\" content=\"[vc_row][vc_column][vc_column_text] 2015 [\/vc_column_text][\/vc_column][\/vc_row][vc_row][vc_column][vc_column_text] 2014 [\/vc_column_text][\/vc_column][\/vc_row][vc_row][vc_column][vc_column_text] 2013 [\/vc_column_text][\/vc_column][\/vc_row][vc_row][vc_column][vc_column_text] 2012 [\/vc_column_text][\/vc_column][\/vc_row][vc_row][vc_column][vc_column_text] 2011 [\/vc_column_text][\/vc_column][\/vc_row][vc_row][vc_column][vc_column_text] 2010 [\/vc_column_text][\/vc_column][\/vc_row][vc_row][vc_column][vc_column_text] 2009 [\/vc_column_text][\/vc_column][\/vc_row][vc_row][vc_column][vc_column_text] 2008 [\/vc_column_text][\/vc_column][\/vc_row][vc_row][vc_column][vc_column_text] 2007 [\/vc_column_text][\/vc_column][\/vc_row][vc_row][vc_column][vc_column_text][\/vc_column_text][\/vc_column][\/vc_row]\" \/>\n<meta property=\"og:url\" content=\"https:\/\/gis.si\/en\/professional-publications\/\" \/>\n<meta property=\"og:site_name\" content=\"GIS\" \/>\n<meta name=\"twitter:card\" content=\"summary_large_image\" \/>\n<meta name=\"twitter:label1\" content=\"Est. reading time\" \/>\n\t<meta name=\"twitter:data1\" content=\"3 minutes\" \/>\n<script type=\"application\/ld+json\" class=\"yoast-schema-graph\">{\"@context\":\"https:\/\/schema.org\",\"@graph\":[{\"@type\":\"WebPage\",\"@id\":\"https:\/\/gis.si\/en\/professional-publications\/\",\"url\":\"https:\/\/gis.si\/en\/professional-publications\/\",\"name\":\"Professional publications - GIS\",\"isPartOf\":{\"@id\":\"https:\/\/gis.si\/#website\"},\"datePublished\":\"2019-02-28T12:23:46+00:00\",\"breadcrumb\":{\"@id\":\"https:\/\/gis.si\/en\/professional-publications\/#breadcrumb\"},\"inLanguage\":\"en-US\",\"potentialAction\":[{\"@type\":\"ReadAction\",\"target\":[\"https:\/\/gis.si\/en\/professional-publications\/\"]}]},{\"@type\":\"BreadcrumbList\",\"@id\":\"https:\/\/gis.si\/en\/professional-publications\/#breadcrumb\",\"itemListElement\":[{\"@type\":\"ListItem\",\"position\":1,\"name\":\"Home\",\"item\":\"https:\/\/gis.si\/en\/\"},{\"@type\":\"ListItem\",\"position\":2,\"name\":\"Professional publications\"}]},{\"@type\":\"WebSite\",\"@id\":\"https:\/\/gis.si\/#website\",\"url\":\"https:\/\/gis.si\/\",\"name\":\"GIS\",\"description\":\"Geodetic Institute of Slovenia\",\"potentialAction\":[{\"@type\":\"SearchAction\",\"target\":{\"@type\":\"EntryPoint\",\"urlTemplate\":\"https:\/\/gis.si\/?s={search_term_string}\"},\"query-input\":{\"@type\":\"PropertyValueSpecification\",\"valueRequired\":true,\"valueName\":\"search_term_string\"}}],\"inLanguage\":\"en-US\"}]}<\/script>\n<!-- \/ Yoast SEO Premium plugin. -->","yoast_head_json":{"title":"Professional publications - GIS","robots":{"index":"index","follow":"follow","max-snippet":"max-snippet:-1","max-image-preview":"max-image-preview:large","max-video-preview":"max-video-preview:-1"},"canonical":"https:\/\/gis.si\/en\/professional-publications\/","og_locale":"en_US","og_type":"article","og_title":"Professional publications","og_description":"[vc_row][vc_column][vc_column_text] 2015 [\/vc_column_text][\/vc_column][\/vc_row][vc_row][vc_column][vc_column_text] 2014 [\/vc_column_text][\/vc_column][\/vc_row][vc_row][vc_column][vc_column_text] 2013 [\/vc_column_text][\/vc_column][\/vc_row][vc_row][vc_column][vc_column_text] 2012 [\/vc_column_text][\/vc_column][\/vc_row][vc_row][vc_column][vc_column_text] 2011 [\/vc_column_text][\/vc_column][\/vc_row][vc_row][vc_column][vc_column_text] 2010 [\/vc_column_text][\/vc_column][\/vc_row][vc_row][vc_column][vc_column_text] 2009 [\/vc_column_text][\/vc_column][\/vc_row][vc_row][vc_column][vc_column_text] 2008 [\/vc_column_text][\/vc_column][\/vc_row][vc_row][vc_column][vc_column_text] 2007 [\/vc_column_text][\/vc_column][\/vc_row][vc_row][vc_column][vc_column_text][\/vc_column_text][\/vc_column][\/vc_row]","og_url":"https:\/\/gis.si\/en\/professional-publications\/","og_site_name":"GIS","twitter_card":"summary_large_image","twitter_misc":{"Est. reading time":"3 minutes"},"schema":{"@context":"https:\/\/schema.org","@graph":[{"@type":"WebPage","@id":"https:\/\/gis.si\/en\/professional-publications\/","url":"https:\/\/gis.si\/en\/professional-publications\/","name":"Professional publications - GIS","isPartOf":{"@id":"https:\/\/gis.si\/#website"},"datePublished":"2019-02-28T12:23:46+00:00","breadcrumb":{"@id":"https:\/\/gis.si\/en\/professional-publications\/#breadcrumb"},"inLanguage":"en-US","potentialAction":[{"@type":"ReadAction","target":["https:\/\/gis.si\/en\/professional-publications\/"]}]},{"@type":"BreadcrumbList","@id":"https:\/\/gis.si\/en\/professional-publications\/#breadcrumb","itemListElement":[{"@type":"ListItem","position":1,"name":"Home","item":"https:\/\/gis.si\/en\/"},{"@type":"ListItem","position":2,"name":"Professional publications"}]},{"@type":"WebSite","@id":"https:\/\/gis.si\/#website","url":"https:\/\/gis.si\/","name":"GIS","description":"Geodetic Institute of Slovenia","potentialAction":[{"@type":"SearchAction","target":{"@type":"EntryPoint","urlTemplate":"https:\/\/gis.si\/?s={search_term_string}"},"query-input":{"@type":"PropertyValueSpecification","valueRequired":true,"valueName":"search_term_string"}}],"inLanguage":"en-US"}]}},"_links":{"self":[{"href":"https:\/\/gis.si\/en\/wp-json\/wp\/v2\/pages\/2364","targetHints":{"allow":["GET"]}}],"collection":[{"href":"https:\/\/gis.si\/en\/wp-json\/wp\/v2\/pages"}],"about":[{"href":"https:\/\/gis.si\/en\/wp-json\/wp\/v2\/types\/page"}],"author":[{"embeddable":true,"href":"https:\/\/gis.si\/en\/wp-json\/wp\/v2\/users\/1"}],"replies":[{"embeddable":true,"href":"https:\/\/gis.si\/en\/wp-json\/wp\/v2\/comments?post=2364"}],"version-history":[{"count":2,"href":"https:\/\/gis.si\/en\/wp-json\/wp\/v2\/pages\/2364\/revisions"}],"predecessor-version":[{"id":2366,"href":"https:\/\/gis.si\/en\/wp-json\/wp\/v2\/pages\/2364\/revisions\/2366"}],"wp:attachment":[{"href":"https:\/\/gis.si\/en\/wp-json\/wp\/v2\/media?parent=2364"}],"curies":[{"name":"wp","href":"https:\/\/api.w.org\/{rel}","templated":true}]}}