{"id":2370,"date":"2019-02-28T13:25:14","date_gmt":"2019-02-28T12:25:14","guid":{"rendered":"http:\/\/www.gis.si\/?page_id=2370"},"modified":"2023-03-13T15:15:49","modified_gmt":"2023-03-13T14:15:49","slug":"copernicus","status":"publish","type":"page","link":"https:\/\/gis.si\/en\/copernicus\/","title":{"rendered":"Copernicus"},"content":{"rendered":"<div class=\"wpb-content-wrapper\">[vc_row css=&#8221;.vc_custom_1545053435521{padding-top: 25px !important;padding-bottom: 25px !important;}&#8221;][vc_column width=&#8221;2\/3&#8243;][vc_column_text]\n<h3>Copernicus<\/h3>\n<p>Copernicus je program Evropske komisije za opazovanje in spremljanje Zemlje. Podatki se zbirajo iz razli\u010dnih virov, ki vklju\u010dujejo opazovalne satelite in senzorje ter podatke dr\u017eav \u010dlanic.<br \/>\nZanesljivi in a\u017eurni podatki so strukturirani v 6 tematskih podro\u010dij: kopno, morje, atmosfera, podnebne spremembe, krizno upravljanje in varnost.<\/p>\n<p>Podro\u010dje kopno je razdeljeno na 4 glavne komponente:<\/p>\n<ul>\n<li>globalna komponenta<\/li>\n<li>panevropska komponenta<\/li>\n<li>lokalna komponenta<\/li>\n<li>referen\u010dni podatki<\/li>\n<\/ul>\n<p><a href=\"https:\/\/land.copernicus.eu\/\" target=\"_blank\" rel=\"noopener\">More &gt;&gt;<\/a>[\/vc_column_text][\/vc_column][vc_column width=&#8221;1\/3&#8243;][vc_single_image image=&#8221;1874&#8243; img_size=&#8221;full&#8221; alignment=&#8221;center&#8221;][\/vc_column][\/vc_row][vc_row css=&#8221;.vc_custom_1545053435521{padding-top: 25px !important;padding-bottom: 25px !important;}&#8221;][vc_column width=&#8221;2\/3&#8243;][vc_column_text]\n<h3>Panevropska komponenta<\/h3>\n<p>Panevropska komponenta zagotavlja informacije o rabi in pokritosti tal, njihovih spremembah skozi \u010das in karakteristikah.[\/vc_column_text][vc_row_inner css=&#8221;.vc_custom_1545053582640{padding-top: 25px !important;}&#8221;][vc_column_inner width=&#8221;1\/2&#8243;][vc_column_text]\n<h4>CORINE Land Cover<\/h4>\n<p style=\"text-align: justify;\">CORINE Land Cover je vektorski podatkovni sloj, ki vklju\u010duje 44 razredov rabe in pokritosti tal. Podatki so trenutno na voljo za leta 1990, 2000, 2006 in 2012. V \u010dasovni vrsti so na voljo tudi sloji sprememb med posameznimi leti.<\/p>\n<p><a href=\"https:\/\/land.copernicus.eu\/pan-european\/high-resolution-layers\/view\" target=\"_blank\" rel=\"noopener\">More &gt;&gt;<\/a>[\/vc_column_text][\/vc_column_inner][vc_column_inner width=&#8221;1\/2&#8243;][vc_column_text]\n<h4>High-resolution layers<\/h4>\n<p style=\"text-align: justify;\">High-resolution layers (HRL) so rastrski podatkovni sloji, ki zagotavljajo informacije o razli\u010dnih zna\u010dilnostih pokritosti tal in so komplementarni vektorskim podatkovnim slojem pokritosti tal. Vklju\u010deni so podatki o pozidanosti tal, gozdovih, naravnih travi\u0161\u010dih, mokri\u0161\u010dih in trajnih vodnih povr\u0161inah.<\/p>\n<p><a href=\"https:\/\/land.copernicus.eu\/pan-european\/high-resolution-layers\/view\" target=\"_blank\" rel=\"noopener\">More &gt;&gt;<\/a>[\/vc_column_text][\/vc_column_inner][\/vc_row_inner][\/vc_column][vc_column width=&#8221;1\/3&#8243;][vc_single_image image=&#8221;1875&#8243; img_size=&#8221;medium&#8221; alignment=&#8221;center&#8221;][\/vc_column][\/vc_row][vc_row css=&#8221;.vc_custom_1545053435521{padding-top: 25px !important;padding-bottom: 25px !important;}&#8221;][vc_column width=&#8221;2\/3&#8243;][vc_column_text]\n<h3>Lokalna komponenta<\/h3>\n<p>Lokalna komponenta se posve\u010da razli\u010dnim obmo\u010djem, ki so podvr\u017eena specifi\u010dnim okoljskim izzivom in te\u017eavam. Podatki temeljijo na zajemu iz zelo visoko lo\u010dljivostnih fotografij in kombiniranju z drugimi zbirkami podatkov.[\/vc_column_text][vc_row_inner css=&#8221;.vc_custom_1545053582640{padding-top: 25px !important;}&#8221;][vc_column_inner width=&#8221;1\/3&#8243;][vc_column_text]\n<h4>Urban Atlas<\/h4>\n<p>Urban Atlas (Atlas urbanih obmo\u010dij) je vektorski podatkovni sloj, ki zagotavlja panevropsko primerljive podatke o rabi in pokritosti tal za \u0161tevilna funkcionalna urbana obmo\u010dja (Functional Urban Area &#8211; FUA) v Evropi. Leta 2012 je bil za nekatera od teh obmo\u010dij izdelan tudi sloj dreves v urbanem obmo\u010dju (Street Tree Layer &#8211; STL).<\/p>\n<p><a href=\"https:\/\/land.copernicus.eu\/local\/urban-atlas\/view\" target=\"_blank\" rel=\"noopener\">More &gt;&gt;<\/a>[\/vc_column_text][\/vc_column_inner][vc_column_inner width=&#8221;1\/3&#8243;][vc_column_text]\n<h4>Riparian Zones<\/h4>\n<p>Riparian Zones (Obre\u017eni pasovi) je vektorski podatkovni sloj, ki zagotavlja panevropsko primerljive podatke o rabi in pokritosti tal vzdol\u017e vodotokov. Sloj je namenjen spremljanju biotske raznovrstnosti na evropski ravni.<\/p>\n<p><a href=\"https:\/\/land.copernicus.eu\/local\/riparian-zones\/view\" target=\"_blank\" rel=\"noopener\">More &gt;&gt;<\/a>[\/vc_column_text][\/vc_column_inner][vc_column_inner width=&#8221;1\/3&#8243;][vc_column_text]\n<h4>Natura 2000<\/h4>\n<p>Natura 2000 (N2K) je vektorski podatkovni sloj, ki je namenjen za ocenjevanje u\u010dinkovitosti varovanja teh obmo\u010dij in spremljanju zmanj\u0161evanja upadanja dolo\u010denih habitatnih tipov.<\/p>\n<p><a href=\"https:\/\/land.copernicus.eu\/local\/natura\/view\" target=\"_blank\" rel=\"noopener\">More &gt;&gt;<\/a>[\/vc_column_text][\/vc_column_inner][\/vc_row_inner][\/vc_column][vc_column width=&#8221;1\/3&#8243;][vc_single_image image=&#8221;1876&#8243; img_size=&#8221;medium&#8221; alignment=&#8221;center&#8221;][\/vc_column][\/vc_row]\n<\/div>","protected":false},"excerpt":{"rendered":"<p>[vc_row css=&#8221;.vc_custom_1545053435521{padding-top: 25px !important;padding-bottom: 25px !important;}&#8221;][vc_column width=&#8221;2\/3&#8243;][vc_column_text] Copernicus Copernicus je program Evropske komisije za opazovanje in spremljanje Zemlje. Podatki se zbirajo iz razli\u010dnih virov, ki vklju\u010dujejo opazovalne satelite in senzorje ter podatke dr\u017eav \u010dlanic. Zanesljivi in a\u017eurni podatki so strukturirani v 6 tematskih podro\u010dij: kopno, morje, atmosfera, podnebne spremembe, krizno upravljanje [&hellip;]<\/p>\n","protected":false},"author":1,"featured_media":0,"parent":0,"menu_order":0,"comment_status":"closed","ping_status":"closed","template":"tpl\/page_fullwidth.php","meta":{"footnotes":""},"class_list":["post-2370","page","type-page","status-publish","hentry"],"yoast_head":"<!-- This site is optimized with the Yoast SEO Premium plugin v22.6 (Yoast SEO v26.9) - https:\/\/yoast.com\/product\/yoast-seo-premium-wordpress\/ -->\n<title>Copernicus - GIS<\/title>\n<meta name=\"robots\" content=\"index, follow, max-snippet:-1, max-image-preview:large, max-video-preview:-1\" \/>\n<link rel=\"canonical\" href=\"https:\/\/gis.si\/en\/copernicus\/\" \/>\n<meta property=\"og:locale\" content=\"en_US\" \/>\n<meta property=\"og:type\" content=\"article\" \/>\n<meta property=\"og:title\" content=\"Copernicus\" \/>\n<meta property=\"og:description\" content=\"[vc_row css=&#8221;.vc_custom_1545053435521{padding-top: 25px !important;padding-bottom: 25px !important;}&#8221;][vc_column width=&#8221;2\/3&#8243;][vc_column_text] Copernicus Copernicus je program Evropske komisije za opazovanje in spremljanje Zemlje. Podatki se zbirajo iz razli\u010dnih virov, ki vklju\u010dujejo opazovalne satelite in senzorje ter podatke dr\u017eav \u010dlanic. Zanesljivi in a\u017eurni podatki so strukturirani v 6 tematskih podro\u010dij: kopno, morje, atmosfera, podnebne spremembe, krizno upravljanje [&hellip;]\" \/>\n<meta property=\"og:url\" content=\"https:\/\/gis.si\/en\/copernicus\/\" \/>\n<meta property=\"og:site_name\" content=\"GIS\" \/>\n<meta property=\"article:modified_time\" content=\"2023-03-13T14:15:49+00:00\" \/>\n<meta name=\"twitter:card\" content=\"summary_large_image\" \/>\n<meta name=\"twitter:label1\" content=\"Est. reading time\" \/>\n\t<meta name=\"twitter:data1\" content=\"3 minutes\" \/>\n<script type=\"application\/ld+json\" class=\"yoast-schema-graph\">{\"@context\":\"https:\/\/schema.org\",\"@graph\":[{\"@type\":\"WebPage\",\"@id\":\"https:\/\/gis.si\/en\/copernicus\/\",\"url\":\"https:\/\/gis.si\/en\/copernicus\/\",\"name\":\"Copernicus - GIS\",\"isPartOf\":{\"@id\":\"https:\/\/gis.si\/#website\"},\"datePublished\":\"2019-02-28T12:25:14+00:00\",\"dateModified\":\"2023-03-13T14:15:49+00:00\",\"breadcrumb\":{\"@id\":\"https:\/\/gis.si\/en\/copernicus\/#breadcrumb\"},\"inLanguage\":\"en-US\",\"potentialAction\":[{\"@type\":\"ReadAction\",\"target\":[\"https:\/\/gis.si\/en\/copernicus\/\"]}]},{\"@type\":\"BreadcrumbList\",\"@id\":\"https:\/\/gis.si\/en\/copernicus\/#breadcrumb\",\"itemListElement\":[{\"@type\":\"ListItem\",\"position\":1,\"name\":\"Home\",\"item\":\"https:\/\/gis.si\/en\/\"},{\"@type\":\"ListItem\",\"position\":2,\"name\":\"Copernicus\"}]},{\"@type\":\"WebSite\",\"@id\":\"https:\/\/gis.si\/#website\",\"url\":\"https:\/\/gis.si\/\",\"name\":\"GIS\",\"description\":\"Geodetic Institute of Slovenia\",\"potentialAction\":[{\"@type\":\"SearchAction\",\"target\":{\"@type\":\"EntryPoint\",\"urlTemplate\":\"https:\/\/gis.si\/?s={search_term_string}\"},\"query-input\":{\"@type\":\"PropertyValueSpecification\",\"valueRequired\":true,\"valueName\":\"search_term_string\"}}],\"inLanguage\":\"en-US\"}]}<\/script>\n<!-- \/ Yoast SEO Premium plugin. -->","yoast_head_json":{"title":"Copernicus - GIS","robots":{"index":"index","follow":"follow","max-snippet":"max-snippet:-1","max-image-preview":"max-image-preview:large","max-video-preview":"max-video-preview:-1"},"canonical":"https:\/\/gis.si\/en\/copernicus\/","og_locale":"en_US","og_type":"article","og_title":"Copernicus","og_description":"[vc_row css=&#8221;.vc_custom_1545053435521{padding-top: 25px !important;padding-bottom: 25px !important;}&#8221;][vc_column width=&#8221;2\/3&#8243;][vc_column_text] Copernicus Copernicus je program Evropske komisije za opazovanje in spremljanje Zemlje. Podatki se zbirajo iz razli\u010dnih virov, ki vklju\u010dujejo opazovalne satelite in senzorje ter podatke dr\u017eav \u010dlanic. Zanesljivi in a\u017eurni podatki so strukturirani v 6 tematskih podro\u010dij: kopno, morje, atmosfera, podnebne spremembe, krizno upravljanje [&hellip;]","og_url":"https:\/\/gis.si\/en\/copernicus\/","og_site_name":"GIS","article_modified_time":"2023-03-13T14:15:49+00:00","twitter_card":"summary_large_image","twitter_misc":{"Est. reading time":"3 minutes"},"schema":{"@context":"https:\/\/schema.org","@graph":[{"@type":"WebPage","@id":"https:\/\/gis.si\/en\/copernicus\/","url":"https:\/\/gis.si\/en\/copernicus\/","name":"Copernicus - GIS","isPartOf":{"@id":"https:\/\/gis.si\/#website"},"datePublished":"2019-02-28T12:25:14+00:00","dateModified":"2023-03-13T14:15:49+00:00","breadcrumb":{"@id":"https:\/\/gis.si\/en\/copernicus\/#breadcrumb"},"inLanguage":"en-US","potentialAction":[{"@type":"ReadAction","target":["https:\/\/gis.si\/en\/copernicus\/"]}]},{"@type":"BreadcrumbList","@id":"https:\/\/gis.si\/en\/copernicus\/#breadcrumb","itemListElement":[{"@type":"ListItem","position":1,"name":"Home","item":"https:\/\/gis.si\/en\/"},{"@type":"ListItem","position":2,"name":"Copernicus"}]},{"@type":"WebSite","@id":"https:\/\/gis.si\/#website","url":"https:\/\/gis.si\/","name":"GIS","description":"Geodetic Institute of Slovenia","potentialAction":[{"@type":"SearchAction","target":{"@type":"EntryPoint","urlTemplate":"https:\/\/gis.si\/?s={search_term_string}"},"query-input":{"@type":"PropertyValueSpecification","valueRequired":true,"valueName":"search_term_string"}}],"inLanguage":"en-US"}]}},"_links":{"self":[{"href":"https:\/\/gis.si\/en\/wp-json\/wp\/v2\/pages\/2370","targetHints":{"allow":["GET"]}}],"collection":[{"href":"https:\/\/gis.si\/en\/wp-json\/wp\/v2\/pages"}],"about":[{"href":"https:\/\/gis.si\/en\/wp-json\/wp\/v2\/types\/page"}],"author":[{"embeddable":true,"href":"https:\/\/gis.si\/en\/wp-json\/wp\/v2\/users\/1"}],"replies":[{"embeddable":true,"href":"https:\/\/gis.si\/en\/wp-json\/wp\/v2\/comments?post=2370"}],"version-history":[{"count":4,"href":"https:\/\/gis.si\/en\/wp-json\/wp\/v2\/pages\/2370\/revisions"}],"predecessor-version":[{"id":5144,"href":"https:\/\/gis.si\/en\/wp-json\/wp\/v2\/pages\/2370\/revisions\/5144"}],"wp:attachment":[{"href":"https:\/\/gis.si\/en\/wp-json\/wp\/v2\/media?parent=2370"}],"curies":[{"name":"wp","href":"https:\/\/api.w.org\/{rel}","templated":true}]}}