{"id":2751,"date":"2019-04-12T11:31:16","date_gmt":"2019-04-12T10:31:16","guid":{"rendered":"http:\/\/www.gis.si\/?page_id=2751"},"modified":"2023-03-03T11:11:09","modified_gmt":"2023-03-03T10:11:09","slug":"projektna-skupina-1","status":"publish","type":"page","link":"https:\/\/gis.si\/en\/predstavitev-projektov\/v2-1729\/projektna-skupina-1\/","title":{"rendered":"Project group"},"content":{"rendered":"<div class=\"wpb-content-wrapper\">[vc_row css=&#8221;.vc_custom_1555067924030{padding-top: 25px !important;padding-bottom: 25px !important;}&#8221;][vc_column][vc_column_text]<strong>Lead partner<\/strong><\/p>\n<p>Geodetski in\u0161titut Slovenije<\/p>\n<p>Sodelavci na projektu<\/p>\n<table class=\"tabela_s_paddingom\" border=\"0\" cellspacing=\"0\" cellpadding=\"0\">\n<tbody>\n<tr>\n<td>Doc. dr. Mihaela Triglav \u010cekada, vodja<\/td>\n<td><a href=\"https:\/\/www.sicris.si\/public\/jqm\/search_basic.aspx?lang=slv&amp;opdescr=search&amp;opt=2&amp;subopt=1&amp;code1=cmn&amp;code2=auto&amp;search_term=Mihaela%20Triglav%20%C4%8Cekada\">https:\/\/www.sicris.si\/public\/jqm\/search_basic.aspx?lang=slv&amp;opdescr=search&amp;opt=2&amp;subopt=1&amp;code1=cmn&amp;code2=auto&amp;search_term=Mihaela%20Triglav%20%C4%8Cekada<\/a><\/td>\n<\/tr>\n<tr>\n<td>Dr. Dalibor Radovan<\/td>\n<td><a href=\"https:\/\/www.sicris.si\/public\/jqm\/search_basic.aspx?lang=slv&amp;opdescr=search&amp;opt=2&amp;subopt=1&amp;code1=cmn&amp;code2=auto&amp;search_term=libor%20radovan\">https:\/\/www.sicris.si\/public\/jqm\/search_basic.aspx?lang=slv&amp;opdescr=search&amp;opt=2&amp;subopt=1&amp;code1=cmn&amp;code2=auto&amp;search_term=libor%20radovan<\/a><\/td>\n<\/tr>\n<tr>\n<td>Mag. Katja Oven<\/td>\n<td><a href=\"https:\/\/www.sicris.si\/public\/jqm\/search_basic.aspx?lang=slv&amp;opdescr=search&amp;opt=2&amp;subopt=1&amp;code1=cmn&amp;code2=auto&amp;search_term=oven%20katja\">https:\/\/www.sicris.si\/public\/jqm\/search_basic.aspx?lang=slv&amp;opdescr=search&amp;opt=2&amp;subopt=1&amp;code1=cmn&amp;code2=auto&amp;search_term=oven%20katja<\/a><\/td>\n<\/tr>\n<tr>\n<td>Niko Fabiani<\/td>\n<td><a href=\"https:\/\/www.sicris.si\/public\/jqm\/search_basic.aspx?lang=slv&amp;opdescr=search&amp;opt=2&amp;subopt=1&amp;code1=cmn&amp;code2=auto&amp;search_term=fabiani%20niko\">https:\/\/www.sicris.si\/public\/jqm\/search_basic.aspx?lang=slv&amp;opdescr=search&amp;opt=2&amp;subopt=1&amp;code1=cmn&amp;code2=auto&amp;search_term=fabiani%20niko<\/a><\/td>\n<\/tr>\n<tr>\n<td>Klemen Ritlop<\/td>\n<td><a href=\"http:\/\/izumbib.izum.si\/bibliografije\/Y20181008102634-51000.html\">https:\/\/www.sicris.si\/public\/jqm\/search_basic.aspx?lang=slv&amp;opdescr=search&amp;opt=2&amp;subopt=1&amp;code1=cmn&amp;code2=auto&amp;search_term=ritlop%20klemen<\/a><\/td>\n<\/tr>\n<tr>\n<td>Mag. Vasja Bric<\/td>\n<td><a href=\"https:\/\/www.sicris.si\/public\/jqm\/search_basic.aspx?lang=slv&amp;opdescr=search&amp;opt=2&amp;subopt=1&amp;code1=cmn&amp;code2=auto&amp;search_term=vasja%20bric\">https:\/\/www.sicris.si\/public\/jqm\/search_basic.aspx?lang=slv&amp;opdescr=search&amp;opt=2&amp;subopt=1&amp;code1=cmn&amp;code2=auto&amp;search_term=vasja%20bric<\/a><\/td>\n<\/tr>\n<\/tbody>\n<\/table>\n<p><strong>Partner<\/strong><\/p>\n<p>Fakulteta za gradbeni\u0161tvo in geodezijo Univerze v Ljubljani<\/p>\n<p><a href=\"http:\/\/www3.fgg.uni-lj.si\/\">http:\/\/www3.fgg.uni-lj.si\/<\/a><\/p>\n<p>Sodelavci na projektu<\/p>\n<table class=\"tabela_s_paddingom\" border=\"0\" cellspacing=\"0\" cellpadding=\"0\">\n<tbody>\n<tr>\n<td style=\"width: 110px;\">Prof. dr. Bojan Stopar<\/td>\n<td style=\"width: 456px;\"><a href=\"https:\/\/www.sicris.si\/public\/jqm\/search_basic.aspx?lang=slv&amp;opdescr=search&amp;opt=2&amp;subopt=1&amp;code1=cmn&amp;code2=auto&amp;search_term=stopar%20bojan\">https:\/\/www.sicris.si\/public\/jqm\/search_basic.aspx?lang=slv&amp;opdescr=search&amp;opt=2&amp;subopt=1&amp;code1=cmn&amp;code2=auto&amp;search_term=stopar%20bojan<\/a><\/td>\n<\/tr>\n<tr>\n<td style=\"width: 110px;\">Doc. dr. Polona Pavlov\u010di\u010d Pre\u0161eren<\/td>\n<td style=\"width: 456px;\"><a href=\"https:\/\/www.sicris.si\/public\/jqm\/search_basic.aspx?lang=slv&amp;opdescr=search&amp;opt=2&amp;subopt=1&amp;code1=cmn&amp;code2=auto&amp;search_term=pavlov%C4%8Di%C4%8D%20polona\">https:\/\/www.sicris.si\/public\/jqm\/search_basic.aspx?lang=slv&amp;opdescr=search&amp;opt=2&amp;subopt=1&amp;code1=cmn&amp;code2=auto&amp;search_term=pavlov%C4%8Di%C4%8D%20polona<\/a><\/td>\n<\/tr>\n<tr>\n<td style=\"width: 110px;\">Doc. dr. Oskar Sterle<\/td>\n<td style=\"width: 456px;\"><a href=\"https:\/\/www.sicris.si\/public\/jqm\/search_basic.aspx?lang=slv&amp;opdescr=search&amp;opt=2&amp;subopt=1&amp;code1=cmn&amp;code2=auto&amp;search_term=oskar%20sterle\">https:\/\/www.sicris.si\/public\/jqm\/search_basic.aspx?lang=slv&amp;opdescr=search&amp;opt=2&amp;subopt=1&amp;code1=cmn&amp;code2=auto&amp;search_term=oskar%20sterle<\/a><\/td>\n<\/tr>\n<tr>\n<td style=\"width: 110px;\">Doc. dr. Miran Kuhar<\/td>\n<td style=\"width: 456px;\"><a href=\"https:\/\/www.sicris.si\/public\/jqm\/search_basic.aspx?lang=slv&amp;opdescr=search&amp;opt=2&amp;subopt=1&amp;code1=cmn&amp;code2=auto&amp;search_term=miran%20kuhar\">https:\/\/www.sicris.si\/public\/jqm\/search_basic.aspx?lang=slv&amp;opdescr=search&amp;opt=2&amp;subopt=1&amp;code1=cmn&amp;code2=auto&amp;search_term=miran%20kuhar<\/a><\/td>\n<\/tr>\n<\/tbody>\n<\/table>\n[\/vc_column_text][\/vc_column][\/vc_row]\n<\/div>","protected":false},"excerpt":{"rendered":"<p>[vc_row css=&#8221;.vc_custom_1555067924030{padding-top: 25px !important;padding-bottom: 25px !important;}&#8221;][vc_column][vc_column_text]Lead partner Geodetski in\u0161titut Slovenije Sodelavci na projektu Doc. dr. Mihaela Triglav \u010cekada, vodja https:\/\/www.sicris.si\/public\/jqm\/search_basic.aspx?lang=slv&amp;opdescr=search&amp;opt=2&amp;subopt=1&amp;code1=cmn&amp;code2=auto&amp;search_term=Mihaela%20Triglav%20%C4%8Cekada Dr. Dalibor Radovan https:\/\/www.sicris.si\/public\/jqm\/search_basic.aspx?lang=slv&amp;opdescr=search&amp;opt=2&amp;subopt=1&amp;code1=cmn&amp;code2=auto&amp;search_term=libor%20radovan Mag. Katja Oven https:\/\/www.sicris.si\/public\/jqm\/search_basic.aspx?lang=slv&amp;opdescr=search&amp;opt=2&amp;subopt=1&amp;code1=cmn&amp;code2=auto&amp;search_term=oven%20katja Niko Fabiani https:\/\/www.sicris.si\/public\/jqm\/search_basic.aspx?lang=slv&amp;opdescr=search&amp;opt=2&amp;subopt=1&amp;code1=cmn&amp;code2=auto&amp;search_term=fabiani%20niko Klemen Ritlop https:\/\/www.sicris.si\/public\/jqm\/search_basic.aspx?lang=slv&amp;opdescr=search&amp;opt=2&amp;subopt=1&amp;code1=cmn&amp;code2=auto&amp;search_term=ritlop%20klemen Mag. Vasja Bric https:\/\/www.sicris.si\/public\/jqm\/search_basic.aspx?lang=slv&amp;opdescr=search&amp;opt=2&amp;subopt=1&amp;code1=cmn&amp;code2=auto&amp;search_term=vasja%20bric Partner Fakulteta za gradbeni\u0161tvo in geodezijo Univerze v Ljubljani http:\/\/www3.fgg.uni-lj.si\/ Sodelavci na projektu [&hellip;]<\/p>\n","protected":false},"author":1,"featured_media":0,"parent":2744,"menu_order":0,"comment_status":"closed","ping_status":"closed","template":"tpl\/page_fullwidth.php","meta":{"footnotes":""},"class_list":["post-2751","page","type-page","status-publish","hentry"],"yoast_head":"<!-- This site is optimized with the Yoast SEO Premium plugin v22.6 (Yoast SEO v26.9) - https:\/\/yoast.com\/product\/yoast-seo-premium-wordpress\/ -->\n<title>Project group - GIS<\/title>\n<meta name=\"robots\" content=\"index, follow, max-snippet:-1, max-image-preview:large, max-video-preview:-1\" \/>\n<link rel=\"canonical\" href=\"https:\/\/gis.si\/sl\/predstavitev-projektov\/v2-1729\/projektna-skupina\/\" \/>\n<meta property=\"og:locale\" content=\"en_US\" \/>\n<meta property=\"og:type\" content=\"article\" \/>\n<meta property=\"og:title\" content=\"Project group\" \/>\n<meta property=\"og:description\" content=\"[vc_row css=&#8221;.vc_custom_1555067924030{padding-top: 25px !important;padding-bottom: 25px !important;}&#8221;][vc_column][vc_column_text]Lead partner Geodetski in\u0161titut Slovenije Sodelavci na projektu Doc. dr. Mihaela Triglav \u010cekada, vodja https:\/\/www.sicris.si\/public\/jqm\/search_basic.aspx?lang=slv&amp;opdescr=search&amp;opt=2&amp;subopt=1&amp;code1=cmn&amp;code2=auto&amp;search_term=Mihaela%20Triglav%20%C4%8Cekada Dr. Dalibor Radovan https:\/\/www.sicris.si\/public\/jqm\/search_basic.aspx?lang=slv&amp;opdescr=search&amp;opt=2&amp;subopt=1&amp;code1=cmn&amp;code2=auto&amp;search_term=libor%20radovan Mag. Katja Oven https:\/\/www.sicris.si\/public\/jqm\/search_basic.aspx?lang=slv&amp;opdescr=search&amp;opt=2&amp;subopt=1&amp;code1=cmn&amp;code2=auto&amp;search_term=oven%20katja Niko Fabiani https:\/\/www.sicris.si\/public\/jqm\/search_basic.aspx?lang=slv&amp;opdescr=search&amp;opt=2&amp;subopt=1&amp;code1=cmn&amp;code2=auto&amp;search_term=fabiani%20niko Klemen Ritlop https:\/\/www.sicris.si\/public\/jqm\/search_basic.aspx?lang=slv&amp;opdescr=search&amp;opt=2&amp;subopt=1&amp;code1=cmn&amp;code2=auto&amp;search_term=ritlop%20klemen Mag. Vasja Bric https:\/\/www.sicris.si\/public\/jqm\/search_basic.aspx?lang=slv&amp;opdescr=search&amp;opt=2&amp;subopt=1&amp;code1=cmn&amp;code2=auto&amp;search_term=vasja%20bric Partner Fakulteta za gradbeni\u0161tvo in geodezijo Univerze v Ljubljani http:\/\/www3.fgg.uni-lj.si\/ Sodelavci na projektu [&hellip;]\" \/>\n<meta property=\"og:url\" content=\"https:\/\/gis.si\/sl\/predstavitev-projektov\/v2-1729\/projektna-skupina\/\" \/>\n<meta property=\"og:site_name\" content=\"GIS\" \/>\n<meta property=\"article:modified_time\" content=\"2023-03-03T10:11:09+00:00\" \/>\n<meta name=\"twitter:card\" content=\"summary_large_image\" \/>\n<meta name=\"twitter:label1\" content=\"Est. reading time\" \/>\n\t<meta name=\"twitter:data1\" content=\"2 minutes\" \/>\n<script type=\"application\/ld+json\" class=\"yoast-schema-graph\">{\"@context\":\"https:\/\/schema.org\",\"@graph\":[{\"@type\":\"WebPage\",\"@id\":\"https:\/\/gis.si\/sl\/predstavitev-projektov\/v2-1729\/projektna-skupina\/\",\"url\":\"https:\/\/gis.si\/sl\/predstavitev-projektov\/v2-1729\/projektna-skupina\/\",\"name\":\"Project group - GIS\",\"isPartOf\":{\"@id\":\"https:\/\/gis.si\/#website\"},\"datePublished\":\"2019-04-12T10:31:16+00:00\",\"dateModified\":\"2023-03-03T10:11:09+00:00\",\"breadcrumb\":{\"@id\":\"https:\/\/gis.si\/sl\/predstavitev-projektov\/v2-1729\/projektna-skupina\/#breadcrumb\"},\"inLanguage\":\"en-US\",\"potentialAction\":[{\"@type\":\"ReadAction\",\"target\":[\"https:\/\/gis.si\/sl\/predstavitev-projektov\/v2-1729\/projektna-skupina\/\"]}]},{\"@type\":\"BreadcrumbList\",\"@id\":\"https:\/\/gis.si\/sl\/predstavitev-projektov\/v2-1729\/projektna-skupina\/#breadcrumb\",\"itemListElement\":[{\"@type\":\"ListItem\",\"position\":1,\"name\":\"Home\",\"item\":\"https:\/\/gis.si\/en\/\"},{\"@type\":\"ListItem\",\"position\":2,\"name\":\"predstavitev projektov\",\"item\":\"https:\/\/gis.si\/en\/predstavitev-projektov\/\"},{\"@type\":\"ListItem\",\"position\":3,\"name\":\"V2-1729: The increase of reliability of public GNSS network SIGNAL and combined zero order geodetic network\",\"item\":\"https:\/\/gis.si\/en\/predstavitev-projektov\/v2-1729\/\"},{\"@type\":\"ListItem\",\"position\":4,\"name\":\"Project group\"}]},{\"@type\":\"WebSite\",\"@id\":\"https:\/\/gis.si\/#website\",\"url\":\"https:\/\/gis.si\/\",\"name\":\"GIS\",\"description\":\"Geodetic Institute of Slovenia\",\"potentialAction\":[{\"@type\":\"SearchAction\",\"target\":{\"@type\":\"EntryPoint\",\"urlTemplate\":\"https:\/\/gis.si\/?s={search_term_string}\"},\"query-input\":{\"@type\":\"PropertyValueSpecification\",\"valueRequired\":true,\"valueName\":\"search_term_string\"}}],\"inLanguage\":\"en-US\"}]}<\/script>\n<!-- \/ Yoast SEO Premium plugin. -->","yoast_head_json":{"title":"Project group - GIS","robots":{"index":"index","follow":"follow","max-snippet":"max-snippet:-1","max-image-preview":"max-image-preview:large","max-video-preview":"max-video-preview:-1"},"canonical":"https:\/\/gis.si\/sl\/predstavitev-projektov\/v2-1729\/projektna-skupina\/","og_locale":"en_US","og_type":"article","og_title":"Project group","og_description":"[vc_row css=&#8221;.vc_custom_1555067924030{padding-top: 25px !important;padding-bottom: 25px !important;}&#8221;][vc_column][vc_column_text]Lead partner Geodetski in\u0161titut Slovenije Sodelavci na projektu Doc. dr. Mihaela Triglav \u010cekada, vodja https:\/\/www.sicris.si\/public\/jqm\/search_basic.aspx?lang=slv&amp;opdescr=search&amp;opt=2&amp;subopt=1&amp;code1=cmn&amp;code2=auto&amp;search_term=Mihaela%20Triglav%20%C4%8Cekada Dr. Dalibor Radovan https:\/\/www.sicris.si\/public\/jqm\/search_basic.aspx?lang=slv&amp;opdescr=search&amp;opt=2&amp;subopt=1&amp;code1=cmn&amp;code2=auto&amp;search_term=libor%20radovan Mag. Katja Oven https:\/\/www.sicris.si\/public\/jqm\/search_basic.aspx?lang=slv&amp;opdescr=search&amp;opt=2&amp;subopt=1&amp;code1=cmn&amp;code2=auto&amp;search_term=oven%20katja Niko Fabiani https:\/\/www.sicris.si\/public\/jqm\/search_basic.aspx?lang=slv&amp;opdescr=search&amp;opt=2&amp;subopt=1&amp;code1=cmn&amp;code2=auto&amp;search_term=fabiani%20niko Klemen Ritlop https:\/\/www.sicris.si\/public\/jqm\/search_basic.aspx?lang=slv&amp;opdescr=search&amp;opt=2&amp;subopt=1&amp;code1=cmn&amp;code2=auto&amp;search_term=ritlop%20klemen Mag. Vasja Bric https:\/\/www.sicris.si\/public\/jqm\/search_basic.aspx?lang=slv&amp;opdescr=search&amp;opt=2&amp;subopt=1&amp;code1=cmn&amp;code2=auto&amp;search_term=vasja%20bric Partner Fakulteta za gradbeni\u0161tvo in geodezijo Univerze v Ljubljani http:\/\/www3.fgg.uni-lj.si\/ Sodelavci na projektu [&hellip;]","og_url":"https:\/\/gis.si\/sl\/predstavitev-projektov\/v2-1729\/projektna-skupina\/","og_site_name":"GIS","article_modified_time":"2023-03-03T10:11:09+00:00","twitter_card":"summary_large_image","twitter_misc":{"Est. reading time":"2 minutes"},"schema":{"@context":"https:\/\/schema.org","@graph":[{"@type":"WebPage","@id":"https:\/\/gis.si\/sl\/predstavitev-projektov\/v2-1729\/projektna-skupina\/","url":"https:\/\/gis.si\/sl\/predstavitev-projektov\/v2-1729\/projektna-skupina\/","name":"Project group - GIS","isPartOf":{"@id":"https:\/\/gis.si\/#website"},"datePublished":"2019-04-12T10:31:16+00:00","dateModified":"2023-03-03T10:11:09+00:00","breadcrumb":{"@id":"https:\/\/gis.si\/sl\/predstavitev-projektov\/v2-1729\/projektna-skupina\/#breadcrumb"},"inLanguage":"en-US","potentialAction":[{"@type":"ReadAction","target":["https:\/\/gis.si\/sl\/predstavitev-projektov\/v2-1729\/projektna-skupina\/"]}]},{"@type":"BreadcrumbList","@id":"https:\/\/gis.si\/sl\/predstavitev-projektov\/v2-1729\/projektna-skupina\/#breadcrumb","itemListElement":[{"@type":"ListItem","position":1,"name":"Home","item":"https:\/\/gis.si\/en\/"},{"@type":"ListItem","position":2,"name":"predstavitev projektov","item":"https:\/\/gis.si\/en\/predstavitev-projektov\/"},{"@type":"ListItem","position":3,"name":"V2-1729: The increase of reliability of public GNSS network SIGNAL and combined zero order geodetic network","item":"https:\/\/gis.si\/en\/predstavitev-projektov\/v2-1729\/"},{"@type":"ListItem","position":4,"name":"Project group"}]},{"@type":"WebSite","@id":"https:\/\/gis.si\/#website","url":"https:\/\/gis.si\/","name":"GIS","description":"Geodetic Institute of Slovenia","potentialAction":[{"@type":"SearchAction","target":{"@type":"EntryPoint","urlTemplate":"https:\/\/gis.si\/?s={search_term_string}"},"query-input":{"@type":"PropertyValueSpecification","valueRequired":true,"valueName":"search_term_string"}}],"inLanguage":"en-US"}]}},"_links":{"self":[{"href":"https:\/\/gis.si\/en\/wp-json\/wp\/v2\/pages\/2751","targetHints":{"allow":["GET"]}}],"collection":[{"href":"https:\/\/gis.si\/en\/wp-json\/wp\/v2\/pages"}],"about":[{"href":"https:\/\/gis.si\/en\/wp-json\/wp\/v2\/types\/page"}],"author":[{"embeddable":true,"href":"https:\/\/gis.si\/en\/wp-json\/wp\/v2\/users\/1"}],"replies":[{"embeddable":true,"href":"https:\/\/gis.si\/en\/wp-json\/wp\/v2\/comments?post=2751"}],"version-history":[{"count":7,"href":"https:\/\/gis.si\/en\/wp-json\/wp\/v2\/pages\/2751\/revisions"}],"predecessor-version":[{"id":3260,"href":"https:\/\/gis.si\/en\/wp-json\/wp\/v2\/pages\/2751\/revisions\/3260"}],"up":[{"embeddable":true,"href":"https:\/\/gis.si\/en\/wp-json\/wp\/v2\/pages\/2744"}],"wp:attachment":[{"href":"https:\/\/gis.si\/en\/wp-json\/wp\/v2\/media?parent=2751"}],"curies":[{"name":"wp","href":"https:\/\/api.w.org\/{rel}","templated":true}]}}