{"id":3478,"date":"2019-11-15T12:30:31","date_gmt":"2019-11-15T11:30:31","guid":{"rendered":"http:\/\/www.gis.si\/research-projects\/sl-predstavitev-projektov-v2-1924\/rezultati\/"},"modified":"2023-03-03T11:11:10","modified_gmt":"2023-03-03T10:11:10","slug":"rezultati","status":"publish","type":"page","link":"https:\/\/gis.si\/en\/research-projects\/sl-predstavitev-projektov-v2-1924\/rezultati\/","title":{"rendered":"Results"},"content":{"rendered":"<div class=\"wpb-content-wrapper\">[vc_row][vc_column][vc_column_text]\n<p><strong>Most important scientific results of the project group<\/strong><\/p>\n<ul>\n<li>Triglav \u010cekada, M., Maver, R., Kogoj, D. (2022). <strong><em>Preservation of national trigonometric networks in the areas of Meni\u0161ija and \u017du\u017eemberk<\/em><\/strong>. V: <em>Raziskave s podro\u010dja geodezije in geofizike 2021 : zbornik del : 27. sre\u010danje Slovenskega zdru\u017eenja za geodezijo in geofiziko, Ljubljana, 27. januar 2022<\/em>. Elektronska izd. Ljubljana: Slovensko zdru\u017eenje za geodezijo in geofiziko. str. 109-116, ISBN 978-961-95299-2-8. <a href=\"http:\/\/fgg-web.fgg.uni-lj.si\/SUGG\/referati\/2022\/SZGG_2022_TriglavCekada_Maver_Kogoj.pdf\">http:\/\/fgg-web.fgg.uni-lj.si\/SUGG\/referati\/2022\/SZGG_2022_TriglavCekada_Maver_Kogoj.pdf<\/a>. [COBISS.SI-ID <a href=\"https:\/\/plus.si.cobiss.net\/opac7\/bib\/95648003?lang=sl\">95648003<\/a>]<\/li>\n<\/ul>\n<p>We present a study on the preservation rate of geodetic marks in national trigonometric networks. We examined the situation in the forested area of Meni\u0161ija and in the area of \u017du\u017eemberk, which we divided into forested and rural parts. In the Meni\u0161ija area, 27 trigonometric point locations were checked in the field, and in the \u017du\u017eemberk area, 92 trigonometric point locations were checked. The percentage of preserved trigonometric points of II, III and IV order and of photogrammetric reflection points (VIII order) was checked. We found that the proportion of preserved trigonometric marks is 78% in the Meni\u0161ija area and 71% in the forested part of the \u017du\u017eemberk area, while in the rural part of the \u017du\u017eemberk area the proportion is lower, i.e. 46%.<\/p>\n<p><strong>Most important socio-economic results of the project group<\/strong><\/p>\n<ul>\n<li>Triglav \u010cekada, M., Oven, K., Radovan, D., Stopar, B., Koler, B., Kogoj, D., Kuhar, M., Lisec, A., Sterle, O., Re\u017eek, J. (2021). <em><strong>Permanent geodetic marks as the basis for surveying profession<\/strong>.<\/em> <em>Geodetski vestnik,<\/em> 65 (2), pp. 298-309, <a href=\"http:\/\/www.geodetski-vestnik.com\/65\/2\/gv65-2_cekada.pdf\">http:\/\/www.geodetski-vestnik.com\/65\/2\/gv65-2_cekada.pdf<\/a>, [COBISS.SI-ID <a href=\"https:\/\/plus.si.cobiss.net\/opac7\/bib\/70815235?lang=sl\">70815235<\/a>]<\/li>\n<\/ul>\n<p>This paper presents the results of the targeted research project V2-1924: &#8220;Permanent geodetic marks as a basis for the high-quality performance of the geodetic profession&#8221;, in which we studied permanent geodetic marks from the period of classical geodetic surveying. In order to identify interesting geodetic marks, we interviewed seven experienced professionals. A sample collection of significant geodetic marks was compiled in which the proposals were evaluated in relation to all three of the above-mentioned meanings.<\/p>\n<ul>\n<li>Medved, K., Berk, S., Re\u017eek, J., Fabiani, N., Triglav \u010cekada, M., Koler, B., Urban\u010di\u010d, T., Ritlop, K., Kuhar, M., Pavlov\u010di\u010d Pre\u0161eren, P., Sterle, O., Stopar, B. (2021). <strong><em>National Report of Slovenia to the EUREF 2021 Symposium in Ljubljana<\/em><\/strong>. V:\u00a0<em>Report on the Symposium of the IAG Subcommission for Europe (EUREF) held online from Ljubljana, Slovenia, 26 -28 May 2021<\/em>. Ljubljana, 1-5, \u00a0<a href=\"http:\/\/www.euref.eu\/symposia\/2021Online-from-Ljubljana\/04-23-p-Slovenia.pdf\">http:\/\/www.euref.eu\/symposia\/2021Online-from-Ljubljana\/04-23-p-Slovenia.pdf<\/a>. [COBISS.SI-ID\u00a0<a href=\"https:\/\/plus.si.cobiss.net\/opac7\/bib\/112839939?lang=sl\">112839939<\/a>]<\/li>\n<\/ul>\n<p>The results of the project were also mentioned in the scope of the description of all the works carried out in 2021 in the field of the basic geosystem.<\/p>\n<ul>\n<li>The descrition of project in <em><strong>EuroSDR Annual Report 2020<\/strong><\/em>, pp. 17-18., <a href=\"http:\/\/www.eurosdr.net\/sites\/default\/files\/uploaded_files\/eurosdr_annual_report_2020.pdf\">http:\/\/www.eurosdr.net\/sites\/default\/files\/uploaded_files\/eurosdr_annual_report_2020.pdf<\/a><\/li>\n<\/ul>\n<p>The results of the project are presented in the EuroSDR publication, which promotes knowledge transfer between research and educational institutions and European surveying and\/or mapping administrations.<\/p>\n<ul>\n<li>Triglav \u010cekada, M., Jenko, M. (2020). <em><strong>Types of trigonometric points in Slovenia<\/strong><\/em>. <em>Geodetski vestnik<\/em>, ISSN 0351-0271, 64 (4), pp. 469-488, <a href=\"http:\/\/www.geodetski-vestnik.com\/64\/4\/gv64-4_cekada.pdf\">http:\/\/www.geodetski-vestnik.com\/64\/4\/gv64-4_cekada.pdf<\/a>, doi: <a href=\"http:\/\/geodetski-vestnik.com\/64\/4\/gv64-4_cekada.pdf\">10.15292\/geodetski-vestnik.2020.04.469-488<\/a>. [COBISS.SI-ID <a href=\"https:\/\/plus.si.cobiss.net\/opac7\/bib\/45076227\">45076227<\/a>]<\/li>\n<\/ul>\n<p>In this paper, the historical development context of the trigonometric network point types in Slovenia from 1810 onwards is presented. Examples of different trigonometric point types still seen in the field are shown, with regard to the institution that carried out the field marking of the specific state trigonometric network. The city trigonometric network of Ljubljana, which was established in 1955\u20131956, is also presented. Furthermore, triangulation and comparator bases are mentioned as well, which remain marked with permanent pillars. As examples of the oldest still-standing trigonometric points, the following are mentioned: 303 Veliki Javornik (2nd order) with the engraved year 1823 and 329 Limberk (2nd order) with the engraved year 1903.<\/p>\n<ul>\n<li>Kuhar, M., Vre\u010da, P., Zupan\u010di\u010d, P., \u010cop, R., \u0160raj, M., Li\u010der, M., Skok, G., Stopar, B., \u010carman, M., Triglav \u010cekada, M., 2020: <strong><em> sre\u010danje Slovenskega zdru\u017eenja za geodezijo in geofiziko<\/em><\/strong>, Ljubljana, 30. januar 2020<em>. Raziskave s podro\u010dja geodezije in geofizike 2019 : zbornik del<\/em>. Ljubljana: Fakulteta za gradbeni\u0161tvo in geodezijo, 146 str. [COBISS.SI-ID <a href=\"https:\/\/plus.si.cobiss.net\/opac7\/bib\/303479552?lang=sl\">303479552<\/a>]<\/li>\n<\/ul>\n<p>Participants of this project Miran Kuhar (FGG), Bojan Stopar (FGG) and Mihaela Triglav \u010cekada (GI) participated as the editors on the 25th meeting of the Slovenian Association for Geodesy and Geophysics (SZGG), which took place on 30 January 2020 at the Faculty of Civil Engineering and Geodesy of the University of Ljubljana. Miran Kuhar (FGG) was the main organizer of the conference and the main editor of the conference proceedings. With the organization of the SZGG conference, we are expanding the innovations from the geodesy among other professions participating in this conference. These are meteorologists, hydrologists, geographers and others.<\/p>\n<p>\u00a0<\/p>\n[\/vc_column_text][\/vc_column][\/vc_row]\n<\/div>","protected":false},"excerpt":{"rendered":"<p>[vc_row][vc_column][vc_column_text] Most important scientific results of the project group Triglav \u010cekada, M., Maver, R., Kogoj, D. (2022). Preservation of national trigonometric networks in the areas of Meni\u0161ija and \u017du\u017eemberk. V: Raziskave s podro\u010dja geodezije in geofizike 2021 : zbornik del : 27. sre\u010danje Slovenskega zdru\u017eenja za geodezijo in geofiziko, Ljubljana, 27. [&hellip;]<\/p>\n","protected":false},"author":2,"featured_media":0,"parent":3453,"menu_order":0,"comment_status":"closed","ping_status":"closed","template":"tpl\/page_fullwidth.php","meta":{"footnotes":""},"class_list":["post-3478","page","type-page","status-publish","hentry"],"yoast_head":"<!-- This site is optimized with the Yoast SEO Premium plugin v22.6 (Yoast SEO v26.9) - https:\/\/yoast.com\/product\/yoast-seo-premium-wordpress\/ -->\n<title>Results - GIS<\/title>\n<meta name=\"robots\" content=\"index, follow, max-snippet:-1, max-image-preview:large, max-video-preview:-1\" \/>\n<link rel=\"canonical\" href=\"https:\/\/gis.si\/en\/research-projects\/sl-predstavitev-projektov-v2-1924\/rezultati\/\" \/>\n<meta property=\"og:locale\" content=\"en_US\" \/>\n<meta property=\"og:type\" content=\"article\" \/>\n<meta property=\"og:title\" content=\"Results\" \/>\n<meta property=\"og:description\" content=\"[vc_row][vc_column][vc_column_text] Most important scientific results of the project group Triglav \u010cekada, M., Maver, R., Kogoj, D. (2022). Preservation of national trigonometric networks in the areas of Meni\u0161ija and \u017du\u017eemberk. V: Raziskave s podro\u010dja geodezije in geofizike 2021 : zbornik del : 27. sre\u010danje Slovenskega zdru\u017eenja za geodezijo in geofiziko, Ljubljana, 27. [&hellip;]\" \/>\n<meta property=\"og:url\" content=\"https:\/\/gis.si\/en\/research-projects\/sl-predstavitev-projektov-v2-1924\/rezultati\/\" \/>\n<meta property=\"og:site_name\" content=\"GIS\" \/>\n<meta property=\"article:modified_time\" content=\"2023-03-03T10:11:10+00:00\" \/>\n<meta name=\"twitter:card\" content=\"summary_large_image\" \/>\n<meta name=\"twitter:label1\" content=\"Est. reading time\" \/>\n\t<meta name=\"twitter:data1\" content=\"4 minutes\" \/>\n<script type=\"application\/ld+json\" class=\"yoast-schema-graph\">{\"@context\":\"https:\/\/schema.org\",\"@graph\":[{\"@type\":\"WebPage\",\"@id\":\"https:\/\/gis.si\/en\/research-projects\/sl-predstavitev-projektov-v2-1924\/rezultati\/\",\"url\":\"https:\/\/gis.si\/en\/research-projects\/sl-predstavitev-projektov-v2-1924\/rezultati\/\",\"name\":\"Results - GIS\",\"isPartOf\":{\"@id\":\"https:\/\/gis.si\/#website\"},\"datePublished\":\"2019-11-15T11:30:31+00:00\",\"dateModified\":\"2023-03-03T10:11:10+00:00\",\"breadcrumb\":{\"@id\":\"https:\/\/gis.si\/en\/research-projects\/sl-predstavitev-projektov-v2-1924\/rezultati\/#breadcrumb\"},\"inLanguage\":\"en-US\",\"potentialAction\":[{\"@type\":\"ReadAction\",\"target\":[\"https:\/\/gis.si\/en\/research-projects\/sl-predstavitev-projektov-v2-1924\/rezultati\/\"]}]},{\"@type\":\"BreadcrumbList\",\"@id\":\"https:\/\/gis.si\/en\/research-projects\/sl-predstavitev-projektov-v2-1924\/rezultati\/#breadcrumb\",\"itemListElement\":[{\"@type\":\"ListItem\",\"position\":1,\"name\":\"Home\",\"item\":\"https:\/\/gis.si\/en\/\"},{\"@type\":\"ListItem\",\"position\":2,\"name\":\"Research projects\",\"item\":\"https:\/\/gis.si\/en\/research-projects\/\"},{\"@type\":\"ListItem\",\"position\":3,\"name\":\"V2-1924: Permanent geodetic marks as a basis for the high-quality performance of the geodetic profession\",\"item\":\"https:\/\/gis.si\/en\/research-projects\/sl-predstavitev-projektov-v2-1924\/\"},{\"@type\":\"ListItem\",\"position\":4,\"name\":\"Results\"}]},{\"@type\":\"WebSite\",\"@id\":\"https:\/\/gis.si\/#website\",\"url\":\"https:\/\/gis.si\/\",\"name\":\"GIS\",\"description\":\"Geodetic Institute of Slovenia\",\"potentialAction\":[{\"@type\":\"SearchAction\",\"target\":{\"@type\":\"EntryPoint\",\"urlTemplate\":\"https:\/\/gis.si\/?s={search_term_string}\"},\"query-input\":{\"@type\":\"PropertyValueSpecification\",\"valueRequired\":true,\"valueName\":\"search_term_string\"}}],\"inLanguage\":\"en-US\"}]}<\/script>\n<!-- \/ Yoast SEO Premium plugin. -->","yoast_head_json":{"title":"Results - GIS","robots":{"index":"index","follow":"follow","max-snippet":"max-snippet:-1","max-image-preview":"max-image-preview:large","max-video-preview":"max-video-preview:-1"},"canonical":"https:\/\/gis.si\/en\/research-projects\/sl-predstavitev-projektov-v2-1924\/rezultati\/","og_locale":"en_US","og_type":"article","og_title":"Results","og_description":"[vc_row][vc_column][vc_column_text] Most important scientific results of the project group Triglav \u010cekada, M., Maver, R., Kogoj, D. (2022). Preservation of national trigonometric networks in the areas of Meni\u0161ija and \u017du\u017eemberk. V: Raziskave s podro\u010dja geodezije in geofizike 2021 : zbornik del : 27. sre\u010danje Slovenskega zdru\u017eenja za geodezijo in geofiziko, Ljubljana, 27. [&hellip;]","og_url":"https:\/\/gis.si\/en\/research-projects\/sl-predstavitev-projektov-v2-1924\/rezultati\/","og_site_name":"GIS","article_modified_time":"2023-03-03T10:11:10+00:00","twitter_card":"summary_large_image","twitter_misc":{"Est. reading time":"4 minutes"},"schema":{"@context":"https:\/\/schema.org","@graph":[{"@type":"WebPage","@id":"https:\/\/gis.si\/en\/research-projects\/sl-predstavitev-projektov-v2-1924\/rezultati\/","url":"https:\/\/gis.si\/en\/research-projects\/sl-predstavitev-projektov-v2-1924\/rezultati\/","name":"Results - GIS","isPartOf":{"@id":"https:\/\/gis.si\/#website"},"datePublished":"2019-11-15T11:30:31+00:00","dateModified":"2023-03-03T10:11:10+00:00","breadcrumb":{"@id":"https:\/\/gis.si\/en\/research-projects\/sl-predstavitev-projektov-v2-1924\/rezultati\/#breadcrumb"},"inLanguage":"en-US","potentialAction":[{"@type":"ReadAction","target":["https:\/\/gis.si\/en\/research-projects\/sl-predstavitev-projektov-v2-1924\/rezultati\/"]}]},{"@type":"BreadcrumbList","@id":"https:\/\/gis.si\/en\/research-projects\/sl-predstavitev-projektov-v2-1924\/rezultati\/#breadcrumb","itemListElement":[{"@type":"ListItem","position":1,"name":"Home","item":"https:\/\/gis.si\/en\/"},{"@type":"ListItem","position":2,"name":"Research projects","item":"https:\/\/gis.si\/en\/research-projects\/"},{"@type":"ListItem","position":3,"name":"V2-1924: Permanent geodetic marks as a basis for the high-quality performance of the geodetic profession","item":"https:\/\/gis.si\/en\/research-projects\/sl-predstavitev-projektov-v2-1924\/"},{"@type":"ListItem","position":4,"name":"Results"}]},{"@type":"WebSite","@id":"https:\/\/gis.si\/#website","url":"https:\/\/gis.si\/","name":"GIS","description":"Geodetic Institute of Slovenia","potentialAction":[{"@type":"SearchAction","target":{"@type":"EntryPoint","urlTemplate":"https:\/\/gis.si\/?s={search_term_string}"},"query-input":{"@type":"PropertyValueSpecification","valueRequired":true,"valueName":"search_term_string"}}],"inLanguage":"en-US"}]}},"_links":{"self":[{"href":"https:\/\/gis.si\/en\/wp-json\/wp\/v2\/pages\/3478","targetHints":{"allow":["GET"]}}],"collection":[{"href":"https:\/\/gis.si\/en\/wp-json\/wp\/v2\/pages"}],"about":[{"href":"https:\/\/gis.si\/en\/wp-json\/wp\/v2\/types\/page"}],"author":[{"embeddable":true,"href":"https:\/\/gis.si\/en\/wp-json\/wp\/v2\/users\/2"}],"replies":[{"embeddable":true,"href":"https:\/\/gis.si\/en\/wp-json\/wp\/v2\/comments?post=3478"}],"version-history":[{"count":12,"href":"https:\/\/gis.si\/en\/wp-json\/wp\/v2\/pages\/3478\/revisions"}],"predecessor-version":[{"id":4869,"href":"https:\/\/gis.si\/en\/wp-json\/wp\/v2\/pages\/3478\/revisions\/4869"}],"up":[{"embeddable":true,"href":"https:\/\/gis.si\/en\/wp-json\/wp\/v2\/pages\/3453"}],"wp:attachment":[{"href":"https:\/\/gis.si\/en\/wp-json\/wp\/v2\/media?parent=3478"}],"curies":[{"name":"wp","href":"https:\/\/api.w.org\/{rel}","templated":true}]}}