{"id":3509,"date":"2019-11-15T12:07:42","date_gmt":"2019-11-15T11:07:42","guid":{"rendered":"http:\/\/www.gis.si\/research-projects\/sl-predstavitev-projektov-v2-1924\/projektna-skupina-2\/"},"modified":"2023-03-03T11:11:10","modified_gmt":"2023-03-03T10:11:10","slug":"projektna-skupina-2","status":"publish","type":"page","link":"https:\/\/gis.si\/en\/research-projects\/sl-predstavitev-projektov-v2-1924\/projektna-skupina-2\/","title":{"rendered":"Project group"},"content":{"rendered":"<div class=\"wpb-content-wrapper\">[vc_row][vc_column][vc_column_text]\n\n\n<p><strong>Lead partner<\/strong><\/p>\n\n\n\n<p>Geodetic Institute of Slovenia<\/p>\n\n\n\n<div class=\"table-responsive wprt_style_display\">\n<table class=\"tabela_s_paddingom table table-bordered\" style=\"width: 811px; height: 342px;\" border=\"0\" cellspacing=\"0\" cellpadding=\"0\">\n<tbody>\n<tr style=\"height: 64px;\">\n<td style=\"width: 240.283px; text-align: left; height: 64px;\">Assist. Prof. Dr. Mihaela Triglav \u010cekada, Leader<\/td>\n<td style=\"width: 568.717px; text-align: left; height: 64px;\"><a href=\"https:\/\/www.sicris.si\/public\/jqm\/search_basic.aspx?lang=slv&amp;opdescr=search&amp;opt=2&amp;subopt=1&amp;code1=cmn&amp;code2=auto&amp;search_term=Mihaela%20Triglav%20%C4%8Cekada\">https:\/\/www.sicris.si\/public\/jqm\/search_basic.aspx?lang=slv&amp;opt=2&amp;subopt=1&amp;opdescr=search&amp;code1=cmn&amp;code2=auto&amp;search_term=Mihaela%20Triglav%20%C4%8Cekadal<\/a><\/td>\n<\/tr>\n<tr style=\"height: 64px;\">\n<td style=\"width: 240.283px; text-align: left; height: 64px;\">MSc. Katja Oven<\/td>\n<td style=\"text-align: left; width: 568.717px; height: 64px;\"><a href=\"https:\/\/www.sicris.si\/public\/jqm\/search_basic.aspx?lang=slv&amp;opdescr=search&amp;opt=2&amp;subopt=1&amp;code1=cmn&amp;code2=auto&amp;search_term=oven%20katja\">https:\/\/www.sicris.si\/public\/jqm\/search_basic.aspx?lang=slv&amp;opdescr=search&amp;opt=2&amp;subopt=1&amp;code1=cmn&amp;code2=auto&amp;search_term=oven%20katja<\/a><\/td>\n<\/tr>\n<tr style=\"height: 64px;\">\n<td style=\"width: 240.283px; text-align: left; height: 64px;\">Niko Fabiani<\/td>\n<td style=\"text-align: left; width: 568.717px; height: 64px;\"><a href=\"https:\/\/www.sicris.si\/public\/jqm\/search_basic.aspx?lang=slv&amp;opdescr=search&amp;opt=2&amp;subopt=1&amp;code1=cmn&amp;code2=auto&amp;search_term=fabiani%20niko\">https:\/\/www.sicris.si\/public\/jqm\/search_basic.aspx?lang=slv&amp;opdescr=search&amp;opt=2&amp;subopt=1&amp;code1=cmn&amp;code2=auto&amp;search_term=fabiani%20niko<\/a><\/td>\n<\/tr>\n<tr style=\"height: 64px;\">\n<td style=\"width: 240.283px; text-align: left; height: 64px;\">Klemen Ritlop<\/td>\n<td style=\"text-align: left; width: 568.717px; height: 64px;\"><a href=\"https:\/\/www.sicris.si\/public\/jqm\/search_basic.aspx?lang=slv&amp;opdescr=search&amp;opt=2&amp;subopt=1&amp;code1=cmn&amp;code2=auto&amp;search_term=ritlop%20klemen\">https:\/\/www.sicris.si\/public\/jqm\/search_basic.aspx?lang=slv&amp;opdescr=search&amp;opt=2&amp;subopt=1&amp;code1=cmn&amp;code2=auto&amp;search_term=ritlop%20klemen<\/a><\/td>\n<\/tr>\n<tr style=\"height: 22px;\">\n<td style=\"width: 240.283px; text-align: left; height: 22px;\">MSc. Vasja Bric<\/td>\n<td style=\"text-align: left; width: 568.717px; height: 22px;\"><a href=\"https:\/\/www.sicris.si\/public\/jqm\/search_basic.aspx?lang=slv&amp;opt=2&amp;subopt=1&amp;opdescr=search&amp;code1=cmn&amp;code2=auto&amp;search_term=Vasja%20Bric\">http:\/\/izumbib.izum.si\/bibliografije\/Y20181008102558-39786.html<\/a><\/td>\n<\/tr>\n<tr style=\"height: 64px;\">\n<td style=\"width: 240.283px; text-align: left; height: 64px;\">Dr. Dalibor Radovan<\/td>\n<td style=\"text-align: left; width: 568.717px; height: 64px;\"><a href=\"https:\/\/www.sicris.si\/public\/jqm\/search_basic.aspx?lang=slv&amp;opdescr=search&amp;opt=2&amp;subopt=1&amp;code1=cmn&amp;code2=auto&amp;search_term=libor%20radovan\">https:\/\/www.sicris.si\/public\/jqm\/search_basic.aspx?lang=slv&amp;opdescr=search&amp;opt=2&amp;subopt=1&amp;code1=cmn&amp;code2=auto&amp;search_term=libor%20radovan<\/a><\/td>\n<\/tr>\n<\/tbody>\n<\/table>\n<\/div>\n\n\n\n<p><strong>Partner<\/strong><\/p>\n\n\n\n<p>Faculty of Civil and Geodetic Engineering, University of Ljubljana<\/p>\n\n\n\n<p><a href=\"https:\/\/www.fgg.uni-lj.si\/\">https:\/www.fgg.uni-lj.si\/<\/a><\/p>\n\n\n\n<div class=\"table-responsive wprt_style_display\">\n<table class=\"tabela_s_paddingom table table-bordered\" style=\"width: 819px;\" border=\"0\" cellspacing=\"0\" cellpadding=\"0\">\n<tbody>\n<tr>\n<td style=\"width: 248.083px; text-align: left;\">Prof. dr. Bojan Stopar<\/td>\n<td style=\"width: 568.917px; text-align: left;\"><a href=\"https:\/\/www.sicris.si\/public\/jqm\/search_basic.aspx?lang=slv&amp;opdescr=search&amp;opt=2&amp;subopt=1&amp;code1=cmn&amp;code2=auto&amp;search_term=stopar%20bojan\">https:\/\/www.sicris.si\/public\/jqm\/search_basic.aspx?lang=slv&amp;opdescr=search&amp;opt=2&amp;subopt=1&amp;code1=cmn&amp;code2=auto&amp;search_term=stopar%20bojan<\/a><\/td>\n<\/tr>\n<tr>\n<td style=\"width: 248.083px; text-align: left;\">Assist. Prof. Dr. Miran Kuhar<\/td>\n<td style=\"width: 568.917px; text-align: left;\"><a href=\"https:\/\/www.sicris.si\/public\/jqm\/search_basic.aspx?lang=slv&amp;opdescr=search&amp;opt=2&amp;subopt=1&amp;code1=cmn&amp;code2=auto&amp;search_term=miran%20kuhar\">https:\/\/www.sicris.si\/public\/jqm\/search_basic.aspx?lang=slv&amp;opdescr=search&amp;opt=2&amp;subopt=1&amp;code1=cmn&amp;code2=auto&amp;search_term=miran%20kuhar<\/a><\/td>\n<\/tr>\n<tr>\n<td style=\"width: 248.083px; text-align: left;\">Assist. Prof. Dr. Polona Pavlov\u010di\u010d Pre\u0161eren<\/td>\n<td style=\"width: 568.917px; text-align: left;\"><a href=\"https:\/\/www.sicris.si\/public\/jqm\/search_basic.aspx?lang=slv&amp;opdescr=search&amp;opt=2&amp;subopt=1&amp;code1=cmn&amp;code2=auto&amp;search_term=pavlov%C4%8Di%C4%8D%20polona\">https:\/\/www.sicris.si\/public\/jqm\/search_basic.aspx?lang=slv&amp;opdescr=search&amp;opt=2&amp;subopt=1&amp;code1=cmn&amp;code2=auto&amp;search_term=pavlov%C4%8Di%C4%8D%20polona<\/a><\/td>\n<\/tr>\n<tr>\n<td style=\"width: 248.083px; text-align: left;\">Assist. Prof. Dr. Oskar Sterle<\/td>\n<td style=\"width: 568.917px; text-align: left;\"><a href=\"https:\/\/www.sicris.si\/public\/jqm\/search_basic.aspx?lang=slv&amp;opdescr=search&amp;opt=2&amp;subopt=1&amp;code1=cmn&amp;code2=auto&amp;search_term=oskar%20sterle\">https:\/\/www.sicris.si\/public\/jqm\/search_basic.aspx?lang=slv&amp;opdescr=search&amp;opt=2&amp;subopt=1&amp;code1=cmn&amp;code2=auto&amp;search_term=oskar%20sterle<\/a><\/td>\n<\/tr>\n<tr>\n<td style=\"width: 248.083px; text-align: left;\">Assist. Prof. Dr. Bo\u017eo Koler<\/td>\n<td style=\"width: 568.917px; text-align: left;\"><a href=\"https:\/\/www.sicris.si\/public\/jqm\/search_basic.aspx?lang=slv&amp;opdescr=search&amp;opt=2&amp;subopt=1&amp;code1=cmn&amp;code2=auto&amp;search_term=Bo%C5%BEo%20Koler\">https:\/\/www.sicris.si\/public\/jqm\/search_basic.aspx?lang=slv&amp;opdescr=search&amp;opt=2&amp;subopt=1&amp;code1=cmn&amp;code2=auto&amp;search_term=Bo%C5%BEo%20Koler<\/a><\/td>\n<\/tr>\n<tr>\n<td style=\"width: 248.083px; text-align: left;\">Assoc. Prof. Dr. Du\u0161an Kogoj<\/td>\n<td style=\"width: 568.917px; text-align: left;\"><a href=\"https:\/\/www.sicris.si\/public\/jqm\/search_basic.aspx?lang=slv&amp;opt=2&amp;subopt=1&amp;opdescr=search&amp;code1=cmn&amp;code2=auto&amp;search_term=Du%C5%A1an%20Kogoj\">https:\/\/www.sicris.si\/public\/jqm\/search_basic.aspx?lang=slv&amp;opt=2&amp;subopt=1&amp;opdescr=search&amp;code1=cmn&amp;code2=auto&amp;search_term=Du%C5%A1an%20Kogoj<\/a><\/td>\n<\/tr>\n<tr>\n<td style=\"width: 248.083px; text-align: left;\">Assoc. Prof. Dr. Toma\u017e Ambro\u017ei\u010d<\/td>\n<td style=\"width: 568.917px; text-align: left;\"><a href=\"https:\/\/www.sicris.si\/public\/jqm\/search_basic.aspx?lang=slv&amp;opt=2&amp;subopt=1&amp;opdescr=search&amp;code1=cmn&amp;code2=auto&amp;search_term=Toma%C5%BE%20Ambro%C5%BEi%C4%8D\">https:\/\/www.sicris.si\/public\/jqm\/search_basic.aspx?lang=slv&amp;opt=2&amp;subopt=1&amp;opdescr=search&amp;code1=cmn&amp;code2=auto&amp;search_term=Toma%C5%BE%20Ambro%C5%BEi%C4%8D<\/a><\/td>\n<\/tr>\n<tr>\n<td style=\"width: 248.083px; text-align: left;\">Assist. Prof. Dr. Ale\u0161 Marjeti\u010d<\/td>\n<td style=\"width: 568.917px; text-align: left;\"><a href=\"https:\/\/www.sicris.si\/public\/jqm\/search_basic.aspx?lang=slv&amp;opt=2&amp;subopt=1&amp;opdescr=search&amp;code1=cmn&amp;code2=auto&amp;search_term=Ale%C5%A1%20Marjeti%C4%8D\">https:\/\/www.sicris.si\/public\/jqm\/search_basic.aspx?lang=slv&amp;opt=2&amp;subopt=1&amp;opdescr=search&amp;code1=cmn&amp;code2=auto&amp;search_term=Ale%C5%A1%20Marjeti%C4%8D<\/a><\/td>\n<\/tr>\n<tr>\n<td style=\"width: 248.083px; text-align: left;\">Assist. Prof. Dr. Du\u0161an Petrovi\u010d<\/td>\n<td style=\"width: 568.917px; text-align: left;\"><a href=\"https:\/\/www.sicris.si\/public\/jqm\/search_basic.aspx?lang=slv&amp;opt=2&amp;subopt=1&amp;opdescr=search&amp;code1=cmn&amp;code2=auto&amp;search_term=Du%C5%A1an%20Petrovi%C4%8D\">https:\/\/www.sicris.si\/public\/jqm\/search_basic.aspx?lang=slv&amp;opt=2&amp;subopt=1&amp;opdescr=search&amp;code1=cmn&amp;code2=auto&amp;search_term=Du%C5%A1an%20Petrovi%C4%8D<\/a><\/td>\n<\/tr>\n<tr>\n<td style=\"width: 248.083px; text-align: left;\">Dr. Klemen Kozmus Trajkovski<\/td>\n<td style=\"width: 568.917px; text-align: left;\"><a href=\"https:\/\/www.sicris.si\/public\/jqm\/search_basic.aspx?lang=slv&amp;opt=2&amp;subopt=1&amp;opdescr=search&amp;code1=cmn&amp;code2=auto&amp;search_term=Klemen%20Kozmus%20Trajkovski\">https:\/\/www.sicris.si\/public\/jqm\/search_basic.aspx?lang=slv&amp;opt=2&amp;subopt=1&amp;opdescr=search&amp;code1=cmn&amp;code2=auto&amp;search_term=Klemen%20Kozmus%20Trajkovski<\/a><\/td>\n<\/tr>\n<\/tbody>\n<\/table>\n<\/div>\n<\/div>","protected":false},"excerpt":{"rendered":"<p>[vc_row][vc_column][vc_column_text] Lead partner Geodetic Institute of Slovenia Assist. Prof. Dr. Mihaela Triglav \u010cekada, Leader https:\/\/www.sicris.si\/public\/jqm\/search_basic.aspx?lang=slv&amp;opt=2&amp;subopt=1&amp;opdescr=search&amp;code1=cmn&amp;code2=auto&amp;search_term=Mihaela%20Triglav%20%C4%8Cekadal MSc. Katja Oven https:\/\/www.sicris.si\/public\/jqm\/search_basic.aspx?lang=slv&amp;opdescr=search&amp;opt=2&amp;subopt=1&amp;code1=cmn&amp;code2=auto&amp;search_term=oven%20katja Niko Fabiani https:\/\/www.sicris.si\/public\/jqm\/search_basic.aspx?lang=slv&amp;opdescr=search&amp;opt=2&amp;subopt=1&amp;code1=cmn&amp;code2=auto&amp;search_term=fabiani%20niko Klemen Ritlop https:\/\/www.sicris.si\/public\/jqm\/search_basic.aspx?lang=slv&amp;opdescr=search&amp;opt=2&amp;subopt=1&amp;code1=cmn&amp;code2=auto&amp;search_term=ritlop%20klemen MSc. Vasja Bric http:\/\/izumbib.izum.si\/bibliografije\/Y20181008102558-39786.html Dr. Dalibor Radovan https:\/\/www.sicris.si\/public\/jqm\/search_basic.aspx?lang=slv&amp;opdescr=search&amp;opt=2&amp;subopt=1&amp;code1=cmn&amp;code2=auto&amp;search_term=libor%20radovan Partner Faculty of Civil and Geodetic Engineering, University of Ljubljana https:\/www.fgg.uni-lj.si\/ Prof. dr. Bojan Stopar https:\/\/www.sicris.si\/public\/jqm\/search_basic.aspx?lang=slv&amp;opdescr=search&amp;opt=2&amp;subopt=1&amp;code1=cmn&amp;code2=auto&amp;search_term=stopar%20bojan Assist. Prof. [&hellip;]<\/p>\n","protected":false},"author":2,"featured_media":0,"parent":3453,"menu_order":0,"comment_status":"closed","ping_status":"closed","template":"tpl\/page_fullwidth.php","meta":{"footnotes":""},"class_list":["post-3509","page","type-page","status-publish","hentry"],"yoast_head":"<!-- This site is optimized with the Yoast SEO Premium plugin v22.6 (Yoast SEO v26.9) - https:\/\/yoast.com\/product\/yoast-seo-premium-wordpress\/ -->\n<title>Project group - GIS<\/title>\n<meta name=\"robots\" content=\"index, follow, max-snippet:-1, max-image-preview:large, max-video-preview:-1\" \/>\n<link rel=\"canonical\" href=\"https:\/\/gis.si\/en\/research-projects\/sl-predstavitev-projektov-v2-1924\/projektna-skupina-2\/\" \/>\n<meta property=\"og:locale\" content=\"en_US\" \/>\n<meta property=\"og:type\" content=\"article\" \/>\n<meta property=\"og:title\" content=\"Project group\" \/>\n<meta property=\"og:description\" content=\"[vc_row][vc_column][vc_column_text] Lead partner Geodetic Institute of Slovenia Assist. Prof. Dr. Mihaela Triglav \u010cekada, Leader https:\/\/www.sicris.si\/public\/jqm\/search_basic.aspx?lang=slv&amp;opt=2&amp;subopt=1&amp;opdescr=search&amp;code1=cmn&amp;code2=auto&amp;search_term=Mihaela%20Triglav%20%C4%8Cekadal MSc. Katja Oven https:\/\/www.sicris.si\/public\/jqm\/search_basic.aspx?lang=slv&amp;opdescr=search&amp;opt=2&amp;subopt=1&amp;code1=cmn&amp;code2=auto&amp;search_term=oven%20katja Niko Fabiani https:\/\/www.sicris.si\/public\/jqm\/search_basic.aspx?lang=slv&amp;opdescr=search&amp;opt=2&amp;subopt=1&amp;code1=cmn&amp;code2=auto&amp;search_term=fabiani%20niko Klemen Ritlop https:\/\/www.sicris.si\/public\/jqm\/search_basic.aspx?lang=slv&amp;opdescr=search&amp;opt=2&amp;subopt=1&amp;code1=cmn&amp;code2=auto&amp;search_term=ritlop%20klemen MSc. Vasja Bric http:\/\/izumbib.izum.si\/bibliografije\/Y20181008102558-39786.html Dr. Dalibor Radovan https:\/\/www.sicris.si\/public\/jqm\/search_basic.aspx?lang=slv&amp;opdescr=search&amp;opt=2&amp;subopt=1&amp;code1=cmn&amp;code2=auto&amp;search_term=libor%20radovan Partner Faculty of Civil and Geodetic Engineering, University of Ljubljana https:\/www.fgg.uni-lj.si\/ Prof. dr. Bojan Stopar https:\/\/www.sicris.si\/public\/jqm\/search_basic.aspx?lang=slv&amp;opdescr=search&amp;opt=2&amp;subopt=1&amp;code1=cmn&amp;code2=auto&amp;search_term=stopar%20bojan Assist. Prof. [&hellip;]\" \/>\n<meta property=\"og:url\" content=\"https:\/\/gis.si\/en\/research-projects\/sl-predstavitev-projektov-v2-1924\/projektna-skupina-2\/\" \/>\n<meta property=\"og:site_name\" content=\"GIS\" \/>\n<meta property=\"article:modified_time\" content=\"2023-03-03T10:11:10+00:00\" \/>\n<meta name=\"twitter:card\" content=\"summary_large_image\" \/>\n<meta name=\"twitter:label1\" content=\"Est. reading time\" \/>\n\t<meta name=\"twitter:data1\" content=\"3 minutes\" \/>\n<script type=\"application\/ld+json\" class=\"yoast-schema-graph\">{\"@context\":\"https:\/\/schema.org\",\"@graph\":[{\"@type\":\"WebPage\",\"@id\":\"https:\/\/gis.si\/en\/research-projects\/sl-predstavitev-projektov-v2-1924\/projektna-skupina-2\/\",\"url\":\"https:\/\/gis.si\/en\/research-projects\/sl-predstavitev-projektov-v2-1924\/projektna-skupina-2\/\",\"name\":\"Project group - GIS\",\"isPartOf\":{\"@id\":\"https:\/\/gis.si\/#website\"},\"datePublished\":\"2019-11-15T11:07:42+00:00\",\"dateModified\":\"2023-03-03T10:11:10+00:00\",\"breadcrumb\":{\"@id\":\"https:\/\/gis.si\/en\/research-projects\/sl-predstavitev-projektov-v2-1924\/projektna-skupina-2\/#breadcrumb\"},\"inLanguage\":\"en-US\",\"potentialAction\":[{\"@type\":\"ReadAction\",\"target\":[\"https:\/\/gis.si\/en\/research-projects\/sl-predstavitev-projektov-v2-1924\/projektna-skupina-2\/\"]}]},{\"@type\":\"BreadcrumbList\",\"@id\":\"https:\/\/gis.si\/en\/research-projects\/sl-predstavitev-projektov-v2-1924\/projektna-skupina-2\/#breadcrumb\",\"itemListElement\":[{\"@type\":\"ListItem\",\"position\":1,\"name\":\"Home\",\"item\":\"https:\/\/gis.si\/en\/\"},{\"@type\":\"ListItem\",\"position\":2,\"name\":\"Research projects\",\"item\":\"https:\/\/gis.si\/en\/research-projects\/\"},{\"@type\":\"ListItem\",\"position\":3,\"name\":\"V2-1924: Permanent geodetic marks as a basis for the high-quality performance of the geodetic profession\",\"item\":\"https:\/\/gis.si\/en\/research-projects\/sl-predstavitev-projektov-v2-1924\/\"},{\"@type\":\"ListItem\",\"position\":4,\"name\":\"Project group\"}]},{\"@type\":\"WebSite\",\"@id\":\"https:\/\/gis.si\/#website\",\"url\":\"https:\/\/gis.si\/\",\"name\":\"GIS\",\"description\":\"Geodetic Institute of Slovenia\",\"potentialAction\":[{\"@type\":\"SearchAction\",\"target\":{\"@type\":\"EntryPoint\",\"urlTemplate\":\"https:\/\/gis.si\/?s={search_term_string}\"},\"query-input\":{\"@type\":\"PropertyValueSpecification\",\"valueRequired\":true,\"valueName\":\"search_term_string\"}}],\"inLanguage\":\"en-US\"}]}<\/script>\n<!-- \/ Yoast SEO Premium plugin. -->","yoast_head_json":{"title":"Project group - GIS","robots":{"index":"index","follow":"follow","max-snippet":"max-snippet:-1","max-image-preview":"max-image-preview:large","max-video-preview":"max-video-preview:-1"},"canonical":"https:\/\/gis.si\/en\/research-projects\/sl-predstavitev-projektov-v2-1924\/projektna-skupina-2\/","og_locale":"en_US","og_type":"article","og_title":"Project group","og_description":"[vc_row][vc_column][vc_column_text] Lead partner Geodetic Institute of Slovenia Assist. Prof. Dr. Mihaela Triglav \u010cekada, Leader https:\/\/www.sicris.si\/public\/jqm\/search_basic.aspx?lang=slv&amp;opt=2&amp;subopt=1&amp;opdescr=search&amp;code1=cmn&amp;code2=auto&amp;search_term=Mihaela%20Triglav%20%C4%8Cekadal MSc. Katja Oven https:\/\/www.sicris.si\/public\/jqm\/search_basic.aspx?lang=slv&amp;opdescr=search&amp;opt=2&amp;subopt=1&amp;code1=cmn&amp;code2=auto&amp;search_term=oven%20katja Niko Fabiani https:\/\/www.sicris.si\/public\/jqm\/search_basic.aspx?lang=slv&amp;opdescr=search&amp;opt=2&amp;subopt=1&amp;code1=cmn&amp;code2=auto&amp;search_term=fabiani%20niko Klemen Ritlop https:\/\/www.sicris.si\/public\/jqm\/search_basic.aspx?lang=slv&amp;opdescr=search&amp;opt=2&amp;subopt=1&amp;code1=cmn&amp;code2=auto&amp;search_term=ritlop%20klemen MSc. Vasja Bric http:\/\/izumbib.izum.si\/bibliografije\/Y20181008102558-39786.html Dr. Dalibor Radovan https:\/\/www.sicris.si\/public\/jqm\/search_basic.aspx?lang=slv&amp;opdescr=search&amp;opt=2&amp;subopt=1&amp;code1=cmn&amp;code2=auto&amp;search_term=libor%20radovan Partner Faculty of Civil and Geodetic Engineering, University of Ljubljana https:\/www.fgg.uni-lj.si\/ Prof. dr. Bojan Stopar https:\/\/www.sicris.si\/public\/jqm\/search_basic.aspx?lang=slv&amp;opdescr=search&amp;opt=2&amp;subopt=1&amp;code1=cmn&amp;code2=auto&amp;search_term=stopar%20bojan Assist. Prof. [&hellip;]","og_url":"https:\/\/gis.si\/en\/research-projects\/sl-predstavitev-projektov-v2-1924\/projektna-skupina-2\/","og_site_name":"GIS","article_modified_time":"2023-03-03T10:11:10+00:00","twitter_card":"summary_large_image","twitter_misc":{"Est. reading time":"3 minutes"},"schema":{"@context":"https:\/\/schema.org","@graph":[{"@type":"WebPage","@id":"https:\/\/gis.si\/en\/research-projects\/sl-predstavitev-projektov-v2-1924\/projektna-skupina-2\/","url":"https:\/\/gis.si\/en\/research-projects\/sl-predstavitev-projektov-v2-1924\/projektna-skupina-2\/","name":"Project group - GIS","isPartOf":{"@id":"https:\/\/gis.si\/#website"},"datePublished":"2019-11-15T11:07:42+00:00","dateModified":"2023-03-03T10:11:10+00:00","breadcrumb":{"@id":"https:\/\/gis.si\/en\/research-projects\/sl-predstavitev-projektov-v2-1924\/projektna-skupina-2\/#breadcrumb"},"inLanguage":"en-US","potentialAction":[{"@type":"ReadAction","target":["https:\/\/gis.si\/en\/research-projects\/sl-predstavitev-projektov-v2-1924\/projektna-skupina-2\/"]}]},{"@type":"BreadcrumbList","@id":"https:\/\/gis.si\/en\/research-projects\/sl-predstavitev-projektov-v2-1924\/projektna-skupina-2\/#breadcrumb","itemListElement":[{"@type":"ListItem","position":1,"name":"Home","item":"https:\/\/gis.si\/en\/"},{"@type":"ListItem","position":2,"name":"Research projects","item":"https:\/\/gis.si\/en\/research-projects\/"},{"@type":"ListItem","position":3,"name":"V2-1924: Permanent geodetic marks as a basis for the high-quality performance of the geodetic profession","item":"https:\/\/gis.si\/en\/research-projects\/sl-predstavitev-projektov-v2-1924\/"},{"@type":"ListItem","position":4,"name":"Project group"}]},{"@type":"WebSite","@id":"https:\/\/gis.si\/#website","url":"https:\/\/gis.si\/","name":"GIS","description":"Geodetic Institute of Slovenia","potentialAction":[{"@type":"SearchAction","target":{"@type":"EntryPoint","urlTemplate":"https:\/\/gis.si\/?s={search_term_string}"},"query-input":{"@type":"PropertyValueSpecification","valueRequired":true,"valueName":"search_term_string"}}],"inLanguage":"en-US"}]}},"_links":{"self":[{"href":"https:\/\/gis.si\/en\/wp-json\/wp\/v2\/pages\/3509","targetHints":{"allow":["GET"]}}],"collection":[{"href":"https:\/\/gis.si\/en\/wp-json\/wp\/v2\/pages"}],"about":[{"href":"https:\/\/gis.si\/en\/wp-json\/wp\/v2\/types\/page"}],"author":[{"embeddable":true,"href":"https:\/\/gis.si\/en\/wp-json\/wp\/v2\/users\/2"}],"replies":[{"embeddable":true,"href":"https:\/\/gis.si\/en\/wp-json\/wp\/v2\/comments?post=3509"}],"version-history":[{"count":6,"href":"https:\/\/gis.si\/en\/wp-json\/wp\/v2\/pages\/3509\/revisions"}],"predecessor-version":[{"id":3537,"href":"https:\/\/gis.si\/en\/wp-json\/wp\/v2\/pages\/3509\/revisions\/3537"}],"up":[{"embeddable":true,"href":"https:\/\/gis.si\/en\/wp-json\/wp\/v2\/pages\/3453"}],"wp:attachment":[{"href":"https:\/\/gis.si\/en\/wp-json\/wp\/v2\/media?parent=3509"}],"curies":[{"name":"wp","href":"https:\/\/api.w.org\/{rel}","templated":true}]}}