{"id":4367,"date":"2021-05-28T13:43:24","date_gmt":"2021-05-28T11:43:24","guid":{"rendered":"https:\/\/gis.si\/o-piskotkih\/"},"modified":"2021-05-28T14:20:16","modified_gmt":"2021-05-28T12:20:16","slug":"o-piskotkih","status":"publish","type":"page","link":"https:\/\/gis.si\/en\/o-piskotkih\/","title":{"rendered":"About Cookies"},"content":{"rendered":"<div class=\"wpb-content-wrapper\">[vc_row][vc_column][vc_column_text]<strong>What are cookies?<\/strong><\/p>\n<p>Cookies are small text files that inform us about how many times a visitor visits our site and what interests them in these visits. Cookies do not contain any data themselves. You always have the ability to accept or decline cookies. Their storage is under the complete control of the browser used by the user.<\/p>\n<p>Cookies are small files that the visited sites send to your computer and stored on it. Cookies are stored in the web browser&#8217;s file directory. On next visit to the site, the browser reads a cookie and provides information to the site or other item that set the cookie.<\/p>\n<p><strong>Why are cookies needed?<\/strong><\/p>\n<p>Cookies are essential for providing user-friendly online services. Many e-commerce functions would not be possible without cookies. A quicker and easier interaction between the web user and the website. With their help, the web site remembers the individual&#8217;s preferences and experiences, thus saving time, making web browsing more effective and enjoyable.<\/p>\n<p><strong>Why are websites using cookies?<\/strong><\/p>\n<p>Cookies are used on websites to maintain fresh and appropriate content that is in accordance with the interests and preferences of a particular web user. The reasons for the use of cookies are more than the first of all their ability to store information about the status of a particular website (details of the customization of a particular website), help with the implementation of various online services (online stores), help to collect various statistics, about the habits of the web user &#8211; since it is only possible to monitor the frequency of visiting a particular web site.<\/p>\n<p>By using cookies, businesses can evaluate the effectiveness of their website design, as well as the relevance of the type and number of ads they offer to users on their websites.<\/p>\n<p><strong>Disabling Cookies:<\/strong><\/p>\n<p>You decide to allow yourself to save cookies on your computer or not. You can control and modify cookie settings using the Web Browser settings. For information on cookie settings, select the web browser you are using.<\/p>\n<table width=\"100%\">\n<tbody>\n<tr>\n<td width=\"25%\"><a href=\"http:\/\/windows.microsoft.com\/sl-si\/windows-vista\/block-or-allow-cookies\">Internet explorer<\/a><\/td>\n<td width=\"25%\"><a href=\"https:\/\/support.mozilla.org\/sl\/kb\/Kako%20aktivirate%20in%20deaktivirate%20pi%C5%A1kote\">Mozilla Firefox<\/a><\/td>\n<td width=\"25%\"><a href=\"https:\/\/support.google.com\/chrome\/answer\/95647?hl=sl-sl&amp;p=cpn_cookies\">Chrome<\/a><\/td>\n<td width=\"25%\"><a href=\"http:\/\/www.opera.com\/help\/tutorials\/security\/privacy\/\">Opera<\/a><\/td>\n<td width=\"25%\"><a href=\"https:\/\/support.apple.com\/kb\/PH11920\">Safari<\/a><\/td>\n<\/tr>\n<\/tbody>\n<\/table>\n<p>&nbsp;<\/p>\n<p><strong>Do all cookies work the same way?<\/strong><\/p>\n<p>No! There are several types of cookies that have different purposes. Cookies vary by function, duration, and client that they install.<\/p>\n<p>If you turn off cookies, some of the webpage options may be disabled. Even when turning off all cookies, the web browser still gets some information. This information is necessary for the basic operation of our website.<\/p>\n<p>&nbsp;<\/p>\n<p><strong>This site uses the following types of cookies:<\/strong><\/p>\n<table style=\"width: 100%; height: 1248px;\">\n<tbody>\n<tr style=\"height: 480px;\">\n<td style=\"width: 20%; height: 480px;\">_ga<\/td>\n<td style=\"width: 15%; height: 480px;\">analitycs<\/td>\n<td style=\"width: 55%; height: 480px;\">Ta pi\u0161kotek namesti Google Analytics. Pi\u0161kotek se uporablja za izra\u010dun podatkov o obiskovalcih, sejah, kampanjah in spremljanje uporabe spletnega mesta za poro\u010dilo o analitiki spletnega mesta. Pi\u0161kotki anonimno shranjujejo podatke in dodelijo naklju\u010dno ustvarjeno \u0161tevilko za prepoznavanje edinstvenih obiskovalcev.<\/td>\n<td style=\"width: 10%; height: 480px;\">2 leti<\/td>\n<\/tr>\n<tr style=\"height: 528px;\">\n<td style=\"width: 266.5px; height: 528px;\">_gid<\/td>\n<td style=\"width: 95.0625px; height: 528px;\">analitycs<\/td>\n<td style=\"width: 0px; height: 528px;\">Ta pi\u0161kotek namesti Google Analytics. Pi\u0161kotek se uporablja za shranjevanje informacij o tem, kako obiskovalci uporabljajo spletno mesto, in pomaga pri ustvarjanju analiti\u010dnega poro\u010dila o tem, kako deluje spletno mesto. Zbrani podatki, vklju\u010dno s \u0161tevilom obiskovalcev, virom, od kod prihajajo, in anonimno prikazanimi stranmi.<\/td>\n<td style=\"width: 0px; height: 528px;\"><\/td>\n<\/tr>\n<tr style=\"height: 24px;\">\n<td style=\"width: 266.5px; height: 24px;\">SGPBShowingLimitationDomain3917<\/td>\n<td style=\"width: 95.0625px; height: 24px;\">other<\/td>\n<td style=\"width: 0px; height: 24px;\">Ni opisa<\/td>\n<td style=\"width: 0px; height: 24px;\"><\/td>\n<\/tr>\n<tr style=\"height: 216px;\">\n<td style=\"width: 266.5px; height: 216px;\">_gat<\/td>\n<td style=\"width: 95.0625px; height: 216px;\">performance<\/td>\n<td style=\"width: 0px; height: 216px;\">Te pi\u0161kotke namesti Google Universal Analytics, da omeji \u0161tevilo zahtev za omejitev zbiranja podatkov na spletnih mestih z velikim prometom.<\/td>\n<td style=\"width: 0px; height: 216px;\"><\/td>\n<\/tr>\n<\/tbody>\n<\/table>\n[\/vc_column_text][\/vc_column][\/vc_row]\n<\/div>","protected":false},"excerpt":{"rendered":"<p>[vc_row][vc_column][vc_column_text]What are cookies? Cookies are small text files that inform us about how many times a visitor visits our site and what interests them in these visits. Cookies do not contain any data themselves. You always have the ability to accept or decline cookies. Their storage is under the complete control [&hellip;]<\/p>\n","protected":false},"author":6,"featured_media":0,"parent":0,"menu_order":0,"comment_status":"closed","ping_status":"closed","template":"","meta":{"footnotes":""},"class_list":["post-4367","page","type-page","status-publish","hentry"],"yoast_head":"<!-- This site is optimized with the Yoast SEO Premium plugin v22.6 (Yoast SEO v26.9) - https:\/\/yoast.com\/product\/yoast-seo-premium-wordpress\/ -->\n<title>About Cookies - GIS<\/title>\n<meta name=\"robots\" content=\"index, follow, max-snippet:-1, max-image-preview:large, max-video-preview:-1\" \/>\n<link rel=\"canonical\" href=\"https:\/\/gis.si\/en\/o-piskotkih\/\" \/>\n<meta property=\"og:locale\" content=\"en_US\" \/>\n<meta property=\"og:type\" content=\"article\" \/>\n<meta property=\"og:title\" content=\"About Cookies\" \/>\n<meta property=\"og:description\" content=\"[vc_row][vc_column][vc_column_text]What are cookies? Cookies are small text files that inform us about how many times a visitor visits our site and what interests them in these visits. Cookies do not contain any data themselves. You always have the ability to accept or decline cookies. Their storage is under the complete control [&hellip;]\" \/>\n<meta property=\"og:url\" content=\"https:\/\/gis.si\/en\/o-piskotkih\/\" \/>\n<meta property=\"og:site_name\" content=\"GIS\" \/>\n<meta property=\"article:modified_time\" content=\"2021-05-28T12:20:16+00:00\" \/>\n<meta name=\"twitter:card\" content=\"summary_large_image\" \/>\n<meta name=\"twitter:label1\" content=\"Est. reading time\" \/>\n\t<meta name=\"twitter:data1\" content=\"3 minutes\" \/>\n<script type=\"application\/ld+json\" class=\"yoast-schema-graph\">{\"@context\":\"https:\/\/schema.org\",\"@graph\":[{\"@type\":\"WebPage\",\"@id\":\"https:\/\/gis.si\/en\/o-piskotkih\/\",\"url\":\"https:\/\/gis.si\/en\/o-piskotkih\/\",\"name\":\"About Cookies - GIS\",\"isPartOf\":{\"@id\":\"https:\/\/gis.si\/#website\"},\"datePublished\":\"2021-05-28T11:43:24+00:00\",\"dateModified\":\"2021-05-28T12:20:16+00:00\",\"breadcrumb\":{\"@id\":\"https:\/\/gis.si\/en\/o-piskotkih\/#breadcrumb\"},\"inLanguage\":\"en-US\",\"potentialAction\":[{\"@type\":\"ReadAction\",\"target\":[\"https:\/\/gis.si\/en\/o-piskotkih\/\"]}]},{\"@type\":\"BreadcrumbList\",\"@id\":\"https:\/\/gis.si\/en\/o-piskotkih\/#breadcrumb\",\"itemListElement\":[{\"@type\":\"ListItem\",\"position\":1,\"name\":\"Home\",\"item\":\"https:\/\/gis.si\/en\/\"},{\"@type\":\"ListItem\",\"position\":2,\"name\":\"About Cookies\"}]},{\"@type\":\"WebSite\",\"@id\":\"https:\/\/gis.si\/#website\",\"url\":\"https:\/\/gis.si\/\",\"name\":\"GIS\",\"description\":\"Geodetic Institute of Slovenia\",\"potentialAction\":[{\"@type\":\"SearchAction\",\"target\":{\"@type\":\"EntryPoint\",\"urlTemplate\":\"https:\/\/gis.si\/?s={search_term_string}\"},\"query-input\":{\"@type\":\"PropertyValueSpecification\",\"valueRequired\":true,\"valueName\":\"search_term_string\"}}],\"inLanguage\":\"en-US\"}]}<\/script>\n<!-- \/ Yoast SEO Premium plugin. -->","yoast_head_json":{"title":"About Cookies - GIS","robots":{"index":"index","follow":"follow","max-snippet":"max-snippet:-1","max-image-preview":"max-image-preview:large","max-video-preview":"max-video-preview:-1"},"canonical":"https:\/\/gis.si\/en\/o-piskotkih\/","og_locale":"en_US","og_type":"article","og_title":"About Cookies","og_description":"[vc_row][vc_column][vc_column_text]What are cookies? Cookies are small text files that inform us about how many times a visitor visits our site and what interests them in these visits. Cookies do not contain any data themselves. You always have the ability to accept or decline cookies. Their storage is under the complete control [&hellip;]","og_url":"https:\/\/gis.si\/en\/o-piskotkih\/","og_site_name":"GIS","article_modified_time":"2021-05-28T12:20:16+00:00","twitter_card":"summary_large_image","twitter_misc":{"Est. reading time":"3 minutes"},"schema":{"@context":"https:\/\/schema.org","@graph":[{"@type":"WebPage","@id":"https:\/\/gis.si\/en\/o-piskotkih\/","url":"https:\/\/gis.si\/en\/o-piskotkih\/","name":"About Cookies - GIS","isPartOf":{"@id":"https:\/\/gis.si\/#website"},"datePublished":"2021-05-28T11:43:24+00:00","dateModified":"2021-05-28T12:20:16+00:00","breadcrumb":{"@id":"https:\/\/gis.si\/en\/o-piskotkih\/#breadcrumb"},"inLanguage":"en-US","potentialAction":[{"@type":"ReadAction","target":["https:\/\/gis.si\/en\/o-piskotkih\/"]}]},{"@type":"BreadcrumbList","@id":"https:\/\/gis.si\/en\/o-piskotkih\/#breadcrumb","itemListElement":[{"@type":"ListItem","position":1,"name":"Home","item":"https:\/\/gis.si\/en\/"},{"@type":"ListItem","position":2,"name":"About Cookies"}]},{"@type":"WebSite","@id":"https:\/\/gis.si\/#website","url":"https:\/\/gis.si\/","name":"GIS","description":"Geodetic Institute of Slovenia","potentialAction":[{"@type":"SearchAction","target":{"@type":"EntryPoint","urlTemplate":"https:\/\/gis.si\/?s={search_term_string}"},"query-input":{"@type":"PropertyValueSpecification","valueRequired":true,"valueName":"search_term_string"}}],"inLanguage":"en-US"}]}},"_links":{"self":[{"href":"https:\/\/gis.si\/en\/wp-json\/wp\/v2\/pages\/4367","targetHints":{"allow":["GET"]}}],"collection":[{"href":"https:\/\/gis.si\/en\/wp-json\/wp\/v2\/pages"}],"about":[{"href":"https:\/\/gis.si\/en\/wp-json\/wp\/v2\/types\/page"}],"author":[{"embeddable":true,"href":"https:\/\/gis.si\/en\/wp-json\/wp\/v2\/users\/6"}],"replies":[{"embeddable":true,"href":"https:\/\/gis.si\/en\/wp-json\/wp\/v2\/comments?post=4367"}],"version-history":[{"count":2,"href":"https:\/\/gis.si\/en\/wp-json\/wp\/v2\/pages\/4367\/revisions"}],"predecessor-version":[{"id":4375,"href":"https:\/\/gis.si\/en\/wp-json\/wp\/v2\/pages\/4367\/revisions\/4375"}],"wp:attachment":[{"href":"https:\/\/gis.si\/en\/wp-json\/wp\/v2\/media?parent=4367"}],"curies":[{"name":"wp","href":"https:\/\/api.w.org\/{rel}","templated":true}]}}