{"id":5206,"date":"2022-11-22T14:20:06","date_gmt":"2022-11-22T13:20:06","guid":{"rendered":"https:\/\/gis.si\/https-gis-si-raziskovalni-projekti-sl-predstavitev-projektov-v2-2293-projektna-skupina-projektna-skupina\/"},"modified":"2023-04-18T11:04:56","modified_gmt":"2023-04-18T09:04:56","slug":"https-gis-si-raziskovalni-projekti-sl-predstavitev-projektov-v2-2293-projektna-skupina-projektna-skupina","status":"publish","type":"page","link":"https:\/\/gis.si\/en\/https-gis-si-raziskovalni-projekti-sl-predstavitev-projektov-v2-2293-projektna-skupina-projektna-skupina\/","title":{"rendered":"Project group"},"content":{"rendered":"<div class=\"wpb-content-wrapper\">[vc_row][vc_column][vc_column_text]<strong>Lead partner<\/strong><\/p>\n<p>Geodetic institute of Slovenia<\/p>\n<p>&nbsp;<\/p>\n<div class=\"table-responsive wprt_style_display\">\n<div class=\"table-responsive wprt_style_display\">\n<p><img loading=\"lazy\" decoding=\"async\" class=\"alignnone wp-image-5215\" src=\"https:\/\/gis.si\/wp-content\/uploads\/2023\/04\/GI_logo_znak_ang-barvn-RGB.png\" alt=\"\" width=\"368\" height=\"39\" srcset=\"https:\/\/gis.si\/wp-content\/uploads\/2023\/04\/GI_logo_znak_ang-barvn-RGB.png 868w, https:\/\/gis.si\/wp-content\/uploads\/2023\/04\/GI_logo_znak_ang-barvn-RGB-300x32.png 300w, https:\/\/gis.si\/wp-content\/uploads\/2023\/04\/GI_logo_znak_ang-barvn-RGB-768x81.png 768w\" sizes=\"auto, (max-width: 368px) 100vw, 368px\" \/><\/p>\n<p>&nbsp;<\/p>\n<table class=\"tabela_s_paddingom table table-bordered\" style=\"width: 58.2101%; height: 185px;\" border=\"0\" cellspacing=\"0\" cellpadding=\"0\">\n<tbody>\n<tr>\n<td style=\"text-align: left; width: 46.9543%;\">dr. Mihaela Triglav \u010cekada, vodja projekta<\/td>\n<td style=\"text-align: left; width: 52.665%;\"><a href=\"https:\/\/cris.cobiss.net\/ecris\/si\/sl\/researcher\/16762\">https:\/\/cris.cobiss.net\/ecris\/si\/sl\/researcher\/16762<\/a><\/td>\n<\/tr>\n<tr>\n<td style=\"text-align: left; width: 46.9543%;\">dr. Dalibor Radovan<\/td>\n<td style=\"text-align: left; width: 52.665%;\"><a href=\"https:\/\/cris.cobiss.net\/ecris\/si\/sl\/researcher\/5589\">https:\/\/cris.cobiss.net\/ecris\/si\/sl\/researcher\/5589<\/a><\/td>\n<\/tr>\n<tr>\n<td style=\"text-align: left; width: 46.9543%;\">mag. Katja Oven<\/td>\n<td style=\"text-align: left; width: 52.665%;\"><a href=\"https:\/\/cris.cobiss.net\/ecris\/si\/sl\/researcher\/8524\">https:\/\/cris.cobiss.net\/ecris\/si\/sl\/researcher\/8524<\/a><\/td>\n<\/tr>\n<tr>\n<td style=\"text-align: left; width: 46.9543%;\">Natalija Novak<\/td>\n<td style=\"text-align: left; width: 52.665%;\"><a href=\"https:\/\/cris.cobiss.net\/ecris\/si\/sl\/researcher\/51811\">https:\/\/cris.cobiss.net\/ecris\/si\/sl\/researcher\/51811<\/a><\/td>\n<\/tr>\n<tr>\n<td style=\"text-align: left; width: 46.9543%;\">Primo\u017e Kete<\/td>\n<td style=\"text-align: left; width: 52.665%;\"><a href=\"https:\/\/cris.cobiss.net\/ecris\/si\/sl\/researcher\/33875\">https:\/\/cris.cobiss.net\/ecris\/si\/sl\/researcher\/33875<\/a><\/td>\n<\/tr>\n<tr>\n<td style=\"text-align: left; width: 46.9543%;\">Miran Jane\u017ei\u010d<\/td>\n<td style=\"text-align: left; width: 52.665%;\"><a href=\"https:\/\/cris.cobiss.net\/ecris\/si\/sl\/researcher\/9912\">https:\/\/cris.cobiss.net\/ecris\/si\/sl\/researcher\/9912<\/a><\/td>\n<\/tr>\n<tr>\n<td style=\"text-align: left; width: 46.9543%;\">Bla\u017e Kova\u010di\u010d<\/td>\n<td style=\"text-align: left; width: 52.665%;\"><a href=\"https:\/\/cris.cobiss.net\/ecris\/si\/sl\/researcher\/33878\">https:\/\/cris.cobiss.net\/ecris\/si\/sl\/researcher\/33878<\/a><\/td>\n<\/tr>\n<\/tbody>\n<\/table>\n<\/div>\n<\/div>\n[\/vc_column_text][\/vc_column][\/vc_row]\n<\/div>","protected":false},"excerpt":{"rendered":"<p>[vc_row][vc_column][vc_column_text]Lead partner Geodetic institute of Slovenia &nbsp; &nbsp; dr. Mihaela Triglav \u010cekada, vodja projekta https:\/\/cris.cobiss.net\/ecris\/si\/sl\/researcher\/16762 dr. Dalibor Radovan https:\/\/cris.cobiss.net\/ecris\/si\/sl\/researcher\/5589 mag. Katja Oven https:\/\/cris.cobiss.net\/ecris\/si\/sl\/researcher\/8524 Natalija Novak https:\/\/cris.cobiss.net\/ecris\/si\/sl\/researcher\/51811 Primo\u017e Kete https:\/\/cris.cobiss.net\/ecris\/si\/sl\/researcher\/33875 Miran Jane\u017ei\u010d https:\/\/cris.cobiss.net\/ecris\/si\/sl\/researcher\/9912 Bla\u017e Kova\u010di\u010d https:\/\/cris.cobiss.net\/ecris\/si\/sl\/researcher\/33878 [\/vc_column_text][\/vc_column][\/vc_row]<\/p>\n","protected":false},"author":2,"featured_media":0,"parent":0,"menu_order":0,"comment_status":"closed","ping_status":"closed","template":"","meta":{"footnotes":""},"class_list":["post-5206","page","type-page","status-publish","hentry"],"yoast_head":"<!-- This site is optimized with the Yoast SEO Premium plugin v22.6 (Yoast SEO v26.9) - https:\/\/yoast.com\/product\/yoast-seo-premium-wordpress\/ -->\n<title>Project group - GIS<\/title>\n<meta name=\"robots\" content=\"index, follow, max-snippet:-1, max-image-preview:large, max-video-preview:-1\" \/>\n<link rel=\"canonical\" href=\"https:\/\/gis.si\/https-gis-si-raziskovalni-projekti-sl-predstavitev-projektov-v2-2293-projektna-skupina-projektna-skupina\/\" \/>\n<meta property=\"og:locale\" content=\"en_US\" \/>\n<meta property=\"og:type\" content=\"article\" \/>\n<meta property=\"og:title\" content=\"Project group\" \/>\n<meta property=\"og:description\" content=\"[vc_row][vc_column][vc_column_text]Lead partner Geodetic institute of Slovenia &nbsp; &nbsp; dr. Mihaela Triglav \u010cekada, vodja projekta https:\/\/cris.cobiss.net\/ecris\/si\/sl\/researcher\/16762 dr. Dalibor Radovan https:\/\/cris.cobiss.net\/ecris\/si\/sl\/researcher\/5589 mag. Katja Oven https:\/\/cris.cobiss.net\/ecris\/si\/sl\/researcher\/8524 Natalija Novak https:\/\/cris.cobiss.net\/ecris\/si\/sl\/researcher\/51811 Primo\u017e Kete https:\/\/cris.cobiss.net\/ecris\/si\/sl\/researcher\/33875 Miran Jane\u017ei\u010d https:\/\/cris.cobiss.net\/ecris\/si\/sl\/researcher\/9912 Bla\u017e Kova\u010di\u010d https:\/\/cris.cobiss.net\/ecris\/si\/sl\/researcher\/33878 [\/vc_column_text][\/vc_column][\/vc_row]\" \/>\n<meta property=\"og:url\" content=\"https:\/\/gis.si\/https-gis-si-raziskovalni-projekti-sl-predstavitev-projektov-v2-2293-projektna-skupina-projektna-skupina\/\" \/>\n<meta property=\"og:site_name\" content=\"GIS\" \/>\n<meta property=\"article:modified_time\" content=\"2023-04-18T09:04:56+00:00\" \/>\n<meta property=\"og:image\" content=\"https:\/\/gis.si\/wp-content\/uploads\/2023\/04\/GI_logo_znak_ang-barvn-RGB.png\" \/>\n<meta name=\"twitter:card\" content=\"summary_large_image\" \/>\n<meta name=\"twitter:label1\" content=\"Est. reading time\" \/>\n\t<meta name=\"twitter:data1\" content=\"1 minute\" \/>\n<script type=\"application\/ld+json\" class=\"yoast-schema-graph\">{\"@context\":\"https:\/\/schema.org\",\"@graph\":[{\"@type\":\"WebPage\",\"@id\":\"https:\/\/gis.si\/https-gis-si-raziskovalni-projekti-sl-predstavitev-projektov-v2-2293-projektna-skupina-projektna-skupina\/\",\"url\":\"https:\/\/gis.si\/https-gis-si-raziskovalni-projekti-sl-predstavitev-projektov-v2-2293-projektna-skupina-projektna-skupina\/\",\"name\":\"Project group - GIS\",\"isPartOf\":{\"@id\":\"https:\/\/gis.si\/#website\"},\"primaryImageOfPage\":{\"@id\":\"https:\/\/gis.si\/https-gis-si-raziskovalni-projekti-sl-predstavitev-projektov-v2-2293-projektna-skupina-projektna-skupina\/#primaryimage\"},\"image\":{\"@id\":\"https:\/\/gis.si\/https-gis-si-raziskovalni-projekti-sl-predstavitev-projektov-v2-2293-projektna-skupina-projektna-skupina\/#primaryimage\"},\"thumbnailUrl\":\"https:\/\/gis.si\/wp-content\/uploads\/2023\/04\/GI_logo_znak_ang-barvn-RGB.png\",\"datePublished\":\"2022-11-22T13:20:06+00:00\",\"dateModified\":\"2023-04-18T09:04:56+00:00\",\"breadcrumb\":{\"@id\":\"https:\/\/gis.si\/https-gis-si-raziskovalni-projekti-sl-predstavitev-projektov-v2-2293-projektna-skupina-projektna-skupina\/#breadcrumb\"},\"inLanguage\":\"en-US\",\"potentialAction\":[{\"@type\":\"ReadAction\",\"target\":[\"https:\/\/gis.si\/https-gis-si-raziskovalni-projekti-sl-predstavitev-projektov-v2-2293-projektna-skupina-projektna-skupina\/\"]}]},{\"@type\":\"ImageObject\",\"inLanguage\":\"en-US\",\"@id\":\"https:\/\/gis.si\/https-gis-si-raziskovalni-projekti-sl-predstavitev-projektov-v2-2293-projektna-skupina-projektna-skupina\/#primaryimage\",\"url\":\"https:\/\/gis.si\/wp-content\/uploads\/2023\/04\/GI_logo_znak_ang-barvn-RGB.png\",\"contentUrl\":\"https:\/\/gis.si\/wp-content\/uploads\/2023\/04\/GI_logo_znak_ang-barvn-RGB.png\"},{\"@type\":\"BreadcrumbList\",\"@id\":\"https:\/\/gis.si\/https-gis-si-raziskovalni-projekti-sl-predstavitev-projektov-v2-2293-projektna-skupina-projektna-skupina\/#breadcrumb\",\"itemListElement\":[{\"@type\":\"ListItem\",\"position\":1,\"name\":\"Home\",\"item\":\"https:\/\/gis.si\/en\/\"},{\"@type\":\"ListItem\",\"position\":2,\"name\":\"Project group\"}]},{\"@type\":\"WebSite\",\"@id\":\"https:\/\/gis.si\/#website\",\"url\":\"https:\/\/gis.si\/\",\"name\":\"GIS\",\"description\":\"Geodetic Institute of Slovenia\",\"potentialAction\":[{\"@type\":\"SearchAction\",\"target\":{\"@type\":\"EntryPoint\",\"urlTemplate\":\"https:\/\/gis.si\/?s={search_term_string}\"},\"query-input\":{\"@type\":\"PropertyValueSpecification\",\"valueRequired\":true,\"valueName\":\"search_term_string\"}}],\"inLanguage\":\"en-US\"}]}<\/script>\n<!-- \/ Yoast SEO Premium plugin. -->","yoast_head_json":{"title":"Project group - GIS","robots":{"index":"index","follow":"follow","max-snippet":"max-snippet:-1","max-image-preview":"max-image-preview:large","max-video-preview":"max-video-preview:-1"},"canonical":"https:\/\/gis.si\/https-gis-si-raziskovalni-projekti-sl-predstavitev-projektov-v2-2293-projektna-skupina-projektna-skupina\/","og_locale":"en_US","og_type":"article","og_title":"Project group","og_description":"[vc_row][vc_column][vc_column_text]Lead partner Geodetic institute of Slovenia &nbsp; &nbsp; dr. Mihaela Triglav \u010cekada, vodja projekta https:\/\/cris.cobiss.net\/ecris\/si\/sl\/researcher\/16762 dr. Dalibor Radovan https:\/\/cris.cobiss.net\/ecris\/si\/sl\/researcher\/5589 mag. Katja Oven https:\/\/cris.cobiss.net\/ecris\/si\/sl\/researcher\/8524 Natalija Novak https:\/\/cris.cobiss.net\/ecris\/si\/sl\/researcher\/51811 Primo\u017e Kete https:\/\/cris.cobiss.net\/ecris\/si\/sl\/researcher\/33875 Miran Jane\u017ei\u010d https:\/\/cris.cobiss.net\/ecris\/si\/sl\/researcher\/9912 Bla\u017e Kova\u010di\u010d https:\/\/cris.cobiss.net\/ecris\/si\/sl\/researcher\/33878 [\/vc_column_text][\/vc_column][\/vc_row]","og_url":"https:\/\/gis.si\/https-gis-si-raziskovalni-projekti-sl-predstavitev-projektov-v2-2293-projektna-skupina-projektna-skupina\/","og_site_name":"GIS","article_modified_time":"2023-04-18T09:04:56+00:00","og_image":[{"url":"https:\/\/gis.si\/wp-content\/uploads\/2023\/04\/GI_logo_znak_ang-barvn-RGB.png","type":"","width":"","height":""}],"twitter_card":"summary_large_image","twitter_misc":{"Est. reading time":"1 minute"},"schema":{"@context":"https:\/\/schema.org","@graph":[{"@type":"WebPage","@id":"https:\/\/gis.si\/https-gis-si-raziskovalni-projekti-sl-predstavitev-projektov-v2-2293-projektna-skupina-projektna-skupina\/","url":"https:\/\/gis.si\/https-gis-si-raziskovalni-projekti-sl-predstavitev-projektov-v2-2293-projektna-skupina-projektna-skupina\/","name":"Project group - GIS","isPartOf":{"@id":"https:\/\/gis.si\/#website"},"primaryImageOfPage":{"@id":"https:\/\/gis.si\/https-gis-si-raziskovalni-projekti-sl-predstavitev-projektov-v2-2293-projektna-skupina-projektna-skupina\/#primaryimage"},"image":{"@id":"https:\/\/gis.si\/https-gis-si-raziskovalni-projekti-sl-predstavitev-projektov-v2-2293-projektna-skupina-projektna-skupina\/#primaryimage"},"thumbnailUrl":"https:\/\/gis.si\/wp-content\/uploads\/2023\/04\/GI_logo_znak_ang-barvn-RGB.png","datePublished":"2022-11-22T13:20:06+00:00","dateModified":"2023-04-18T09:04:56+00:00","breadcrumb":{"@id":"https:\/\/gis.si\/https-gis-si-raziskovalni-projekti-sl-predstavitev-projektov-v2-2293-projektna-skupina-projektna-skupina\/#breadcrumb"},"inLanguage":"en-US","potentialAction":[{"@type":"ReadAction","target":["https:\/\/gis.si\/https-gis-si-raziskovalni-projekti-sl-predstavitev-projektov-v2-2293-projektna-skupina-projektna-skupina\/"]}]},{"@type":"ImageObject","inLanguage":"en-US","@id":"https:\/\/gis.si\/https-gis-si-raziskovalni-projekti-sl-predstavitev-projektov-v2-2293-projektna-skupina-projektna-skupina\/#primaryimage","url":"https:\/\/gis.si\/wp-content\/uploads\/2023\/04\/GI_logo_znak_ang-barvn-RGB.png","contentUrl":"https:\/\/gis.si\/wp-content\/uploads\/2023\/04\/GI_logo_znak_ang-barvn-RGB.png"},{"@type":"BreadcrumbList","@id":"https:\/\/gis.si\/https-gis-si-raziskovalni-projekti-sl-predstavitev-projektov-v2-2293-projektna-skupina-projektna-skupina\/#breadcrumb","itemListElement":[{"@type":"ListItem","position":1,"name":"Home","item":"https:\/\/gis.si\/en\/"},{"@type":"ListItem","position":2,"name":"Project group"}]},{"@type":"WebSite","@id":"https:\/\/gis.si\/#website","url":"https:\/\/gis.si\/","name":"GIS","description":"Geodetic Institute of Slovenia","potentialAction":[{"@type":"SearchAction","target":{"@type":"EntryPoint","urlTemplate":"https:\/\/gis.si\/?s={search_term_string}"},"query-input":{"@type":"PropertyValueSpecification","valueRequired":true,"valueName":"search_term_string"}}],"inLanguage":"en-US"}]}},"_links":{"self":[{"href":"https:\/\/gis.si\/en\/wp-json\/wp\/v2\/pages\/5206","targetHints":{"allow":["GET"]}}],"collection":[{"href":"https:\/\/gis.si\/en\/wp-json\/wp\/v2\/pages"}],"about":[{"href":"https:\/\/gis.si\/en\/wp-json\/wp\/v2\/types\/page"}],"author":[{"embeddable":true,"href":"https:\/\/gis.si\/en\/wp-json\/wp\/v2\/users\/2"}],"replies":[{"embeddable":true,"href":"https:\/\/gis.si\/en\/wp-json\/wp\/v2\/comments?post=5206"}],"version-history":[{"count":4,"href":"https:\/\/gis.si\/en\/wp-json\/wp\/v2\/pages\/5206\/revisions"}],"predecessor-version":[{"id":5258,"href":"https:\/\/gis.si\/en\/wp-json\/wp\/v2\/pages\/5206\/revisions\/5258"}],"wp:attachment":[{"href":"https:\/\/gis.si\/en\/wp-json\/wp\/v2\/media?parent=5206"}],"curies":[{"name":"wp","href":"https:\/\/api.w.org\/{rel}","templated":true}]}}