{"id":5231,"date":"2022-11-22T15:05:36","date_gmt":"2022-11-22T14:05:36","guid":{"rendered":"https:\/\/gis.si\/raziskovalni-projekti-sl-predstavitev-projektov-v2-2293-rezultati-rezultati\/"},"modified":"2024-12-18T10:55:52","modified_gmt":"2024-12-18T09:55:52","slug":"raziskovalni-projekti-sl-predstavitev-projektov-v2-2293-rezultati-rezultati","status":"publish","type":"page","link":"https:\/\/gis.si\/en\/raziskovalni-projekti-sl-predstavitev-projektov-v2-2293-rezultati-rezultati\/","title":{"rendered":"Results"},"content":{"rendered":"<div class=\"wpb-content-wrapper\">[vc_row][vc_column][vc_column_text css=&#8221;&#8221;][vc_row][vc_column width=&#8221;1\/1&#8243;][vc_column_text]\n<p><strong>Most important scientific results of the project group<\/strong><\/p>\n<ul>\n<li>published abstract of a scientific paper at a conference<\/li>\n<\/ul>\n<p>Kete, P., Duhovnik, M., Brnot, M. (2024). <em><strong>Novi na\u010dini vzdr\u017eevanja DTM s prakti\u010dnimi primeri. V: 52. Geodetski dan : geodezija, lokacija, informacija<\/strong><\/em> : Maribor, 8.-9. oktober 2024. <a href=\"http:\/\/www.geodetskidan.si\/assets\/files\/19_Kete_52GD.pdf\">http:\/\/www.geodetskidan.si\/assets\/files\/19_Kete_52GD.pdf<\/a>. [COBISS.SI-ID <a href=\"https:\/\/plus.cobiss.net\/cobiss\/si\/sl\/bib\/215873027\">215873027<\/a>]\n<ul>\n<li>published abstract of a scientific paper at a conference<\/li>\n<\/ul>\n<p>Vukali\u0107, A., Triglav \u010cekada, M., Petrovi\u010d, D. (2024). <em><strong>OpenStreetMap data quality assessment according to ISO 19157-1:2023 for Slovenia and Bosnia and Herzegovina<\/strong><\/em>. V: GARTNER, Georg F. (ur.), LEDERMANN, Florian (ur.), BINN, Andrea (ur.). European Cartographic Conference \u2013 EuroCarto 2024: 9\u201311 September 2024, TU Wien, Vienna, Austria. Abstracts of the ICA, vol. 7. ISSN 2570-2106. <a href=\"https:\/\/ica-abs.copernicus.org\/articles\/7\/182\/2024\/\">https:\/\/ica-abs.copernicus.org\/articles\/7\/182\/2024\/<\/a>, DOI: <a href=\"https:\/\/ica-abs.copernicus.org\/articles\/7\/182\/2024\/\">10.5194\/ica-abs-7-182-2024<\/a> [COBISS.SI-ID <a href=\"https:\/\/plus.cobiss.net\/cobiss\/si\/sl\/bib\/219474435\">219474435<\/a>]\n<ul>\n<li>Published abstract of a scientific paper at a conference<\/li>\n<\/ul>\n<p>Duhovnik, M., Brnot, M., Kete, P. (2023). <em><strong>Ve\u010ddimenzionalni dr\u017eavni topografski model. In 51. geodetski dan: Ve\u010drazse\u017eno modeliranje prostora<\/strong><\/em>: Brdo pri Kranju 15\u201216 November 2023. Ljubljana; Brdo pri Kranju: Zveza geodetov Slovenije: Dru\u0161tvo geodetov Gorenjske. <a href=\"https:\/\/app.gis.si\/01_POVZETKI\/GD2023_Povzetek_Duhovnik.pdf\">https:\/\/app.gis.si\/01_POVZETKI\/GD2023_Povzetek_Duhovnik.pdf<\/a>. [COBISS.SI-ID <a href=\"https:\/\/plus.cobiss.net\/cobiss\/si\/sl\/bib\/182582019\">182582019<\/a>]\n<p><strong>Most important socio-economic results of the project group<\/strong><\/p>\n<ul>\n<li>Triglav \u010cekada was co-tutor of master thesis<\/li>\n<\/ul>\n<p>Vukali\u0107, Adna (2024). <em><strong>Ocena kakovosti podatkov OpenStreetMap v skladu s standardom ISO 19157-1:2023<\/strong><\/em>: magistrsko delo = OpenStreetMap data quality assessment according to the ISO 19157- 1:2023 : master thesis. Ljubljana: UL FGG. [COBISS.SI-ID <a href=\"https:\/\/plus.cobiss.net\/cobiss\/si\/sl\/bib\/209598211\">209598211<\/a>]\n<ul>\n<li>Membership in the editorial board of the <em> sre\u010danja Slovenskega zdru\u017eenja za geodezijo in geofiziko<\/em><\/li>\n<\/ul>\n<p>Project leader M. Triglav \u010cekada participated in the Editorial Board of the Slovenian Association of Geodesy and Geophysics until the end of 2022. The event took place on 26 January 2023 in Ljubljana. The Proceedings of the event named \u201cRaziskave s podro\u010dja geodezije in geofizike 2022\u201d were published on this occasion.<\/p>\n<ul>\n<li>Membership in the editorial board of the <em> Geodetski dan<\/em><\/li>\n<\/ul>\n<p>Oven (2023). Programski odbor 51. Geodetskega dne \u00bbVe\u010drazse\u017eno modeliranje prostora\u201d. Brdo pri Kranju 15.-16. 11. 2023, Zveza geodetov Slovenije: Dru\u0161tvo geodetov Gorenjske. <a href=\"http:\/\/www.geodetskidan.si\/\">http:\/\/www.geodetskidan.si\/<\/a> [COBISS.SI-ID <a href=\"https:\/\/plus.cobiss.net\/cobiss\/si\/sl\/bib\/182330627\">182330627<\/a>]\n<ul>\n<li>Invited lecture at the HydRoData Summer School 2023:<\/li>\n<\/ul>\n<p>Triglav \u010cekada (2023). Lecture about collecting and using in-situ and remote sensing data: invited lecture at HydRoData Summer School 2023, Ljubljana, 6. 9. 2023. <a href=\"https:\/\/www.unesco-floods.eu\/unesco-floods-summer-school\/\">https:\/\/www.unesco-floods.eu\/unesco-floods-summer-school\/<\/a> [COBISS.SI-ID <a href=\"https:\/\/plus.cobiss.net\/cobiss\/si\/sl\/bib\/169522179\">169522179<\/a>][\/vc_column_text][\/vc_column][\/vc_row]\n<\/div>","protected":false},"excerpt":{"rendered":"<p>[vc_row][vc_column][vc_column_text css=&#8221;&#8221;][vc_row][vc_column width=&#8221;1\/1&#8243;][vc_column_text] Most important scientific results of the project group published abstract of a scientific paper at a conference Kete, P., Duhovnik, M., Brnot, M. (2024). Novi na\u010dini vzdr\u017eevanja DTM s prakti\u010dnimi primeri. V: 52. Geodetski dan : geodezija, lokacija, informacija : Maribor, 8.-9. oktober 2024. http:\/\/www.geodetskidan.si\/assets\/files\/19_Kete_52GD.pdf. [COBISS.SI-ID 215873027] published [&hellip;]<\/p>\n","protected":false},"author":2,"featured_media":0,"parent":0,"menu_order":0,"comment_status":"closed","ping_status":"closed","template":"tpl\/page_fullwidth.php","meta":{"footnotes":""},"class_list":["post-5231","page","type-page","status-publish","hentry"],"yoast_head":"<!-- This site is optimized with the Yoast SEO Premium plugin v22.6 (Yoast SEO v26.9) - https:\/\/yoast.com\/product\/yoast-seo-premium-wordpress\/ -->\n<title>Results - GIS<\/title>\n<meta name=\"robots\" content=\"index, follow, max-snippet:-1, max-image-preview:large, max-video-preview:-1\" \/>\n<link rel=\"canonical\" href=\"https:\/\/gis.si\/en\/raziskovalni-projekti-sl-predstavitev-projektov-v2-2293-rezultati-rezultati\/\" \/>\n<meta property=\"og:locale\" content=\"en_US\" \/>\n<meta property=\"og:type\" content=\"article\" \/>\n<meta property=\"og:title\" content=\"Results\" \/>\n<meta property=\"og:description\" content=\"[vc_row][vc_column][vc_column_text css=&#8221;&#8221;][vc_row][vc_column width=&#8221;1\/1&#8243;][vc_column_text] Most important scientific results of the project group published abstract of a scientific paper at a conference Kete, P., Duhovnik, M., Brnot, M. (2024). Novi na\u010dini vzdr\u017eevanja DTM s prakti\u010dnimi primeri. V: 52. Geodetski dan : geodezija, lokacija, informacija : Maribor, 8.-9. oktober 2024. http:\/\/www.geodetskidan.si\/assets\/files\/19_Kete_52GD.pdf. [COBISS.SI-ID 215873027] published [&hellip;]\" \/>\n<meta property=\"og:url\" content=\"https:\/\/gis.si\/en\/raziskovalni-projekti-sl-predstavitev-projektov-v2-2293-rezultati-rezultati\/\" \/>\n<meta property=\"og:site_name\" content=\"GIS\" \/>\n<meta property=\"article:modified_time\" content=\"2024-12-18T09:55:52+00:00\" \/>\n<meta name=\"twitter:card\" content=\"summary_large_image\" \/>\n<meta name=\"twitter:label1\" content=\"Est. reading time\" \/>\n\t<meta name=\"twitter:data1\" content=\"2 minutes\" \/>\n<script type=\"application\/ld+json\" class=\"yoast-schema-graph\">{\"@context\":\"https:\/\/schema.org\",\"@graph\":[{\"@type\":\"WebPage\",\"@id\":\"https:\/\/gis.si\/en\/raziskovalni-projekti-sl-predstavitev-projektov-v2-2293-rezultati-rezultati\/\",\"url\":\"https:\/\/gis.si\/en\/raziskovalni-projekti-sl-predstavitev-projektov-v2-2293-rezultati-rezultati\/\",\"name\":\"Results - GIS\",\"isPartOf\":{\"@id\":\"https:\/\/gis.si\/#website\"},\"datePublished\":\"2022-11-22T14:05:36+00:00\",\"dateModified\":\"2024-12-18T09:55:52+00:00\",\"breadcrumb\":{\"@id\":\"https:\/\/gis.si\/en\/raziskovalni-projekti-sl-predstavitev-projektov-v2-2293-rezultati-rezultati\/#breadcrumb\"},\"inLanguage\":\"en-US\",\"potentialAction\":[{\"@type\":\"ReadAction\",\"target\":[\"https:\/\/gis.si\/en\/raziskovalni-projekti-sl-predstavitev-projektov-v2-2293-rezultati-rezultati\/\"]}]},{\"@type\":\"BreadcrumbList\",\"@id\":\"https:\/\/gis.si\/en\/raziskovalni-projekti-sl-predstavitev-projektov-v2-2293-rezultati-rezultati\/#breadcrumb\",\"itemListElement\":[{\"@type\":\"ListItem\",\"position\":1,\"name\":\"Home\",\"item\":\"https:\/\/gis.si\/en\/\"},{\"@type\":\"ListItem\",\"position\":2,\"name\":\"Results\"}]},{\"@type\":\"WebSite\",\"@id\":\"https:\/\/gis.si\/#website\",\"url\":\"https:\/\/gis.si\/\",\"name\":\"GIS\",\"description\":\"Geodetic Institute of Slovenia\",\"potentialAction\":[{\"@type\":\"SearchAction\",\"target\":{\"@type\":\"EntryPoint\",\"urlTemplate\":\"https:\/\/gis.si\/?s={search_term_string}\"},\"query-input\":{\"@type\":\"PropertyValueSpecification\",\"valueRequired\":true,\"valueName\":\"search_term_string\"}}],\"inLanguage\":\"en-US\"}]}<\/script>\n<!-- \/ Yoast SEO Premium plugin. -->","yoast_head_json":{"title":"Results - GIS","robots":{"index":"index","follow":"follow","max-snippet":"max-snippet:-1","max-image-preview":"max-image-preview:large","max-video-preview":"max-video-preview:-1"},"canonical":"https:\/\/gis.si\/en\/raziskovalni-projekti-sl-predstavitev-projektov-v2-2293-rezultati-rezultati\/","og_locale":"en_US","og_type":"article","og_title":"Results","og_description":"[vc_row][vc_column][vc_column_text css=&#8221;&#8221;][vc_row][vc_column width=&#8221;1\/1&#8243;][vc_column_text] Most important scientific results of the project group published abstract of a scientific paper at a conference Kete, P., Duhovnik, M., Brnot, M. (2024). Novi na\u010dini vzdr\u017eevanja DTM s prakti\u010dnimi primeri. V: 52. Geodetski dan : geodezija, lokacija, informacija : Maribor, 8.-9. oktober 2024. http:\/\/www.geodetskidan.si\/assets\/files\/19_Kete_52GD.pdf. [COBISS.SI-ID 215873027] published [&hellip;]","og_url":"https:\/\/gis.si\/en\/raziskovalni-projekti-sl-predstavitev-projektov-v2-2293-rezultati-rezultati\/","og_site_name":"GIS","article_modified_time":"2024-12-18T09:55:52+00:00","twitter_card":"summary_large_image","twitter_misc":{"Est. reading time":"2 minutes"},"schema":{"@context":"https:\/\/schema.org","@graph":[{"@type":"WebPage","@id":"https:\/\/gis.si\/en\/raziskovalni-projekti-sl-predstavitev-projektov-v2-2293-rezultati-rezultati\/","url":"https:\/\/gis.si\/en\/raziskovalni-projekti-sl-predstavitev-projektov-v2-2293-rezultati-rezultati\/","name":"Results - GIS","isPartOf":{"@id":"https:\/\/gis.si\/#website"},"datePublished":"2022-11-22T14:05:36+00:00","dateModified":"2024-12-18T09:55:52+00:00","breadcrumb":{"@id":"https:\/\/gis.si\/en\/raziskovalni-projekti-sl-predstavitev-projektov-v2-2293-rezultati-rezultati\/#breadcrumb"},"inLanguage":"en-US","potentialAction":[{"@type":"ReadAction","target":["https:\/\/gis.si\/en\/raziskovalni-projekti-sl-predstavitev-projektov-v2-2293-rezultati-rezultati\/"]}]},{"@type":"BreadcrumbList","@id":"https:\/\/gis.si\/en\/raziskovalni-projekti-sl-predstavitev-projektov-v2-2293-rezultati-rezultati\/#breadcrumb","itemListElement":[{"@type":"ListItem","position":1,"name":"Home","item":"https:\/\/gis.si\/en\/"},{"@type":"ListItem","position":2,"name":"Results"}]},{"@type":"WebSite","@id":"https:\/\/gis.si\/#website","url":"https:\/\/gis.si\/","name":"GIS","description":"Geodetic Institute of Slovenia","potentialAction":[{"@type":"SearchAction","target":{"@type":"EntryPoint","urlTemplate":"https:\/\/gis.si\/?s={search_term_string}"},"query-input":{"@type":"PropertyValueSpecification","valueRequired":true,"valueName":"search_term_string"}}],"inLanguage":"en-US"}]}},"_links":{"self":[{"href":"https:\/\/gis.si\/en\/wp-json\/wp\/v2\/pages\/5231","targetHints":{"allow":["GET"]}}],"collection":[{"href":"https:\/\/gis.si\/en\/wp-json\/wp\/v2\/pages"}],"about":[{"href":"https:\/\/gis.si\/en\/wp-json\/wp\/v2\/types\/page"}],"author":[{"embeddable":true,"href":"https:\/\/gis.si\/en\/wp-json\/wp\/v2\/users\/2"}],"replies":[{"embeddable":true,"href":"https:\/\/gis.si\/en\/wp-json\/wp\/v2\/comments?post=5231"}],"version-history":[{"count":13,"href":"https:\/\/gis.si\/en\/wp-json\/wp\/v2\/pages\/5231\/revisions"}],"predecessor-version":[{"id":7027,"href":"https:\/\/gis.si\/en\/wp-json\/wp\/v2\/pages\/5231\/revisions\/7027"}],"wp:attachment":[{"href":"https:\/\/gis.si\/en\/wp-json\/wp\/v2\/media?parent=5231"}],"curies":[{"name":"wp","href":"https:\/\/api.w.org\/{rel}","templated":true}]}}