{"id":5671,"date":"2023-11-22T08:03:26","date_gmt":"2023-11-22T07:03:26","guid":{"rendered":"https:\/\/gis.si\/l2-50090-projektna-skupina\/"},"modified":"2023-11-24T12:57:21","modified_gmt":"2023-11-24T11:57:21","slug":"l2-50090-projektna-skupina","status":"publish","type":"page","link":"https:\/\/gis.si\/en\/l2-50090-projektna-skupina\/","title":{"rendered":"Project group"},"content":{"rendered":"<div class=\"wpb-content-wrapper\">[vc_row][vc_column][vc_column_text]\n[vc_row][vc_column width=&#8221;1\/1&#8243;][vc_column_text]\n<p><strong>Lead partne<\/strong><strong>r<\/strong><\/p>\n<p><strong>Geodetic Institute of Slovenia<\/strong><\/p>\n<p><a href=\"https:\/www.gis.si\">https:\/www.gis.si\/<\/a><\/p>\n<!-- \/wp:post-content -->\n<!-- wp:tadv\/classic-paragraph -->\n<div class=\"table-responsive wprt_style_display\">\n<table class=\"tabela_s_paddingom table table-bordered\" border=\"0\" cellspacing=\"0\" cellpadding=\"0\">\n<tbody>\n<tr>\n<td>Doc. dr. Mihaela Triglav \u010cekada, vodja<\/td>\n<td><a href=\"https:\/\/cris.cobiss.net\/ecris\/si\/sl\/researcher\/16762\">https:\/\/cris.cobiss.net\/ecris\/si\/sl\/researcher\/16762<\/a><\/td>\n<\/tr>\n<tr>\n<td>Mag. Katja Oven<\/td>\n<td><a href=\"https:\/\/cris.cobiss.net\/ecris\/si\/sl\/researcher\/8524\">https:\/\/cris.cobiss.net\/ecris\/si\/sl\/researcher\/8524<\/a><\/td>\n<\/tr>\n<tr>\n<td>Dr. Dalibor Radovan<\/td>\n<td><a href=\"https:\/\/cris.cobiss.net\/ecris\/si\/sl\/researcher\/5589\">https:\/\/cris.cobiss.net\/ecris\/si\/sl\/researcher\/5589<\/a><\/td>\n<\/tr>\n<tr>\n<td>dr. Toma\u017e \u017dagar<\/td>\n<td><a href=\"https:\/\/cris.cobiss.net\/ecris\/si\/sl\/researcher\/17576\">https:\/\/cris.cobiss.net\/ecris\/si\/sl\/researcher\/17576<\/a><\/td>\n<\/tr>\n<tr>\n<td>Helena \u017dnidar\u0161i\u010d<\/td>\n<td><a href=\"https:\/\/cris.cobiss.net\/ecris\/si\/sl\/researcher\/33882\">https:\/\/cris.cobiss.net\/ecris\/si\/sl\/researcher\/33882<\/a><\/td>\n<\/tr>\n<tr>\n<td>Natalija Novak<\/td>\n<td><a href=\"https:\/\/cris.cobiss.net\/ecris\/si\/sl\/researcher\/51811\">https:\/\/cris.cobiss.net\/ecris\/si\/sl\/researcher\/51811<\/a><\/td>\n<\/tr>\n<\/tbody>\n<\/table>\n<\/div>\n<!-- \/wp:tadv\/classic-paragraph -->\n<p><!-- wp:paragraph --><strong>Partner<\/strong><\/p>\n<!-- \/wp:paragraph -->\n<p><!-- wp:paragraph --><strong><span lang=\"SL\">University of Ljubljana, Faculty of Civil and Geodetic Engineering<\/span><\/strong><\/p>\n<!-- \/wp:paragraph -->\n<p><!-- wp:paragraph --><a href=\"https:\/\/www.fgg.uni-lj.si\/\">https:\/www.fgg.uni-lj.si\/<\/a><\/p>\n<!-- \/wp:paragraph -->\n<!-- wp:tadv\/classic-paragraph -->\n<div class=\"table-responsive wprt_style_display\">\n<table class=\"tabela_s_paddingom table table-bordered\" border=\"0\" cellspacing=\"0\" cellpadding=\"0\">\n<tbody>\n<tr>\n<td>dr. Bojan Stopar<\/td>\n<td><a href=\"https:\/\/cris.cobiss.net\/ecris\/si\/sl\/researcher\/6922\">https:\/\/cris.cobiss.net\/ecris\/si\/sl\/researcher\/6922<\/a><\/td>\n<\/tr>\n<tr>\n<td>dr. Miran Kuhar<\/td>\n<td><a href=\"https:\/\/cris.cobiss.net\/ecris\/si\/sl\/researcher\/6970\">https:\/\/cris.cobiss.net\/ecris\/si\/sl\/researcher\/6970<\/a><\/td>\n<\/tr>\n<tr>\n<td>dr. Du\u0161an Kogoj<\/td>\n<td><a href=\"https:\/\/cris.cobiss.net\/ecris\/si\/sl\/researcher\/5527\">https:\/\/cris.cobiss.net\/ecris\/si\/sl\/researcher\/5527<\/a><\/td>\n<\/tr>\n<tr>\n<td>dr. Du\u0161an Petrovi\u010d<\/td>\n<td><a href=\"https:\/\/cris.cobiss.net\/ecris\/si\/sl\/researcher\/8789\">https:\/\/cris.cobiss.net\/ecris\/si\/sl\/researcher\/8789<\/a><\/td>\n<\/tr>\n<tr>\n<td>dr. Anka Lisec<\/td>\n<td><a href=\"https:\/\/cris.cobiss.net\/ecris\/si\/sl\/researcher\/17602\">https:\/\/cris.cobiss.net\/ecris\/si\/sl\/researcher\/17602<\/a><\/td>\n<\/tr>\n<tr>\n<td>dr. Marjan \u010ceh<\/td>\n<td><a href=\"https:\/\/cris.cobiss.net\/ecris\/si\/sl\/researcher\/8270\">https:\/\/cris.cobiss.net\/ecris\/si\/sl\/researcher\/8270<\/a><\/td>\n<\/tr>\n<\/tbody>\n<\/table>\n<\/div>\n<!-- \/wp:tadv\/classic-paragraph -->\n<div class=\"notranslate\" style=\"all: initial;\">\n<p><span style=\"font-family: georgia, palatino, serif; font-size: 12pt;\"><!-- \/wp:paragraph --><\/span><\/p>\n<p><span style=\"font-family: georgia, palatino, serif; font-size: 12pt;\"><!-- \/wp:paragraph --><\/span><\/p>\n<p><span style=\"font-family: georgia, palatino, serif; font-size: 12pt;\"><!-- wp:tadv\/classic-paragraph --><\/span><\/p>\n<div class=\"table-responsive wprt_style_display\">\u00a0<\/div>\n<\/div>\n[\/vc_column_text][vc_column_text]<strong>University of Primorska, Faculty of Humanities<\/strong><\/p>\n<p><a href=\"https:\/\/www.upr.si\/\">https:\/\/www.upr.si\/<\/a>[\/vc_column_text][vc_column_text]&nbsp;<\/p>\n<table style=\"border-collapse: collapse; width: 100%;\">\n<tbody>\n<tr>\n<td style=\"width: 28.9051%;\">dr. Katja Hrobat Virloget<\/td>\n<td style=\"width: 71.0949%;\"><a href=\"https:\/\/cris.cobiss.net\/ecris\/si\/sl\/researcher\/18961\">https:\/\/cris.cobiss.net\/ecris\/si\/sl\/researcher\/18961<\/a><\/td>\n<\/tr>\n<\/tbody>\n<\/table>\n[\/vc_column_text][\/vc_column][\/vc_row]\n<\/div>","protected":false},"excerpt":{"rendered":"<p>[vc_row][vc_column][vc_column_text] [vc_row][vc_column width=&#8221;1\/1&#8243;][vc_column_text] Lead partner Geodetic Institute of Slovenia https:\/www.gis.si\/ Doc. dr. Mihaela Triglav \u010cekada, vodja https:\/\/cris.cobiss.net\/ecris\/si\/sl\/researcher\/16762 Mag. Katja Oven https:\/\/cris.cobiss.net\/ecris\/si\/sl\/researcher\/8524 Dr. Dalibor Radovan https:\/\/cris.cobiss.net\/ecris\/si\/sl\/researcher\/5589 dr. Toma\u017e \u017dagar https:\/\/cris.cobiss.net\/ecris\/si\/sl\/researcher\/17576 Helena \u017dnidar\u0161i\u010d https:\/\/cris.cobiss.net\/ecris\/si\/sl\/researcher\/33882 Natalija Novak https:\/\/cris.cobiss.net\/ecris\/si\/sl\/researcher\/51811 Partner University of Ljubljana, Faculty of Civil and Geodetic Engineering https:\/www.fgg.uni-lj.si\/ dr. Bojan Stopar https:\/\/cris.cobiss.net\/ecris\/si\/sl\/researcher\/6922 dr. [&hellip;]<\/p>\n","protected":false},"author":2,"featured_media":0,"parent":0,"menu_order":0,"comment_status":"closed","ping_status":"closed","template":"","meta":{"footnotes":""},"class_list":["post-5671","page","type-page","status-publish","hentry"],"yoast_head":"<!-- This site is optimized with the Yoast SEO Premium plugin v22.6 (Yoast SEO v26.9) - https:\/\/yoast.com\/product\/yoast-seo-premium-wordpress\/ -->\n<title>Project group - GIS<\/title>\n<meta name=\"robots\" content=\"index, follow, max-snippet:-1, max-image-preview:large, max-video-preview:-1\" \/>\n<link rel=\"canonical\" href=\"https:\/\/gis.si\/en\/l2-50090-projektna-skupina\/\" \/>\n<meta property=\"og:locale\" content=\"en_US\" \/>\n<meta property=\"og:type\" content=\"article\" \/>\n<meta property=\"og:title\" content=\"Project group\" \/>\n<meta property=\"og:description\" content=\"[vc_row][vc_column][vc_column_text] [vc_row][vc_column width=&#8221;1\/1&#8243;][vc_column_text] Lead partner Geodetic Institute of Slovenia https:\/www.gis.si\/ Doc. dr. Mihaela Triglav \u010cekada, vodja https:\/\/cris.cobiss.net\/ecris\/si\/sl\/researcher\/16762 Mag. Katja Oven https:\/\/cris.cobiss.net\/ecris\/si\/sl\/researcher\/8524 Dr. Dalibor Radovan https:\/\/cris.cobiss.net\/ecris\/si\/sl\/researcher\/5589 dr. Toma\u017e \u017dagar https:\/\/cris.cobiss.net\/ecris\/si\/sl\/researcher\/17576 Helena \u017dnidar\u0161i\u010d https:\/\/cris.cobiss.net\/ecris\/si\/sl\/researcher\/33882 Natalija Novak https:\/\/cris.cobiss.net\/ecris\/si\/sl\/researcher\/51811 Partner University of Ljubljana, Faculty of Civil and Geodetic Engineering https:\/www.fgg.uni-lj.si\/ dr. Bojan Stopar https:\/\/cris.cobiss.net\/ecris\/si\/sl\/researcher\/6922 dr. [&hellip;]\" \/>\n<meta property=\"og:url\" content=\"https:\/\/gis.si\/en\/l2-50090-projektna-skupina\/\" \/>\n<meta property=\"og:site_name\" content=\"GIS\" \/>\n<meta property=\"article:modified_time\" content=\"2023-11-24T11:57:21+00:00\" \/>\n<meta name=\"twitter:card\" content=\"summary_large_image\" \/>\n<meta name=\"twitter:label1\" content=\"Est. reading time\" \/>\n\t<meta name=\"twitter:data1\" content=\"1 minute\" \/>\n<script type=\"application\/ld+json\" class=\"yoast-schema-graph\">{\"@context\":\"https:\/\/schema.org\",\"@graph\":[{\"@type\":\"WebPage\",\"@id\":\"https:\/\/gis.si\/en\/l2-50090-projektna-skupina\/\",\"url\":\"https:\/\/gis.si\/en\/l2-50090-projektna-skupina\/\",\"name\":\"Project group - GIS\",\"isPartOf\":{\"@id\":\"https:\/\/gis.si\/#website\"},\"datePublished\":\"2023-11-22T07:03:26+00:00\",\"dateModified\":\"2023-11-24T11:57:21+00:00\",\"breadcrumb\":{\"@id\":\"https:\/\/gis.si\/en\/l2-50090-projektna-skupina\/#breadcrumb\"},\"inLanguage\":\"en-US\",\"potentialAction\":[{\"@type\":\"ReadAction\",\"target\":[\"https:\/\/gis.si\/en\/l2-50090-projektna-skupina\/\"]}]},{\"@type\":\"BreadcrumbList\",\"@id\":\"https:\/\/gis.si\/en\/l2-50090-projektna-skupina\/#breadcrumb\",\"itemListElement\":[{\"@type\":\"ListItem\",\"position\":1,\"name\":\"Home\",\"item\":\"https:\/\/gis.si\/en\/\"},{\"@type\":\"ListItem\",\"position\":2,\"name\":\"Project group\"}]},{\"@type\":\"WebSite\",\"@id\":\"https:\/\/gis.si\/#website\",\"url\":\"https:\/\/gis.si\/\",\"name\":\"GIS\",\"description\":\"Geodetic Institute of Slovenia\",\"potentialAction\":[{\"@type\":\"SearchAction\",\"target\":{\"@type\":\"EntryPoint\",\"urlTemplate\":\"https:\/\/gis.si\/?s={search_term_string}\"},\"query-input\":{\"@type\":\"PropertyValueSpecification\",\"valueRequired\":true,\"valueName\":\"search_term_string\"}}],\"inLanguage\":\"en-US\"}]}<\/script>\n<!-- \/ Yoast SEO Premium plugin. -->","yoast_head_json":{"title":"Project group - GIS","robots":{"index":"index","follow":"follow","max-snippet":"max-snippet:-1","max-image-preview":"max-image-preview:large","max-video-preview":"max-video-preview:-1"},"canonical":"https:\/\/gis.si\/en\/l2-50090-projektna-skupina\/","og_locale":"en_US","og_type":"article","og_title":"Project group","og_description":"[vc_row][vc_column][vc_column_text] [vc_row][vc_column width=&#8221;1\/1&#8243;][vc_column_text] Lead partner Geodetic Institute of Slovenia https:\/www.gis.si\/ Doc. dr. Mihaela Triglav \u010cekada, vodja https:\/\/cris.cobiss.net\/ecris\/si\/sl\/researcher\/16762 Mag. Katja Oven https:\/\/cris.cobiss.net\/ecris\/si\/sl\/researcher\/8524 Dr. Dalibor Radovan https:\/\/cris.cobiss.net\/ecris\/si\/sl\/researcher\/5589 dr. Toma\u017e \u017dagar https:\/\/cris.cobiss.net\/ecris\/si\/sl\/researcher\/17576 Helena \u017dnidar\u0161i\u010d https:\/\/cris.cobiss.net\/ecris\/si\/sl\/researcher\/33882 Natalija Novak https:\/\/cris.cobiss.net\/ecris\/si\/sl\/researcher\/51811 Partner University of Ljubljana, Faculty of Civil and Geodetic Engineering https:\/www.fgg.uni-lj.si\/ dr. Bojan Stopar https:\/\/cris.cobiss.net\/ecris\/si\/sl\/researcher\/6922 dr. [&hellip;]","og_url":"https:\/\/gis.si\/en\/l2-50090-projektna-skupina\/","og_site_name":"GIS","article_modified_time":"2023-11-24T11:57:21+00:00","twitter_card":"summary_large_image","twitter_misc":{"Est. reading time":"1 minute"},"schema":{"@context":"https:\/\/schema.org","@graph":[{"@type":"WebPage","@id":"https:\/\/gis.si\/en\/l2-50090-projektna-skupina\/","url":"https:\/\/gis.si\/en\/l2-50090-projektna-skupina\/","name":"Project group - GIS","isPartOf":{"@id":"https:\/\/gis.si\/#website"},"datePublished":"2023-11-22T07:03:26+00:00","dateModified":"2023-11-24T11:57:21+00:00","breadcrumb":{"@id":"https:\/\/gis.si\/en\/l2-50090-projektna-skupina\/#breadcrumb"},"inLanguage":"en-US","potentialAction":[{"@type":"ReadAction","target":["https:\/\/gis.si\/en\/l2-50090-projektna-skupina\/"]}]},{"@type":"BreadcrumbList","@id":"https:\/\/gis.si\/en\/l2-50090-projektna-skupina\/#breadcrumb","itemListElement":[{"@type":"ListItem","position":1,"name":"Home","item":"https:\/\/gis.si\/en\/"},{"@type":"ListItem","position":2,"name":"Project group"}]},{"@type":"WebSite","@id":"https:\/\/gis.si\/#website","url":"https:\/\/gis.si\/","name":"GIS","description":"Geodetic Institute of Slovenia","potentialAction":[{"@type":"SearchAction","target":{"@type":"EntryPoint","urlTemplate":"https:\/\/gis.si\/?s={search_term_string}"},"query-input":{"@type":"PropertyValueSpecification","valueRequired":true,"valueName":"search_term_string"}}],"inLanguage":"en-US"}]}},"_links":{"self":[{"href":"https:\/\/gis.si\/en\/wp-json\/wp\/v2\/pages\/5671","targetHints":{"allow":["GET"]}}],"collection":[{"href":"https:\/\/gis.si\/en\/wp-json\/wp\/v2\/pages"}],"about":[{"href":"https:\/\/gis.si\/en\/wp-json\/wp\/v2\/types\/page"}],"author":[{"embeddable":true,"href":"https:\/\/gis.si\/en\/wp-json\/wp\/v2\/users\/2"}],"replies":[{"embeddable":true,"href":"https:\/\/gis.si\/en\/wp-json\/wp\/v2\/comments?post=5671"}],"version-history":[{"count":8,"href":"https:\/\/gis.si\/en\/wp-json\/wp\/v2\/pages\/5671\/revisions"}],"predecessor-version":[{"id":5695,"href":"https:\/\/gis.si\/en\/wp-json\/wp\/v2\/pages\/5671\/revisions\/5695"}],"wp:attachment":[{"href":"https:\/\/gis.si\/en\/wp-json\/wp\/v2\/media?parent=5671"}],"curies":[{"name":"wp","href":"https:\/\/api.w.org\/{rel}","templated":true}]}}