{"id":5683,"date":"2023-11-23T08:13:37","date_gmt":"2023-11-23T07:13:37","guid":{"rendered":"https:\/\/gis.si\/l2-50090-rezultati\/"},"modified":"2025-10-01T11:01:40","modified_gmt":"2025-10-01T09:01:40","slug":"l2-50090-rezultati","status":"publish","type":"page","link":"https:\/\/gis.si\/en\/l2-50090-rezultati\/","title":{"rendered":"Results"},"content":{"rendered":"<div class=\"wpb-content-wrapper\">[vc_row][vc_column][vc_column_text css=&#8221;&#8221;]<strong>Most important scientific results of the project group<\/strong><\/p>\n<ul>\n<li>TRIGLAV \u010cEKADA, M., KOZOROG, E., PREMRL, B. (2025). <em><strong>The Jama (Luegg) estate boundary marks in the forests of Hru\u0161ica, Slovenia<\/strong><\/em>. Geodetski vestnik, 69:2, 180-204. <a href=\"https:\/\/www.geodetski-vestnik.com\/arhiv\/69\/2\/180_Triglav_Cekada_at_al.pdf\">https:\/\/www.geodetski-vestnik.com\/arhiv\/69\/2\/180_Triglav_Cekada_at_al.pdf<\/a>, DOI: <a href=\"https:\/\/www.geodetski-vestnik.com\/en\/clanek\/10.15292\/geodetski-vestnik.2025.02.180-204\">10.15292\/geodetski-vestnik.2025.02.180-204<\/a>. [COBISS.SI-ID <a href=\"https:\/\/plus.cobiss.net\/cobiss\/si\/sl\/bib\/241804291\">241804291<\/a>]<\/li>\n<\/ul>\n<p>&nbsp;<\/p>\n<ul>\n<li>TRIGLAV \u010cEKADA, M., OVEN, K., \u0160KAFAR, R., RE\u017dEK, J. (2024). <em><strong>Geodetic points at the Menina planina<\/strong><\/em>. Ljubljana: Geodetic Institute of Slovenia, Geodetic highlights. <a href=\"https:\/\/gis.si\/wp-content\/uploads\/2024\/03\/Geodetske-tocke-Menina-ang.pdf\">https:\/\/gis.si\/wp-content\/uploads\/2024\/03\/Geodetske-tocke-Menina-ang.pdf<\/a> [COBISS.SI-ID <a href=\"https:\/\/plus.cobiss.net\/cobiss\/si\/sl\/bib\/193239555\">193239555<\/a>]<\/li>\n<\/ul>\n<p>&nbsp;<\/p>\n<ul>\n<li>OVEN, K., TRIGLAV \u010cEKADA, M., RADOVAN, D., MEDVED, K., \u0160KAFAR, R., BERK, S., KUHAR, M., STOPAR, B. (2024). <em><strong>Maribor triangulation base from 1860<\/strong><\/em>. Geodetic highlights. Ljubljana: Geodetic Institute of Slovenia, <a href=\"https:\/\/gis.si\/wp-content\/uploads\/2024\/10\/Geodetske-tocke-Maribor-ang-splet-1.pdf\">https:\/\/gis.si\/wp-content\/uploads\/2024\/10\/Geodetske-tocke-Maribor-ang-splet-1.pdf<\/a>. [COBISS.SI-ID <a href=\"https:\/\/plus.cobiss.net\/cobiss\/si\/sl\/bib\/213198083\">213198083<\/a>]<\/li>\n<\/ul>\n<p>&nbsp;<\/p>\n<ul>\n<li>TRIGLAV \u010cEKADA, M., OVEN, K., \u0160KAFAR, R., LISEC, A. (2024). <em><strong>Boundary marks of the Carthusia Bistra from 1726<\/strong><\/em>. Geodetic highlights. Ljubljana: Geodetic Institut of Slovenia, <a href=\"https:\/\/gis.si\/wp-content\/uploads\/2024\/09\/Geodetske-tocke-Kartuzija-Bistra-ang-splet.pdf\">https:\/\/gis.si\/wp-content\/uploads\/2024\/09\/Geodetske-tocke-Kartuzija-Bistra-ang-splet.pdf<\/a>. [COBISS.SI-ID <a href=\"https:\/\/plus.cobiss.net\/cobiss\/si\/sl\/bib\/210971907\">210971907<\/a>]<\/li>\n<\/ul>\n<p>&nbsp;<\/p>\n<ul>\n<li>TRIGLAV \u010cEKADA, M., BRATO\u017d-JE\u017dEK, B. (2024). <em><strong>Boundary cave and other land cadastral boundary marks around Socerb castle and the Rosandra valley.<\/strong><\/em> Geodetski vestnik : glasilo Zveze geodetov Slovenije. 68:1, 11-39. <a href=\"https:\/\/www.geodetski-vestnik.com\/arhiv\/68\/1\/11_Triglav_Cekada_in_Bratoz_Jez\">https:\/\/www.geodetski-vestnik.com\/arhiv\/68\/1\/11_Triglav_Cekada_in_Bratoz_Jez, <\/a>DOI: <a href=\"https:\/\/geodetski-vestnik.com\/en\/clanek\/10.15292\/geodetski-vestnik.2024.01.11-39\">10.15292\/geodetski-vestnik.2024.01.11-39<\/a>. [<a href=\"https:\/\/plus.cobiss.net\/cobiss\/si\/sl\/bib\/191405315\">COBISS.SI-ID 191405315<\/a>]<\/li>\n<\/ul>\n<p>&nbsp;<\/p>\n<p><strong>Most important socio-economic results of the project group<\/strong><\/p>\n<ul>\n<li>TRIGLAV \u010cEKADA, M. (2025). <em><strong>Column from Kozina \u2013 from the cadastral municipality boundary mark to the gravimetric point<\/strong><\/em>. Geodetski vestnik, 69:1, 69-74. <a href=\"https:\/\/www.geodetski-vestnik.com\/si\/arhiv\/69\/1\">https:\/\/www.geodetski-vestnik.com\/si\/arhiv\/69\/1<\/a>. [COBISS.SI-ID <a href=\"https:\/\/plus.cobiss.net\/cobiss\/si\/sl\/bib\/234851075\">234851075<\/a>]<\/li>\n<\/ul>\n<p>&nbsp;<\/p>\n<ul>\n<li>OVEN, Katja (2025). <em><strong>Maribor triangulation base with its base network through time<\/strong><\/em>. Geodetski vestnik, 69:1, 75-85. <a href=\"https:\/\/www.geodetski-vestnik.com\/arhiv\/69\/1\/75_Oven.pdf\">https:\/\/www.geodetski-vestnik.com\/arhiv\/69\/1\/75_Oven.pdf<\/a>. [COBISS.SI-ID <a href=\"https:\/\/plus.cobiss.net\/cobiss\/si\/sl\/bib\/236446723\">236446723<\/a>]<\/li>\n<\/ul>\n<p>&nbsp;<\/p>\n<ul>\n<li>TRIGLAV \u010cEKADA, M. (2025). <em><strong>Boundaries of cadastral municipalities, boundary stones and caves<\/strong><\/em>: invited lecture at Jamarski klub \u017delezni\u010dar, 20. 3. 2025. [COBISS.SI-ID <a href=\"https:\/\/plus.cobiss.net\/cobiss\/si\/sl\/bib\/238680579\">238680579<\/a>]<\/li>\n<\/ul>\n<p>&nbsp;<\/p>\n<ul>\n<li>FABIANI, N., OVEN, K., TRIGLAV \u010cEKADA, M., NOVAK, N., MEDVED, K., STOPAR, B. (2025). <em><strong>Raz\u0161iritev dr\u017eavne kombinirane geodetske mre\u017ee Republike Slovenije<\/strong><\/em>. V: KUHAR, Miran (ur.), et al. Raziskave s podro\u010dja geodezije in geofizike 2024 : zbornik del : 30. sre\u010danje Slovenskega zdru\u017eenja za geodezijo in geofiziko, Ljubljana, 30. januar 2025. Ljubljana: Slovensko zdru\u017eenje za geodezijo in geofiziko, 25-33. <a href=\"https:\/\/fgg-web.fgg.uni-lj.si\/sugg\/referati\/2025\/SZGG_Zbornik_2025_e-publikacija.pdf\">https:\/\/fgg-web.fgg.uni-lj.si\/sugg\/referati\/2025\/SZGG_Zbornik_2025_e-publikacija.pdf<\/a>. [COBISS.SI-ID <a href=\"https:\/\/plus.cobiss.net\/cobiss\/si\/sl\/bib\/225177091\">225177091<\/a>]<\/li>\n<\/ul>\n<p>&nbsp;<\/p>\n<ul>\n<li>MELE PAVLIN, M., TRIGLAV \u010cEKADA, M. (2024). <em><strong>Heritage and simultaneously valid geodetic points<\/strong><\/em>: radio interview, 30. 11. 2024, Radio 94. <a href=\"https:\/\/www.radio94.si\/dediscina-in-hkrati-veljavne-geodetske-tocke\/\">https:\/\/www.radio94.si\/dediscina-in-hkrati-veljavne-geodetske-tocke\/<\/a>. [COBISS.SI-ID <a href=\"https:\/\/plus.cobiss.net\/cobiss\/si\/sl\/bib\/221298435\">221298435<\/a>]<\/li>\n<\/ul>\n<p>&nbsp;<\/p>\n<ul>\n<li>LAPANJA, R., HROBAT VIRLOGET, K. (2024). <em><strong>Evropska no\u010d raziskovalcev &#8211; Pripovedovalski ve\u010der in pomen mej v Mitskem parku Rodik<\/strong><\/em>, 27. 9. 2024. [COBISS.SI-ID <a href=\"https:\/\/plus.cobiss.net\/cobiss\/si\/sl\/bib\/214600963\">214600963<\/a>]<\/li>\n<\/ul>\n<p>&nbsp;<\/p>\n<ul>\n<li>HROBAT VIRLOGET, K. (2024). <em><strong>Between archaeology and anthropology: collective memory, liminal spaces, boundaries, and mythical landscape<\/strong><\/em>: online lecture on &#8220;The ArchaeoLore Group Webinars 2024\/2025, (September 2024 \u2013 May 2025, Tuesdays at 5 p.m. CET \/ 4 p.m. Portugal), supported by ICOMOS ICICH &#8211; International Committee on Intangible Cultural Heritage&#8221;, 24. 9. 2024. [COBISS.SI-ID <a href=\"https:\/\/plus.cobiss.net\/cobiss\/si\/sl\/bib\/209316099\">209316099<\/a>]<\/li>\n<\/ul>\n<p>&nbsp;<\/p>\n<ul>\n<li>HROBAT VIRLOGET, K. (2024). <em><strong>Village boundaries and the mythical symbolism<\/strong><\/em>: lecture on &#8220;Fourth International Symposium Megalithic Monuments and Cult Practices, 10th-14th October 2024, South-West University &#8220;Neofit Rilski&#8221;, Blagoevgrad, Bulgaria&#8221;. [COBISS.SI-ID <a href=\"https:\/\/plus.cobiss.net\/cobiss\/si\/sl\/bib\/213199619\">213199619<\/a>]<\/li>\n<\/ul>\n<p>&nbsp;<\/p>\n<ul>\n<li>HROBAT VIRLOGET, K. (2024).<em><strong> Predstavitev knjige dr. Nevenka Bogataj: Krhka ravnote\u017eja: podnebne spremembe in odziv nanje v primorskih agrarnih skupnostih<\/strong><\/em> :<em> lecture for general public Slivje, va\u0161ki dom, 7. maj 2024<\/em>. [COBISS.SI-ID <a href=\"https:\/\/plus.cobiss.net\/cobiss\/si\/sl\/bib\/204390915\">204390915<\/a>]<\/li>\n<\/ul>\n<p>&nbsp;<\/p>\n<ul>\n<li>TRIGLAV \u010cEKADA, M. (2024). <em><strong>Mejni jami in drugi zanimivi katastrski mejniki okrog Socerba in doline Glin\u0161\u010dice ter Podgorskega krasa<\/strong><\/em> : invited lecture on Dru\u0161tvo sodnih izvedencev in cenilcev geodetske stroke Slovenije, 9. 5. 2024, Razdrto. [COBISS.SI-ID <a href=\"https:\/\/plus.cobiss.net\/cobiss\/si\/sl\/bib\/195618307\">195618307<\/a>]<\/li>\n<\/ul>\n<p>&nbsp;<\/p>\n<ul>\n<li>TRIGLAV \u010cEKADA, M., OVEN, K. (2024). <em><strong>Digital links of geodetic marks between past and present<\/strong><\/em>. V: BREG VALJAVEC, M. (ur.), et al. Digitalne vezi. 1. izd. Ljubljana: Zalo\u017eba ZRC, 2024. str. 41-49, GIS v Sloveniji, 17. <a href=\"https:\/\/dx.doi.org\/10.3986\/9789610508885_03\">DOI: 10.3986\/9789610508885_03<\/a> [COBISS.SI-ID <a href=\"https:\/\/plus.cobiss.net\/cobiss\/si\/sl\/bib\/209362179\">209362179<\/a>]<\/li>\n<\/ul>\n<p>&nbsp;<\/p>\n<ul>\n<li>TRIGLAV \u010cEKADA, M., OVEN, K., MEDVED, K., STOPAR, B. (2024). <em><strong>Basic National Geodetic Networks as Heritage<\/strong><\/em>. V: 52. geodetski dan : geodezija, lokacija, informacija : Maribor, 8.-9. oktober 2024, <a href=\"http:\/\/www.geodetskidan.si\/assets\/files\/17_TriglavCekada_et_al_PPT_52GD.pdf\">http:\/\/www.geodetskidan.si\/assets\/files\/17_TriglavCekada_et_al_PPT_52GD.pdf<\/a> [COBISS.SI-ID <a href=\"https:\/\/plus.cobiss.net\/cobiss\/si\/sl\/bib\/215863811\">215863811<\/a>]<\/li>\n<\/ul>\n<p>&nbsp;<\/p>\n<ul>\n<li>TRIGLAV \u010cEKADA, M., OVEN, K. (2024). <em><strong>Mejniki kartuzije Bistra iz leta 1726<\/strong><\/em> : lecture for general public in Tehni\u010dni muzej Bistra, 10. 10. 2024. [COBISS.SI-ID <a href=\"https:\/\/plus.cobiss.net\/cobiss\/si\/sl\/bib\/215615491\">215615491<\/a>]<\/li>\n<\/ul>\n<p>&nbsp;<\/p>\n<ul>\n<li>TRIGLAV \u010cEKADA, M. (2024). <em><strong>Skriti zakladi Krima<\/strong><\/em> : lecture for general public in Knji\u017enica Pre\u017eihov Voranc, Ljubljana, 22. 10. 2024. [COBISS.SI-ID <a href=\"https:\/\/plus.cobiss.net\/cobiss\/si\/sl\/bib\/215770371\">215770371<\/a>]<\/li>\n<\/ul>\n<p>&nbsp;<\/p>\n<ul>\n<li>TRIGLAV \u010cEKADA, M. (2024). <em><strong>Ten old cadastral municipality boundary marks entered in national register of cultural heritage<\/strong><\/em>.\u00a0<em>Geodetski vestnik : glasilo Zveze geodetov Slovenije<\/em>. 68:1, 86-88. <a href=\"https:\/\/www.geodetski-vestnik.com\/arhiv\/68\/1\/86_Triglav_Cekada\">https:\/\/www.geodetski-vestnik.com\/arhiv\/68\/1\/86_Triglav_Cekada<\/a>. [COBISS.SI-ID <a href=\"https:\/\/plus.cobiss.net\/cobiss\/si\/sl\/bib\/192790019\">192790019<\/a>]<\/li>\n<\/ul>\n<p>&nbsp;<\/p>\n<ul>\n<li>TRIGLAV \u010cEKADA, M., HROBAT VIRLOGET, K. (2024). <em><strong>Stari mejniki katastrskih ob\u010din \u0161e iz \u010dasa franciscejske izmere in druga zanimiva geodetska znamenja okoli \u0160kocjanskih jam<\/strong> : lecture for general public in Promocijskem -kongresnem centru Pr\u2019Nanetovh, 7. 2. 2024<\/em>. [COBISS.SI-ID\u00a0<a href=\"https:\/\/plus.cobiss.net\/cobiss\/si\/sl\/bib\/186259715\">186259715<\/a>]<\/li>\n<\/ul>\n[\/vc_column_text][\/vc_column][\/vc_row]\n<\/div>","protected":false},"excerpt":{"rendered":"<p>[vc_row][vc_column][vc_column_text css=&#8221;&#8221;]Most important scientific results of the project group TRIGLAV \u010cEKADA, M., KOZOROG, E., PREMRL, B. (2025). The Jama (Luegg) estate boundary marks in the forests of Hru\u0161ica, Slovenia. Geodetski vestnik, 69:2, 180-204. https:\/\/www.geodetski-vestnik.com\/arhiv\/69\/2\/180_Triglav_Cekada_at_al.pdf, DOI: 10.15292\/geodetski-vestnik.2025.02.180-204. [COBISS.SI-ID 241804291] &nbsp; TRIGLAV \u010cEKADA, M., OVEN, K., \u0160KAFAR, R., RE\u017dEK, J. (2024). Geodetic points [&hellip;]<\/p>\n","protected":false},"author":2,"featured_media":0,"parent":0,"menu_order":0,"comment_status":"closed","ping_status":"closed","template":"","meta":{"footnotes":""},"class_list":["post-5683","page","type-page","status-publish","hentry"],"yoast_head":"<!-- This site is optimized with the Yoast SEO Premium plugin v22.6 (Yoast SEO v26.9) - https:\/\/yoast.com\/product\/yoast-seo-premium-wordpress\/ -->\n<title>Results - GIS<\/title>\n<meta name=\"robots\" content=\"index, follow, max-snippet:-1, max-image-preview:large, max-video-preview:-1\" \/>\n<link rel=\"canonical\" href=\"https:\/\/gis.si\/en\/l2-50090-rezultati\/\" \/>\n<meta property=\"og:locale\" content=\"en_US\" \/>\n<meta property=\"og:type\" content=\"article\" \/>\n<meta property=\"og:title\" content=\"Results\" \/>\n<meta property=\"og:description\" content=\"[vc_row][vc_column][vc_column_text css=&#8221;&#8221;]Most important scientific results of the project group TRIGLAV \u010cEKADA, M., KOZOROG, E., PREMRL, B. (2025). The Jama (Luegg) estate boundary marks in the forests of Hru\u0161ica, Slovenia. Geodetski vestnik, 69:2, 180-204. https:\/\/www.geodetski-vestnik.com\/arhiv\/69\/2\/180_Triglav_Cekada_at_al.pdf, DOI: 10.15292\/geodetski-vestnik.2025.02.180-204. [COBISS.SI-ID 241804291] &nbsp; TRIGLAV \u010cEKADA, M., OVEN, K., \u0160KAFAR, R., RE\u017dEK, J. (2024). Geodetic points [&hellip;]\" \/>\n<meta property=\"og:url\" content=\"https:\/\/gis.si\/en\/l2-50090-rezultati\/\" \/>\n<meta property=\"og:site_name\" content=\"GIS\" \/>\n<meta property=\"article:modified_time\" content=\"2025-10-01T09:01:40+00:00\" \/>\n<meta name=\"twitter:card\" content=\"summary_large_image\" \/>\n<meta name=\"twitter:label1\" content=\"Est. reading time\" \/>\n\t<meta name=\"twitter:data1\" content=\"4 minutes\" \/>\n<script type=\"application\/ld+json\" class=\"yoast-schema-graph\">{\"@context\":\"https:\/\/schema.org\",\"@graph\":[{\"@type\":\"WebPage\",\"@id\":\"https:\/\/gis.si\/en\/l2-50090-rezultati\/\",\"url\":\"https:\/\/gis.si\/en\/l2-50090-rezultati\/\",\"name\":\"Results - GIS\",\"isPartOf\":{\"@id\":\"https:\/\/gis.si\/#website\"},\"datePublished\":\"2023-11-23T07:13:37+00:00\",\"dateModified\":\"2025-10-01T09:01:40+00:00\",\"breadcrumb\":{\"@id\":\"https:\/\/gis.si\/en\/l2-50090-rezultati\/#breadcrumb\"},\"inLanguage\":\"en-US\",\"potentialAction\":[{\"@type\":\"ReadAction\",\"target\":[\"https:\/\/gis.si\/en\/l2-50090-rezultati\/\"]}]},{\"@type\":\"BreadcrumbList\",\"@id\":\"https:\/\/gis.si\/en\/l2-50090-rezultati\/#breadcrumb\",\"itemListElement\":[{\"@type\":\"ListItem\",\"position\":1,\"name\":\"Home\",\"item\":\"https:\/\/gis.si\/en\/\"},{\"@type\":\"ListItem\",\"position\":2,\"name\":\"Results\"}]},{\"@type\":\"WebSite\",\"@id\":\"https:\/\/gis.si\/#website\",\"url\":\"https:\/\/gis.si\/\",\"name\":\"GIS\",\"description\":\"Geodetic Institute of Slovenia\",\"potentialAction\":[{\"@type\":\"SearchAction\",\"target\":{\"@type\":\"EntryPoint\",\"urlTemplate\":\"https:\/\/gis.si\/?s={search_term_string}\"},\"query-input\":{\"@type\":\"PropertyValueSpecification\",\"valueRequired\":true,\"valueName\":\"search_term_string\"}}],\"inLanguage\":\"en-US\"}]}<\/script>\n<!-- \/ Yoast SEO Premium plugin. -->","yoast_head_json":{"title":"Results - GIS","robots":{"index":"index","follow":"follow","max-snippet":"max-snippet:-1","max-image-preview":"max-image-preview:large","max-video-preview":"max-video-preview:-1"},"canonical":"https:\/\/gis.si\/en\/l2-50090-rezultati\/","og_locale":"en_US","og_type":"article","og_title":"Results","og_description":"[vc_row][vc_column][vc_column_text css=&#8221;&#8221;]Most important scientific results of the project group TRIGLAV \u010cEKADA, M., KOZOROG, E., PREMRL, B. (2025). The Jama (Luegg) estate boundary marks in the forests of Hru\u0161ica, Slovenia. Geodetski vestnik, 69:2, 180-204. https:\/\/www.geodetski-vestnik.com\/arhiv\/69\/2\/180_Triglav_Cekada_at_al.pdf, DOI: 10.15292\/geodetski-vestnik.2025.02.180-204. [COBISS.SI-ID 241804291] &nbsp; TRIGLAV \u010cEKADA, M., OVEN, K., \u0160KAFAR, R., RE\u017dEK, J. (2024). Geodetic points [&hellip;]","og_url":"https:\/\/gis.si\/en\/l2-50090-rezultati\/","og_site_name":"GIS","article_modified_time":"2025-10-01T09:01:40+00:00","twitter_card":"summary_large_image","twitter_misc":{"Est. reading time":"4 minutes"},"schema":{"@context":"https:\/\/schema.org","@graph":[{"@type":"WebPage","@id":"https:\/\/gis.si\/en\/l2-50090-rezultati\/","url":"https:\/\/gis.si\/en\/l2-50090-rezultati\/","name":"Results - GIS","isPartOf":{"@id":"https:\/\/gis.si\/#website"},"datePublished":"2023-11-23T07:13:37+00:00","dateModified":"2025-10-01T09:01:40+00:00","breadcrumb":{"@id":"https:\/\/gis.si\/en\/l2-50090-rezultati\/#breadcrumb"},"inLanguage":"en-US","potentialAction":[{"@type":"ReadAction","target":["https:\/\/gis.si\/en\/l2-50090-rezultati\/"]}]},{"@type":"BreadcrumbList","@id":"https:\/\/gis.si\/en\/l2-50090-rezultati\/#breadcrumb","itemListElement":[{"@type":"ListItem","position":1,"name":"Home","item":"https:\/\/gis.si\/en\/"},{"@type":"ListItem","position":2,"name":"Results"}]},{"@type":"WebSite","@id":"https:\/\/gis.si\/#website","url":"https:\/\/gis.si\/","name":"GIS","description":"Geodetic Institute of Slovenia","potentialAction":[{"@type":"SearchAction","target":{"@type":"EntryPoint","urlTemplate":"https:\/\/gis.si\/?s={search_term_string}"},"query-input":{"@type":"PropertyValueSpecification","valueRequired":true,"valueName":"search_term_string"}}],"inLanguage":"en-US"}]}},"_links":{"self":[{"href":"https:\/\/gis.si\/en\/wp-json\/wp\/v2\/pages\/5683","targetHints":{"allow":["GET"]}}],"collection":[{"href":"https:\/\/gis.si\/en\/wp-json\/wp\/v2\/pages"}],"about":[{"href":"https:\/\/gis.si\/en\/wp-json\/wp\/v2\/types\/page"}],"author":[{"embeddable":true,"href":"https:\/\/gis.si\/en\/wp-json\/wp\/v2\/users\/2"}],"replies":[{"embeddable":true,"href":"https:\/\/gis.si\/en\/wp-json\/wp\/v2\/comments?post=5683"}],"version-history":[{"count":11,"href":"https:\/\/gis.si\/en\/wp-json\/wp\/v2\/pages\/5683\/revisions"}],"predecessor-version":[{"id":7326,"href":"https:\/\/gis.si\/en\/wp-json\/wp\/v2\/pages\/5683\/revisions\/7326"}],"wp:attachment":[{"href":"https:\/\/gis.si\/en\/wp-json\/wp\/v2\/media?parent=5683"}],"curies":[{"name":"wp","href":"https:\/\/api.w.org\/{rel}","templated":true}]}}