{"id":6958,"date":"2024-11-12T07:00:18","date_gmt":"2024-11-12T06:00:18","guid":{"rendered":"https:\/\/gis.si\/projektna-skupina-v2-24072\/"},"modified":"2024-11-18T12:58:32","modified_gmt":"2024-11-18T11:58:32","slug":"projektna-skupina-v2-24072","status":"publish","type":"page","link":"https:\/\/gis.si\/en\/projektna-skupina-v2-24072\/","title":{"rendered":"Project group"},"content":{"rendered":"<div class=\"wpb-content-wrapper\">[vc_row][vc_column][vc_column_text css=&#8221;&#8221;]\n<div class=\"wpb_text_column wpb_content_element\">\n<div class=\"wpb_wrapper\">\n<p><strong>Geodetic Institute of Slovenia<\/strong><br \/>\n<a href=\"https:\/www.gis.si\/\">https:\/www.gis.si\/<\/a><\/p>\n<div class=\"table-responsive wprt_style_display\">\n<div class=\"table-responsive wprt_style_display\">\n<table class=\"tabela_s_paddingom table table-bordered\" border=\"0\" cellspacing=\"0\" cellpadding=\"0\">\n<tbody>\n<tr>\n<td style=\"text-align: left; width: 42.2188%;\">doc. dr. Mihaela Triglav \u010cekada, vodja<\/td>\n<td style=\"width: 62.5578%;\"><a href=\"https:\/\/cris.cobiss.net\/ecris\/si\/sl\/researcher\/16762\">https:\/\/cris.cobiss.net\/ecris\/si\/sl\/researcher\/16762<\/a><\/td>\n<\/tr>\n<tr>\n<td style=\"text-align: left; width: 42.2188%;\">dr. Dalibor Radovan<\/td>\n<td style=\"width: 62.5578%;\"><a href=\"https:\/\/cris.cobiss.net\/ecris\/si\/sl\/researcher\/5589\">https:\/\/cris.cobiss.net\/ecris\/si\/sl\/researcher\/5589<\/a><\/td>\n<\/tr>\n<tr>\n<td style=\"text-align: left; width: 42.2188%;\">dr. Toma\u017e \u017dagar<\/td>\n<td style=\"width: 62.5578%;\"><a href=\"https:\/\/cris.cobiss.net\/ecris\/si\/sl\/researcher\/17576\">https:\/\/cris.cobiss.net\/ecris\/si\/sl\/researcher\/17576<\/a><\/td>\n<\/tr>\n<tr>\n<td style=\"text-align: left; width: 42.2188%;\">mag. Katja Oven<\/td>\n<td style=\"width: 62.5578%;\"><a href=\"https:\/\/cris.cobiss.net\/ecris\/si\/sl\/researcher\/8524\">https:\/\/cris.cobiss.net\/ecris\/si\/sl\/researcher\/8524<\/a><\/td>\n<\/tr>\n<tr>\n<td style=\"text-align: left; width: 42.2188%;\">mag. Vasja Bric<\/td>\n<td style=\"width: 62.5578%;\"><a href=\"https:\/\/cris.cobiss.net\/ecris\/si\/sl\/researcher\/28141\">https:\/\/cris.cobiss.net\/ecris\/si\/sl\/researcher\/28141<\/a><\/td>\n<\/tr>\n<tr>\n<td style=\"text-align: left; width: 42.2188%;\">mag. Edvard Miv\u0161ek<\/td>\n<td style=\"width: 62.5578%;\"><a href=\"https:\/\/cris.cobiss.net\/ecris\/si\/sl\/researcher\/7331\">https:\/\/cris.cobiss.net\/ecris\/si\/sl\/researcher\/7331<\/a><\/td>\n<\/tr>\n<tr>\n<td style=\"text-align: left; width: 42.2188%;\">Primo\u017e Kete<\/td>\n<td style=\"width: 62.5578%;\"><a href=\"https:\/\/cris.cobiss.net\/ecris\/si\/sl\/researcher\/33875\">https:\/\/cris.cobiss.net\/ecris\/si\/sl\/researcher\/33875<\/a><\/td>\n<\/tr>\n<tr>\n<td style=\"width: 42.2188%; text-align: left;\">Alen Mangafi\u0107<\/td>\n<td style=\"width: 62.5578%;\"><a href=\"https:\/\/cris.cobiss.net\/ecris\/si\/sl\/researcher\/47901\">https:\/\/cris.cobiss.net\/ecris\/si\/sl\/researcher\/47901<\/a><\/td>\n<\/tr>\n<tr>\n<td style=\"text-align: left; width: 42.2188%;\">Natalija Novak<\/td>\n<td style=\"width: 62.5578%;\"><a href=\"https:\/\/cris.cobiss.net\/ecris\/si\/sl\/researcher\/51811\">https:\/\/cris.cobiss.net\/ecris\/si\/sl\/researcher\/51811<\/a><\/td>\n<\/tr>\n<tr>\n<td style=\"text-align: left; width: 42.2188%;\">Katja Ti\u010d<\/td>\n<td style=\"width: 62.5578%;\"><a href=\"https:\/\/cris.cobiss.net\/ecris\/si\/sl\/researcher\/33881\">https:\/\/cris.cobiss.net\/ecris\/si\/sl\/researcher\/33881<\/a><\/td>\n<\/tr>\n<\/tbody>\n<\/table>\n<\/div>\n<\/div>\n<p><strong><span lang=\"SL\">University of Ljubljana, Faculty of Civil and Geodetic Engineering<\/span><\/strong><\/p>\n<p><a href=\"https:\/\/www.fgg.uni-lj.si\/\">https:\/www.fgg.uni-lj.si\/<\/a><\/p>\n<p>Sodelavci na projektu<\/p>\n<p>&nbsp;<\/p>\n<div class=\"table-responsive wprt_style_display\">\n<div class=\"table-responsive wprt_style_display\">\n<table class=\"tabela_s_paddingom table table-bordered\" style=\"height: 144px;\" border=\"0\" cellspacing=\"0\" cellpadding=\"0\">\n<tbody>\n<tr style=\"height: 24px;\">\n<td style=\"text-align: left; width: 32.7402%; height: 24px;\">dr. Kri\u0161tof O\u0161tir<\/td>\n<td style=\"width: 75.089%; height: 24px;\"><a href=\"https:\/\/cris.cobiss.net\/ecris\/si\/sl\/researcher\/8650\">https:\/\/cris.cobiss.net\/ecris\/si\/sl\/researcher\/8650<\/a><\/td>\n<\/tr>\n<tr style=\"height: 24px;\">\n<td style=\"text-align: left; width: 32.7402%; height: 24px;\">dr. Jernej Tekavec<\/td>\n<td style=\"width: 75.089%; height: 24px;\"><a href=\"https:\/\/cris.cobiss.net\/ecris\/si\/sl\/researcher\/44381\">https:\/\/cris.cobiss.net\/ecris\/si\/sl\/researcher\/44381<\/a><\/td>\n<\/tr>\n<tr style=\"height: 24px;\">\n<td style=\"text-align: left; width: 32.7402%; height: 24px;\">dr. Ur\u0161ka Dre\u0161\u010dek<\/td>\n<td style=\"width: 75.089%; height: 24px;\"><a href=\"https:\/\/cris.cobiss.net\/ecris\/si\/sl\/researcher\/45227\">https:\/\/cris.cobiss.net\/ecris\/si\/sl\/researcher\/45227<\/a><\/td>\n<\/tr>\n<tr style=\"height: 24px;\">\n<td style=\"text-align: left; width: 32.7402%; height: 24px;\">dr. Ana Poto\u010dnik Buhvald<\/td>\n<td style=\"width: 75.089%; height: 24px;\"><a href=\"https:\/\/cris.cobiss.net\/ecris\/si\/sl\/researcher\/50054\">https:\/\/cris.cobiss.net\/ecris\/si\/sl\/researcher\/50054<\/a><\/td>\n<\/tr>\n<tr style=\"height: 24px;\">\n<td style=\"text-align: left; width: 32.7402%; height: 24px;\">Tanja Grabrijan<\/td>\n<td style=\"width: 75.089%; height: 24px;\"><a href=\"https:\/\/cris.cobiss.net\/ecris\/si\/sl\/researcher\/54560\">https:\/\/cris.cobiss.net\/ecris\/si\/sl\/researcher\/54560<\/a><\/td>\n<\/tr>\n<tr style=\"height: 24px;\">\n<td style=\"text-align: left; width: 32.7402%; height: 24px;\">Matija Ger\u010der<\/td>\n<td style=\"width: 75.089%; height: 24px;\"><a href=\"https:\/\/cris.cobiss.net\/ecris\/si\/sl\/researcher\/56400\">https:\/\/cris.cobiss.net\/ecris\/si\/sl\/researcher\/56400<\/a><\/td>\n<\/tr>\n<\/tbody>\n<\/table>\n<\/div>\n<\/div>\n<div class=\"notranslate\">\n<div class=\"table-responsive wprt_style_display\"><\/div>\n<\/div>\n<\/div>\n<\/div>\n<div class=\"wpb_text_column wpb_content_element\">\n<div class=\"wpb_wrapper\">\n<p><strong>Igea d.o.o.<br \/>\n<\/strong><\/p>\n<p><a href=\"https:\/\/www.igea.si\/\">https:\/\/www.igea.si<\/a><\/p>\n<p>Sodelavci na projektu<\/p>\n<p>&nbsp;<\/p>\n<\/div>\n<\/div>\n<div class=\"wpb_text_column wpb_content_element\">\n<div class=\"wpb_wrapper\">\n<div class=\"table-responsive wprt_style_display\">\n<table class=\"table\">\n<tbody>\n<tr>\n<td style=\"text-align: left;\">Andrej Mesner<\/td>\n<td><a href=\"https:\/\/cris.cobiss.net\/ecris\/si\/sl\/researcher\/18930\">https:\/\/cris.cobiss.net\/ecris\/si\/sl\/researcher\/18930<\/a><\/td>\n<\/tr>\n<tr>\n<td style=\"text-align: left;\">mag. Martin Puhar<\/td>\n<td><a href=\"https:\/\/cris.cobiss.net\/ecris\/si\/sl\/researcher\/8821\">https:\/\/cris.cobiss.net\/ecris\/si\/sl\/researcher\/8821<\/a><\/td>\n<\/tr>\n<tr>\n<td style=\"text-align: left;\">mag. Toma\u017e \u010cerne<\/td>\n<td><a href=\"https:\/\/cris.cobiss.net\/ecris\/si\/sl\/researcher\/15757\">https:\/\/cris.cobiss.net\/ecris\/si\/sl\/researcher\/15757<\/a><\/td>\n<\/tr>\n<tr>\n<td style=\"text-align: left;\">Urban Jensterle<\/td>\n<td><a href=\"https:\/\/cris.cobiss.net\/ecris\/si\/sl\/researcher\/53687\">https:\/\/cris.cobiss.net\/ecris\/si\/sl\/researcher\/53687<\/a><\/td>\n<\/tr>\n<\/tbody>\n<\/table>\n<\/div>\n<\/div>\n<\/div>\n[\/vc_column_text][\/vc_column][\/vc_row]\n<\/div>","protected":false},"excerpt":{"rendered":"<p>[vc_row][vc_column][vc_column_text css=&#8221;&#8221;] Geodetic Institute of Slovenia https:\/www.gis.si\/ doc. dr. Mihaela Triglav \u010cekada, vodja https:\/\/cris.cobiss.net\/ecris\/si\/sl\/researcher\/16762 dr. Dalibor Radovan https:\/\/cris.cobiss.net\/ecris\/si\/sl\/researcher\/5589 dr. Toma\u017e \u017dagar https:\/\/cris.cobiss.net\/ecris\/si\/sl\/researcher\/17576 mag. Katja Oven https:\/\/cris.cobiss.net\/ecris\/si\/sl\/researcher\/8524 mag. Vasja Bric https:\/\/cris.cobiss.net\/ecris\/si\/sl\/researcher\/28141 mag. Edvard Miv\u0161ek https:\/\/cris.cobiss.net\/ecris\/si\/sl\/researcher\/7331 Primo\u017e Kete https:\/\/cris.cobiss.net\/ecris\/si\/sl\/researcher\/33875 Alen Mangafi\u0107 https:\/\/cris.cobiss.net\/ecris\/si\/sl\/researcher\/47901 Natalija Novak https:\/\/cris.cobiss.net\/ecris\/si\/sl\/researcher\/51811 Katja Ti\u010d https:\/\/cris.cobiss.net\/ecris\/si\/sl\/researcher\/33881 University of Ljubljana, Faculty of [&hellip;]<\/p>\n","protected":false},"author":2,"featured_media":0,"parent":0,"menu_order":0,"comment_status":"closed","ping_status":"closed","template":"","meta":{"footnotes":""},"class_list":["post-6958","page","type-page","status-publish","hentry"],"yoast_head":"<!-- This site is optimized with the Yoast SEO Premium plugin v22.6 (Yoast SEO v26.9) - https:\/\/yoast.com\/product\/yoast-seo-premium-wordpress\/ -->\n<title>Project group - GIS<\/title>\n<meta name=\"robots\" content=\"index, follow, max-snippet:-1, max-image-preview:large, max-video-preview:-1\" \/>\n<link rel=\"canonical\" href=\"https:\/\/gis.si\/en\/projektna-skupina-v2-24072\/\" \/>\n<meta property=\"og:locale\" content=\"en_US\" \/>\n<meta property=\"og:type\" content=\"article\" \/>\n<meta property=\"og:title\" content=\"Project group\" \/>\n<meta property=\"og:description\" content=\"[vc_row][vc_column][vc_column_text css=&#8221;&#8221;] Geodetic Institute of Slovenia https:\/www.gis.si\/ doc. dr. Mihaela Triglav \u010cekada, vodja https:\/\/cris.cobiss.net\/ecris\/si\/sl\/researcher\/16762 dr. Dalibor Radovan https:\/\/cris.cobiss.net\/ecris\/si\/sl\/researcher\/5589 dr. Toma\u017e \u017dagar https:\/\/cris.cobiss.net\/ecris\/si\/sl\/researcher\/17576 mag. Katja Oven https:\/\/cris.cobiss.net\/ecris\/si\/sl\/researcher\/8524 mag. Vasja Bric https:\/\/cris.cobiss.net\/ecris\/si\/sl\/researcher\/28141 mag. Edvard Miv\u0161ek https:\/\/cris.cobiss.net\/ecris\/si\/sl\/researcher\/7331 Primo\u017e Kete https:\/\/cris.cobiss.net\/ecris\/si\/sl\/researcher\/33875 Alen Mangafi\u0107 https:\/\/cris.cobiss.net\/ecris\/si\/sl\/researcher\/47901 Natalija Novak https:\/\/cris.cobiss.net\/ecris\/si\/sl\/researcher\/51811 Katja Ti\u010d https:\/\/cris.cobiss.net\/ecris\/si\/sl\/researcher\/33881 University of Ljubljana, Faculty of [&hellip;]\" \/>\n<meta property=\"og:url\" content=\"https:\/\/gis.si\/en\/projektna-skupina-v2-24072\/\" \/>\n<meta property=\"og:site_name\" content=\"GIS\" \/>\n<meta property=\"article:modified_time\" content=\"2024-11-18T11:58:32+00:00\" \/>\n<meta name=\"twitter:card\" content=\"summary_large_image\" \/>\n<meta name=\"twitter:label1\" content=\"Est. reading time\" \/>\n\t<meta name=\"twitter:data1\" content=\"1 minute\" \/>\n<script type=\"application\/ld+json\" class=\"yoast-schema-graph\">{\"@context\":\"https:\/\/schema.org\",\"@graph\":[{\"@type\":\"WebPage\",\"@id\":\"https:\/\/gis.si\/en\/projektna-skupina-v2-24072\/\",\"url\":\"https:\/\/gis.si\/en\/projektna-skupina-v2-24072\/\",\"name\":\"Project group - GIS\",\"isPartOf\":{\"@id\":\"https:\/\/gis.si\/#website\"},\"datePublished\":\"2024-11-12T06:00:18+00:00\",\"dateModified\":\"2024-11-18T11:58:32+00:00\",\"breadcrumb\":{\"@id\":\"https:\/\/gis.si\/en\/projektna-skupina-v2-24072\/#breadcrumb\"},\"inLanguage\":\"en-US\",\"potentialAction\":[{\"@type\":\"ReadAction\",\"target\":[\"https:\/\/gis.si\/en\/projektna-skupina-v2-24072\/\"]}]},{\"@type\":\"BreadcrumbList\",\"@id\":\"https:\/\/gis.si\/en\/projektna-skupina-v2-24072\/#breadcrumb\",\"itemListElement\":[{\"@type\":\"ListItem\",\"position\":1,\"name\":\"Home\",\"item\":\"https:\/\/gis.si\/en\/\"},{\"@type\":\"ListItem\",\"position\":2,\"name\":\"Project group\"}]},{\"@type\":\"WebSite\",\"@id\":\"https:\/\/gis.si\/#website\",\"url\":\"https:\/\/gis.si\/\",\"name\":\"GIS\",\"description\":\"Geodetic Institute of Slovenia\",\"potentialAction\":[{\"@type\":\"SearchAction\",\"target\":{\"@type\":\"EntryPoint\",\"urlTemplate\":\"https:\/\/gis.si\/?s={search_term_string}\"},\"query-input\":{\"@type\":\"PropertyValueSpecification\",\"valueRequired\":true,\"valueName\":\"search_term_string\"}}],\"inLanguage\":\"en-US\"}]}<\/script>\n<!-- \/ Yoast SEO Premium plugin. -->","yoast_head_json":{"title":"Project group - GIS","robots":{"index":"index","follow":"follow","max-snippet":"max-snippet:-1","max-image-preview":"max-image-preview:large","max-video-preview":"max-video-preview:-1"},"canonical":"https:\/\/gis.si\/en\/projektna-skupina-v2-24072\/","og_locale":"en_US","og_type":"article","og_title":"Project group","og_description":"[vc_row][vc_column][vc_column_text css=&#8221;&#8221;] Geodetic Institute of Slovenia https:\/www.gis.si\/ doc. dr. Mihaela Triglav \u010cekada, vodja https:\/\/cris.cobiss.net\/ecris\/si\/sl\/researcher\/16762 dr. Dalibor Radovan https:\/\/cris.cobiss.net\/ecris\/si\/sl\/researcher\/5589 dr. Toma\u017e \u017dagar https:\/\/cris.cobiss.net\/ecris\/si\/sl\/researcher\/17576 mag. Katja Oven https:\/\/cris.cobiss.net\/ecris\/si\/sl\/researcher\/8524 mag. Vasja Bric https:\/\/cris.cobiss.net\/ecris\/si\/sl\/researcher\/28141 mag. Edvard Miv\u0161ek https:\/\/cris.cobiss.net\/ecris\/si\/sl\/researcher\/7331 Primo\u017e Kete https:\/\/cris.cobiss.net\/ecris\/si\/sl\/researcher\/33875 Alen Mangafi\u0107 https:\/\/cris.cobiss.net\/ecris\/si\/sl\/researcher\/47901 Natalija Novak https:\/\/cris.cobiss.net\/ecris\/si\/sl\/researcher\/51811 Katja Ti\u010d https:\/\/cris.cobiss.net\/ecris\/si\/sl\/researcher\/33881 University of Ljubljana, Faculty of [&hellip;]","og_url":"https:\/\/gis.si\/en\/projektna-skupina-v2-24072\/","og_site_name":"GIS","article_modified_time":"2024-11-18T11:58:32+00:00","twitter_card":"summary_large_image","twitter_misc":{"Est. reading time":"1 minute"},"schema":{"@context":"https:\/\/schema.org","@graph":[{"@type":"WebPage","@id":"https:\/\/gis.si\/en\/projektna-skupina-v2-24072\/","url":"https:\/\/gis.si\/en\/projektna-skupina-v2-24072\/","name":"Project group - GIS","isPartOf":{"@id":"https:\/\/gis.si\/#website"},"datePublished":"2024-11-12T06:00:18+00:00","dateModified":"2024-11-18T11:58:32+00:00","breadcrumb":{"@id":"https:\/\/gis.si\/en\/projektna-skupina-v2-24072\/#breadcrumb"},"inLanguage":"en-US","potentialAction":[{"@type":"ReadAction","target":["https:\/\/gis.si\/en\/projektna-skupina-v2-24072\/"]}]},{"@type":"BreadcrumbList","@id":"https:\/\/gis.si\/en\/projektna-skupina-v2-24072\/#breadcrumb","itemListElement":[{"@type":"ListItem","position":1,"name":"Home","item":"https:\/\/gis.si\/en\/"},{"@type":"ListItem","position":2,"name":"Project group"}]},{"@type":"WebSite","@id":"https:\/\/gis.si\/#website","url":"https:\/\/gis.si\/","name":"GIS","description":"Geodetic Institute of Slovenia","potentialAction":[{"@type":"SearchAction","target":{"@type":"EntryPoint","urlTemplate":"https:\/\/gis.si\/?s={search_term_string}"},"query-input":{"@type":"PropertyValueSpecification","valueRequired":true,"valueName":"search_term_string"}}],"inLanguage":"en-US"}]}},"_links":{"self":[{"href":"https:\/\/gis.si\/en\/wp-json\/wp\/v2\/pages\/6958","targetHints":{"allow":["GET"]}}],"collection":[{"href":"https:\/\/gis.si\/en\/wp-json\/wp\/v2\/pages"}],"about":[{"href":"https:\/\/gis.si\/en\/wp-json\/wp\/v2\/types\/page"}],"author":[{"embeddable":true,"href":"https:\/\/gis.si\/en\/wp-json\/wp\/v2\/users\/2"}],"replies":[{"embeddable":true,"href":"https:\/\/gis.si\/en\/wp-json\/wp\/v2\/comments?post=6958"}],"version-history":[{"count":4,"href":"https:\/\/gis.si\/en\/wp-json\/wp\/v2\/pages\/6958\/revisions"}],"predecessor-version":[{"id":6987,"href":"https:\/\/gis.si\/en\/wp-json\/wp\/v2\/pages\/6958\/revisions\/6987"}],"wp:attachment":[{"href":"https:\/\/gis.si\/en\/wp-json\/wp\/v2\/media?parent=6958"}],"curies":[{"name":"wp","href":"https:\/\/api.w.org\/{rel}","templated":true}]}}