{"id":6977,"date":"2024-11-12T07:21:03","date_gmt":"2024-11-12T06:21:03","guid":{"rendered":"https:\/\/gis.si\/rezultati-v2-24072\/"},"modified":"2026-03-27T08:13:35","modified_gmt":"2026-03-27T07:13:35","slug":"rezultati-v2-24072","status":"publish","type":"page","link":"https:\/\/gis.si\/en\/rezultati-v2-24072\/","title":{"rendered":"Results"},"content":{"rendered":"<div class=\"wpb-content-wrapper\">[vc_row][vc_column][vc_column_text css=&#8221;&#8221;]<strong>Most important scientific results of the project group<\/strong><\/p>\n<p>&nbsp;<\/p>\n<p><strong>Most important socio-economic results of the project group<\/strong><\/p>\n<ul>\n<li><span lang=\"sl\" data-olk-copy-source=\"MessageBody\">ZALETELJ, L., KETE, P., TRIGLAV \u010cEKADA, M., \u0160RAJ, A., O\u0160TIR, K., POTO\u010cNIK BUHVALD, A. (2025). <em><strong>Shared use of high-resolution satellite imagery in public administration.<\/strong><\/em>\u00a0<\/span><span lang=\"de-AT\">In:\u00a053. geodetski dan : geodezija in energetika: skupaj v prostoru : \u010cate\u017e ob Savi, 15. &#8211; 16. oktober 2025. [COBISS.SI-ID\u00a0<\/span><a title=\"https:\/\/plus-legacy.cobiss.net\/cobiss\/si\/sl\/bib\/256849155\" href=\"https:\/\/plus-legacy.cobiss.net\/cobiss\/si\/sl\/bib\/256849155\" data-auth=\"NotApplicable\" data-linkindex=\"2\"><span lang=\"de-AT\">256849155<\/span><\/a><span lang=\"de-AT\">]<\/span><\/li>\n<\/ul>\n<p>&nbsp;<\/p>\n<ul>\n<li>MANGAFI\u0106, A., \u017dAGAR, T. (2025).\u00a0<strong><em>I.hyper: processing hyperspectral imagery in GRASS: <\/em><\/strong>lecture at conference \u00a0FOSS4G 2025<em>, <\/em>Auckland, New Zeland, 21 November 2025,\u00a0 FOSS4G SotM Oceania, <a href=\"https:\/\/www.youtube.com\/watch?v=8xg8kQaGAbo\">https:\/\/www.youtube.com\/watch?v=8xg8kQaGAbo<\/a>,\u00a0<a href=\"https:\/\/talks.osgeo.org\/foss4g-2025\/talk\/LCVGKG\/\">https:\/\/talks.osgeo.org\/foss4g-2025\/talk\/LCVGKG\/<\/a>. [COBISS.SI-ID\u00a0<a href=\"https:\/\/plus-legacy.cobiss.net\/cobiss\/si\/sl\/bib\/271348483\">271348483<\/a>]<\/li>\n<\/ul>\n<p>&nbsp;<\/p>\n<ul>\n<li>\u017dAGAR, T., MANGAFI\u0106, A. (2025).\u00a0<strong><em>A scalable open-source system for impervious land mapping using GRASS and Python<\/em><\/strong>: lecture at conference FOSS4G 2025<em>, <\/em>Auckland, New Zeland, 20 November 2025. FOSS4G SotM Oceania,\u00a0<a href=\"https:\/\/www.youtube.com\/watch?v=YKw8rib8ZtY&amp;feature=youtu.be\">https:\/\/www.youtube.com\/watch?v=YKw8rib8ZtY&amp;feature=youtu.be<\/a>,\u00a0<a href=\"https:\/\/talks.osgeo.org\/foss4g-2025\/talk\/BSQLEH\/\">https:\/\/talks.osgeo.org\/foss4g-2025\/talk\/BSQLEH\/<\/a>. [COBISS.SI-ID\u00a0<a href=\"https:\/\/plus-legacy.cobiss.net\/cobiss\/si\/sl\/bib\/271345155\">271345155<\/a>]<\/li>\n<\/ul>\n<p>&nbsp;<\/p>\n<ul>\n<li>TRIGLAV \u010cEKADA, M. (2025). <em><strong>Collecting and using in-situ photographs and remote sensing data<\/strong><\/em> : lecture at the International summer school HydRoData 2025, Summer school about Hydrology and Data, 1-5 September 2025, Ljubljana, Slovenia. [COBISS.SI-ID <a href=\"https:\/\/plus.cobiss.net\/cobiss\/si\/sl\/bib\/249378819\">249378819<\/a>]<\/li>\n<\/ul>\n<p>&nbsp;<\/p>\n<ul>\n<li>O\u0160TIR, K in BUHVALD POTO\u010cNIK, A. (2025). mentoring master&#8217;s thesis: GELEBESHOVA, M.: <em><strong>Using deep learning for analyzing very high-resolution images in ArcGIS Pro for the area of Slovenia<\/strong><\/em>: master thesis. Ljubljana. <a href=\"https:\/\/repozitorij.uni-lj.si\/IzpisGradiva.php?id=173522\">https:\/\/repozitorij.uni-lj.si\/IzpisGradiva.php?id=173522<\/a>. [COBISS.SI-ID <a href=\"https:\/\/plus.cobiss.net\/cobiss\/si\/sl\/bib\/249545987\">249545987<\/a>]<\/li>\n<\/ul>\n[\/vc_column_text][\/vc_column][\/vc_row]\n<\/div>","protected":false},"excerpt":{"rendered":"<p>[vc_row][vc_column][vc_column_text css=&#8221;&#8221;]Most important scientific results of the project group &nbsp; Most important socio-economic results of the project group ZALETELJ, L., KETE, P., TRIGLAV \u010cEKADA, M., \u0160RAJ, A., O\u0160TIR, K., POTO\u010cNIK BUHVALD, A. (2025). Shared use of high-resolution satellite imagery in public administration.\u00a0In:\u00a053. geodetski dan : geodezija in energetika: skupaj v prostoru [&hellip;]<\/p>\n","protected":false},"author":2,"featured_media":0,"parent":0,"menu_order":0,"comment_status":"closed","ping_status":"closed","template":"","meta":{"footnotes":""},"class_list":["post-6977","page","type-page","status-publish","hentry"],"yoast_head":"<!-- This site is optimized with the Yoast SEO Premium plugin v22.6 (Yoast SEO v26.9) - https:\/\/yoast.com\/product\/yoast-seo-premium-wordpress\/ -->\n<title>Results - GIS<\/title>\n<meta name=\"robots\" content=\"index, follow, max-snippet:-1, max-image-preview:large, max-video-preview:-1\" \/>\n<link rel=\"canonical\" href=\"https:\/\/gis.si\/en\/rezultati-v2-24072\/\" \/>\n<meta property=\"og:locale\" content=\"en_US\" \/>\n<meta property=\"og:type\" content=\"article\" \/>\n<meta property=\"og:title\" content=\"Results\" \/>\n<meta property=\"og:description\" content=\"[vc_row][vc_column][vc_column_text css=&#8221;&#8221;]Most important scientific results of the project group &nbsp; Most important socio-economic results of the project group ZALETELJ, L., KETE, P., TRIGLAV \u010cEKADA, M., \u0160RAJ, A., O\u0160TIR, K., POTO\u010cNIK BUHVALD, A. (2025). Shared use of high-resolution satellite imagery in public administration.\u00a0In:\u00a053. geodetski dan : geodezija in energetika: skupaj v prostoru [&hellip;]\" \/>\n<meta property=\"og:url\" content=\"https:\/\/gis.si\/en\/rezultati-v2-24072\/\" \/>\n<meta property=\"og:site_name\" content=\"GIS\" \/>\n<meta property=\"article:modified_time\" content=\"2026-03-27T07:13:35+00:00\" \/>\n<meta name=\"twitter:card\" content=\"summary_large_image\" \/>\n<meta name=\"twitter:label1\" content=\"Est. reading time\" \/>\n\t<meta name=\"twitter:data1\" content=\"2 minutes\" \/>\n<script type=\"application\/ld+json\" class=\"yoast-schema-graph\">{\"@context\":\"https:\/\/schema.org\",\"@graph\":[{\"@type\":\"WebPage\",\"@id\":\"https:\/\/gis.si\/en\/rezultati-v2-24072\/\",\"url\":\"https:\/\/gis.si\/en\/rezultati-v2-24072\/\",\"name\":\"Results - GIS\",\"isPartOf\":{\"@id\":\"https:\/\/gis.si\/#website\"},\"datePublished\":\"2024-11-12T06:21:03+00:00\",\"dateModified\":\"2026-03-27T07:13:35+00:00\",\"breadcrumb\":{\"@id\":\"https:\/\/gis.si\/en\/rezultati-v2-24072\/#breadcrumb\"},\"inLanguage\":\"en-US\",\"potentialAction\":[{\"@type\":\"ReadAction\",\"target\":[\"https:\/\/gis.si\/en\/rezultati-v2-24072\/\"]}]},{\"@type\":\"BreadcrumbList\",\"@id\":\"https:\/\/gis.si\/en\/rezultati-v2-24072\/#breadcrumb\",\"itemListElement\":[{\"@type\":\"ListItem\",\"position\":1,\"name\":\"Home\",\"item\":\"https:\/\/gis.si\/en\/\"},{\"@type\":\"ListItem\",\"position\":2,\"name\":\"Results\"}]},{\"@type\":\"WebSite\",\"@id\":\"https:\/\/gis.si\/#website\",\"url\":\"https:\/\/gis.si\/\",\"name\":\"GIS\",\"description\":\"Geodetic Institute of Slovenia\",\"potentialAction\":[{\"@type\":\"SearchAction\",\"target\":{\"@type\":\"EntryPoint\",\"urlTemplate\":\"https:\/\/gis.si\/?s={search_term_string}\"},\"query-input\":{\"@type\":\"PropertyValueSpecification\",\"valueRequired\":true,\"valueName\":\"search_term_string\"}}],\"inLanguage\":\"en-US\"}]}<\/script>\n<!-- \/ Yoast SEO Premium plugin. -->","yoast_head_json":{"title":"Results - GIS","robots":{"index":"index","follow":"follow","max-snippet":"max-snippet:-1","max-image-preview":"max-image-preview:large","max-video-preview":"max-video-preview:-1"},"canonical":"https:\/\/gis.si\/en\/rezultati-v2-24072\/","og_locale":"en_US","og_type":"article","og_title":"Results","og_description":"[vc_row][vc_column][vc_column_text css=&#8221;&#8221;]Most important scientific results of the project group &nbsp; Most important socio-economic results of the project group ZALETELJ, L., KETE, P., TRIGLAV \u010cEKADA, M., \u0160RAJ, A., O\u0160TIR, K., POTO\u010cNIK BUHVALD, A. (2025). Shared use of high-resolution satellite imagery in public administration.\u00a0In:\u00a053. geodetski dan : geodezija in energetika: skupaj v prostoru [&hellip;]","og_url":"https:\/\/gis.si\/en\/rezultati-v2-24072\/","og_site_name":"GIS","article_modified_time":"2026-03-27T07:13:35+00:00","twitter_card":"summary_large_image","twitter_misc":{"Est. reading time":"2 minutes"},"schema":{"@context":"https:\/\/schema.org","@graph":[{"@type":"WebPage","@id":"https:\/\/gis.si\/en\/rezultati-v2-24072\/","url":"https:\/\/gis.si\/en\/rezultati-v2-24072\/","name":"Results - GIS","isPartOf":{"@id":"https:\/\/gis.si\/#website"},"datePublished":"2024-11-12T06:21:03+00:00","dateModified":"2026-03-27T07:13:35+00:00","breadcrumb":{"@id":"https:\/\/gis.si\/en\/rezultati-v2-24072\/#breadcrumb"},"inLanguage":"en-US","potentialAction":[{"@type":"ReadAction","target":["https:\/\/gis.si\/en\/rezultati-v2-24072\/"]}]},{"@type":"BreadcrumbList","@id":"https:\/\/gis.si\/en\/rezultati-v2-24072\/#breadcrumb","itemListElement":[{"@type":"ListItem","position":1,"name":"Home","item":"https:\/\/gis.si\/en\/"},{"@type":"ListItem","position":2,"name":"Results"}]},{"@type":"WebSite","@id":"https:\/\/gis.si\/#website","url":"https:\/\/gis.si\/","name":"GIS","description":"Geodetic Institute of Slovenia","potentialAction":[{"@type":"SearchAction","target":{"@type":"EntryPoint","urlTemplate":"https:\/\/gis.si\/?s={search_term_string}"},"query-input":{"@type":"PropertyValueSpecification","valueRequired":true,"valueName":"search_term_string"}}],"inLanguage":"en-US"}]}},"_links":{"self":[{"href":"https:\/\/gis.si\/en\/wp-json\/wp\/v2\/pages\/6977","targetHints":{"allow":["GET"]}}],"collection":[{"href":"https:\/\/gis.si\/en\/wp-json\/wp\/v2\/pages"}],"about":[{"href":"https:\/\/gis.si\/en\/wp-json\/wp\/v2\/types\/page"}],"author":[{"embeddable":true,"href":"https:\/\/gis.si\/en\/wp-json\/wp\/v2\/users\/2"}],"replies":[{"embeddable":true,"href":"https:\/\/gis.si\/en\/wp-json\/wp\/v2\/comments?post=6977"}],"version-history":[{"count":7,"href":"https:\/\/gis.si\/en\/wp-json\/wp\/v2\/pages\/6977\/revisions"}],"predecessor-version":[{"id":7707,"href":"https:\/\/gis.si\/en\/wp-json\/wp\/v2\/pages\/6977\/revisions\/7707"}],"wp:attachment":[{"href":"https:\/\/gis.si\/en\/wp-json\/wp\/v2\/media?parent=6977"}],"curies":[{"name":"wp","href":"https:\/\/api.w.org\/{rel}","templated":true}]}}